{"id":25348,"date":"2025-08-06T14:27:16","date_gmt":"2025-08-06T14:27:16","guid":{"rendered":"https:\/\/camrail.cm\/?page_id=25348"},"modified":"2025-08-06T14:27:19","modified_gmt":"2025-08-06T14:27:19","slug":"les-riverains-et-camrail-en-phase-pour-lamelioration-des-conditions-de-voyage","status":"publish","type":"page","link":"https:\/\/camrail.cm\/en\/les-riverains-et-camrail-en-phase-pour-lamelioration-des-conditions-de-voyage\/","title":{"rendered":"Les riverains et CAMRAIL en phase pour l\u2019am\u00e9lioration des conditions de voyage"},"content":{"rendered":"<p class=\"wp-block-paragraph\">Du 23 au 25 juillet 2025, l\u2019\u00e9quipe tripartite Minist\u00e8re des Transports-CAMRAIL-Communaut\u00e9 Ba Mbombog, a sillonn\u00e9 13 gares et arr\u00eats entre Yaound\u00e9 et Douala dans le cadre de la 12e tourn\u00e9e de sensibilisation et d\u2019\u00e9valuation du niveau de satisfaction des populations riveraines du rail.<\/p>\n\n\n\n<p class=\"wp-block-paragraph\">Conduite par le Directeur G\u00e9n\u00e9ral Adjoint en charge du Transport Voyageurs, l\u2019\u00e9quipe a pass\u00e9 au peigne fin les diff\u00e9rents projets r\u00e9alis\u00e9s ou en cours de r\u00e9alisation. Parmi ces projets qui visent \u00e0 am\u00e9liorer les conditions de voyage et de vies des riverains on note<\/p>\n\n\n\n<p class=\"wp-block-paragraph\">l\u2019\u00e9clairage des gares par le solaire, la construction des toilettes et des forages d\u2019eau, l\u2019\u00e9quipement des salles d\u2019attente, l\u2019installation des bacs \u00e0 ordures etc.<\/p>\n\n\n\n<p class=\"wp-block-paragraph\">Le Dr. Gilbert NKANA PONDY et les membres de son \u00e9quipe ont saisi l\u2019occasion pour sensibiliser les riverains sur l\u2019importance de la s\u00e9curit\u00e9 de la voie et des convois ferroviaires. A cet effet, les populations riveraines ont \u00e9t\u00e9 invit\u00e9es \u00e0 redoubler de vigilance pour \u00e9radiquer le vandalisme et l\u2019incivisme qui se manifestent par le jet de pierres, le sabotage des rails, le siphonnage des wagons citernes. Des actes orchestr\u00e9s par des individus mal intentionn\u00e9s.<\/p>\n\n\n\n<p class=\"wp-block-paragraph\">Les \u00e9changes \u00e0 b\u00e2ton rompu avec les riverains ont \u00e9galement permis d\u2019expliquer, les contraintes d\u2019exploitation et leur impact sur les circulations.<\/p>\n\n\n\n<p class=\"wp-block-paragraph\">le Directeur G\u00e9n\u00e9ral Adjoint en charge du Transport Voyageurs a \u00e9galement invit\u00e9 les populations au respect scrupuleux des r\u00e8gles de s\u00e9curit\u00e9 et des proc\u00e9dures lors des embarquements et d\u00e9barquements.<\/p>\n\n\n\n<div class=\"wp-block-columns is-layout-flex wp-container-core-columns-is-layout-7387b849 wp-block-columns-is-layout-flex\">\n<div class=\"wp-block-column is-layout-flow wp-block-column-is-layout-flow\">\n<p class=\"wp-block-paragraph\"><strong>Dr Gilbert NKANA PONDY<\/strong><\/p>\n\n\n\n<p class=\"wp-block-paragraph\"><strong>Executive General Manager, Passenger Transport<\/strong><\/p>\n\n\n\n<p class=\"wp-block-paragraph\">Nous saluons l\u2019adh\u00e9sion des riverains \u00e0 cette d\u00e9marche, dont les r\u00e9sultats sont d\u00e9j\u00e0 visibles : \u00e9clairage solaire, bancs dans les salles d\u2019attente, toilettes, guichets dans les gares interm\u00e9diaires, bacs \u00e0 ordures, et 12 forages en cours de r\u00e9alisation. Nous avons \u00e9galement appel\u00e9 les populations \u00e0 renforcer leur vigilance face aux actes de vandalisme et d\u2019incivisme, afin de garantir la s\u00e9curit\u00e9 des circulations ferroviaires.<\/p>\n<\/div>\n\n\n\n<div class=\"wp-block-column is-layout-flow wp-block-column-is-layout-flow\">\n<figure class=\"wp-block-image size-full\"><img loading=\"lazy\" decoding=\"async\" width=\"1023\" height=\"1388\" src=\"https:\/\/camrail.cm\/wp-content\/uploads\/2025\/08\/Dr-Gilbert-NKANA-PONDY-1.jpg\" alt=\"\" class=\"wp-image-25338\" style=\"aspect-ratio:1;object-fit:cover\"\/><\/figure>\n<\/div>\n<\/div>\n\n\n\n<div class=\"wp-block-columns is-layout-flex wp-container-core-columns-is-layout-7387b849 wp-block-columns-is-layout-flex\">\n<div class=\"wp-block-column is-layout-flow wp-block-column-is-layout-flow\">\n<p class=\"wp-block-paragraph\"><strong>Mbombog Mbila Bruno<\/strong><\/p>\n\n\n\n<p class=\"wp-block-paragraph\"><strong>Porte-parole des Communaut\u00e9s Ba Mbombog<\/strong><\/p>\n\n\n\n<p class=\"wp-block-paragraph\">Nous constatons que la circulation des trains s\u2019est am\u00e9lior\u00e9e, les heures de d\u00e9part sont plus ou moins respect\u00e9es, la s\u00e9curit\u00e9 en gare et \u00e0 bord des trains est renforc\u00e9e, les mentalit\u00e9s et la perception des riverains vis \u00e0 vis de CAMRAIL ont positivement \u00e9volu\u00e9. En attendant l\u2019acquisition de nouvelles locomotives et de voitures voyageurs, j\u2019exhorte la Direction G\u00e9n\u00e9rale de CAMRAIL \u00e0 maintenir le cap afin de p\u00e9renniser la s\u00e9r\u00e9nit\u00e9 autour des rails.<\/p>\n<\/div>\n\n\n\n<div class=\"wp-block-column is-layout-flow wp-block-column-is-layout-flow\">\n<figure class=\"wp-block-image size-full\"><img loading=\"lazy\" decoding=\"async\" width=\"4160\" height=\"1872\" src=\"https:\/\/camrail.cm\/wp-content\/uploads\/2025\/08\/Mbombok-MBILA-Bruno.jpg\" alt=\"\" class=\"wp-image-25262\"\/><\/figure>\n<\/div>\n<\/div>\n\n\n\n<div class=\"wp-block-columns is-layout-flex wp-container-core-columns-is-layout-7387b849 wp-block-columns-is-layout-flex\">\n<div class=\"wp-block-column is-layout-flow wp-block-column-is-layout-flow\">\n<figure class=\"wp-block-image size-full\"><img loading=\"lazy\" decoding=\"async\" width=\"4160\" height=\"1872\" src=\"https:\/\/camrail.cm\/wp-content\/uploads\/2025\/08\/IMG_20250725_121629_490.jpg\" alt=\"\" class=\"wp-image-25345\"\/><\/figure>\n<\/div>\n\n\n\n<div class=\"wp-block-column is-layout-flow wp-block-column-is-layout-flow\">\n<figure class=\"wp-block-image size-full\"><img loading=\"lazy\" decoding=\"async\" width=\"4160\" height=\"1872\" src=\"https:\/\/camrail.cm\/wp-content\/uploads\/2025\/08\/IMG_20250725_153522_643-1.jpg\" alt=\"\" class=\"wp-image-25346\"\/><\/figure>\n<\/div>\n\n\n\n<div class=\"wp-block-column is-layout-flow wp-block-column-is-layout-flow\">\n<figure class=\"wp-block-image size-full\"><img loading=\"lazy\" decoding=\"async\" width=\"4160\" height=\"1872\" src=\"https:\/\/camrail.cm\/wp-content\/uploads\/2025\/08\/IMG_20250725_094506_350-1.jpg\" alt=\"\" class=\"wp-image-25343\"\/><\/figure>\n<\/div>\n<\/div>\n\n\n\n<div class=\"wp-block-columns is-layout-flex wp-container-core-columns-is-layout-7387b849 wp-block-columns-is-layout-flex\">\n<div class=\"wp-block-column is-layout-flow wp-block-column-is-layout-flow\">\n<figure class=\"wp-block-image size-full\"><img loading=\"lazy\" decoding=\"async\" width=\"4160\" height=\"1872\" src=\"https:\/\/camrail.cm\/wp-content\/uploads\/2025\/08\/IMG_20250725_110413_230.jpg\" alt=\"\" class=\"wp-image-25245\"\/><\/figure>\n<\/div>\n\n\n\n<div class=\"wp-block-column is-layout-flow wp-block-column-is-layout-flow\">\n<figure class=\"wp-block-image size-full\"><img loading=\"lazy\" decoding=\"async\" width=\"4160\" height=\"1872\" src=\"https:\/\/camrail.cm\/wp-content\/uploads\/2025\/08\/IMG_20250724_180151_841-1.jpg\" alt=\"\" class=\"wp-image-25340\"\/><\/figure>\n<\/div>\n\n\n\n<div class=\"wp-block-column is-layout-flow wp-block-column-is-layout-flow\">\n<figure class=\"wp-block-image size-full\"><img loading=\"lazy\" decoding=\"async\" width=\"4160\" height=\"1872\" src=\"https:\/\/camrail.cm\/wp-content\/uploads\/2025\/08\/IMG_20250725_105307_400.jpg\" alt=\"\" class=\"wp-image-25359\"\/><\/figure>\n<\/div>\n<\/div>","protected":false},"excerpt":{"rendered":"<p>Du 23 au 25 juillet 2025, l\u2019\u00e9quipe tripartite Minist\u00e8re des Transports-CAMRAIL-Communaut\u00e9 Ba Mbombog, a sillonn\u00e9 13 gares et arr\u00eats entre Yaound\u00e9 et Douala dans le cadre de la 12e tourn\u00e9e de sensibilisation et d\u2019\u00e9valuation du niveau de satisfaction des populations riveraines du rail. Conduite par le Directeur G\u00e9n\u00e9ral Adjoint en charge du Transport Voyageurs, l\u2019\u00e9quipe a pass\u00e9 au peigne fin les diff\u00e9rents projets r\u00e9alis\u00e9s ou en cours de r\u00e9alisation. Parmi ces projets qui visent \u00e0 am\u00e9liorer les conditions de voyage et de vies des riverains on note l\u2019\u00e9clairage des gares par le solaire, la construction des toilettes et des forages d\u2019eau, l\u2019\u00e9quipement des salles d\u2019attente, l\u2019installation des bacs \u00e0 ordures etc. Le Dr. Gilbert NKANA PONDY et les membres de son \u00e9quipe ont saisi l\u2019occasion pour sensibiliser les riverains sur l\u2019importance de la s\u00e9curit\u00e9 de la voie et des convois ferroviaires. A cet effet, les populations riveraines ont \u00e9t\u00e9 invit\u00e9es \u00e0 redoubler de vigilance pour \u00e9radiquer le vandalisme et l\u2019incivisme qui se manifestent par le jet de pierres, le sabotage des rails, le siphonnage des wagons citernes. Des actes orchestr\u00e9s par des individus mal intentionn\u00e9s. Les \u00e9changes \u00e0 b\u00e2ton rompu avec les riverains ont \u00e9galement permis d\u2019expliquer, les contraintes d\u2019exploitation et leur impact sur les circulations. le Directeur G\u00e9n\u00e9ral Adjoint en charge du Transport Voyageurs a \u00e9galement invit\u00e9 les populations au respect scrupuleux des r\u00e8gles de s\u00e9curit\u00e9 et des proc\u00e9dures lors des embarquements et d\u00e9barquements. Dr Gilbert NKANA PONDY DGA\/Transport Voyageurs Nous saluons l\u2019adh\u00e9sion des riverains \u00e0 cette d\u00e9marche, dont les r\u00e9sultats sont d\u00e9j\u00e0 visibles : \u00e9clairage solaire, bancs dans les salles d\u2019attente, toilettes, guichets dans les gares interm\u00e9diaires, bacs \u00e0 ordures, et 12 forages en cours de r\u00e9alisation. Nous avons \u00e9galement appel\u00e9 les populations \u00e0 renforcer leur vigilance face aux actes de vandalisme et d\u2019incivisme, afin de garantir la s\u00e9curit\u00e9 des circulations ferroviaires. Mbombog Mbila Bruno Porte-parole des Communaut\u00e9s Ba Mbombog Nous constatons que la circulation des trains s\u2019est am\u00e9lior\u00e9e, les heures de d\u00e9part sont plus ou moins respect\u00e9es, la s\u00e9curit\u00e9 en gare et \u00e0 bord des trains est renforc\u00e9e, les mentalit\u00e9s et la perception des riverains vis \u00e0 vis de CAMRAIL ont positivement \u00e9volu\u00e9. En attendant l\u2019acquisition de nouvelles locomotives et de voitures voyageurs, j\u2019exhorte la Direction G\u00e9n\u00e9rale de CAMRAIL \u00e0 maintenir le cap afin de p\u00e9renniser la s\u00e9r\u00e9nit\u00e9 autour des rails.<\/p>","protected":false},"author":9,"featured_media":25239,"parent":0,"menu_order":0,"comment_status":"closed","ping_status":"closed","template":"","meta":{"_acf_changed":false,"_crdt_document":"","inline_featured_image":false,"site-sidebar-layout":"default","site-content-layout":"","ast-site-content-layout":"","site-content-style":"default","site-sidebar-style":"default","ast-global-header-display":"","ast-banner-title-visibility":"","ast-main-header-display":"","ast-hfb-above-header-display":"","ast-hfb-below-header-display":"","ast-hfb-mobile-header-display":"","site-post-title":"","ast-breadcrumbs-content":"","ast-featured-img":"","footer-sml-layout":"","theme-transparent-header-meta":"","adv-header-id-meta":"","stick-header-meta":"","header-above-stick-meta":"","header-main-stick-meta":"","header-below-stick-meta":"","astra-migrate-meta-layouts":"default","ast-page-background-enabled":"default","ast-page-background-meta":{"desktop":{"background-color":"var(--ast-global-color-4)","background-image":"","background-repeat":"repeat","background-position":"center center","background-size":"auto","background-attachment":"scroll","background-type":"","background-media":"","overlay-type":"","overlay-color":"","overlay-opacity":"","overlay-gradient":""},"tablet":{"background-color":"","background-image":"","background-repeat":"repeat","background-position":"center center","background-size":"auto","background-attachment":"scroll","background-type":"","background-media":"","overlay-type":"","overlay-color":"","overlay-opacity":"","overlay-gradient":""},"mobile":{"background-color":"","background-image":"","background-repeat":"repeat","background-position":"center center","background-size":"auto","background-attachment":"scroll","background-type":"","background-media":"","overlay-type":"","overlay-color":"","overlay-opacity":"","overlay-gradient":""}},"ast-content-background-meta":{"desktop":{"background-color":"var(--ast-global-color-5)","background-image":"","background-repeat":"repeat","background-position":"center center","background-size":"auto","background-attachment":"scroll","background-type":"","background-media":"","overlay-type":"","overlay-color":"","overlay-opacity":"","overlay-gradient":""},"tablet":{"background-color":"var(--ast-global-color-5)","background-image":"","background-repeat":"repeat","background-position":"center center","background-size":"auto","background-attachment":"scroll","background-type":"","background-media":"","overlay-type":"","overlay-color":"","overlay-opacity":"","overlay-gradient":""},"mobile":{"background-color":"var(--ast-global-color-5)","background-image":"","background-repeat":"repeat","background-position":"center center","background-size":"auto","background-attachment":"scroll","background-type":"","background-media":"","overlay-type":"","overlay-color":"","overlay-opacity":"","overlay-gradient":""}},"footnotes":""},"class_list":["post-25348","page","type-page","status-publish","has-post-thumbnail","hentry"],"acf":[],"rttpg_featured_image_url":{"full":["https:\/\/camrail.cm\/wp-content\/uploads\/2025\/08\/IMG_20250724_155626_731.jpg",4160,1872,false],"landscape":["https:\/\/camrail.cm\/wp-content\/uploads\/2025\/08\/IMG_20250724_155626_731.jpg",4160,1872,false],"portraits":["https:\/\/camrail.cm\/wp-content\/uploads\/2025\/08\/IMG_20250724_155626_731.jpg",4160,1872,false],"thumbnail":["https:\/\/camrail.cm\/wp-content\/uploads\/2025\/08\/IMG_20250724_155626_731.jpg",150,68,false],"medium":["https:\/\/camrail.cm\/wp-content\/uploads\/2025\/08\/IMG_20250724_155626_731.jpg",300,135,false],"large":["https:\/\/camrail.cm\/wp-content\/uploads\/2025\/08\/IMG_20250724_155626_731.jpg",1024,461,false],"1536x1536":["https:\/\/camrail.cm\/wp-content\/uploads\/2025\/08\/IMG_20250724_155626_731.jpg",1536,691,false],"2048x2048":["https:\/\/camrail.cm\/wp-content\/uploads\/2025\/08\/IMG_20250724_155626_731.jpg",2048,922,false],"trp-custom-language-flag":["https:\/\/camrail.cm\/wp-content\/uploads\/2025\/08\/IMG_20250724_155626_731.jpg",18,8,false],"tp-image-grid":["https:\/\/camrail.cm\/wp-content\/uploads\/2025\/08\/IMG_20250724_155626_731.jpg",700,315,false],"job-image":["https:\/\/camrail.cm\/wp-content\/uploads\/2025\/08\/IMG_20250724_155626_731.jpg",889,400,false]},"rttpg_author":{"display_name":"Ibrahimou Sadou","author_link":"https:\/\/camrail.cm\/en\/author\/ibrahimou\/"},"rttpg_comment":0,"rttpg_category":null,"rttpg_excerpt":"Du 23 au 25 juillet 2025, l\u2019\u00e9quipe tripartite Minist\u00e8re des Transports-CAMRAIL-Communaut\u00e9 Ba Mbombog, a sillonn\u00e9 13 gares et arr\u00eats entre Yaound\u00e9 et Douala dans le cadre de la 12e tourn\u00e9e de sensibilisation et d\u2019\u00e9valuation du niveau de satisfaction des populations riveraines du rail. Conduite par le Directeur G\u00e9n\u00e9ral Adjoint en charge du Transport Voyageurs, l\u2019\u00e9quipe&hellip;","_links":{"self":[{"href":"https:\/\/camrail.cm\/en\/wp-json\/wp\/v2\/pages\/25348","targetHints":{"allow":["GET"]}}],"collection":[{"href":"https:\/\/camrail.cm\/en\/wp-json\/wp\/v2\/pages"}],"about":[{"href":"https:\/\/camrail.cm\/en\/wp-json\/wp\/v2\/types\/page"}],"author":[{"embeddable":true,"href":"https:\/\/camrail.cm\/en\/wp-json\/wp\/v2\/users\/9"}],"replies":[{"embeddable":true,"href":"https:\/\/camrail.cm\/en\/wp-json\/wp\/v2\/comments?post=25348"}],"version-history":[{"count":2,"href":"https:\/\/camrail.cm\/en\/wp-json\/wp\/v2\/pages\/25348\/revisions"}],"predecessor-version":[{"id":25361,"href":"https:\/\/camrail.cm\/en\/wp-json\/wp\/v2\/pages\/25348\/revisions\/25361"}],"wp:featuredmedia":[{"embeddable":true,"href":"https:\/\/camrail.cm\/en\/wp-json\/wp\/v2\/media\/25239"}],"wp:attachment":[{"href":"https:\/\/camrail.cm\/en\/wp-json\/wp\/v2\/media?parent=25348"}],"curies":[{"name":"wp","href":"https:\/\/api.w.org\/{rel}","templated":true}]}}