{"id":31974,"date":"2025-10-21T16:26:20","date_gmt":"2025-10-21T16:26:20","guid":{"rendered":"https:\/\/camrail.cm\/?page_id=31974"},"modified":"2025-10-21T16:27:29","modified_gmt":"2025-10-21T16:27:29","slug":"camrail-vitrine-du-cameroun-au-global-rail-2025","status":"publish","type":"page","link":"https:\/\/camrail.cm\/en\/camrail-vitrine-du-cameroun-au-global-rail-2025\/","title":{"rendered":"CAMRAIL vitrine du Cameroun au Global Rail 2025"},"content":{"rendered":"<p class=\"wp-block-paragraph\">Du 30 septembre au 2 octobre 2025, le Cameroun a pris part \u00e0 la deuxi\u00e8me \u00e9dition du Global Rail, tenue au Centre ADNEC d\u2019Abu Dhabi, sous le th\u00e8me \u00ab Driving the Future of Transport and Global Connectivity<\/p>\n\n\n\n<p class=\"wp-block-paragraph\">Consid\u00e9r\u00e9 comme l\u2019un des plus grands \u00e9v\u00e9nements internationaux du secteur du transport ferroviaire et de la mobilit\u00e9, Global Rail a rassembl\u00e9 plus de 20 000 participants issus de plus de 100 nationalit\u00e9s, parmi lesquels des d\u00e9l\u00e9gations minist\u00e9rielles, des op\u00e9rateurs nationaux, des entreprises priv\u00e9es et des experts du domaine.<\/p>\n\n\n\n<p class=\"wp-block-paragraph\">La d\u00e9l\u00e9gation camerounaise, conduite par M. Claude Miss\u00e8 Nton\u00e8, repr\u00e9sentant le Ministre des Transports Jean Ernest Mass\u00e9na Ngall\u00e8 Bibehe, comprenait \u00e9galement des repr\u00e9sentants des Services du Premier Ministre et du Minist\u00e8re des Relations Ext\u00e9rieures, entre autres.<\/p>\n\n\n\n<p class=\"wp-block-paragraph\">\u00c0 signaler \u00e9galement la pr\u00e9sence du Directeur G\u00e9n\u00e9ral Adjoint Op\u00e9rations, M. Hamadou Bakary, et de M. Charles Ren\u00e9 Yombo, Directeur des Relations Institutionnelles et du Plan d\u2019Entreprise, qui ont tout au long de l\u2019\u00e9v\u00e9nement accueilli de nombreux visiteurs et particip\u00e9 \u00e0 plusieurs s\u00e9ances de benchmarking et de B2B.<\/p>\n\n\n\n<p class=\"wp-block-paragraph\">CAMRAIL a saisi cette occasion pour renforcer sa visibilit\u00e9 sur la sc\u00e8ne internationale, en pr\u00e9sentant les comp\u00e9tences et les savoir-faire qui ont b\u00e2ti sa notori\u00e9t\u00e9 en Afrique centrale et au-del\u00e0. L\u2019entreprise a \u00e9galement mis en lumi\u00e8re les projets de renouvellement des infrastructures ferroviaires inscrits dans le Programme Quinquennal n\u00b02 (PQ2).<\/p>\n\n\n\n<p class=\"wp-block-paragraph\">Le stand du Cameroun, habill\u00e9 aux couleurs de CAMRAIL et visit\u00e9 par plus de 200 personnes, a suscit\u00e9 un vif int\u00e9r\u00eat gr\u00e2ce \u00e0 la valorisation des atouts g\u00e9ostrat\u00e9giques du Cameroun en tant que hub logistique en Afrique centrale.<\/p>\n\n\n\n<p class=\"wp-block-paragraph\">Des \u00e9changes fructueux ont eu lieu avec des op\u00e9rateurs tels que Etihad Rail, Keolis, India Railways et Qatar Rail, ouvrant la voie \u00e0 de futures collaborations techniques et commerciales.<\/p>\n\n\n\n<div class=\"wp-block-columns is-layout-flex wp-container-core-columns-is-layout-7387b849 wp-block-columns-is-layout-flex\">\n<div class=\"wp-block-column is-layout-flow wp-block-column-is-layout-flow\" style=\"flex-basis:66.66%\">\n<figure class=\"wp-block-image size-full\"><img loading=\"lazy\" decoding=\"async\" width=\"449\" height=\"376\" src=\"https:\/\/camrail.cm\/wp-content\/uploads\/2025\/10\/Claude-MISSE.jpg\" alt=\"\" class=\"wp-image-31978\"\/><\/figure>\n<\/div>\n\n\n\n<div class=\"wp-block-column is-layout-flow wp-block-column-is-layout-flow\" style=\"flex-basis:33.33%\">\n<p class=\"wp-block-paragraph\"><strong>Claude Miss\u00e8 Nton\u00e8<\/strong><\/p>\n\n\n\n<p class=\"wp-block-paragraph\">Chef de d\u00e9l\u00e9gation du Cameroun.<\/p>\n\n\n\n<p class=\"wp-block-paragraph\"><strong>\u00ab Les transports comme levier de la croissance \u00bb<\/strong><\/p>\n\n\n\n<p class=\"wp-block-paragraph\">J\u2019ai \u00e9t\u00e9 tr\u00e8s honor\u00e9 de prendre la parole \u00e0 la faveur du panel minist\u00e9riel sur le th\u00e8me : Le r\u00f4le des infrastructures de transport dans le d\u00e9veloppement durable. Je dois d\u2019ailleurs souligner que ce th\u00e8me rejoint la vision du Chef de l\u2019Etat d\u00e9clin\u00e9e dans la strat\u00e9gie nationale de d\u00e9veloppement du Cameroun sur la p\u00e9riode 2020-2030. Celle-ci vise \u00e0 faire du secteur des transports un des leviers importants de la croissance inclusive et durable.<\/p>\n<\/div>\n<\/div>\n\n\n\n<div class=\"wp-block-columns is-layout-flex wp-container-core-columns-is-layout-7387b849 wp-block-columns-is-layout-flex\">\n<div class=\"wp-block-column is-layout-flow wp-block-column-is-layout-flow\" style=\"flex-basis:66.66%\">\n<figure class=\"wp-block-gallery has-nested-images columns-default is-cropped wp-block-gallery-1 is-layout-flex wp-block-gallery-is-layout-flex\">\n<figure class=\"wp-block-image\"><img loading=\"lazy\" decoding=\"async\" width=\"447\" height=\"373\" data-id=\"31979\" src=\"https:\/\/camrail.cm\/wp-content\/uploads\/2025\/10\/HAMADOU-BAKARY.jpg\" alt=\"\" class=\"wp-image-31979\"\/><\/figure>\n<\/figure>\n<\/div>\n\n\n\n<div class=\"wp-block-column is-layout-flow wp-block-column-is-layout-flow\" style=\"flex-basis:33.33%\">\n<p class=\"wp-block-paragraph\"><strong>Hamadou Bakary<\/strong><\/p>\n\n\n\n<p class=\"wp-block-paragraph\">Directeur G\u00e9n\u00e9ral Adjoint Op\u00e9rations<\/p>\n\n\n\n<p class=\"wp-block-paragraph\"><strong>\u00ab Nous avons renforc\u00e9 notre cr\u00e9dibilit\u00e9 \u00bb<\/strong><\/p>\n\n\n\n<p class=\"wp-block-paragraph\">Global Rail 2025 a \u00e9t\u00e9 pour CAMRAIL une occasion de plus pour se positionner sur la sc\u00e8ne internationale. Nous avons \u00e9galement fait conna\u00eetre les projets pr\u00e9vus dans le cadre du PQ2 afin d\u2019int\u00e9resser des partenaires \u00e9ventuels. Et puis un \u00e9v\u00e9nement comme Global Rail est toujours mis \u00e0 profit pour faire du benchmarking avec les autres op\u00e9rateurs ferroviaires pr\u00e9sents. Tout ceci nous a permis de renforcer notre cr\u00e9dibilit\u00e9 et de faire \u00e9talage de notre savoir-faire. Au bout du compte, il s\u2019agit d\u2019un \u00e9v\u00e9nement tr\u00e8s b\u00e9n\u00e9fique dont le retour d\u2019exp\u00e9rience va par ailleurs \u00eatre capitalis\u00e9.<\/p>\n<\/div>\n<\/div>\n\n\n\n<p class=\"wp-block-paragraph\"><\/p>","protected":false},"excerpt":{"rendered":"<p>Du 30 septembre au 2 octobre 2025, le Cameroun a pris part \u00e0 la deuxi\u00e8me \u00e9dition du Global Rail, tenue au Centre ADNEC d\u2019Abu Dhabi, sous le th\u00e8me \u00ab Driving the Future of Transport and Global Connectivity Consid\u00e9r\u00e9 comme l\u2019un des plus grands \u00e9v\u00e9nements internationaux du secteur du transport ferroviaire et de la mobilit\u00e9, Global Rail a rassembl\u00e9 plus de 20 000 participants issus de plus de 100 nationalit\u00e9s, parmi lesquels des d\u00e9l\u00e9gations minist\u00e9rielles, des op\u00e9rateurs nationaux, des entreprises priv\u00e9es et des experts du domaine. La d\u00e9l\u00e9gation camerounaise, conduite par M. Claude Miss\u00e8 Nton\u00e8, repr\u00e9sentant le Ministre des Transports Jean Ernest Mass\u00e9na Ngall\u00e8 Bibehe, comprenait \u00e9galement des repr\u00e9sentants des Services du Premier Ministre et du Minist\u00e8re des Relations Ext\u00e9rieures, entre autres. \u00c0 signaler \u00e9galement la pr\u00e9sence du Directeur G\u00e9n\u00e9ral Adjoint Op\u00e9rations, M. Hamadou Bakary, et de M. Charles Ren\u00e9 Yombo, Directeur des Relations Institutionnelles et du Plan d\u2019Entreprise, qui ont tout au long de l\u2019\u00e9v\u00e9nement accueilli de nombreux visiteurs et particip\u00e9 \u00e0 plusieurs s\u00e9ances de benchmarking et de B2B. CAMRAIL a saisi cette occasion pour renforcer sa visibilit\u00e9 sur la sc\u00e8ne internationale, en pr\u00e9sentant les comp\u00e9tences et les savoir-faire qui ont b\u00e2ti sa notori\u00e9t\u00e9 en Afrique centrale et au-del\u00e0. L\u2019entreprise a \u00e9galement mis en lumi\u00e8re les projets de renouvellement des infrastructures ferroviaires inscrits dans le Programme Quinquennal n\u00b02 (PQ2). Le stand du Cameroun, habill\u00e9 aux couleurs de CAMRAIL et visit\u00e9 par plus de 200 personnes, a suscit\u00e9 un vif int\u00e9r\u00eat gr\u00e2ce \u00e0 la valorisation des atouts g\u00e9ostrat\u00e9giques du Cameroun en tant que hub logistique en Afrique centrale. Des \u00e9changes fructueux ont eu lieu avec des op\u00e9rateurs tels que Etihad Rail, Keolis, India Railways et Qatar Rail, ouvrant la voie \u00e0 de futures collaborations techniques et commerciales. Claude Miss\u00e8 Nton\u00e8 Chef de d\u00e9l\u00e9gation du Cameroun. \u00ab Les transports comme levier de la croissance \u00bb J\u2019ai \u00e9t\u00e9 tr\u00e8s honor\u00e9 de prendre la parole \u00e0 la faveur du panel minist\u00e9riel sur le th\u00e8me : Le r\u00f4le des infrastructures de transport dans le d\u00e9veloppement durable. Je dois d\u2019ailleurs souligner que ce th\u00e8me rejoint la vision du Chef de l\u2019Etat d\u00e9clin\u00e9e dans la strat\u00e9gie nationale de d\u00e9veloppement du Cameroun sur la p\u00e9riode 2020-2030. Celle-ci vise \u00e0 faire du secteur des transports un des leviers importants de la croissance inclusive et durable. Hamadou Bakary Directeur G\u00e9n\u00e9ral Adjoint Op\u00e9rations \u00ab Nous avons renforc\u00e9 notre cr\u00e9dibilit\u00e9 \u00bb Global Rail 2025 a \u00e9t\u00e9 pour CAMRAIL une occasion de plus pour se positionner sur la sc\u00e8ne internationale. Nous avons \u00e9galement fait conna\u00eetre les projets pr\u00e9vus dans le cadre du PQ2 afin d\u2019int\u00e9resser des partenaires \u00e9ventuels. Et puis un \u00e9v\u00e9nement comme Global Rail est toujours mis \u00e0 profit pour faire du benchmarking avec les autres op\u00e9rateurs ferroviaires pr\u00e9sents. Tout ceci nous a permis de renforcer notre cr\u00e9dibilit\u00e9 et de faire \u00e9talage de notre savoir-faire. Au bout du compte, il s\u2019agit d\u2019un \u00e9v\u00e9nement tr\u00e8s b\u00e9n\u00e9fique dont le retour d\u2019exp\u00e9rience va par ailleurs \u00eatre capitalis\u00e9.<\/p>","protected":false},"author":9,"featured_media":31977,"parent":0,"menu_order":0,"comment_status":"closed","ping_status":"closed","template":"","meta":{"_acf_changed":false,"_crdt_document":"","inline_featured_image":false,"site-sidebar-layout":"default","site-content-layout":"","ast-site-content-layout":"","site-content-style":"default","site-sidebar-style":"default","ast-global-header-display":"","ast-banner-title-visibility":"","ast-main-header-display":"","ast-hfb-above-header-display":"","ast-hfb-below-header-display":"","ast-hfb-mobile-header-display":"","site-post-title":"","ast-breadcrumbs-content":"","ast-featured-img":"","footer-sml-layout":"","theme-transparent-header-meta":"","adv-header-id-meta":"","stick-header-meta":"","header-above-stick-meta":"","header-main-stick-meta":"","header-below-stick-meta":"","astra-migrate-meta-layouts":"default","ast-page-background-enabled":"default","ast-page-background-meta":{"desktop":{"background-color":"var(--ast-global-color-4)","background-image":"","background-repeat":"repeat","background-position":"center center","background-size":"auto","background-attachment":"scroll","background-type":"","background-media":"","overlay-type":"","overlay-color":"","overlay-opacity":"","overlay-gradient":""},"tablet":{"background-color":"","background-image":"","background-repeat":"repeat","background-position":"center center","background-size":"auto","background-attachment":"scroll","background-type":"","background-media":"","overlay-type":"","overlay-color":"","overlay-opacity":"","overlay-gradient":""},"mobile":{"background-color":"","background-image":"","background-repeat":"repeat","background-position":"center center","background-size":"auto","background-attachment":"scroll","background-type":"","background-media":"","overlay-type":"","overlay-color":"","overlay-opacity":"","overlay-gradient":""}},"ast-content-background-meta":{"desktop":{"background-color":"var(--ast-global-color-5)","background-image":"","background-repeat":"repeat","background-position":"center center","background-size":"auto","background-attachment":"scroll","background-type":"","background-media":"","overlay-type":"","overlay-color":"","overlay-opacity":"","overlay-gradient":""},"tablet":{"background-color":"var(--ast-global-color-5)","background-image":"","background-repeat":"repeat","background-position":"center center","background-size":"auto","background-attachment":"scroll","background-type":"","background-media":"","overlay-type":"","overlay-color":"","overlay-opacity":"","overlay-gradient":""},"mobile":{"background-color":"var(--ast-global-color-5)","background-image":"","background-repeat":"repeat","background-position":"center center","background-size":"auto","background-attachment":"scroll","background-type":"","background-media":"","overlay-type":"","overlay-color":"","overlay-opacity":"","overlay-gradient":""}},"footnotes":""},"class_list":["post-31974","page","type-page","status-publish","has-post-thumbnail","hentry"],"acf":[],"rttpg_featured_image_url":{"full":["https:\/\/camrail.cm\/wp-content\/uploads\/2025\/10\/GLOBAL-RAIL1.jpg",1160,536,false],"landscape":["https:\/\/camrail.cm\/wp-content\/uploads\/2025\/10\/GLOBAL-RAIL1.jpg",1160,536,false],"portraits":["https:\/\/camrail.cm\/wp-content\/uploads\/2025\/10\/GLOBAL-RAIL1.jpg",1160,536,false],"thumbnail":["https:\/\/camrail.cm\/wp-content\/uploads\/2025\/10\/GLOBAL-RAIL1.jpg",150,69,false],"medium":["https:\/\/camrail.cm\/wp-content\/uploads\/2025\/10\/GLOBAL-RAIL1.jpg",300,139,false],"large":["https:\/\/camrail.cm\/wp-content\/uploads\/2025\/10\/GLOBAL-RAIL1.jpg",1024,473,false],"1536x1536":["https:\/\/camrail.cm\/wp-content\/uploads\/2025\/10\/GLOBAL-RAIL1.jpg",1160,536,false],"2048x2048":["https:\/\/camrail.cm\/wp-content\/uploads\/2025\/10\/GLOBAL-RAIL1.jpg",1160,536,false],"trp-custom-language-flag":["https:\/\/camrail.cm\/wp-content\/uploads\/2025\/10\/GLOBAL-RAIL1.jpg",18,8,false],"tp-image-grid":["https:\/\/camrail.cm\/wp-content\/uploads\/2025\/10\/GLOBAL-RAIL1.jpg",700,323,false],"job-image":["https:\/\/camrail.cm\/wp-content\/uploads\/2025\/10\/GLOBAL-RAIL1.jpg",866,400,false]},"rttpg_author":{"display_name":"Ibrahimou Sadou","author_link":"https:\/\/camrail.cm\/en\/author\/ibrahimou\/"},"rttpg_comment":0,"rttpg_category":null,"rttpg_excerpt":"Du 30 septembre au 2 octobre 2025, le Cameroun a pris part \u00e0 la deuxi\u00e8me \u00e9dition du Global Rail, tenue au Centre ADNEC d\u2019Abu Dhabi, sous le th\u00e8me \u00ab Driving the Future of Transport and Global Connectivity Consid\u00e9r\u00e9 comme l\u2019un des plus grands \u00e9v\u00e9nements internationaux du secteur du transport ferroviaire et de la mobilit\u00e9, Global&hellip;","_links":{"self":[{"href":"https:\/\/camrail.cm\/en\/wp-json\/wp\/v2\/pages\/31974","targetHints":{"allow":["GET"]}}],"collection":[{"href":"https:\/\/camrail.cm\/en\/wp-json\/wp\/v2\/pages"}],"about":[{"href":"https:\/\/camrail.cm\/en\/wp-json\/wp\/v2\/types\/page"}],"author":[{"embeddable":true,"href":"https:\/\/camrail.cm\/en\/wp-json\/wp\/v2\/users\/9"}],"replies":[{"embeddable":true,"href":"https:\/\/camrail.cm\/en\/wp-json\/wp\/v2\/comments?post=31974"}],"version-history":[{"count":2,"href":"https:\/\/camrail.cm\/en\/wp-json\/wp\/v2\/pages\/31974\/revisions"}],"predecessor-version":[{"id":31982,"href":"https:\/\/camrail.cm\/en\/wp-json\/wp\/v2\/pages\/31974\/revisions\/31982"}],"wp:featuredmedia":[{"embeddable":true,"href":"https:\/\/camrail.cm\/en\/wp-json\/wp\/v2\/media\/31977"}],"wp:attachment":[{"href":"https:\/\/camrail.cm\/en\/wp-json\/wp\/v2\/media?parent=31974"}],"curies":[{"name":"wp","href":"https:\/\/api.w.org\/{rel}","templated":true}]}}