{"id":32129,"date":"2025-11-19T12:55:13","date_gmt":"2025-11-19T12:55:13","guid":{"rendered":"https:\/\/camrail.cm\/?page_id=32129"},"modified":"2025-11-19T14:43:05","modified_gmt":"2025-11-19T14:43:05","slug":"camrail-renforce-son-autonomie-technique-dans-la-maintenance-des-compresseurs","status":"publish","type":"page","link":"https:\/\/camrail.cm\/en\/camrail-renforce-son-autonomie-technique-dans-la-maintenance-des-compresseurs\/","title":{"rendered":"Joel Hounsinou lance les journ\u00e9es portes ouvertes de CAMRAIL"},"content":{"rendered":"<p class=\"wp-block-paragraph\">Dans le cadre de la 8\u1d49 \u00e9dition de la Journ\u00e9e S\u00e9curit\u00e9 Ferroviaire, le Directeur G\u00e9n\u00e9ral de CAMRAIL, Joel Hounsinou, a proc\u00e9d\u00e9 \u00e0 l\u2019inauguration officielle des Journ\u00e9es Portes Ouvertes, en pr\u00e9sence du Directeur G\u00e9n\u00e9ral Adjoint en charge des op\u00e9rations, Hamadou Bakary, et de plusieurs membres du Comit\u00e9 de Direction. Une s\u00e9quence symbolique qui place la s\u00e9curit\u00e9 au c\u0153ur du dispositif industriel et humain de l\u2019entreprise.<\/p>\n\n\n\n<p class=\"wp-block-paragraph\">D\u2019un coup de ciseaux pr\u00e9cis sur le ruban rouge d\u00e9roul\u00e9 \u00e0 l\u2019entr\u00e9e du village des stands, le patron de CAMRAIL a officiellement lanc\u00e9 deux jours d\u2019\u00e9changes d\u00e9di\u00e9s \u00e0 la s\u00e9curit\u00e9 ferroviaire. Dans une atmosph\u00e8re conviviale, les visiteurs ont \u00e9t\u00e9 invit\u00e9s \u00e0 d\u00e9couvrir de l\u2019int\u00e9rieur les m\u00e9tiers, proc\u00e9dures et r\u00e9flexes qui permettent de faire circuler les trains dans les meilleures conditions. De nombreux collaborateurs ont salu\u00e9 ce moment comme un rendez-vous privil\u00e9gi\u00e9 entre l\u2019entreprise, ses partenaires et le grand public, autour d\u2019un enjeu central : la s\u00e9curit\u00e9 !<\/p>\n\n\n\n<p class=\"wp-block-paragraph\">R\u00e9partis par d\u00e9partement \u2013 de la Direction Technique \u00e0 la Direction des Mat\u00e9riels, des Ressources Humaines, du Contr\u00f4le Interne, jusqu\u2019aux \u00e9quipes de la s\u00e9curit\u00e9 et de la s\u00fbret\u00e9 \u2013 les stands pr\u00e9sentent les savoir-faire, les innovations et les dispositifs qui permettent chaque jour de pr\u00e9venir le risque : d\u00e9monstrations de pose de courbe de voie, couplage d\u2019unit\u00e9s multiples de locomotives, pr\u00e9sentation d\u2019engins de maintenance de type Plasser, ou encore simulation d\u2019alerte PCS appuy\u00e9e par la vid\u00e9o-surveillance.<\/p>\n\n\n\n<p class=\"wp-block-paragraph\">Au-del\u00e0 des aspects techniques, Joel Hounsinou a rappel\u00e9 que la culture s\u00e9curit\u00e9 reste \u00ab l\u2019affaire de tous \u00bb et que ces Journ\u00e9es Portes Ouvertes doivent renforcer la vigilance partag\u00e9e entre cheminots, usagers et riverains de la voie ferr\u00e9e. En ouvrant largement les portes de ses m\u00e9tiers et de ses ateliers, CAMRAIL confirme que la transparence, la p\u00e9dagogie et la proximit\u00e9 avec le public sont des leviers essentiels pour faire de la s\u00e9curit\u00e9 ferroviaire une valeur commune, au-del\u00e0 d\u2019un simple slogan.<\/p>\n\n\n\n<div class=\"wp-block-columns is-layout-flex wp-container-core-columns-is-layout-7387b849 wp-block-columns-is-layout-flex\">\n<div class=\"wp-block-column is-layout-flow wp-block-column-is-layout-flow\">\n<figure class=\"wp-block-image size-full\"><img loading=\"lazy\" decoding=\"async\" width=\"2500\" height=\"1875\" src=\"https:\/\/camrail.cm\/wp-content\/uploads\/2025\/11\/JPO4.jpg\" alt=\"\" class=\"wp-image-32147\"\/><\/figure>\n<\/div>\n\n\n\n<div class=\"wp-block-column is-layout-flow wp-block-column-is-layout-flow\">\n<figure class=\"wp-block-image size-full\"><img loading=\"lazy\" decoding=\"async\" width=\"2500\" height=\"1875\" src=\"https:\/\/camrail.cm\/wp-content\/uploads\/2025\/11\/JPO3.jpg\" alt=\"\" class=\"wp-image-32146\"\/><\/figure>\n<\/div>\n\n\n\n<div class=\"wp-block-column is-layout-flow wp-block-column-is-layout-flow\">\n<figure class=\"wp-block-image size-full\"><img loading=\"lazy\" decoding=\"async\" width=\"2500\" height=\"1875\" src=\"https:\/\/camrail.cm\/wp-content\/uploads\/2025\/11\/JPO2.jpg\" alt=\"\" class=\"wp-image-32145\"\/><\/figure>\n<\/div>\n<\/div>\n\n\n\n<p class=\"wp-block-paragraph\"><\/p>\n\n\n\n<p class=\"wp-block-paragraph\"><\/p>\n\n\n\n<p class=\"wp-block-paragraph\"><\/p>\n\n\n\n<p class=\"wp-block-paragraph\"><\/p>","protected":false},"excerpt":{"rendered":"<p>Dans le cadre de la 8\u1d49 \u00e9dition de la Journ\u00e9e S\u00e9curit\u00e9 Ferroviaire, le Directeur G\u00e9n\u00e9ral de CAMRAIL, Joel Hounsinou, a proc\u00e9d\u00e9 \u00e0 l\u2019inauguration officielle des Journ\u00e9es Portes Ouvertes, en pr\u00e9sence du Directeur G\u00e9n\u00e9ral Adjoint en charge des op\u00e9rations, Hamadou Bakary, et de plusieurs membres du Comit\u00e9 de Direction. Une s\u00e9quence symbolique qui place la s\u00e9curit\u00e9 au c\u0153ur du dispositif industriel et humain de l\u2019entreprise. D\u2019un coup de ciseaux pr\u00e9cis sur le ruban rouge d\u00e9roul\u00e9 \u00e0 l\u2019entr\u00e9e du village des stands, le patron de CAMRAIL a officiellement lanc\u00e9 deux jours d\u2019\u00e9changes d\u00e9di\u00e9s \u00e0 la s\u00e9curit\u00e9 ferroviaire. Dans une atmosph\u00e8re conviviale, les visiteurs ont \u00e9t\u00e9 invit\u00e9s \u00e0 d\u00e9couvrir de l\u2019int\u00e9rieur les m\u00e9tiers, proc\u00e9dures et r\u00e9flexes qui permettent de faire circuler les trains dans les meilleures conditions. De nombreux collaborateurs ont salu\u00e9 ce moment comme un rendez-vous privil\u00e9gi\u00e9 entre l\u2019entreprise, ses partenaires et le grand public, autour d\u2019un enjeu central : la s\u00e9curit\u00e9 ! R\u00e9partis par d\u00e9partement \u2013 de la Direction Technique \u00e0 la Direction des Mat\u00e9riels, des Ressources Humaines, du Contr\u00f4le Interne, jusqu\u2019aux \u00e9quipes de la s\u00e9curit\u00e9 et de la s\u00fbret\u00e9 \u2013 les stands pr\u00e9sentent les savoir-faire, les innovations et les dispositifs qui permettent chaque jour de pr\u00e9venir le risque : d\u00e9monstrations de pose de courbe de voie, couplage d\u2019unit\u00e9s multiples de locomotives, pr\u00e9sentation d\u2019engins de maintenance de type Plasser, ou encore simulation d\u2019alerte PCS appuy\u00e9e par la vid\u00e9o-surveillance. Au-del\u00e0 des aspects techniques, Joel Hounsinou a rappel\u00e9 que la culture s\u00e9curit\u00e9 reste \u00ab l\u2019affaire de tous \u00bb et que ces Journ\u00e9es Portes Ouvertes doivent renforcer la vigilance partag\u00e9e entre cheminots, usagers et riverains de la voie ferr\u00e9e. En ouvrant largement les portes de ses m\u00e9tiers et de ses ateliers, CAMRAIL confirme que la transparence, la p\u00e9dagogie et la proximit\u00e9 avec le public sont des leviers essentiels pour faire de la s\u00e9curit\u00e9 ferroviaire une valeur commune, au-del\u00e0 d\u2019un simple slogan.<\/p>","protected":false},"author":9,"featured_media":32144,"parent":0,"menu_order":0,"comment_status":"closed","ping_status":"closed","template":"","meta":{"_acf_changed":false,"_crdt_document":"","inline_featured_image":false,"site-sidebar-layout":"default","site-content-layout":"","ast-site-content-layout":"","site-content-style":"default","site-sidebar-style":"default","ast-global-header-display":"","ast-banner-title-visibility":"","ast-main-header-display":"","ast-hfb-above-header-display":"","ast-hfb-below-header-display":"","ast-hfb-mobile-header-display":"","site-post-title":"","ast-breadcrumbs-content":"","ast-featured-img":"","footer-sml-layout":"","theme-transparent-header-meta":"","adv-header-id-meta":"","stick-header-meta":"","header-above-stick-meta":"","header-main-stick-meta":"","header-below-stick-meta":"","astra-migrate-meta-layouts":"default","ast-page-background-enabled":"default","ast-page-background-meta":{"desktop":{"background-color":"var(--ast-global-color-4)","background-image":"","background-repeat":"repeat","background-position":"center center","background-size":"auto","background-attachment":"scroll","background-type":"","background-media":"","overlay-type":"","overlay-color":"","overlay-opacity":"","overlay-gradient":""},"tablet":{"background-color":"","background-image":"","background-repeat":"repeat","background-position":"center center","background-size":"auto","background-attachment":"scroll","background-type":"","background-media":"","overlay-type":"","overlay-color":"","overlay-opacity":"","overlay-gradient":""},"mobile":{"background-color":"","background-image":"","background-repeat":"repeat","background-position":"center center","background-size":"auto","background-attachment":"scroll","background-type":"","background-media":"","overlay-type":"","overlay-color":"","overlay-opacity":"","overlay-gradient":""}},"ast-content-background-meta":{"desktop":{"background-color":"var(--ast-global-color-5)","background-image":"","background-repeat":"repeat","background-position":"center center","background-size":"auto","background-attachment":"scroll","background-type":"","background-media":"","overlay-type":"","overlay-color":"","overlay-opacity":"","overlay-gradient":""},"tablet":{"background-color":"var(--ast-global-color-5)","background-image":"","background-repeat":"repeat","background-position":"center center","background-size":"auto","background-attachment":"scroll","background-type":"","background-media":"","overlay-type":"","overlay-color":"","overlay-opacity":"","overlay-gradient":""},"mobile":{"background-color":"var(--ast-global-color-5)","background-image":"","background-repeat":"repeat","background-position":"center center","background-size":"auto","background-attachment":"scroll","background-type":"","background-media":"","overlay-type":"","overlay-color":"","overlay-opacity":"","overlay-gradient":""}},"footnotes":""},"class_list":["post-32129","page","type-page","status-publish","has-post-thumbnail","hentry"],"acf":[],"rttpg_featured_image_url":{"full":["https:\/\/camrail.cm\/wp-content\/uploads\/2025\/11\/JPO1.jpg",2500,1875,false],"landscape":["https:\/\/camrail.cm\/wp-content\/uploads\/2025\/11\/JPO1.jpg",2500,1875,false],"portraits":["https:\/\/camrail.cm\/wp-content\/uploads\/2025\/11\/JPO1.jpg",2500,1875,false],"thumbnail":["https:\/\/camrail.cm\/wp-content\/uploads\/2025\/11\/JPO1.jpg",150,113,false],"medium":["https:\/\/camrail.cm\/wp-content\/uploads\/2025\/11\/JPO1.jpg",300,225,false],"large":["https:\/\/camrail.cm\/wp-content\/uploads\/2025\/11\/JPO1.jpg",1024,768,false],"1536x1536":["https:\/\/camrail.cm\/wp-content\/uploads\/2025\/11\/JPO1.jpg",1536,1152,false],"2048x2048":["https:\/\/camrail.cm\/wp-content\/uploads\/2025\/11\/JPO1.jpg",2048,1536,false],"trp-custom-language-flag":["https:\/\/camrail.cm\/wp-content\/uploads\/2025\/11\/JPO1.jpg",16,12,false],"tp-image-grid":["https:\/\/camrail.cm\/wp-content\/uploads\/2025\/11\/JPO1.jpg",700,525,false],"job-image":["https:\/\/camrail.cm\/wp-content\/uploads\/2025\/11\/JPO1.jpg",533,400,false]},"rttpg_author":{"display_name":"Ibrahimou Sadou","author_link":"https:\/\/camrail.cm\/en\/author\/ibrahimou\/"},"rttpg_comment":0,"rttpg_category":null,"rttpg_excerpt":"Dans le cadre de la 8\u1d49 \u00e9dition de la Journ\u00e9e S\u00e9curit\u00e9 Ferroviaire, le Directeur G\u00e9n\u00e9ral de CAMRAIL, Joel Hounsinou, a proc\u00e9d\u00e9 \u00e0 l\u2019inauguration officielle des Journ\u00e9es Portes Ouvertes, en pr\u00e9sence du Directeur G\u00e9n\u00e9ral Adjoint en charge des op\u00e9rations, Hamadou Bakary, et de plusieurs membres du Comit\u00e9 de Direction. Une s\u00e9quence symbolique qui place la s\u00e9curit\u00e9&hellip;","_links":{"self":[{"href":"https:\/\/camrail.cm\/en\/wp-json\/wp\/v2\/pages\/32129","targetHints":{"allow":["GET"]}}],"collection":[{"href":"https:\/\/camrail.cm\/en\/wp-json\/wp\/v2\/pages"}],"about":[{"href":"https:\/\/camrail.cm\/en\/wp-json\/wp\/v2\/types\/page"}],"author":[{"embeddable":true,"href":"https:\/\/camrail.cm\/en\/wp-json\/wp\/v2\/users\/9"}],"replies":[{"embeddable":true,"href":"https:\/\/camrail.cm\/en\/wp-json\/wp\/v2\/comments?post=32129"}],"version-history":[{"count":2,"href":"https:\/\/camrail.cm\/en\/wp-json\/wp\/v2\/pages\/32129\/revisions"}],"predecessor-version":[{"id":32148,"href":"https:\/\/camrail.cm\/en\/wp-json\/wp\/v2\/pages\/32129\/revisions\/32148"}],"wp:featuredmedia":[{"embeddable":true,"href":"https:\/\/camrail.cm\/en\/wp-json\/wp\/v2\/media\/32144"}],"wp:attachment":[{"href":"https:\/\/camrail.cm\/en\/wp-json\/wp\/v2\/media?parent=32129"}],"curies":[{"name":"wp","href":"https:\/\/api.w.org\/{rel}","templated":true}]}}