{"id":32278,"date":"2025-12-03T09:14:22","date_gmt":"2025-12-03T09:14:22","guid":{"rendered":"https:\/\/camrail.cm\/?page_id=32278"},"modified":"2025-12-03T09:14:39","modified_gmt":"2025-12-03T09:14:39","slug":"camrail-un-reseau-mobilise-pour-vaincre-le-vih-sida","status":"publish","type":"page","link":"https:\/\/camrail.cm\/en\/camrail-un-reseau-mobilise-pour-vaincre-le-vih-sida\/","title":{"rendered":"CAMRAIL : Un r\u00e9seau mobilis\u00e9 pour vaincre le VIH\/SIDA"},"content":{"rendered":"<p class=\"wp-block-paragraph\">A l\u2019occasion de la Journ\u00e9e internationale de lutte contre le VIH\/SIDA le 1er d\u00e9cembre 2025, CAMRAIL a r\u00e9affirm\u00e9 son engagement en faveur de la sant\u00e9 et du bien-\u00eatre de ses collaborateurs et des communaut\u00e9s riveraines.&nbsp;<\/p>\n\n\n\n<p class=\"wp-block-paragraph\">Cette ann\u00e9e, plusieurs activit\u00e9s ont \u00e9t\u00e9 organis\u00e9es sur l\u2019ensemble du r\u00e9seau pour sensibiliser, pr\u00e9venir et accompagner. On note en pr\u00e9lude, des s\u00e9ances de d\u00e9pistage gratuit du VIH\/SIDA, de la syphilis et de l\u2019h\u00e9patite B, ouvertes aux employ\u00e9s et aux populations riveraines. Une causerie \u00e9ducative \u00e0 Douala, anim\u00e9e par le Dr Bernadette Christelle Ngo Mohma Pouth, sp\u00e9cialiste en sant\u00e9 publique et Responsable du D\u00e9partement Sant\u00e9 \u00e0 CAMRAIL, pour renforcer la connaissance sur la pr\u00e9vention et la prise en charge. Dans les coordinations, ces causeries \u00e9taient anim\u00e9es par les groupes de Travail Sant\u00e9, afin de toucher un large public dans les zones d\u2019op\u00e9ration.<\/p>\n\n\n\n<p class=\"wp-block-paragraph\">Quant \u00e0 la quarantaine de pairs \u00e9ducateurs recycl\u00e9s plus t\u00f4t, ils ont eux aussi anim\u00e9 des causeries \u00e9ducatives le 1er d\u00e9cembre, cette fois sur le th\u00e8me de la journ\u00e9e \u00e0 savoir \u00ab Surmonter les perturbations, transformer la riposte au SIDA \u00bb<\/p>\n\n\n\n<p class=\"wp-block-paragraph\">\u00ab \u00c0 CAMRAIL, la sant\u00e9 et le bien-\u00eatre de nos collaborateurs sont au c\u0153ur de notre politique sociale. \u00c0 l\u2019occasion de la Journ\u00e9e mondiale de lutte contre le VIH\/SIDA, nous r\u00e9affirmons notre engagement \u00e0 offrir un environnement de travail s\u00fbr et inclusif, o\u00f9 chacun a acc\u00e8s \u00e0 la pr\u00e9vention et aux soins. Les actions men\u00e9es cette ann\u00e9e traduisent notre volont\u00e9 de renforcer la sensibilisation et de soutenir nos \u00e9quipes ainsi que les communaut\u00e9s riveraines. \u00bb, a soulign\u00e9 Jean Jaures Elong, le Directeur des Ressources humaines \u00e0 CAMRAIL.<\/p>\n\n\n\n<p class=\"wp-block-paragraph\">En guise de rappel, CAMRAIL couvre \u00e0 100% les charges des agents atteints du VIH\/SIDA. Dans le cadre de la lutte contre cette maladie, le concessionnaire du chemin de fer camerounais a \u00e9galement acquis un analyseur de CD4 qui sert \u00e0 mesurer le taux de cellules du syst\u00e8me immunitaire dans le sang d\u2019un patient vivant avec le VIH, et form\u00e9 une partie de son personnel comme pairs \u00e9ducateurs. Ces derniers sont, en interne, des relais dans la sensibilisation et la pr\u00e9vention de la pand\u00e9mie. Gr\u00e2ce \u00e0 cette politique, l\u2019Etat du Cameroun a \u00e9rig\u00e9 le Centre m\u00e9dico-social de Bassa en Unit\u00e9 de prise en charge des personnes vivant avec le VIH\/SIDA en 2015.&nbsp;&nbsp;<\/p>\n\n\n\n<p class=\"wp-block-paragraph\">\u00c0 travers ces initiatives, CAMRAIL confirme son r\u00f4le d\u2019entreprise citoyenne, engag\u00e9e dans la lutte contre les maladies transmissibles et la promotion d\u2019un environnement de travail sain.<\/p>","protected":false},"excerpt":{"rendered":"<p>A l\u2019occasion de la Journ\u00e9e internationale de lutte contre le VIH\/SIDA le 1er d\u00e9cembre 2025, CAMRAIL a r\u00e9affirm\u00e9 son engagement en faveur de la sant\u00e9 et du bien-\u00eatre de ses collaborateurs et des communaut\u00e9s riveraines.&nbsp; Cette ann\u00e9e, plusieurs activit\u00e9s ont \u00e9t\u00e9 organis\u00e9es sur l\u2019ensemble du r\u00e9seau pour sensibiliser, pr\u00e9venir et accompagner. On note en pr\u00e9lude, des s\u00e9ances de d\u00e9pistage gratuit du VIH\/SIDA, de la syphilis et de l\u2019h\u00e9patite B, ouvertes aux employ\u00e9s et aux populations riveraines. Une causerie \u00e9ducative \u00e0 Douala, anim\u00e9e par le Dr Bernadette Christelle Ngo Mohma Pouth, sp\u00e9cialiste en sant\u00e9 publique et Responsable du D\u00e9partement Sant\u00e9 \u00e0 CAMRAIL, pour renforcer la connaissance sur la pr\u00e9vention et la prise en charge. Dans les coordinations, ces causeries \u00e9taient anim\u00e9es par les groupes de Travail Sant\u00e9, afin de toucher un large public dans les zones d\u2019op\u00e9ration. Quant \u00e0 la quarantaine de pairs \u00e9ducateurs recycl\u00e9s plus t\u00f4t, ils ont eux aussi anim\u00e9 des causeries \u00e9ducatives le 1er d\u00e9cembre, cette fois sur le th\u00e8me de la journ\u00e9e \u00e0 savoir \u00ab Surmonter les perturbations, transformer la riposte au SIDA \u00bb \u00ab \u00c0 CAMRAIL, la sant\u00e9 et le bien-\u00eatre de nos collaborateurs sont au c\u0153ur de notre politique sociale. \u00c0 l\u2019occasion de la Journ\u00e9e mondiale de lutte contre le VIH\/SIDA, nous r\u00e9affirmons notre engagement \u00e0 offrir un environnement de travail s\u00fbr et inclusif, o\u00f9 chacun a acc\u00e8s \u00e0 la pr\u00e9vention et aux soins. Les actions men\u00e9es cette ann\u00e9e traduisent notre volont\u00e9 de renforcer la sensibilisation et de soutenir nos \u00e9quipes ainsi que les communaut\u00e9s riveraines. \u00bb, a soulign\u00e9 Jean Jaures Elong, le Directeur des Ressources humaines \u00e0 CAMRAIL. En guise de rappel, CAMRAIL couvre \u00e0 100% les charges des agents atteints du VIH\/SIDA. Dans le cadre de la lutte contre cette maladie, le concessionnaire du chemin de fer camerounais a \u00e9galement acquis un analyseur de CD4 qui sert \u00e0 mesurer le taux de cellules du syst\u00e8me immunitaire dans le sang d\u2019un patient vivant avec le VIH, et form\u00e9 une partie de son personnel comme pairs \u00e9ducateurs. Ces derniers sont, en interne, des relais dans la sensibilisation et la pr\u00e9vention de la pand\u00e9mie. Gr\u00e2ce \u00e0 cette politique, l\u2019Etat du Cameroun a \u00e9rig\u00e9 le Centre m\u00e9dico-social de Bassa en Unit\u00e9 de prise en charge des personnes vivant avec le VIH\/SIDA en 2015.&nbsp;&nbsp; \u00c0 travers ces initiatives, CAMRAIL confirme son r\u00f4le d\u2019entreprise citoyenne, engag\u00e9e dans la lutte contre les maladies transmissibles et la promotion d\u2019un environnement de travail sain.<\/p>","protected":false},"author":9,"featured_media":32281,"parent":0,"menu_order":0,"comment_status":"closed","ping_status":"closed","template":"","meta":{"_acf_changed":false,"_crdt_document":"","inline_featured_image":false,"site-sidebar-layout":"default","site-content-layout":"","ast-site-content-layout":"","site-content-style":"default","site-sidebar-style":"default","ast-global-header-display":"","ast-banner-title-visibility":"","ast-main-header-display":"","ast-hfb-above-header-display":"","ast-hfb-below-header-display":"","ast-hfb-mobile-header-display":"","site-post-title":"","ast-breadcrumbs-content":"","ast-featured-img":"","footer-sml-layout":"","theme-transparent-header-meta":"","adv-header-id-meta":"","stick-header-meta":"","header-above-stick-meta":"","header-main-stick-meta":"","header-below-stick-meta":"","astra-migrate-meta-layouts":"default","ast-page-background-enabled":"default","ast-page-background-meta":{"desktop":{"background-color":"var(--ast-global-color-4)","background-image":"","background-repeat":"repeat","background-position":"center center","background-size":"auto","background-attachment":"scroll","background-type":"","background-media":"","overlay-type":"","overlay-color":"","overlay-opacity":"","overlay-gradient":""},"tablet":{"background-color":"","background-image":"","background-repeat":"repeat","background-position":"center center","background-size":"auto","background-attachment":"scroll","background-type":"","background-media":"","overlay-type":"","overlay-color":"","overlay-opacity":"","overlay-gradient":""},"mobile":{"background-color":"","background-image":"","background-repeat":"repeat","background-position":"center center","background-size":"auto","background-attachment":"scroll","background-type":"","background-media":"","overlay-type":"","overlay-color":"","overlay-opacity":"","overlay-gradient":""}},"ast-content-background-meta":{"desktop":{"background-color":"var(--ast-global-color-5)","background-image":"","background-repeat":"repeat","background-position":"center center","background-size":"auto","background-attachment":"scroll","background-type":"","background-media":"","overlay-type":"","overlay-color":"","overlay-opacity":"","overlay-gradient":""},"tablet":{"background-color":"var(--ast-global-color-5)","background-image":"","background-repeat":"repeat","background-position":"center center","background-size":"auto","background-attachment":"scroll","background-type":"","background-media":"","overlay-type":"","overlay-color":"","overlay-opacity":"","overlay-gradient":""},"mobile":{"background-color":"var(--ast-global-color-5)","background-image":"","background-repeat":"repeat","background-position":"center center","background-size":"auto","background-attachment":"scroll","background-type":"","background-media":"","overlay-type":"","overlay-color":"","overlay-opacity":"","overlay-gradient":""}},"footnotes":""},"class_list":["post-32278","page","type-page","status-publish","has-post-thumbnail","hentry"],"acf":[],"rttpg_featured_image_url":{"full":["https:\/\/camrail.cm\/wp-content\/uploads\/2025\/12\/CAMRAIL-Un-reseau-mobilise-pour-vaincre-le-VIHSIDA.jpg",2500,1407,false],"landscape":["https:\/\/camrail.cm\/wp-content\/uploads\/2025\/12\/CAMRAIL-Un-reseau-mobilise-pour-vaincre-le-VIHSIDA.jpg",2500,1407,false],"portraits":["https:\/\/camrail.cm\/wp-content\/uploads\/2025\/12\/CAMRAIL-Un-reseau-mobilise-pour-vaincre-le-VIHSIDA.jpg",2500,1407,false],"thumbnail":["https:\/\/camrail.cm\/wp-content\/uploads\/2025\/12\/CAMRAIL-Un-reseau-mobilise-pour-vaincre-le-VIHSIDA.jpg",150,84,false],"medium":["https:\/\/camrail.cm\/wp-content\/uploads\/2025\/12\/CAMRAIL-Un-reseau-mobilise-pour-vaincre-le-VIHSIDA.jpg",300,169,false],"large":["https:\/\/camrail.cm\/wp-content\/uploads\/2025\/12\/CAMRAIL-Un-reseau-mobilise-pour-vaincre-le-VIHSIDA.jpg",1024,576,false],"1536x1536":["https:\/\/camrail.cm\/wp-content\/uploads\/2025\/12\/CAMRAIL-Un-reseau-mobilise-pour-vaincre-le-VIHSIDA.jpg",1536,864,false],"2048x2048":["https:\/\/camrail.cm\/wp-content\/uploads\/2025\/12\/CAMRAIL-Un-reseau-mobilise-pour-vaincre-le-VIHSIDA.jpg",2048,1153,false],"trp-custom-language-flag":["https:\/\/camrail.cm\/wp-content\/uploads\/2025\/12\/CAMRAIL-Un-reseau-mobilise-pour-vaincre-le-VIHSIDA.jpg",18,10,false],"tp-image-grid":["https:\/\/camrail.cm\/wp-content\/uploads\/2025\/12\/CAMRAIL-Un-reseau-mobilise-pour-vaincre-le-VIHSIDA.jpg",700,394,false],"job-image":["https:\/\/camrail.cm\/wp-content\/uploads\/2025\/12\/CAMRAIL-Un-reseau-mobilise-pour-vaincre-le-VIHSIDA.jpg",711,400,false]},"rttpg_author":{"display_name":"Ibrahimou Sadou","author_link":"https:\/\/camrail.cm\/en\/author\/ibrahimou\/"},"rttpg_comment":0,"rttpg_category":null,"rttpg_excerpt":"A l\u2019occasion de la Journ\u00e9e internationale de lutte contre le VIH\/SIDA le 1er d\u00e9cembre 2025, CAMRAIL a r\u00e9affirm\u00e9 son engagement en faveur de la sant\u00e9 et du bien-\u00eatre de ses collaborateurs et des communaut\u00e9s riveraines.&nbsp; Cette ann\u00e9e, plusieurs activit\u00e9s ont \u00e9t\u00e9 organis\u00e9es sur l\u2019ensemble du r\u00e9seau pour sensibiliser, pr\u00e9venir et accompagner. On note en pr\u00e9lude,&hellip;","_links":{"self":[{"href":"https:\/\/camrail.cm\/en\/wp-json\/wp\/v2\/pages\/32278","targetHints":{"allow":["GET"]}}],"collection":[{"href":"https:\/\/camrail.cm\/en\/wp-json\/wp\/v2\/pages"}],"about":[{"href":"https:\/\/camrail.cm\/en\/wp-json\/wp\/v2\/types\/page"}],"author":[{"embeddable":true,"href":"https:\/\/camrail.cm\/en\/wp-json\/wp\/v2\/users\/9"}],"replies":[{"embeddable":true,"href":"https:\/\/camrail.cm\/en\/wp-json\/wp\/v2\/comments?post=32278"}],"version-history":[{"count":1,"href":"https:\/\/camrail.cm\/en\/wp-json\/wp\/v2\/pages\/32278\/revisions"}],"predecessor-version":[{"id":32289,"href":"https:\/\/camrail.cm\/en\/wp-json\/wp\/v2\/pages\/32278\/revisions\/32289"}],"wp:featuredmedia":[{"embeddable":true,"href":"https:\/\/camrail.cm\/en\/wp-json\/wp\/v2\/media\/32281"}],"wp:attachment":[{"href":"https:\/\/camrail.cm\/en\/wp-json\/wp\/v2\/media?parent=32278"}],"curies":[{"name":"wp","href":"https:\/\/api.w.org\/{rel}","templated":true}]}}