{"id":32337,"date":"2025-12-17T14:38:03","date_gmt":"2025-12-17T14:38:03","guid":{"rendered":"https:\/\/camrail.cm\/?page_id=32337"},"modified":"2025-12-17T14:48:07","modified_gmt":"2025-12-17T14:48:07","slug":"coupe-saint-eloi-2025-orient-fc-sacre-champion-aux-tirs-au-but","status":"publish","type":"page","link":"https:\/\/camrail.cm\/en\/coupe-saint-eloi-2025-orient-fc-sacre-champion-aux-tirs-au-but\/","title":{"rendered":"Coupe Saint Eloi 2025. Orient FC sacr\u00e9 champion aux tirs au but"},"content":{"rendered":"<p class=\"wp-block-paragraph\">Au terme d\u2019une finale ferm\u00e9e mais \u00e9lectrique, l\u2019Orient FC (Coordination de l\u2019Est) a remport\u00e9, samedi 13 d\u00e9cembre 2026 au stade Saint-\u00c9loi de Bassa, le tournoi de la f\u00eate patronale des cheminots. Oppos\u00e9s \u00e0 General Motors, \u00e9quipe de la Direction du Mat\u00e9riel et repr\u00e9sentant de la poule centrale, les joueurs de Belabo \u2013 issus de la poule inter-coordinations \u2013 ont d\u00fb attendre la s\u00e9ance de tirs au but pour faire la diff\u00e9rence (5-4), apr\u00e8s un 0-0 au temps r\u00e9glementaire.<\/p>\n\n\n\n<p class=\"wp-block-paragraph\">Pour l\u2019occasion, l\u2019enceinte de Bassa s\u2019\u00e9tait \u00ab faite belle \u00bb : tribunes anim\u00e9es, affluence au rendez-vous et ambiance de communion, sous la pr\u00e9sidence du Directeur g\u00e9n\u00e9ral Jo\u00ebl Hounsinou, entour\u00e9 des membres du Comit\u00e9 de direction. Dans les rangs, de nombreux cheminots avaient r\u00e9pondu pr\u00e9sent pour cette affiche de la Saint-\u00c9loi, rendez-vous sportif et symbolique de l\u2019ann\u00e9e.<\/p>\n\n\n\n<p class=\"wp-block-paragraph\">Sur le terrain, les 22 acteurs se sont neutralis\u00e9s pendant 90 minutes, dans un match serr\u00e9 mais g\u00e9n\u00e9reux, fait de duels appuy\u00e9s, de prouesses techniques et de s\u00e9quences d\u2019engagement. L\u2019Orient FC, port\u00e9 par ses intentions offensives et les encouragements de son pr\u00e9sident \u00c9ric Mewoli, a cherch\u00e9 \u00e0 imposer son tempo, mais s\u2019est heurt\u00e9 \u00e0 un bloc disciplin\u00e9 et \u00e0 une d\u00e9fense qui a tenu bon jusqu\u2019au bout.<\/p>\n\n\n\n<p class=\"wp-block-paragraph\">C\u00f4t\u00e9 General Motors, le gardien Moukoufana a multipli\u00e9 les interventions d\u00e9cisives, mettant en \u00e9chec les assauts d\u2019une attaque annonc\u00e9e comme foudroyante. Faute d\u2019ouverture au score, la \u00ab fatidique \u00bb \u00e9preuve des tirs au but a pris le relais : tension maximale, public suspendu aux frappes, et sang-froid au moment de conclure. \u00c0 ce jeu-l\u00e0, l\u2019Orient FC a eu le dernier mot (5-4).<\/p>\n\n\n\n<p class=\"wp-block-paragraph\">La remise des r\u00e9compenses, qui marquait l\u2019acte 1 des c\u00e9l\u00e9brations de la Saint-\u00c9loi \u00e0 Douala, a referm\u00e9 cette journ\u00e9e sur une note positive : programme respect\u00e9, affluence record et organisation salu\u00e9e, avec d\u00e9j\u00e0 l\u2019\u00e9dition suivante en ligne de mire.<\/p>\n\n\n\n<div class=\"wp-block-columns is-layout-flex wp-container-core-columns-is-layout-7387b849 wp-block-columns-is-layout-flex\">\n<div class=\"wp-block-column is-layout-flow wp-block-column-is-layout-flow\">\n<figure class=\"wp-block-image size-full\"><img loading=\"lazy\" decoding=\"async\" width=\"1007\" height=\"591\" src=\"https:\/\/camrail.cm\/wp-content\/uploads\/2025\/12\/DLA1.jpg\" alt=\"\" class=\"wp-image-32340\"\/><\/figure>\n<\/div>\n\n\n\n<div class=\"wp-block-column is-layout-flow wp-block-column-is-layout-flow\">\n<figure class=\"wp-block-image size-full\"><img loading=\"lazy\" decoding=\"async\" width=\"1499\" height=\"744\" src=\"https:\/\/camrail.cm\/wp-content\/uploads\/2025\/12\/DLA6.jpg\" alt=\"\" class=\"wp-image-32348\"\/><\/figure>\n<\/div>\n<\/div>\n\n\n\n<div class=\"wp-block-columns is-layout-flex wp-container-core-columns-is-layout-7387b849 wp-block-columns-is-layout-flex\">\n<div class=\"wp-block-column is-layout-flow wp-block-column-is-layout-flow\">\n<figure class=\"wp-block-image size-full\"><img loading=\"lazy\" decoding=\"async\" width=\"689\" height=\"465\" src=\"https:\/\/camrail.cm\/wp-content\/uploads\/2025\/12\/DLA4.jpg\" alt=\"\" class=\"wp-image-32344\"\/><\/figure>\n<\/div>\n\n\n\n<div class=\"wp-block-column is-layout-flow wp-block-column-is-layout-flow\">\n<figure class=\"wp-block-image size-full\"><img loading=\"lazy\" decoding=\"async\" width=\"682\" height=\"471\" src=\"https:\/\/camrail.cm\/wp-content\/uploads\/2025\/12\/DLA5.jpg\" alt=\"\" class=\"wp-image-32346\"\/><\/figure>\n<\/div>\n<\/div>\n\n\n\n<p class=\"wp-block-paragraph\"><\/p>","protected":false},"excerpt":{"rendered":"<p>Au terme d\u2019une finale ferm\u00e9e mais \u00e9lectrique, l\u2019Orient FC (Coordination de l\u2019Est) a remport\u00e9, samedi 13 d\u00e9cembre 2026 au stade Saint-\u00c9loi de Bassa, le tournoi de la f\u00eate patronale des cheminots. Oppos\u00e9s \u00e0 General Motors, \u00e9quipe de la Direction du Mat\u00e9riel et repr\u00e9sentant de la poule centrale, les joueurs de Belabo \u2013 issus de la poule inter-coordinations \u2013 ont d\u00fb attendre la s\u00e9ance de tirs au but pour faire la diff\u00e9rence (5-4), apr\u00e8s un 0-0 au temps r\u00e9glementaire. Pour l\u2019occasion, l\u2019enceinte de Bassa s\u2019\u00e9tait \u00ab faite belle \u00bb : tribunes anim\u00e9es, affluence au rendez-vous et ambiance de communion, sous la pr\u00e9sidence du Directeur g\u00e9n\u00e9ral Jo\u00ebl Hounsinou, entour\u00e9 des membres du Comit\u00e9 de direction. Dans les rangs, de nombreux cheminots avaient r\u00e9pondu pr\u00e9sent pour cette affiche de la Saint-\u00c9loi, rendez-vous sportif et symbolique de l\u2019ann\u00e9e. Sur le terrain, les 22 acteurs se sont neutralis\u00e9s pendant 90 minutes, dans un match serr\u00e9 mais g\u00e9n\u00e9reux, fait de duels appuy\u00e9s, de prouesses techniques et de s\u00e9quences d\u2019engagement. L\u2019Orient FC, port\u00e9 par ses intentions offensives et les encouragements de son pr\u00e9sident \u00c9ric Mewoli, a cherch\u00e9 \u00e0 imposer son tempo, mais s\u2019est heurt\u00e9 \u00e0 un bloc disciplin\u00e9 et \u00e0 une d\u00e9fense qui a tenu bon jusqu\u2019au bout. C\u00f4t\u00e9 General Motors, le gardien Moukoufana a multipli\u00e9 les interventions d\u00e9cisives, mettant en \u00e9chec les assauts d\u2019une attaque annonc\u00e9e comme foudroyante. Faute d\u2019ouverture au score, la \u00ab fatidique \u00bb \u00e9preuve des tirs au but a pris le relais : tension maximale, public suspendu aux frappes, et sang-froid au moment de conclure. \u00c0 ce jeu-l\u00e0, l\u2019Orient FC a eu le dernier mot (5-4). La remise des r\u00e9compenses, qui marquait l\u2019acte 1 des c\u00e9l\u00e9brations de la Saint-\u00c9loi \u00e0 Douala, a referm\u00e9 cette journ\u00e9e sur une note positive : programme respect\u00e9, affluence record et organisation salu\u00e9e, avec d\u00e9j\u00e0 l\u2019\u00e9dition suivante en ligne de mire.<\/p>","protected":false},"author":9,"featured_media":32348,"parent":0,"menu_order":0,"comment_status":"closed","ping_status":"closed","template":"","meta":{"_acf_changed":false,"_crdt_document":"","inline_featured_image":false,"site-sidebar-layout":"default","site-content-layout":"","ast-site-content-layout":"","site-content-style":"default","site-sidebar-style":"default","ast-global-header-display":"","ast-banner-title-visibility":"","ast-main-header-display":"","ast-hfb-above-header-display":"","ast-hfb-below-header-display":"","ast-hfb-mobile-header-display":"","site-post-title":"","ast-breadcrumbs-content":"","ast-featured-img":"","footer-sml-layout":"","theme-transparent-header-meta":"","adv-header-id-meta":"","stick-header-meta":"","header-above-stick-meta":"","header-main-stick-meta":"","header-below-stick-meta":"","astra-migrate-meta-layouts":"default","ast-page-background-enabled":"default","ast-page-background-meta":{"desktop":{"background-color":"var(--ast-global-color-4)","background-image":"","background-repeat":"repeat","background-position":"center center","background-size":"auto","background-attachment":"scroll","background-type":"","background-media":"","overlay-type":"","overlay-color":"","overlay-opacity":"","overlay-gradient":""},"tablet":{"background-color":"","background-image":"","background-repeat":"repeat","background-position":"center center","background-size":"auto","background-attachment":"scroll","background-type":"","background-media":"","overlay-type":"","overlay-color":"","overlay-opacity":"","overlay-gradient":""},"mobile":{"background-color":"","background-image":"","background-repeat":"repeat","background-position":"center center","background-size":"auto","background-attachment":"scroll","background-type":"","background-media":"","overlay-type":"","overlay-color":"","overlay-opacity":"","overlay-gradient":""}},"ast-content-background-meta":{"desktop":{"background-color":"var(--ast-global-color-5)","background-image":"","background-repeat":"repeat","background-position":"center center","background-size":"auto","background-attachment":"scroll","background-type":"","background-media":"","overlay-type":"","overlay-color":"","overlay-opacity":"","overlay-gradient":""},"tablet":{"background-color":"var(--ast-global-color-5)","background-image":"","background-repeat":"repeat","background-position":"center center","background-size":"auto","background-attachment":"scroll","background-type":"","background-media":"","overlay-type":"","overlay-color":"","overlay-opacity":"","overlay-gradient":""},"mobile":{"background-color":"var(--ast-global-color-5)","background-image":"","background-repeat":"repeat","background-position":"center center","background-size":"auto","background-attachment":"scroll","background-type":"","background-media":"","overlay-type":"","overlay-color":"","overlay-opacity":"","overlay-gradient":""}},"footnotes":""},"class_list":["post-32337","page","type-page","status-publish","has-post-thumbnail","hentry"],"acf":[],"rttpg_featured_image_url":{"full":["https:\/\/camrail.cm\/wp-content\/uploads\/2025\/12\/DLA6.jpg",1499,744,false],"landscape":["https:\/\/camrail.cm\/wp-content\/uploads\/2025\/12\/DLA6.jpg",1499,744,false],"portraits":["https:\/\/camrail.cm\/wp-content\/uploads\/2025\/12\/DLA6.jpg",1499,744,false],"thumbnail":["https:\/\/camrail.cm\/wp-content\/uploads\/2025\/12\/DLA6.jpg",150,74,false],"medium":["https:\/\/camrail.cm\/wp-content\/uploads\/2025\/12\/DLA6.jpg",300,149,false],"large":["https:\/\/camrail.cm\/wp-content\/uploads\/2025\/12\/DLA6.jpg",1024,508,false],"1536x1536":["https:\/\/camrail.cm\/wp-content\/uploads\/2025\/12\/DLA6.jpg",1499,744,false],"2048x2048":["https:\/\/camrail.cm\/wp-content\/uploads\/2025\/12\/DLA6.jpg",1499,744,false],"trp-custom-language-flag":["https:\/\/camrail.cm\/wp-content\/uploads\/2025\/12\/DLA6.jpg",18,9,false],"tp-image-grid":["https:\/\/camrail.cm\/wp-content\/uploads\/2025\/12\/DLA6.jpg",700,347,false],"job-image":["https:\/\/camrail.cm\/wp-content\/uploads\/2025\/12\/DLA6.jpg",806,400,false]},"rttpg_author":{"display_name":"Ibrahimou Sadou","author_link":"https:\/\/camrail.cm\/en\/author\/ibrahimou\/"},"rttpg_comment":0,"rttpg_category":null,"rttpg_excerpt":"Au terme d\u2019une finale ferm\u00e9e mais \u00e9lectrique, l\u2019Orient FC (Coordination de l\u2019Est) a remport\u00e9, samedi 13 d\u00e9cembre 2026 au stade Saint-\u00c9loi de Bassa, le tournoi de la f\u00eate patronale des cheminots. Oppos\u00e9s \u00e0 General Motors, \u00e9quipe de la Direction du Mat\u00e9riel et repr\u00e9sentant de la poule centrale, les joueurs de Belabo \u2013 issus de la&hellip;","_links":{"self":[{"href":"https:\/\/camrail.cm\/en\/wp-json\/wp\/v2\/pages\/32337","targetHints":{"allow":["GET"]}}],"collection":[{"href":"https:\/\/camrail.cm\/en\/wp-json\/wp\/v2\/pages"}],"about":[{"href":"https:\/\/camrail.cm\/en\/wp-json\/wp\/v2\/types\/page"}],"author":[{"embeddable":true,"href":"https:\/\/camrail.cm\/en\/wp-json\/wp\/v2\/users\/9"}],"replies":[{"embeddable":true,"href":"https:\/\/camrail.cm\/en\/wp-json\/wp\/v2\/comments?post=32337"}],"version-history":[{"count":3,"href":"https:\/\/camrail.cm\/en\/wp-json\/wp\/v2\/pages\/32337\/revisions"}],"predecessor-version":[{"id":32352,"href":"https:\/\/camrail.cm\/en\/wp-json\/wp\/v2\/pages\/32337\/revisions\/32352"}],"wp:featuredmedia":[{"embeddable":true,"href":"https:\/\/camrail.cm\/en\/wp-json\/wp\/v2\/media\/32348"}],"wp:attachment":[{"href":"https:\/\/camrail.cm\/en\/wp-json\/wp\/v2\/media?parent=32337"}],"curies":[{"name":"wp","href":"https:\/\/api.w.org\/{rel}","templated":true}]}}