{"id":32366,"date":"2025-12-18T08:50:39","date_gmt":"2025-12-18T08:50:39","guid":{"rendered":"https:\/\/camrail.cm\/?page_id=32366"},"modified":"2025-12-18T08:56:16","modified_gmt":"2025-12-18T08:56:16","slug":"camrail-renforce-son-parc-roulant-moteur-avec-quatre-nouvelles-locomotives-de-type-gl30-2","status":"publish","type":"page","link":"https:\/\/camrail.cm\/en\/camrail-renforce-son-parc-roulant-moteur-avec-quatre-nouvelles-locomotives-de-type-gl30-2\/","title":{"rendered":"CAMRAIL renforce son parc roulant moteur avec quatre nouvelles locomotives de type GL30"},"content":{"rendered":"<p class=\"wp-block-paragraph\">CAMRAIL, concessionnaire du chemin de fer camerounais, annonce l\u2019acquisition de quatre nouvelles locomotives diesel-\u00e9lectriques de type GL30, destin\u00e9es \u00e0 renforcer durablement la capacit\u00e9 de son offre de transport pour le fret.&nbsp;<\/p>\n\n\n\n<p class=\"wp-block-paragraph\">Ces locomotives de derni\u00e8re g\u00e9n\u00e9ration, d\u2019une puissance d\u2019environ 3 000 chevaux, seront d\u2019un atout majeur dans l\u2019am\u00e9lioration de la r\u00e9gularit\u00e9 des circulations sur l\u2019ensemble du r\u00e9seau, de Douala \u00e0 Ngaound\u00e9r\u00e9.<\/p>\n\n\n\n<p class=\"wp-block-paragraph\">Les quatre locomotives, actuellement en phase de r\u00e9ception et de pr\u00e9paration technique, seront mises en service dans le courant du premier trimestre 2026.<\/p>\n\n\n\n<p class=\"wp-block-paragraph\">\u00ab Avec l\u2019arriv\u00e9e de ces quatre nouvelles locomotives, CAMRAIL franchit une nouvelle \u00e9tape dans la modernisation de son outil de production. Cet investissement traduit notre volont\u00e9 de mieux servir l\u2019\u00e9conomie nationale, de s\u00e9curiser davantage nos op\u00e9rations et d\u2019offrir \u00e0 nos clients des solutions de transport ferroviaire encore plus fiables et comp\u00e9titives. \u00bb, d\u00e9clare Joel Hounsinou, Directeur G\u00e9n\u00e9ral de CAMRAIL.<\/p>\n\n\n\n<p class=\"wp-block-paragraph\">Dot\u00e9es de syst\u00e8mes de commande informatis\u00e9s, de dispositifs de diagnostic embarqu\u00e9 et d\u2019\u00e9quipements de s\u00e9curit\u00e9 renforc\u00e9s, ces locomotives GL30 contribueront grandement \u00e0 l\u2019optimisation de la conduite des trains. . Elles offrent par ailleurs des cabines plus ergonomiques et climatis\u00e9es, am\u00e9liorant significativement les conditions de travail des \u00e9quipes de conduite.<\/p>\n\n\n\n<p class=\"wp-block-paragraph\">Ces nouvelles acquisitions s\u2019inscrivent dans le cadre du programme d\u2019investissements de CAMRAIL, mis en \u0153uvre aux c\u00f4t\u00e9s de l\u2019\u00c9tat du Cameroun, et avec l\u2019appui du groupe AGL dont elle est une filiale.&nbsp;<\/p>\n\n\n\n<p class=\"wp-block-paragraph\">Elles contribueront \u00e0 soutenir la croissance du fret ferroviaire et \u00e0 transf\u00e9rer une partie du trafic de marchandises de la route vers le rail, au b\u00e9n\u00e9fice de la s\u00e9curit\u00e9 routi\u00e8re et de la pr\u00e9servation des infrastructures.<\/p>\n\n\n\n<p class=\"wp-block-paragraph\">\u00ab Du point de vue commercial, ces nouvelles locomotives nous permettront d\u2019augmenter les capacit\u00e9s offertes \u00e0 nos grands clients industriels, de s\u00e9curiser leurs cha\u00eenes d\u2019approvisionnement et de proposer des solutions logistiques plus comp\u00e9titives sur la dur\u00e9e. Elles renforceront \u00e9galement notre r\u00e9activit\u00e9 face aux pics saisonniers d\u2019activit\u00e9 et \u00e0 l\u2019\u00e9mergence de nouveaux projets miniers et agro-industriels le long de notre r\u00e9seau. \u00bb souligne Alain Minoue, Directeur Commercial de CAMRAIL<\/p>\n\n\n\n<p class=\"wp-block-paragraph\">En renfor\u00e7ant sa flotte de locomotives, CAMRAIL r\u00e9affirme son engagement \u00e0 accompagner la dynamique de d\u00e9veloppement du Cameroun et de la sous-r\u00e9gion, en offrant aux entreprises, aux voyageurs et aux populations des solutions de transport plus performantes, plus s\u00fbres et plus durables.<\/p>\n\n\n\n<p class=\"wp-block-paragraph\"><strong>\u00c0 propos de CAMRAIL,<br>Filiale de Africa Global Logistics, CAMRAIL est concessionnaire du chemin de fer Camerounais depuis 1999. Acteur<br>majeur du d\u00e9veloppement \u00e9conomique et social au Cameroun, CAMRAIL investit en moyenne 12 milliards de francs<br>CFA par an. L\u2019entreprise reverse en moyenne 10 milliards de FCFA chaque ann\u00e9e \u00e0 l\u2019\u00c9tat du Cameroun au titre des<br>redevances, taxes et imp\u00f4ts. Avec 1.500 employ\u00e9s directs, 4.000 personnels de la sous-traitance, CAMRAIL d\u00e9veloppe<br>une politique volontariste des ressources humaines. www.camrail.net<\/strong><\/p>\n\n\n\n<p class=\"wp-block-paragraph\">Contact Presse :<br>Hugues Mbala Manga \u2013 Responsable D\u00e9partement Communication<br>hugues.mbala-manga@camrail.net T\u00e9l. : 696 91 01 28<\/p>","protected":false},"excerpt":{"rendered":"<p>CAMRAIL, concessionnaire du chemin de fer camerounais, annonce l\u2019acquisition de quatre nouvelles locomotives diesel-\u00e9lectriques de type GL30, destin\u00e9es \u00e0 renforcer durablement la capacit\u00e9 de son offre de transport pour le fret.&nbsp; Ces locomotives de derni\u00e8re g\u00e9n\u00e9ration, d\u2019une puissance d\u2019environ 3 000 chevaux, seront d\u2019un atout majeur dans l\u2019am\u00e9lioration de la r\u00e9gularit\u00e9 des circulations sur l\u2019ensemble du r\u00e9seau, de Douala \u00e0 Ngaound\u00e9r\u00e9. Les quatre locomotives, actuellement en phase de r\u00e9ception et de pr\u00e9paration technique, seront mises en service dans le courant du premier trimestre 2026. \u00ab Avec l\u2019arriv\u00e9e de ces quatre nouvelles locomotives, CAMRAIL franchit une nouvelle \u00e9tape dans la modernisation de son outil de production. Cet investissement traduit notre volont\u00e9 de mieux servir l\u2019\u00e9conomie nationale, de s\u00e9curiser davantage nos op\u00e9rations et d\u2019offrir \u00e0 nos clients des solutions de transport ferroviaire encore plus fiables et comp\u00e9titives. \u00bb, d\u00e9clare Joel Hounsinou, Directeur G\u00e9n\u00e9ral de CAMRAIL. Dot\u00e9es de syst\u00e8mes de commande informatis\u00e9s, de dispositifs de diagnostic embarqu\u00e9 et d\u2019\u00e9quipements de s\u00e9curit\u00e9 renforc\u00e9s, ces locomotives GL30 contribueront grandement \u00e0 l\u2019optimisation de la conduite des trains. . Elles offrent par ailleurs des cabines plus ergonomiques et climatis\u00e9es, am\u00e9liorant significativement les conditions de travail des \u00e9quipes de conduite. Ces nouvelles acquisitions s\u2019inscrivent dans le cadre du programme d\u2019investissements de CAMRAIL, mis en \u0153uvre aux c\u00f4t\u00e9s de l\u2019\u00c9tat du Cameroun, et avec l\u2019appui du groupe AGL dont elle est une filiale.&nbsp; Elles contribueront \u00e0 soutenir la croissance du fret ferroviaire et \u00e0 transf\u00e9rer une partie du trafic de marchandises de la route vers le rail, au b\u00e9n\u00e9fice de la s\u00e9curit\u00e9 routi\u00e8re et de la pr\u00e9servation des infrastructures. \u00ab Du point de vue commercial, ces nouvelles locomotives nous permettront d\u2019augmenter les capacit\u00e9s offertes \u00e0 nos grands clients industriels, de s\u00e9curiser leurs cha\u00eenes d\u2019approvisionnement et de proposer des solutions logistiques plus comp\u00e9titives sur la dur\u00e9e. Elles renforceront \u00e9galement notre r\u00e9activit\u00e9 face aux pics saisonniers d\u2019activit\u00e9 et \u00e0 l\u2019\u00e9mergence de nouveaux projets miniers et agro-industriels le long de notre r\u00e9seau. \u00bb souligne Alain Minoue, Directeur Commercial de CAMRAIL En renfor\u00e7ant sa flotte de locomotives, CAMRAIL r\u00e9affirme son engagement \u00e0 accompagner la dynamique de d\u00e9veloppement du Cameroun et de la sous-r\u00e9gion, en offrant aux entreprises, aux voyageurs et aux populations des solutions de transport plus performantes, plus s\u00fbres et plus durables. \u00c0 propos de CAMRAIL,Filiale de Africa Global Logistics, CAMRAIL est concessionnaire du chemin de fer Camerounais depuis 1999. Acteurmajeur du d\u00e9veloppement \u00e9conomique et social au Cameroun, CAMRAIL investit en moyenne 12 milliards de francsCFA par an. L\u2019entreprise reverse en moyenne 10 milliards de FCFA chaque ann\u00e9e \u00e0 l\u2019\u00c9tat du Cameroun au titre desredevances, taxes et imp\u00f4ts. Avec 1.500 employ\u00e9s directs, 4.000 personnels de la sous-traitance, CAMRAIL d\u00e9veloppeune politique volontariste des ressources humaines. www.camrail.net Contact Presse :Hugues Mbala Manga \u2013 Responsable D\u00e9partement Communicationhugues.mbala-manga@camrail.net T\u00e9l. : 696 91 01 28<\/p>","protected":false},"author":9,"featured_media":32365,"parent":0,"menu_order":0,"comment_status":"closed","ping_status":"closed","template":"","meta":{"_acf_changed":false,"_crdt_document":"","inline_featured_image":false,"site-sidebar-layout":"default","site-content-layout":"","ast-site-content-layout":"","site-content-style":"default","site-sidebar-style":"default","ast-global-header-display":"","ast-banner-title-visibility":"","ast-main-header-display":"","ast-hfb-above-header-display":"","ast-hfb-below-header-display":"","ast-hfb-mobile-header-display":"","site-post-title":"","ast-breadcrumbs-content":"","ast-featured-img":"","footer-sml-layout":"","theme-transparent-header-meta":"","adv-header-id-meta":"","stick-header-meta":"","header-above-stick-meta":"","header-main-stick-meta":"","header-below-stick-meta":"","astra-migrate-meta-layouts":"default","ast-page-background-enabled":"default","ast-page-background-meta":{"desktop":{"background-color":"var(--ast-global-color-4)","background-image":"","background-repeat":"repeat","background-position":"center center","background-size":"auto","background-attachment":"scroll","background-type":"","background-media":"","overlay-type":"","overlay-color":"","overlay-opacity":"","overlay-gradient":""},"tablet":{"background-color":"","background-image":"","background-repeat":"repeat","background-position":"center center","background-size":"auto","background-attachment":"scroll","background-type":"","background-media":"","overlay-type":"","overlay-color":"","overlay-opacity":"","overlay-gradient":""},"mobile":{"background-color":"","background-image":"","background-repeat":"repeat","background-position":"center center","background-size":"auto","background-attachment":"scroll","background-type":"","background-media":"","overlay-type":"","overlay-color":"","overlay-opacity":"","overlay-gradient":""}},"ast-content-background-meta":{"desktop":{"background-color":"var(--ast-global-color-5)","background-image":"","background-repeat":"repeat","background-position":"center center","background-size":"auto","background-attachment":"scroll","background-type":"","background-media":"","overlay-type":"","overlay-color":"","overlay-opacity":"","overlay-gradient":""},"tablet":{"background-color":"var(--ast-global-color-5)","background-image":"","background-repeat":"repeat","background-position":"center center","background-size":"auto","background-attachment":"scroll","background-type":"","background-media":"","overlay-type":"","overlay-color":"","overlay-opacity":"","overlay-gradient":""},"mobile":{"background-color":"var(--ast-global-color-5)","background-image":"","background-repeat":"repeat","background-position":"center center","background-size":"auto","background-attachment":"scroll","background-type":"","background-media":"","overlay-type":"","overlay-color":"","overlay-opacity":"","overlay-gradient":""}},"footnotes":""},"class_list":["post-32366","page","type-page","status-publish","has-post-thumbnail","hentry"],"acf":[],"rttpg_featured_image_url":{"full":["https:\/\/camrail.cm\/wp-content\/uploads\/2025\/12\/CAMRAIL-renforce-son-parc-roulant-moteur-avec-quatre-nouvelles-locomotives-de-type-GL30.jpeg",1000,750,false],"landscape":["https:\/\/camrail.cm\/wp-content\/uploads\/2025\/12\/CAMRAIL-renforce-son-parc-roulant-moteur-avec-quatre-nouvelles-locomotives-de-type-GL30.jpeg",1000,750,false],"portraits":["https:\/\/camrail.cm\/wp-content\/uploads\/2025\/12\/CAMRAIL-renforce-son-parc-roulant-moteur-avec-quatre-nouvelles-locomotives-de-type-GL30.jpeg",1000,750,false],"thumbnail":["https:\/\/camrail.cm\/wp-content\/uploads\/2025\/12\/CAMRAIL-renforce-son-parc-roulant-moteur-avec-quatre-nouvelles-locomotives-de-type-GL30.jpeg",150,113,false],"medium":["https:\/\/camrail.cm\/wp-content\/uploads\/2025\/12\/CAMRAIL-renforce-son-parc-roulant-moteur-avec-quatre-nouvelles-locomotives-de-type-GL30.jpeg",300,225,false],"large":["https:\/\/camrail.cm\/wp-content\/uploads\/2025\/12\/CAMRAIL-renforce-son-parc-roulant-moteur-avec-quatre-nouvelles-locomotives-de-type-GL30.jpeg",1000,750,false],"1536x1536":["https:\/\/camrail.cm\/wp-content\/uploads\/2025\/12\/CAMRAIL-renforce-son-parc-roulant-moteur-avec-quatre-nouvelles-locomotives-de-type-GL30.jpeg",1000,750,false],"2048x2048":["https:\/\/camrail.cm\/wp-content\/uploads\/2025\/12\/CAMRAIL-renforce-son-parc-roulant-moteur-avec-quatre-nouvelles-locomotives-de-type-GL30.jpeg",1000,750,false],"trp-custom-language-flag":["https:\/\/camrail.cm\/wp-content\/uploads\/2025\/12\/CAMRAIL-renforce-son-parc-roulant-moteur-avec-quatre-nouvelles-locomotives-de-type-GL30.jpeg",16,12,false],"tp-image-grid":["https:\/\/camrail.cm\/wp-content\/uploads\/2025\/12\/CAMRAIL-renforce-son-parc-roulant-moteur-avec-quatre-nouvelles-locomotives-de-type-GL30.jpeg",700,525,false],"job-image":["https:\/\/camrail.cm\/wp-content\/uploads\/2025\/12\/CAMRAIL-renforce-son-parc-roulant-moteur-avec-quatre-nouvelles-locomotives-de-type-GL30.jpeg",533,400,false]},"rttpg_author":{"display_name":"Ibrahimou Sadou","author_link":"https:\/\/camrail.cm\/en\/author\/ibrahimou\/"},"rttpg_comment":0,"rttpg_category":null,"rttpg_excerpt":"CAMRAIL, concessionnaire du chemin de fer camerounais, annonce l\u2019acquisition de quatre nouvelles locomotives diesel-\u00e9lectriques de type GL30, destin\u00e9es \u00e0 renforcer durablement la capacit\u00e9 de son offre de transport pour le fret.&nbsp; Ces locomotives de derni\u00e8re g\u00e9n\u00e9ration, d\u2019une puissance d\u2019environ 3 000 chevaux, seront d\u2019un atout majeur dans l\u2019am\u00e9lioration de la r\u00e9gularit\u00e9 des circulations sur l\u2019ensemble&hellip;","_links":{"self":[{"href":"https:\/\/camrail.cm\/en\/wp-json\/wp\/v2\/pages\/32366","targetHints":{"allow":["GET"]}}],"collection":[{"href":"https:\/\/camrail.cm\/en\/wp-json\/wp\/v2\/pages"}],"about":[{"href":"https:\/\/camrail.cm\/en\/wp-json\/wp\/v2\/types\/page"}],"author":[{"embeddable":true,"href":"https:\/\/camrail.cm\/en\/wp-json\/wp\/v2\/users\/9"}],"replies":[{"embeddable":true,"href":"https:\/\/camrail.cm\/en\/wp-json\/wp\/v2\/comments?post=32366"}],"version-history":[{"count":3,"href":"https:\/\/camrail.cm\/en\/wp-json\/wp\/v2\/pages\/32366\/revisions"}],"predecessor-version":[{"id":32376,"href":"https:\/\/camrail.cm\/en\/wp-json\/wp\/v2\/pages\/32366\/revisions\/32376"}],"wp:featuredmedia":[{"embeddable":true,"href":"https:\/\/camrail.cm\/en\/wp-json\/wp\/v2\/media\/32365"}],"wp:attachment":[{"href":"https:\/\/camrail.cm\/en\/wp-json\/wp\/v2\/media?parent=32366"}],"curies":[{"name":"wp","href":"https:\/\/api.w.org\/{rel}","templated":true}]}}