{"id":32468,"date":"2026-01-07T16:53:14","date_gmt":"2026-01-07T16:53:14","guid":{"rendered":"https:\/\/camrail.cm\/?page_id=32468"},"modified":"2026-01-07T16:53:33","modified_gmt":"2026-01-07T16:53:33","slug":"camrail-les-cheminots-en-mode-cross-chalenge","status":"publish","type":"page","link":"https:\/\/camrail.cm\/en\/camrail-les-cheminots-en-mode-cross-chalenge\/","title":{"rendered":"CAMRAIL. Les cheminots en mode cross chalenge"},"content":{"rendered":"<p class=\"wp-block-paragraph\">Pour renforcer l\u2019esprit d\u2019\u00e9quipe et la collaboration entre coll\u00e8gues, une veill\u00e9e sportive en mode Cross Challenge a \u00e9t\u00e9 organis\u00e9e \u00e0 l\u2019intention des cheminots, \u00e0 la veille de la f\u00eate de la Nativit\u00e9.<\/p>\n\n\n\n<p class=\"wp-block-paragraph\">Sous l\u2019impulsion de la section sportive \u00ab Sport pour tous \u00bb de l\u2019Association sportive CAMRAIL (AS CAMRAIL), les jardins de l\u2019esplanade de la gare centrale de Douala ont abrit\u00e9 une s\u00e9ance de Cross Challenge rassemblant une soixantaine de cheminots, le 24 d\u00e9cembre 2025. Ce lancement, programm\u00e9 \u00e0 la veille de No\u00ebl, a symbolis\u00e9, selon la pr\u00e9sidente Khadidja Mahamat, \u00ab la manifestation de la solidarit\u00e9 \u00bb et \u00ab la promotion de la coh\u00e9sion au sein de la grande famille des cheminots \u00bb.<\/p>\n\n\n\n<p class=\"wp-block-paragraph\">R\u00e9partis en six \u00e9quipes aux couleurs de gares du r\u00e9seau (Bawa, Pangar, Goyoum, Ngaoundal, Mbitom et Makor), un peu plus de 60 participants ont rivalis\u00e9 d\u2019adresse et d\u2019endurance autour de cinq \u00e9preuves : course d\u2019obstacles, course en sac, tir \u00e0 la corde, jeu de ballon et petits goals. Le rassemblement s\u2019est ouvert et referm\u00e9 par des s\u00e9quences de fitness et de danse sportive, dont la zumba, tr\u00e8s applaudies.<\/p>\n\n\n\n<p class=\"wp-block-paragraph\">Au terme d\u2019\u00e9preuves tr\u00e8s disput\u00e9es, la gare de Bawa a pris la premi\u00e8re place avec 10 points, devant Makor (6 points) et Pangar (5 points). La remise des m\u00e9dailles a cl\u00f4tur\u00e9 cette premi\u00e8re \u00e9dition, que de nombreux participants souhaitent voir revenir rapidement.<\/p>\n\n\n\n<p class=\"wp-block-paragraph\">Au-del\u00e0 du classement, l\u2019initiative vise \u00e0 cr\u00e9er des passerelles entre directions, encourager l\u2019activit\u00e9 physique et installer des rendez-vous r\u00e9guliers de coh\u00e9sion.<\/p>\n\n\n\n<p class=\"wp-block-paragraph\">La section \u00ab Sport pour tous \u00bb entend proposer, tout au long de l\u2019ann\u00e9e, des formats accessibles \u00e0 tous, quels que soient l\u2019\u00e2ge, la condition physique ou le poste, afin de faire du sport un levier de bien-\u00eatre au travail d\u00e8s 2026.<\/p>\n\n\n\n<div class=\"wp-block-columns is-layout-flex wp-container-core-columns-is-layout-7387b849 wp-block-columns-is-layout-flex\">\n<div class=\"wp-block-column is-layout-flow wp-block-column-is-layout-flow\">\n<figure class=\"wp-block-image size-full\"><img loading=\"lazy\" decoding=\"async\" width=\"1033\" height=\"562\" src=\"https:\/\/camrail.cm\/wp-content\/uploads\/2026\/01\/CAMRAILCROSS2.jpg\" alt=\"\" class=\"wp-image-32461\"\/><\/figure>\n<\/div>\n\n\n\n<div class=\"wp-block-column is-layout-flow wp-block-column-is-layout-flow\">\n<figure class=\"wp-block-image size-full\"><img loading=\"lazy\" decoding=\"async\" width=\"513\" height=\"311\" src=\"https:\/\/camrail.cm\/wp-content\/uploads\/2026\/01\/CAMRAILCROSS4.jpg\" alt=\"\" class=\"wp-image-32462\"\/><\/figure>\n<\/div>\n\n\n\n<div class=\"wp-block-column is-layout-flow wp-block-column-is-layout-flow\">\n<figure class=\"wp-block-image size-full\"><img loading=\"lazy\" decoding=\"async\" width=\"513\" height=\"302\" src=\"https:\/\/camrail.cm\/wp-content\/uploads\/2026\/01\/CAMRAILCROSS5.jpg\" alt=\"\" class=\"wp-image-32463\"\/><\/figure>\n<\/div>\n<\/div>","protected":false},"excerpt":{"rendered":"<p>Pour renforcer l\u2019esprit d\u2019\u00e9quipe et la collaboration entre coll\u00e8gues, une veill\u00e9e sportive en mode Cross Challenge a \u00e9t\u00e9 organis\u00e9e \u00e0 l\u2019intention des cheminots, \u00e0 la veille de la f\u00eate de la Nativit\u00e9. Sous l\u2019impulsion de la section sportive \u00ab Sport pour tous \u00bb de l\u2019Association sportive CAMRAIL (AS CAMRAIL), les jardins de l\u2019esplanade de la gare centrale de Douala ont abrit\u00e9 une s\u00e9ance de Cross Challenge rassemblant une soixantaine de cheminots, le 24 d\u00e9cembre 2025. Ce lancement, programm\u00e9 \u00e0 la veille de No\u00ebl, a symbolis\u00e9, selon la pr\u00e9sidente Khadidja Mahamat, \u00ab la manifestation de la solidarit\u00e9 \u00bb et \u00ab la promotion de la coh\u00e9sion au sein de la grande famille des cheminots \u00bb. R\u00e9partis en six \u00e9quipes aux couleurs de gares du r\u00e9seau (Bawa, Pangar, Goyoum, Ngaoundal, Mbitom et Makor), un peu plus de 60 participants ont rivalis\u00e9 d\u2019adresse et d\u2019endurance autour de cinq \u00e9preuves : course d\u2019obstacles, course en sac, tir \u00e0 la corde, jeu de ballon et petits goals. Le rassemblement s\u2019est ouvert et referm\u00e9 par des s\u00e9quences de fitness et de danse sportive, dont la zumba, tr\u00e8s applaudies. Au terme d\u2019\u00e9preuves tr\u00e8s disput\u00e9es, la gare de Bawa a pris la premi\u00e8re place avec 10 points, devant Makor (6 points) et Pangar (5 points). La remise des m\u00e9dailles a cl\u00f4tur\u00e9 cette premi\u00e8re \u00e9dition, que de nombreux participants souhaitent voir revenir rapidement. Au-del\u00e0 du classement, l\u2019initiative vise \u00e0 cr\u00e9er des passerelles entre directions, encourager l\u2019activit\u00e9 physique et installer des rendez-vous r\u00e9guliers de coh\u00e9sion. La section \u00ab Sport pour tous \u00bb entend proposer, tout au long de l\u2019ann\u00e9e, des formats accessibles \u00e0 tous, quels que soient l\u2019\u00e2ge, la condition physique ou le poste, afin de faire du sport un levier de bien-\u00eatre au travail d\u00e8s 2026.<\/p>","protected":false},"author":9,"featured_media":32459,"parent":0,"menu_order":0,"comment_status":"closed","ping_status":"closed","template":"","meta":{"_acf_changed":false,"_crdt_document":"","inline_featured_image":false,"site-sidebar-layout":"default","site-content-layout":"","ast-site-content-layout":"","site-content-style":"default","site-sidebar-style":"default","ast-global-header-display":"","ast-banner-title-visibility":"","ast-main-header-display":"","ast-hfb-above-header-display":"","ast-hfb-below-header-display":"","ast-hfb-mobile-header-display":"","site-post-title":"","ast-breadcrumbs-content":"","ast-featured-img":"","footer-sml-layout":"","theme-transparent-header-meta":"","adv-header-id-meta":"","stick-header-meta":"","header-above-stick-meta":"","header-main-stick-meta":"","header-below-stick-meta":"","astra-migrate-meta-layouts":"default","ast-page-background-enabled":"default","ast-page-background-meta":{"desktop":{"background-color":"var(--ast-global-color-4)","background-image":"","background-repeat":"repeat","background-position":"center center","background-size":"auto","background-attachment":"scroll","background-type":"","background-media":"","overlay-type":"","overlay-color":"","overlay-opacity":"","overlay-gradient":""},"tablet":{"background-color":"","background-image":"","background-repeat":"repeat","background-position":"center center","background-size":"auto","background-attachment":"scroll","background-type":"","background-media":"","overlay-type":"","overlay-color":"","overlay-opacity":"","overlay-gradient":""},"mobile":{"background-color":"","background-image":"","background-repeat":"repeat","background-position":"center center","background-size":"auto","background-attachment":"scroll","background-type":"","background-media":"","overlay-type":"","overlay-color":"","overlay-opacity":"","overlay-gradient":""}},"ast-content-background-meta":{"desktop":{"background-color":"var(--ast-global-color-5)","background-image":"","background-repeat":"repeat","background-position":"center center","background-size":"auto","background-attachment":"scroll","background-type":"","background-media":"","overlay-type":"","overlay-color":"","overlay-opacity":"","overlay-gradient":""},"tablet":{"background-color":"var(--ast-global-color-5)","background-image":"","background-repeat":"repeat","background-position":"center center","background-size":"auto","background-attachment":"scroll","background-type":"","background-media":"","overlay-type":"","overlay-color":"","overlay-opacity":"","overlay-gradient":""},"mobile":{"background-color":"var(--ast-global-color-5)","background-image":"","background-repeat":"repeat","background-position":"center center","background-size":"auto","background-attachment":"scroll","background-type":"","background-media":"","overlay-type":"","overlay-color":"","overlay-opacity":"","overlay-gradient":""}},"footnotes":""},"class_list":["post-32468","page","type-page","status-publish","has-post-thumbnail","hentry"],"acf":[],"rttpg_featured_image_url":{"full":["https:\/\/camrail.cm\/wp-content\/uploads\/2026\/01\/CAMRAILCROSS1.jpg",1182,650,false],"landscape":["https:\/\/camrail.cm\/wp-content\/uploads\/2026\/01\/CAMRAILCROSS1.jpg",1182,650,false],"portraits":["https:\/\/camrail.cm\/wp-content\/uploads\/2026\/01\/CAMRAILCROSS1.jpg",1182,650,false],"thumbnail":["https:\/\/camrail.cm\/wp-content\/uploads\/2026\/01\/CAMRAILCROSS1.jpg",150,82,false],"medium":["https:\/\/camrail.cm\/wp-content\/uploads\/2026\/01\/CAMRAILCROSS1.jpg",300,165,false],"large":["https:\/\/camrail.cm\/wp-content\/uploads\/2026\/01\/CAMRAILCROSS1.jpg",1024,563,false],"1536x1536":["https:\/\/camrail.cm\/wp-content\/uploads\/2026\/01\/CAMRAILCROSS1.jpg",1182,650,false],"2048x2048":["https:\/\/camrail.cm\/wp-content\/uploads\/2026\/01\/CAMRAILCROSS1.jpg",1182,650,false],"trp-custom-language-flag":["https:\/\/camrail.cm\/wp-content\/uploads\/2026\/01\/CAMRAILCROSS1.jpg",18,10,false],"tp-image-grid":["https:\/\/camrail.cm\/wp-content\/uploads\/2026\/01\/CAMRAILCROSS1.jpg",700,385,false],"job-image":["https:\/\/camrail.cm\/wp-content\/uploads\/2026\/01\/CAMRAILCROSS1.jpg",727,400,false]},"rttpg_author":{"display_name":"Ibrahimou Sadou","author_link":"https:\/\/camrail.cm\/en\/author\/ibrahimou\/"},"rttpg_comment":0,"rttpg_category":null,"rttpg_excerpt":"Pour renforcer l\u2019esprit d\u2019\u00e9quipe et la collaboration entre coll\u00e8gues, une veill\u00e9e sportive en mode Cross Challenge a \u00e9t\u00e9 organis\u00e9e \u00e0 l\u2019intention des cheminots, \u00e0 la veille de la f\u00eate de la Nativit\u00e9. Sous l\u2019impulsion de la section sportive \u00ab Sport pour tous \u00bb de l\u2019Association sportive CAMRAIL (AS CAMRAIL), les jardins de l\u2019esplanade de la&hellip;","_links":{"self":[{"href":"https:\/\/camrail.cm\/en\/wp-json\/wp\/v2\/pages\/32468","targetHints":{"allow":["GET"]}}],"collection":[{"href":"https:\/\/camrail.cm\/en\/wp-json\/wp\/v2\/pages"}],"about":[{"href":"https:\/\/camrail.cm\/en\/wp-json\/wp\/v2\/types\/page"}],"author":[{"embeddable":true,"href":"https:\/\/camrail.cm\/en\/wp-json\/wp\/v2\/users\/9"}],"replies":[{"embeddable":true,"href":"https:\/\/camrail.cm\/en\/wp-json\/wp\/v2\/comments?post=32468"}],"version-history":[{"count":1,"href":"https:\/\/camrail.cm\/en\/wp-json\/wp\/v2\/pages\/32468\/revisions"}],"predecessor-version":[{"id":32471,"href":"https:\/\/camrail.cm\/en\/wp-json\/wp\/v2\/pages\/32468\/revisions\/32471"}],"wp:featuredmedia":[{"embeddable":true,"href":"https:\/\/camrail.cm\/en\/wp-json\/wp\/v2\/media\/32459"}],"wp:attachment":[{"href":"https:\/\/camrail.cm\/en\/wp-json\/wp\/v2\/media?parent=32468"}],"curies":[{"name":"wp","href":"https:\/\/api.w.org\/{rel}","templated":true}]}}