{"id":32536,"date":"2026-02-02T19:00:43","date_gmt":"2026-02-02T19:00:43","guid":{"rendered":"https:\/\/camrail.cm\/?page_id=32536"},"modified":"2026-02-02T19:00:46","modified_gmt":"2026-02-02T19:00:46","slug":"camrail-et-camalco-scellent-un-accord-sur-les-operations-de-transport-de-la-bauxite-de-minim-martap","status":"publish","type":"page","link":"https:\/\/camrail.cm\/en\/camrail-et-camalco-scellent-un-accord-sur-les-operations-de-transport-de-la-bauxite-de-minim-martap\/","title":{"rendered":"CAMRAIL et CAMALCO scellent un accord sur les op\u00e9rations de transport de la bauxite de Minim-Martap"},"content":{"rendered":"<p class=\"wp-block-paragraph\">CAMRAIL, concessionnaire du r\u00e9seau ferroviaire camerounais et filiale d&rsquo;Africa Global Logistics, et CAMALCO S.A., filiale camerounaise de Canyon Resources Ltd, annoncent la signature d&rsquo;un term-sheet d\u00e9finissant les conditions du transport ferroviaire de la bauxite.&nbsp;<\/p>\n\n\n\n<p class=\"wp-block-paragraph\">Cette \u00e9tape contractuelle constitue un jalon important : elle permet en effet, d\u2019enclencher le processus de lancement des travaux de renforcement de certains tron\u00e7ons du r\u00e9seau, destin\u00e9s \u00e0 favoriser la mont\u00e9e en r\u00e9gime du projet Minim-Martap.<\/p>\n\n\n\n<p class=\"wp-block-paragraph\">Fruit de n\u00e9gociations techniques, op\u00e9rationnelles et commerciales approfondies, le term-sheet arr\u00eat\u00e9 ce mercredi formalise les modalit\u00e9s du transport du minerai depuis la r\u00e9gion de l&rsquo;Adamaoua jusqu&rsquo;au port de Douala. Il traduit la volont\u00e9 commune de l&rsquo;\u00c9tat du Cameroun, de CAMRAIL et de CAMALCO de valoriser le potentiel minier national \u00e0 travers un Partenariat Public-Priv\u00e9 dynamique et performant.<\/p>\n\n\n\n<p class=\"wp-block-paragraph\">Le projet de bauxite de Minim-Martap, port\u00e9 par CAMALCO, repr\u00e9sente un enjeu \u00e9conomique majeur pour le Cameroun avec des r\u00e9serves estim\u00e9es \u00e0 plus de 144 millions de tonnes et une teneur en alumine exceptionnellement \u00e9lev\u00e9e (51,2%). L&rsquo;int\u00e9gration du chemin de fer comme \u00e9pine dorsale logistique de ce projet confirme le r\u00f4le central de CAMRAIL dans l&rsquo;acc\u00e9l\u00e9ration de l&rsquo;industrialisation du pays.<\/p>\n\n\n\n<p class=\"wp-block-paragraph\">\u00ab La signature de cet accord avec CAMALCO d\u00e9montre la capacit\u00e9 de CAMRAIL \u00e0 accompagner les grands projets structurants de l&rsquo;\u00c9tat. Nous sommes fiers de mettre notre expertise au service de l&rsquo;essor minier du Cameroun. \u00bb, souligne Joel Hounsinou, Directeur G\u00e9n\u00e9ral de CAMRAIL.<\/p>\n\n\n\n<p class=\"wp-block-paragraph\">Au-del\u00e0 de l&rsquo;aspect technique, ce partenariat strat\u00e9gique est un vecteur de cr\u00e9ation de valeur locale. Il permettra de p\u00e9renniser des emplois directs et indirects, tant dans le secteur minier que ferroviaire, et de renforcer le positionnement du Cameroun comme un acteur cl\u00e9 sur l&rsquo;\u00e9chiquier minier africain.&nbsp;&nbsp;&nbsp;<\/p>\n\n\n\n<p class=\"wp-block-paragraph\">\u00ab Le rail est l&rsquo;art\u00e8re vitale du projet Minim-Martap. Sceller cet accord avec CAMRAIL \u00e9tait l&rsquo;\u00e9tape indispensable pour d\u00e9verrouiller le potentiel de notre gisement de classe mondiale. Nous avons toute confiance en notre partenaire pour relever le d\u00e9fi logistique et nous permettre d&rsquo;exporter notre bauxite vers les march\u00e9s internationaux dans les meilleures conditions de comp\u00e9titivit\u00e9. \u00bb&nbsp; a d\u00e9clar\u00e9 Rana Patrap Singh, Directeur G\u00e9n\u00e9ral de CAMALCO.<\/p>","protected":false},"excerpt":{"rendered":"<p>CAMRAIL, concessionnaire du r\u00e9seau ferroviaire camerounais et filiale d&rsquo;Africa Global Logistics, et CAMALCO S.A., filiale camerounaise de Canyon Resources Ltd, annoncent la signature d&rsquo;un term-sheet d\u00e9finissant les conditions du transport ferroviaire de la bauxite.&nbsp; Cette \u00e9tape contractuelle constitue un jalon important : elle permet en effet, d\u2019enclencher le processus de lancement des travaux de renforcement de certains tron\u00e7ons du r\u00e9seau, destin\u00e9s \u00e0 favoriser la mont\u00e9e en r\u00e9gime du projet Minim-Martap. Fruit de n\u00e9gociations techniques, op\u00e9rationnelles et commerciales approfondies, le term-sheet arr\u00eat\u00e9 ce mercredi formalise les modalit\u00e9s du transport du minerai depuis la r\u00e9gion de l&rsquo;Adamaoua jusqu&rsquo;au port de Douala. Il traduit la volont\u00e9 commune de l&rsquo;\u00c9tat du Cameroun, de CAMRAIL et de CAMALCO de valoriser le potentiel minier national \u00e0 travers un Partenariat Public-Priv\u00e9 dynamique et performant. Le projet de bauxite de Minim-Martap, port\u00e9 par CAMALCO, repr\u00e9sente un enjeu \u00e9conomique majeur pour le Cameroun avec des r\u00e9serves estim\u00e9es \u00e0 plus de 144 millions de tonnes et une teneur en alumine exceptionnellement \u00e9lev\u00e9e (51,2%). L&rsquo;int\u00e9gration du chemin de fer comme \u00e9pine dorsale logistique de ce projet confirme le r\u00f4le central de CAMRAIL dans l&rsquo;acc\u00e9l\u00e9ration de l&rsquo;industrialisation du pays. \u00ab La signature de cet accord avec CAMALCO d\u00e9montre la capacit\u00e9 de CAMRAIL \u00e0 accompagner les grands projets structurants de l&rsquo;\u00c9tat. Nous sommes fiers de mettre notre expertise au service de l&rsquo;essor minier du Cameroun. \u00bb, souligne Joel Hounsinou, Directeur G\u00e9n\u00e9ral de CAMRAIL. Au-del\u00e0 de l&rsquo;aspect technique, ce partenariat strat\u00e9gique est un vecteur de cr\u00e9ation de valeur locale. Il permettra de p\u00e9renniser des emplois directs et indirects, tant dans le secteur minier que ferroviaire, et de renforcer le positionnement du Cameroun comme un acteur cl\u00e9 sur l&rsquo;\u00e9chiquier minier africain.&nbsp;&nbsp;&nbsp; \u00ab Le rail est l&rsquo;art\u00e8re vitale du projet Minim-Martap. Sceller cet accord avec CAMRAIL \u00e9tait l&rsquo;\u00e9tape indispensable pour d\u00e9verrouiller le potentiel de notre gisement de classe mondiale. Nous avons toute confiance en notre partenaire pour relever le d\u00e9fi logistique et nous permettre d&rsquo;exporter notre bauxite vers les march\u00e9s internationaux dans les meilleures conditions de comp\u00e9titivit\u00e9. \u00bb&nbsp; a d\u00e9clar\u00e9 Rana Patrap Singh, Directeur G\u00e9n\u00e9ral de CAMALCO.<\/p>","protected":false},"author":9,"featured_media":32542,"parent":0,"menu_order":0,"comment_status":"closed","ping_status":"closed","template":"","meta":{"_acf_changed":false,"_crdt_document":"","inline_featured_image":false,"site-sidebar-layout":"default","site-content-layout":"","ast-site-content-layout":"","site-content-style":"default","site-sidebar-style":"default","ast-global-header-display":"","ast-banner-title-visibility":"","ast-main-header-display":"","ast-hfb-above-header-display":"","ast-hfb-below-header-display":"","ast-hfb-mobile-header-display":"","site-post-title":"","ast-breadcrumbs-content":"","ast-featured-img":"","footer-sml-layout":"","theme-transparent-header-meta":"","adv-header-id-meta":"","stick-header-meta":"","header-above-stick-meta":"","header-main-stick-meta":"","header-below-stick-meta":"","astra-migrate-meta-layouts":"default","ast-page-background-enabled":"default","ast-page-background-meta":{"desktop":{"background-color":"var(--ast-global-color-4)","background-image":"","background-repeat":"repeat","background-position":"center center","background-size":"auto","background-attachment":"scroll","background-type":"","background-media":"","overlay-type":"","overlay-color":"","overlay-opacity":"","overlay-gradient":""},"tablet":{"background-color":"","background-image":"","background-repeat":"repeat","background-position":"center center","background-size":"auto","background-attachment":"scroll","background-type":"","background-media":"","overlay-type":"","overlay-color":"","overlay-opacity":"","overlay-gradient":""},"mobile":{"background-color":"","background-image":"","background-repeat":"repeat","background-position":"center center","background-size":"auto","background-attachment":"scroll","background-type":"","background-media":"","overlay-type":"","overlay-color":"","overlay-opacity":"","overlay-gradient":""}},"ast-content-background-meta":{"desktop":{"background-color":"var(--ast-global-color-5)","background-image":"","background-repeat":"repeat","background-position":"center center","background-size":"auto","background-attachment":"scroll","background-type":"","background-media":"","overlay-type":"","overlay-color":"","overlay-opacity":"","overlay-gradient":""},"tablet":{"background-color":"var(--ast-global-color-5)","background-image":"","background-repeat":"repeat","background-position":"center center","background-size":"auto","background-attachment":"scroll","background-type":"","background-media":"","overlay-type":"","overlay-color":"","overlay-opacity":"","overlay-gradient":""},"mobile":{"background-color":"var(--ast-global-color-5)","background-image":"","background-repeat":"repeat","background-position":"center center","background-size":"auto","background-attachment":"scroll","background-type":"","background-media":"","overlay-type":"","overlay-color":"","overlay-opacity":"","overlay-gradient":""}},"footnotes":""},"class_list":["post-32536","page","type-page","status-publish","has-post-thumbnail","hentry"],"acf":[],"rttpg_featured_image_url":{"full":["https:\/\/camrail.cm\/wp-content\/uploads\/2026\/02\/CAMRAIL-et-CAMALCO-scellent-un-accord-sur-les-operations-de-transport-de-la-bauxite-de-Minim-Martap.jpg.jpeg",2000,1500,false],"landscape":["https:\/\/camrail.cm\/wp-content\/uploads\/2026\/02\/CAMRAIL-et-CAMALCO-scellent-un-accord-sur-les-operations-de-transport-de-la-bauxite-de-Minim-Martap.jpg.jpeg",2000,1500,false],"portraits":["https:\/\/camrail.cm\/wp-content\/uploads\/2026\/02\/CAMRAIL-et-CAMALCO-scellent-un-accord-sur-les-operations-de-transport-de-la-bauxite-de-Minim-Martap.jpg.jpeg",2000,1500,false],"thumbnail":["https:\/\/camrail.cm\/wp-content\/uploads\/2026\/02\/CAMRAIL-et-CAMALCO-scellent-un-accord-sur-les-operations-de-transport-de-la-bauxite-de-Minim-Martap.jpg.jpeg",150,113,false],"medium":["https:\/\/camrail.cm\/wp-content\/uploads\/2026\/02\/CAMRAIL-et-CAMALCO-scellent-un-accord-sur-les-operations-de-transport-de-la-bauxite-de-Minim-Martap.jpg.jpeg",300,225,false],"large":["https:\/\/camrail.cm\/wp-content\/uploads\/2026\/02\/CAMRAIL-et-CAMALCO-scellent-un-accord-sur-les-operations-de-transport-de-la-bauxite-de-Minim-Martap.jpg.jpeg",1024,768,false],"1536x1536":["https:\/\/camrail.cm\/wp-content\/uploads\/2026\/02\/CAMRAIL-et-CAMALCO-scellent-un-accord-sur-les-operations-de-transport-de-la-bauxite-de-Minim-Martap.jpg.jpeg",1536,1152,false],"2048x2048":["https:\/\/camrail.cm\/wp-content\/uploads\/2026\/02\/CAMRAIL-et-CAMALCO-scellent-un-accord-sur-les-operations-de-transport-de-la-bauxite-de-Minim-Martap.jpg.jpeg",2000,1500,false],"trp-custom-language-flag":["https:\/\/camrail.cm\/wp-content\/uploads\/2026\/02\/CAMRAIL-et-CAMALCO-scellent-un-accord-sur-les-operations-de-transport-de-la-bauxite-de-Minim-Martap.jpg.jpeg",16,12,false],"tp-image-grid":["https:\/\/camrail.cm\/wp-content\/uploads\/2026\/02\/CAMRAIL-et-CAMALCO-scellent-un-accord-sur-les-operations-de-transport-de-la-bauxite-de-Minim-Martap.jpg.jpeg",700,525,false],"job-image":["https:\/\/camrail.cm\/wp-content\/uploads\/2026\/02\/CAMRAIL-et-CAMALCO-scellent-un-accord-sur-les-operations-de-transport-de-la-bauxite-de-Minim-Martap.jpg.jpeg",533,400,false]},"rttpg_author":{"display_name":"Ibrahimou Sadou","author_link":"https:\/\/camrail.cm\/en\/author\/ibrahimou\/"},"rttpg_comment":0,"rttpg_category":null,"rttpg_excerpt":"CAMRAIL, concessionnaire du r\u00e9seau ferroviaire camerounais et filiale d&rsquo;Africa Global Logistics, et CAMALCO S.A., filiale camerounaise de Canyon Resources Ltd, annoncent la signature d&rsquo;un term-sheet d\u00e9finissant les conditions du transport ferroviaire de la bauxite.&nbsp; Cette \u00e9tape contractuelle constitue un jalon important : elle permet en effet, d\u2019enclencher le processus de lancement des travaux de renforcement&hellip;","_links":{"self":[{"href":"https:\/\/camrail.cm\/en\/wp-json\/wp\/v2\/pages\/32536","targetHints":{"allow":["GET"]}}],"collection":[{"href":"https:\/\/camrail.cm\/en\/wp-json\/wp\/v2\/pages"}],"about":[{"href":"https:\/\/camrail.cm\/en\/wp-json\/wp\/v2\/types\/page"}],"author":[{"embeddable":true,"href":"https:\/\/camrail.cm\/en\/wp-json\/wp\/v2\/users\/9"}],"replies":[{"embeddable":true,"href":"https:\/\/camrail.cm\/en\/wp-json\/wp\/v2\/comments?post=32536"}],"version-history":[{"count":1,"href":"https:\/\/camrail.cm\/en\/wp-json\/wp\/v2\/pages\/32536\/revisions"}],"predecessor-version":[{"id":32543,"href":"https:\/\/camrail.cm\/en\/wp-json\/wp\/v2\/pages\/32536\/revisions\/32543"}],"wp:featuredmedia":[{"embeddable":true,"href":"https:\/\/camrail.cm\/en\/wp-json\/wp\/v2\/media\/32542"}],"wp:attachment":[{"href":"https:\/\/camrail.cm\/en\/wp-json\/wp\/v2\/media?parent=32536"}],"curies":[{"name":"wp","href":"https:\/\/api.w.org\/{rel}","templated":true}]}}