{"id":32621,"date":"2026-02-13T15:51:50","date_gmt":"2026-02-13T15:51:50","guid":{"rendered":"https:\/\/camrail.cm\/?page_id=32621"},"modified":"2026-02-13T15:51:55","modified_gmt":"2026-02-13T15:51:55","slug":"camrail-les-locomotives-gl30-a-bon-port-a-douala","status":"publish","type":"page","link":"https:\/\/camrail.cm\/en\/camrail-les-locomotives-gl30-a-bon-port-a-douala\/","title":{"rendered":"CAMRAIL. Les locomotives GL30 \u00e0 bon port \u00e0 Douala"},"content":{"rendered":"<p class=\"wp-block-paragraph\">En provenance du port de Richards Bay, quatre locomotives nouvellement acquises par CAMRAIL sont arriv\u00e9es le 6 f\u00e9vrier au port de Douala, soit deux semaines apr\u00e8s leur d\u00e9part d\u2019Afrique du Sud.<\/p>\n\n\n\n<p class=\"wp-block-paragraph\">Sur le quai, le Directeur g\u00e9n\u00e9ral Pierre Ngon et les \u00e9quipes mobilis\u00e9es ont accueilli cette livraison, qui constitue une \u00e9tape structurante du plan de d\u00e9veloppement de CAMRAIL, au service de l\u2019accompagnement des besoins strat\u00e9giques des entreprises, et de fa\u00e7on plus large du secteur industriel.<\/p>\n\n\n\n<p class=\"wp-block-paragraph\">CAMRAIL franchit ainsi une \u00e9tape majeure dans la modernisation de son parc et le renforcement de ses capacit\u00e9s op\u00e9rationnelles. Solidement arrim\u00e9es \u00e0 bord du navire cargo BBC ST. PETERSBURG, les quatre locomotives ont \u00e9t\u00e9 transf\u00e9r\u00e9es \u00e0 quai \u00e0 l\u2019aide d\u2019\u00e9quipements lourds sp\u00e9cialis\u00e9s, puis positionn\u00e9es sur les voies d\u2019attente pour les v\u00e9rifications d\u2019usage.<\/p>\n\n\n\n<p class=\"wp-block-paragraph\">Sous un soleil l\u00e9g\u00e8rement voil\u00e9, les \u00e9quipes portuaires et ferroviaires ont travaill\u00e9 en parfaite coordination pour assurer le d\u00e9chargement des machines, chacune pesant plusieurs dizaines de tonnes. Accompagn\u00e9e des \u00e9quipes techniques de CAMRAIL, CIMAS (Cameroon Inspection and Marine Services) a conduit des inspections m\u00e9caniques et \u00e9lectriques afin de garantir la conformit\u00e9 du mat\u00e9riel imm\u00e9diatement apr\u00e8s le d\u00e9barquement.<\/p>\n\n\n\n<p class=\"wp-block-paragraph\">Pr\u00e9sent sur le site d\u00e8s les premi\u00e8res heures, le Directeur g\u00e9n\u00e9ral de CAMRAIL n\u2019a pas dissimul\u00e9 sa satisfaction.<\/p>\n\n\n\n<p class=\"wp-block-paragraph\">Pierre Ngon a salu\u00e9 le professionnalisme des \u00e9quipes mobilis\u00e9es, ainsi que l\u2019efficacit\u00e9 de la collaboration<\/p>\n\n\n\n<div class=\"wp-block-columns is-layout-flex wp-container-core-columns-is-layout-7387b849 wp-block-columns-is-layout-flex\">\n<div class=\"wp-block-column is-layout-flow wp-block-column-is-layout-flow\" style=\"flex-basis:66.66%\">\n<figure class=\"wp-block-image size-full is-resized\"><img loading=\"lazy\" decoding=\"async\" width=\"372\" height=\"250\" src=\"https:\/\/camrail.cm\/wp-content\/uploads\/2026\/02\/GL30-4.jpg\" alt=\"\" class=\"wp-image-32609\" style=\"aspect-ratio:1.488030501906369;width:720px;height:auto\"\/><\/figure>\n<\/div>\n\n\n\n<div class=\"wp-block-column is-layout-flow wp-block-column-is-layout-flow\" style=\"flex-basis:33.33%\">\n<p class=\"wp-block-paragraph\">Pierre Ngon <\/p>\n\n\n\n<p class=\"wp-block-paragraph\">Directeur G\u00e9n\u00e9ral de CAMRAIL<\/p>\n\n\n\n<p class=\"wp-block-paragraph\">L\u2019arriv\u00e9e de ces quatre locomotives illustre notre engagement \u00e0 renforcer durablement la performance du r\u00e9seau ferroviaire camerounais. Ces \u00e9quipements contribueront \u00e0 am\u00e9liorer la fiabilit\u00e9 de nos op\u00e9rations, \u00e0 r\u00e9duire les temps d\u2019acheminement et \u00e0 soutenir les ambitions \u00e9conomiques du pays. Cette acquisition s\u2019inscrit \u00e9galement dans la volont\u00e9 ferme du groupe AGL d\u2019investir de mani\u00e8re continue dans la modernisation de ses infrastructures, et l\u2019augmentation des capacit\u00e9s de traction. Notre objectif est clair : disposer d\u2019un syst\u00e8me ferroviaire plus performant et plus s\u00fbr, capable d\u2019accompagner durablement les besoins de nos partenaires et la croissance du Cameroun.<\/p>\n<\/div>\n<\/div>","protected":false},"excerpt":{"rendered":"<p>En provenance du port de Richards Bay, quatre locomotives nouvellement acquises par CAMRAIL sont arriv\u00e9es le 6 f\u00e9vrier au port de Douala, soit deux semaines apr\u00e8s leur d\u00e9part d\u2019Afrique du Sud. Sur le quai, le Directeur g\u00e9n\u00e9ral Pierre Ngon et les \u00e9quipes mobilis\u00e9es ont accueilli cette livraison, qui constitue une \u00e9tape structurante du plan de d\u00e9veloppement de CAMRAIL, au service de l\u2019accompagnement des besoins strat\u00e9giques des entreprises, et de fa\u00e7on plus large du secteur industriel. CAMRAIL franchit ainsi une \u00e9tape majeure dans la modernisation de son parc et le renforcement de ses capacit\u00e9s op\u00e9rationnelles. Solidement arrim\u00e9es \u00e0 bord du navire cargo BBC ST. PETERSBURG, les quatre locomotives ont \u00e9t\u00e9 transf\u00e9r\u00e9es \u00e0 quai \u00e0 l\u2019aide d\u2019\u00e9quipements lourds sp\u00e9cialis\u00e9s, puis positionn\u00e9es sur les voies d\u2019attente pour les v\u00e9rifications d\u2019usage. Sous un soleil l\u00e9g\u00e8rement voil\u00e9, les \u00e9quipes portuaires et ferroviaires ont travaill\u00e9 en parfaite coordination pour assurer le d\u00e9chargement des machines, chacune pesant plusieurs dizaines de tonnes. Accompagn\u00e9e des \u00e9quipes techniques de CAMRAIL, CIMAS (Cameroon Inspection and Marine Services) a conduit des inspections m\u00e9caniques et \u00e9lectriques afin de garantir la conformit\u00e9 du mat\u00e9riel imm\u00e9diatement apr\u00e8s le d\u00e9barquement. Pr\u00e9sent sur le site d\u00e8s les premi\u00e8res heures, le Directeur g\u00e9n\u00e9ral de CAMRAIL n\u2019a pas dissimul\u00e9 sa satisfaction. Pierre Ngon a salu\u00e9 le professionnalisme des \u00e9quipes mobilis\u00e9es, ainsi que l\u2019efficacit\u00e9 de la collaboration Pierre Ngon Directeur G\u00e9n\u00e9ral de CAMRAIL L\u2019arriv\u00e9e de ces quatre locomotives illustre notre engagement \u00e0 renforcer durablement la performance du r\u00e9seau ferroviaire camerounais. Ces \u00e9quipements contribueront \u00e0 am\u00e9liorer la fiabilit\u00e9 de nos op\u00e9rations, \u00e0 r\u00e9duire les temps d\u2019acheminement et \u00e0 soutenir les ambitions \u00e9conomiques du pays. Cette acquisition s\u2019inscrit \u00e9galement dans la volont\u00e9 ferme du groupe AGL d\u2019investir de mani\u00e8re continue dans la modernisation de ses infrastructures, et l\u2019augmentation des capacit\u00e9s de traction. Notre objectif est clair : disposer d\u2019un syst\u00e8me ferroviaire plus performant et plus s\u00fbr, capable d\u2019accompagner durablement les besoins de nos partenaires et la croissance du Cameroun.<\/p>","protected":false},"author":9,"featured_media":32603,"parent":0,"menu_order":0,"comment_status":"closed","ping_status":"closed","template":"","meta":{"_acf_changed":false,"_crdt_document":"","inline_featured_image":false,"site-sidebar-layout":"default","site-content-layout":"","ast-site-content-layout":"","site-content-style":"default","site-sidebar-style":"default","ast-global-header-display":"","ast-banner-title-visibility":"","ast-main-header-display":"","ast-hfb-above-header-display":"","ast-hfb-below-header-display":"","ast-hfb-mobile-header-display":"","site-post-title":"","ast-breadcrumbs-content":"","ast-featured-img":"","footer-sml-layout":"","theme-transparent-header-meta":"","adv-header-id-meta":"","stick-header-meta":"","header-above-stick-meta":"","header-main-stick-meta":"","header-below-stick-meta":"","astra-migrate-meta-layouts":"default","ast-page-background-enabled":"default","ast-page-background-meta":{"desktop":{"background-color":"var(--ast-global-color-4)","background-image":"","background-repeat":"repeat","background-position":"center center","background-size":"auto","background-attachment":"scroll","background-type":"","background-media":"","overlay-type":"","overlay-color":"","overlay-opacity":"","overlay-gradient":""},"tablet":{"background-color":"","background-image":"","background-repeat":"repeat","background-position":"center center","background-size":"auto","background-attachment":"scroll","background-type":"","background-media":"","overlay-type":"","overlay-color":"","overlay-opacity":"","overlay-gradient":""},"mobile":{"background-color":"","background-image":"","background-repeat":"repeat","background-position":"center center","background-size":"auto","background-attachment":"scroll","background-type":"","background-media":"","overlay-type":"","overlay-color":"","overlay-opacity":"","overlay-gradient":""}},"ast-content-background-meta":{"desktop":{"background-color":"var(--ast-global-color-5)","background-image":"","background-repeat":"repeat","background-position":"center center","background-size":"auto","background-attachment":"scroll","background-type":"","background-media":"","overlay-type":"","overlay-color":"","overlay-opacity":"","overlay-gradient":""},"tablet":{"background-color":"var(--ast-global-color-5)","background-image":"","background-repeat":"repeat","background-position":"center center","background-size":"auto","background-attachment":"scroll","background-type":"","background-media":"","overlay-type":"","overlay-color":"","overlay-opacity":"","overlay-gradient":""},"mobile":{"background-color":"var(--ast-global-color-5)","background-image":"","background-repeat":"repeat","background-position":"center center","background-size":"auto","background-attachment":"scroll","background-type":"","background-media":"","overlay-type":"","overlay-color":"","overlay-opacity":"","overlay-gradient":""}},"footnotes":""},"class_list":["post-32621","page","type-page","status-publish","has-post-thumbnail","hentry"],"acf":[],"rttpg_featured_image_url":{"full":["https:\/\/camrail.cm\/wp-content\/uploads\/2026\/02\/GL30.jpg",755,603,false],"landscape":["https:\/\/camrail.cm\/wp-content\/uploads\/2026\/02\/GL30.jpg",755,603,false],"portraits":["https:\/\/camrail.cm\/wp-content\/uploads\/2026\/02\/GL30.jpg",755,603,false],"thumbnail":["https:\/\/camrail.cm\/wp-content\/uploads\/2026\/02\/GL30.jpg",150,120,false],"medium":["https:\/\/camrail.cm\/wp-content\/uploads\/2026\/02\/GL30.jpg",300,240,false],"large":["https:\/\/camrail.cm\/wp-content\/uploads\/2026\/02\/GL30.jpg",755,603,false],"1536x1536":["https:\/\/camrail.cm\/wp-content\/uploads\/2026\/02\/GL30.jpg",755,603,false],"2048x2048":["https:\/\/camrail.cm\/wp-content\/uploads\/2026\/02\/GL30.jpg",755,603,false],"trp-custom-language-flag":["https:\/\/camrail.cm\/wp-content\/uploads\/2026\/02\/GL30.jpg",15,12,false],"tp-image-grid":["https:\/\/camrail.cm\/wp-content\/uploads\/2026\/02\/GL30.jpg",700,559,false],"job-image":["https:\/\/camrail.cm\/wp-content\/uploads\/2026\/02\/GL30.jpg",501,400,false]},"rttpg_author":{"display_name":"Ibrahimou Sadou","author_link":"https:\/\/camrail.cm\/en\/author\/ibrahimou\/"},"rttpg_comment":0,"rttpg_category":null,"rttpg_excerpt":"En provenance du port de Richards Bay, quatre locomotives nouvellement acquises par CAMRAIL sont arriv\u00e9es le 6 f\u00e9vrier au port de Douala, soit deux semaines apr\u00e8s leur d\u00e9part d\u2019Afrique du Sud. Sur le quai, le Directeur g\u00e9n\u00e9ral Pierre Ngon et les \u00e9quipes mobilis\u00e9es ont accueilli cette livraison, qui constitue une \u00e9tape structurante du plan de&hellip;","_links":{"self":[{"href":"https:\/\/camrail.cm\/en\/wp-json\/wp\/v2\/pages\/32621","targetHints":{"allow":["GET"]}}],"collection":[{"href":"https:\/\/camrail.cm\/en\/wp-json\/wp\/v2\/pages"}],"about":[{"href":"https:\/\/camrail.cm\/en\/wp-json\/wp\/v2\/types\/page"}],"author":[{"embeddable":true,"href":"https:\/\/camrail.cm\/en\/wp-json\/wp\/v2\/users\/9"}],"replies":[{"embeddable":true,"href":"https:\/\/camrail.cm\/en\/wp-json\/wp\/v2\/comments?post=32621"}],"version-history":[{"count":1,"href":"https:\/\/camrail.cm\/en\/wp-json\/wp\/v2\/pages\/32621\/revisions"}],"predecessor-version":[{"id":32624,"href":"https:\/\/camrail.cm\/en\/wp-json\/wp\/v2\/pages\/32621\/revisions\/32624"}],"wp:featuredmedia":[{"embeddable":true,"href":"https:\/\/camrail.cm\/en\/wp-json\/wp\/v2\/media\/32603"}],"wp:attachment":[{"href":"https:\/\/camrail.cm\/en\/wp-json\/wp\/v2\/media?parent=32621"}],"curies":[{"name":"wp","href":"https:\/\/api.w.org\/{rel}","templated":true}]}}