{"id":4651,"date":"2024-05-13T13:05:50","date_gmt":"2024-05-13T13:05:50","guid":{"rendered":"https:\/\/camrail.cm\/?page_id=4651"},"modified":"2024-05-13T14:59:32","modified_gmt":"2024-05-13T14:59:32","slug":"transports","status":"publish","type":"page","link":"https:\/\/camrail.cm\/en\/transports\/","title":{"rendered":"Transport"},"content":{"rendered":"<div data-elementor-type=\"wp-page\" data-elementor-id=\"4651\" class=\"elementor elementor-4651\" data-elementor-post-type=\"page\">\n\t\t\t\t<div class=\"elementor-element elementor-element-2718c39d e-con-full e-flex wpr-particle-no wpr-jarallax-no wpr-parallax-no wpr-sticky-section-no wpr-equal-height-no e-con e-parent\" data-id=\"2718c39d\" data-element_type=\"container\" data-e-type=\"container\" data-settings=\"{&quot;background_background&quot;:&quot;classic&quot;,&quot;ekit_has_onepagescroll_dot&quot;:&quot;yes&quot;}\">\n\t\t\t\t<div class=\"elementor-element elementor-element-24445d7b elementor-widget elementor-widget-heading\" data-id=\"24445d7b\" data-element_type=\"widget\" data-e-type=\"widget\" data-settings=\"{&quot;ekit_we_effect_on&quot;:&quot;none&quot;}\" data-widget_type=\"heading.default\">\n\t\t\t\t<div class=\"elementor-widget-container\">\n\t\t\t\t\t<h2 class=\"elementor-heading-title elementor-size-default\">TRANSPORT<\/h2>\t\t\t\t<\/div>\n\t\t\t\t<\/div>\n\t\t\t\t<div class=\"elementor-element elementor-element-396fd68b elementor-widget-divider--view-line_text elementor-widget-divider--element-align-center elementor-widget elementor-widget-divider\" data-id=\"396fd68b\" data-element_type=\"widget\" data-e-type=\"widget\" data-settings=\"{&quot;ekit_we_effect_on&quot;:&quot;none&quot;}\" data-widget_type=\"divider.default\">\n\t\t\t\t<div class=\"elementor-widget-container\">\n\t\t\t\t\t\t\t<div class=\"elementor-divider\">\n\t\t\t<span class=\"elementor-divider-separator\">\n\t\t\t\t\t\t\t<span class=\"elementor-divider__text elementor-divider__element\">\n\t\t\t\tCOMPANY\t\t\t\t<\/span>\n\t\t\t\t\t\t<\/span>\n\t\t<\/div>\n\t\t\t\t\t\t<\/div>\n\t\t\t\t<\/div>\n\t\t\t\t<\/div>\n\t\t<div class=\"elementor-element elementor-element-b652fd6 e-flex e-con-boxed wpr-particle-no wpr-jarallax-no wpr-parallax-no wpr-sticky-section-no wpr-equal-height-no e-con e-parent\" data-id=\"b652fd6\" data-element_type=\"container\" data-e-type=\"container\" data-settings=\"{&quot;ekit_has_onepagescroll_dot&quot;:&quot;yes&quot;}\">\n\t\t\t\t\t<div class=\"e-con-inner\">\n\t\t\t\t<div class=\"elementor-element elementor-element-d8a4599 elementor-widget elementor-widget-elementskit-heading\" data-id=\"d8a4599\" data-element_type=\"widget\" data-e-type=\"widget\" data-settings=\"{&quot;ekit_we_effect_on&quot;:&quot;none&quot;}\" data-widget_type=\"elementskit-heading.default\">\n\t\t\t\t<div class=\"elementor-widget-container\">\n\t\t\t\t\t<div class=\"ekit-wid-con\" ><div class=\"ekit-heading elementskit-section-title-wraper text_center   ekit_heading_tablet-   ekit_heading_mobile-\"><h2 class=\"ekit-heading--title elementskit-section-title\">TRANSPORT<\/h2><div class=\"ekit_heading_separetor_wraper ekit_heading_elementskit-border-divider ekit-dotted\"><div class=\"elementskit-border-divider ekit-dotted\"><\/div><\/div>\t\t\t\t<div class='ekit-heading__description'>\n\t\t\t\t\t<p>An entire Department is dedicated to this activity, with the main mission of leading and managing the rail traffic safety policy across the entire network.<\/p>\n\t\t\t\t<\/div>\n\t\t\t<\/div><\/div>\t\t\t\t<\/div>\n\t\t\t\t<\/div>\n\t\t\t\t\t<\/div>\n\t\t\t\t<\/div>\n\t\t<div class=\"elementor-element elementor-element-0d998ab e-flex e-con-boxed wpr-particle-no wpr-jarallax-no wpr-parallax-no wpr-sticky-section-no wpr-equal-height-no e-con e-parent\" data-id=\"0d998ab\" data-element_type=\"container\" data-e-type=\"container\" data-settings=\"{&quot;ekit_has_onepagescroll_dot&quot;:&quot;yes&quot;}\">\n\t\t\t\t\t<div class=\"e-con-inner\">\n\t\t<div class=\"elementor-element elementor-element-772a8e1 e-con-full e-flex wpr-particle-no wpr-jarallax-no wpr-parallax-no wpr-sticky-section-no wpr-equal-height-no e-con e-child\" data-id=\"772a8e1\" data-element_type=\"container\" data-e-type=\"container\" data-settings=\"{&quot;ekit_has_onepagescroll_dot&quot;:&quot;yes&quot;}\">\n\t\t\t\t<div class=\"elementor-element elementor-element-c5730e5 elementor-widget elementor-widget-text-editor\" data-id=\"c5730e5\" data-element_type=\"widget\" data-e-type=\"widget\" data-settings=\"{&quot;ekit_we_effect_on&quot;:&quot;none&quot;}\" data-widget_type=\"text-editor.default\">\n\t\t\t\t<div class=\"elementor-widget-container\">\n\t\t\t\t\t\t\t\t\t<p>The Transport Department is responsible for organizing, assembling and controlling transport production. It implements a logistics approach consistent with sales ambitions, oversees station operations and train driving, and designs and implements the transport plan.<\/p><p>From the formation of the train to the final destination of the passenger or the goods, they are assistant drivers, shunting drivers, line drivers, station managers, transport safety managers, switchers or shunting agents, regulators... who participate and ensure the safe movement of passenger trains and freight trains. A total of 595 employees \u2013 men and women \u2013 who work every day for rail traffic across the entire network.<\/p>\t\t\t\t\t\t\t\t<\/div>\n\t\t\t\t<\/div>\n\t\t\t\t<\/div>\n\t\t<div class=\"elementor-element elementor-element-a44c958 e-con-full e-flex wpr-particle-no wpr-jarallax-no wpr-parallax-no wpr-sticky-section-no wpr-equal-height-no e-con e-child\" data-id=\"a44c958\" data-element_type=\"container\" data-e-type=\"container\" data-settings=\"{&quot;ekit_has_onepagescroll_dot&quot;:&quot;yes&quot;}\">\n\t\t\t\t<div class=\"elementor-element elementor-element-829efd2 elementor-widget elementor-widget-image\" data-id=\"829efd2\" data-element_type=\"widget\" data-e-type=\"widget\" data-settings=\"{&quot;ekit_we_effect_on&quot;:&quot;none&quot;}\" data-widget_type=\"image.default\">\n\t\t\t\t<div class=\"elementor-widget-container\">\n\t\t\t\t\t\t\t\t\t\t\t\t\t\t\t<img loading=\"lazy\" decoding=\"async\" width=\"1024\" height=\"576\" src=\"https:\/\/camrail.cm\/wp-content\/uploads\/2024\/04\/Sans-titre-7-min-1024x576.jpg\" class=\"attachment-large size-large wp-image-478\" alt=\"\" srcset=\"https:\/\/camrail.cm\/wp-content\/uploads\/2024\/04\/Sans-titre-7-min-1024x576.jpg 1024w, https:\/\/camrail.cm\/wp-content\/uploads\/2024\/04\/Sans-titre-7-min-300x169.jpg 300w, https:\/\/camrail.cm\/wp-content\/uploads\/2024\/04\/Sans-titre-7-min-768x432.jpg 768w, https:\/\/camrail.cm\/wp-content\/uploads\/2024\/04\/Sans-titre-7-min-1536x864.jpg 1536w, https:\/\/camrail.cm\/wp-content\/uploads\/2024\/04\/Sans-titre-7-min-600x338.jpg 600w, https:\/\/camrail.cm\/wp-content\/uploads\/2024\/04\/Sans-titre-7-min.jpg 1920w\" sizes=\"auto, (max-width: 1024px) 100vw, 1024px\" \/>\t\t\t\t\t\t\t\t\t\t\t\t\t\t\t<\/div>\n\t\t\t\t<\/div>\n\t\t\t\t<\/div>\n\t\t\t\t\t<\/div>\n\t\t\t\t<\/div>\n\t\t<div class=\"elementor-element elementor-element-102c20d e-flex e-con-boxed wpr-particle-no wpr-jarallax-no wpr-parallax-no wpr-sticky-section-no wpr-equal-height-no e-con e-parent\" data-id=\"102c20d\" data-element_type=\"container\" data-e-type=\"container\" data-settings=\"{&quot;ekit_has_onepagescroll_dot&quot;:&quot;yes&quot;}\">\n\t\t\t\t\t<div class=\"e-con-inner\">\n\t\t<div class=\"elementor-element elementor-element-9987724 e-flex e-con-boxed wpr-particle-no wpr-jarallax-no wpr-parallax-no wpr-sticky-section-no wpr-equal-height-no e-con e-child\" data-id=\"9987724\" data-element_type=\"container\" data-e-type=\"container\" data-settings=\"{&quot;ekit_has_onepagescroll_dot&quot;:&quot;yes&quot;}\">\n\t\t\t\t\t<div class=\"e-con-inner\">\n\t\t\t\t<div class=\"elementor-element elementor-element-19b92fc elementor-widget elementor-widget-eael-adv-tabs\" data-id=\"19b92fc\" data-element_type=\"widget\" data-e-type=\"widget\" data-settings=\"{&quot;ekit_we_effect_on&quot;:&quot;none&quot;}\" data-widget_type=\"eael-adv-tabs.default\">\n\t\t\t\t<div class=\"elementor-widget-container\">\n\t\t\t\t\t        <div data-scroll-on-click=\"no\" data-scroll-speed=\"300\" id=\"eael-advance-tabs-19b92fc\" class=\"eael-advance-tabs eael-tabs-horizontal eael-tab-auto-active\" data-tabid=\"19b92fc\">\n            <div class=\"eael-tabs-nav\">\n                <ul class=\"\" role=\"tablist\">\n                                            <li id=\"rgulation-des-oprations\" class=\"inactive eael-tab-item-trigger eael-tab-nav-item\" aria-selected=\"true\" data-tab=\"1\" role=\"tab\" tabindex=\"0\" aria-controls=\"rgulation-des-oprations-tab\" aria-expanded=\"false\">\n                            \n                            \n                            \n                                                            <span class=\"eael-tab-title title-after-icon\" >Operations control<\/span>                                                    <\/li>\n                                            <li id=\"gestion-des-acheminements-\" class=\"inactive eael-tab-item-trigger eael-tab-nav-item\" aria-selected=\"false\" data-tab=\"2\" role=\"tab\" tabindex=\"-1\" aria-controls=\"gestion-des-acheminements--tab\" aria-expanded=\"false\">\n                            \n                            \n                            \n                                                            <span class=\"eael-tab-title title-after-icon\" >Routing management <\/span>                                                    <\/li>\n                                            <li id=\"gestion-des-solutions-logistiques-\" class=\"inactive eael-tab-item-trigger eael-tab-nav-item\" aria-selected=\"false\" data-tab=\"3\" role=\"tab\" tabindex=\"-1\" aria-controls=\"gestion-des-solutions-logistiques--tab\" aria-expanded=\"false\">\n                            \n                            \n                            \n                                                            <span class=\"eael-tab-title title-after-icon\" >Logistics solutions management <\/span>                                                    <\/li>\n                                            <li id=\"gestion-analyse-production\" class=\"inactive eael-tab-item-trigger eael-tab-nav-item\" aria-selected=\"false\" data-tab=\"4\" role=\"tab\" tabindex=\"-1\" aria-controls=\"gestion-analyse-production-tab\" aria-expanded=\"false\">\n                            \n                            \n                            \n                                                            <span class=\"eael-tab-title title-after-icon\" >Production analysis management<\/span>                                                    <\/li>\n                    \n                                  <\/ul>\n            <\/div>\n            \n            <div class=\"eael-tabs-content\">\n\t\t        \n                    <div id=\"rgulation-des-oprations-tab\" class=\"clearfix eael-tab-content-item inactive\" data-title-link=\"rgulation-des-oprations-tab\">\n\t\t\t\t        <p>Train movements throughout the network are coordinated by the Command-and-Control Station (CCS). This unit is in permanent contact with all trains in circulation, thanks to the modern telecommunications systems deployed by CAMRAIL. The members of the PCC work around the clock, day in, day out, to ensure that trains are kept on schedule, and that priority is always given to passenger trains<\/p><p>CAMRAIL optimizes the daily implementation of the transport plan in its 03 phases (pre-operational, operational and post-operational), taking into account the needs of the contributing structures: fixed installations, equipment, freight and passengers. It ensures optimum management of the freight wagon fleet and coordinates the provision of operational logistics solutions in line with allocations and priorities. Analyzes and reports on transport production.<\/p>                    <\/div>\n\t\t        \n                    <div id=\"gestion-des-acheminements--tab\" class=\"clearfix eael-tab-content-item inactive\" data-title-link=\"gestion-des-acheminements--tab\">\n\t\t\t\t        <p>The company plans routes and organizes evacuations in accordance with the transport plan, following consultation with the coordinating operational teams. It optimizes train movements in line with the transport plan, provides central incident management for operational teams, pilots the deployment of rescue and recovery resources in line with requirements, and keeps the duration of main-track interruptions to a minimum<\/p><p>CAMRAIL also guarantees the proper maintenance and use of OKAPI, the rail traffic management software. It ensures traffic reporting, sets up a safety watch within the Command-and-Control Station (CCS), and implements the operational measures adopted by the Crisis Management Unit, where necessary<\/p>                    <\/div>\n\t\t        \n                    <div id=\"gestion-des-solutions-logistiques--tab\" class=\"clearfix eael-tab-content-item inactive\" data-title-link=\"gestion-des-solutions-logistiques--tab\">\n\t\t\t\t        <p>CAMRAIL periodically determines transport capacity by wagon type. To this end, it implements a schedule of wagon assignments by customer, drawn up jointly with the Sales and Marketing Department, as well as the container loading program. It communicates monthly and decadal availability commitments to each customer's logistics teams and to the Sales and Marketing Department.<\/p><p>It organizes logistics deployment at the various production sites in line with customer requirements (SMN, SOMAC...), and guarantees the balance of logistical accessories (tarpaulins, straps, tie-down wires, plastic film...) according to the loading schedule for each generic.<\/p>                    <\/div>\n\t\t        \n                    <div id=\"gestion-analyse-production-tab\" class=\"clearfix eael-tab-content-item inactive\" data-title-link=\"gestion-analyse-production-tab\">\n\t\t\t\t        <p>The Transport Department periodically analyzes production performance (punctuality, transit-time, regularity, etc.), transport and logistics operations, and line time losses. It ensures technical monitoring of production operating methods within the coordinations, proposes action plans packed with corrective measures for deviations identified by the analyses, and prepares feedback following analysis of incidents and operating disruptions. Finally, it produces periodic (ten-day\/monthly) analyses of transport activities.<\/p>                    <\/div>\n\t\t                    <\/div>\n        <\/div>\n\t\t\t\t<\/div>\n\t\t\t\t<\/div>\n\t\t\t\t\t<\/div>\n\t\t\t\t<\/div>\n\t\t\t\t\t<\/div>\n\t\t\t\t<\/div>\n\t\t\t\t<\/div>","protected":false},"excerpt":{"rendered":"<p>TRANSPORTS ENTREPRISES TRANSPORTS Toute une Direction est consacr\u00e9e \u00e0 cette activit\u00e9, avec pour mission principale l\u2019animation et le management de la politique de s\u00e9curit\u00e9 des circulations ferroviaires sur l\u2019ensemble du r\u00e9seau. La Direction Transport a la charge de l\u2019organisation, l\u2019assemblage, et la commande de la production transport. Elle met en place une d\u00e9marche logistique coh\u00e9rente avec les ambitions commerciales, assure le pilotage des m\u00e9tiers exploitation gare et conduite des trains, con\u00e7oit et met en \u0153uvre le plan de transport. De la formation du train \u00e0 la destination finale du voyageur ou des marchandises, ils sont aide-conducteurs, conducteurs de man\u0153uvres, conducteurs de ligne, chefs de gares, chefs s\u00e9curit\u00e9 transport, aiguilleurs ou agents de man\u0153uvre, r\u00e9gulateurs\u2026qui participent et veillent \u00e0 la circulation en toute s\u00e9curit\u00e9 des trains voyageurs et des trains marchandises. Au total 595 collaborateurs \u2013 hommes et femmes \u2013 qui se mettent en branle tous les jours pour la circulation ferroviaire sur l\u2019ensemble du r\u00e9seau. R\u00e9gulation des op\u00e9rations Gestion des acheminements Gestion des solutions logistiques Gestion analyse production La circulation des trains sur l\u2019ensemble du r\u00e9seau est coordonn\u00e9e par le Poste de Commandement et de Contr\u00f4le (PCC). Cette unit\u00e9 est en contact permanent avec tous les trains en circulation gr\u00e2ce aux dispositifs de t\u00e9l\u00e9communications modernes d\u00e9ploy\u00e9s par CAMRAIL. Les membres du PCC travaillent au quotidien, 24h\/24h, et veillent \u00e0 l\u2019ordre de circulation des trains qui est donn\u00e9 en s\u2019assurant que la priorit\u00e9 est toujours accord\u00e9e aux trains voyageurs. CAMRAIL optimise la mise en \u0153uvre quotidienne du plan de transport dans ses 03 phases (pr\u00e9-op\u00e9rationnelle, op\u00e9rationnelle et post op\u00e9rationnelle) en prenant en compte les besoins des structures contributrices : installations fixes, mat\u00e9riel, fret et voyageurs. Elle assure une gestion optimale du parc wagon fret et coordonne la mise \u00e0 disposition des solutions logistiques op\u00e9rationnelles en ad\u00e9quation avec les r\u00e9partitions et priorit\u00e9s. Elle analyse et r\u00e9alise le reporting de la production Transport. L\u2019entreprise planifie les acheminements et organise les \u00e9vacuations conform\u00e9ment au plan de transport \u00e0 l\u2019issue des concertations avec les op\u00e9rationnels des coordinations. Elle optimise la circulation des trains dans le respect du plan de transport, assure le pilotage central des incidents aupr\u00e8s des \u00e9quipes op\u00e9rationnelles, pilote le d\u00e9ploiement des moyens de secours et de relevage en tenant compte des besoins et limite au maximum la dur\u00e9e d\u2019interruption des circulations sur la voie principale. CAMRAIL garantit en outre la bonne tenue et l\u2019utilisation de l\u2019outil OKAPI, logiciel de gestion des circulations ferroviaires. Elle assure le reporting des circulations, met en place une veille s\u00e9curit\u00e9 au sein du Poste de Commandement et de Contr\u00f4le (PCC) et assure la mise en \u0153uvre des dispositions op\u00e9rationnelles retenues par la Cellule de gestion des crises, le cas \u00e9ch\u00e9ant. CAMRAIL d\u00e9termine p\u00e9riodiquement les capacit\u00e9s transport par type de wagons. A cet effet elle met en \u0153uvre un planning des affectations wagons par client conjointement \u00e9labor\u00e9 avec la Direction Commerciale et Marketing, ainsi que le programme de chargement des conteneurs. Elle communique les engagements de mise \u00e0 disposition mensuelle et d\u00e9cadaire aux \u00e9quipes logistiques de chaque client et \u00e0 la Direction Commerciale et Marketing. Elle organise le d\u00e9ploiement logistique dans les diff\u00e9rents sites de production en respectant les exigences des clients (SMN, SOMAC\u2026), garanti l\u2019\u00e9quilibre des accessoires logistiques (B\u00e2ches, sangles, fils d\u2019arrimage, film plastique\u2026) suivant le planning de chargement par g\u00e9n\u00e9rique La Direction Transport analyse p\u00e9riodiquement les r\u00e9alisations de la production (Ponctualit\u00e9, transit-time, r\u00e9gularit\u00e9\u2026), les op\u00e9rations transport et logistiques, et les pertes de temps en ligne. Elle assure la veille technique sur les m\u00e9thodes d\u2019exploitation de la production au sein des coordinations, propose des plans d\u2019actions regorgeant des mesures correctives vis-\u00e0-vis des \u00e9carts relev\u00e9s par les analyses et \u00e9labore les retours d\u2019exp\u00e9rience faisant suite \u00e0 l\u2019analyse des incidents et perturbation de l\u2019exploitation. Elle produit enfin p\u00e9riodiquement (d\u00e9cade\/mensuel) l\u2019analyse des activit\u00e9s transport<\/p>","protected":false},"author":1,"featured_media":0,"parent":0,"menu_order":0,"comment_status":"closed","ping_status":"closed","template":"","meta":{"_acf_changed":false,"_crdt_document":"","inline_featured_image":false,"site-sidebar-layout":"no-sidebar","site-content-layout":"","ast-site-content-layout":"full-width-container","site-content-style":"default","site-sidebar-style":"default","ast-global-header-display":"","ast-banner-title-visibility":"","ast-main-header-display":"","ast-hfb-above-header-display":"","ast-hfb-below-header-display":"","ast-hfb-mobile-header-display":"","site-post-title":"disabled","ast-breadcrumbs-content":"","ast-featured-img":"disabled","footer-sml-layout":"","theme-transparent-header-meta":"","adv-header-id-meta":"","stick-header-meta":"","header-above-stick-meta":"","header-main-stick-meta":"","header-below-stick-meta":"","astra-migrate-meta-layouts":"default","ast-page-background-enabled":"default","ast-page-background-meta":{"desktop":{"background-color":"var(--ast-global-color-4)","background-image":"","background-repeat":"repeat","background-position":"center center","background-size":"auto","background-attachment":"scroll","background-type":"","background-media":"","overlay-type":"","overlay-color":"","overlay-opacity":"","overlay-gradient":""},"tablet":{"background-color":"","background-image":"","background-repeat":"repeat","background-position":"center center","background-size":"auto","background-attachment":"scroll","background-type":"","background-media":"","overlay-type":"","overlay-color":"","overlay-opacity":"","overlay-gradient":""},"mobile":{"background-color":"","background-image":"","background-repeat":"repeat","background-position":"center center","background-size":"auto","background-attachment":"scroll","background-type":"","background-media":"","overlay-type":"","overlay-color":"","overlay-opacity":"","overlay-gradient":""}},"ast-content-background-meta":{"desktop":{"background-color":"var(--ast-global-color-5)","background-image":"","background-repeat":"repeat","background-position":"center center","background-size":"auto","background-attachment":"scroll","background-type":"","background-media":"","overlay-type":"","overlay-color":"","overlay-opacity":"","overlay-gradient":""},"tablet":{"background-color":"var(--ast-global-color-5)","background-image":"","background-repeat":"repeat","background-position":"center center","background-size":"auto","background-attachment":"scroll","background-type":"","background-media":"","overlay-type":"","overlay-color":"","overlay-opacity":"","overlay-gradient":""},"mobile":{"background-color":"var(--ast-global-color-5)","background-image":"","background-repeat":"repeat","background-position":"center center","background-size":"auto","background-attachment":"scroll","background-type":"","background-media":"","overlay-type":"","overlay-color":"","overlay-opacity":"","overlay-gradient":""}},"footnotes":""},"class_list":["post-4651","page","type-page","status-publish","hentry"],"acf":[],"rttpg_featured_image_url":null,"rttpg_author":{"display_name":"peguy10","author_link":"https:\/\/camrail.cm\/en\/author\/peguy10\/"},"rttpg_comment":0,"rttpg_category":null,"rttpg_excerpt":"TRANSPORTS ENTREPRISES TRANSPORTS Toute une Direction est consacr\u00e9e \u00e0 cette activit\u00e9, avec pour mission principale l\u2019animation et le management de la politique de s\u00e9curit\u00e9 des circulations ferroviaires sur l\u2019ensemble du r\u00e9seau. La Direction Transport a la charge de l\u2019organisation, l\u2019assemblage, et la commande de la production transport. Elle met en place une d\u00e9marche logistique coh\u00e9rente&hellip;","_links":{"self":[{"href":"https:\/\/camrail.cm\/en\/wp-json\/wp\/v2\/pages\/4651","targetHints":{"allow":["GET"]}}],"collection":[{"href":"https:\/\/camrail.cm\/en\/wp-json\/wp\/v2\/pages"}],"about":[{"href":"https:\/\/camrail.cm\/en\/wp-json\/wp\/v2\/types\/page"}],"author":[{"embeddable":true,"href":"https:\/\/camrail.cm\/en\/wp-json\/wp\/v2\/users\/1"}],"replies":[{"embeddable":true,"href":"https:\/\/camrail.cm\/en\/wp-json\/wp\/v2\/comments?post=4651"}],"version-history":[{"count":13,"href":"https:\/\/camrail.cm\/en\/wp-json\/wp\/v2\/pages\/4651\/revisions"}],"predecessor-version":[{"id":4742,"href":"https:\/\/camrail.cm\/en\/wp-json\/wp\/v2\/pages\/4651\/revisions\/4742"}],"wp:attachment":[{"href":"https:\/\/camrail.cm\/en\/wp-json\/wp\/v2\/media?parent=4651"}],"curies":[{"name":"wp","href":"https:\/\/api.w.org\/{rel}","templated":true}]}}