{"id":4850,"date":"2024-05-13T18:00:34","date_gmt":"2024-05-13T18:00:34","guid":{"rendered":"https:\/\/camrail.cm\/?page_id=4850"},"modified":"2024-05-13T18:21:44","modified_gmt":"2024-05-13T18:21:44","slug":"politique-de-proximite","status":"publish","type":"page","link":"https:\/\/camrail.cm\/en\/politique-de-proximite\/","title":{"rendered":"Proximity policy"},"content":{"rendered":"\t\t<div data-elementor-type=\"wp-page\" data-elementor-id=\"4850\" class=\"elementor elementor-4850\" data-elementor-post-type=\"page\">\n\t\t\t\t<div class=\"elementor-element elementor-element-532765bc e-con-full e-flex wpr-particle-no wpr-jarallax-no wpr-parallax-no wpr-sticky-section-no wpr-equal-height-no e-con e-parent\" data-id=\"532765bc\" data-element_type=\"container\" data-e-type=\"container\" data-settings=\"{&quot;background_background&quot;:&quot;classic&quot;,&quot;ekit_has_onepagescroll_dot&quot;:&quot;yes&quot;}\">\n\t\t\t\t<div class=\"elementor-element elementor-element-14f32e74 elementor-widget elementor-widget-heading\" data-id=\"14f32e74\" data-element_type=\"widget\" data-e-type=\"widget\" data-settings=\"{&quot;ekit_we_effect_on&quot;:&quot;none&quot;}\" data-widget_type=\"heading.default\">\n\t\t\t\t<div class=\"elementor-widget-container\">\n\t\t\t\t\t<h2 class=\"elementor-heading-title elementor-size-default\">Politique de proximit\u00e9<\/h2>\t\t\t\t<\/div>\n\t\t\t\t<\/div>\n\t\t\t\t<div class=\"elementor-element elementor-element-236586b8 elementor-widget-divider--view-line_text elementor-widget-divider--element-align-center elementor-widget elementor-widget-divider\" data-id=\"236586b8\" data-element_type=\"widget\" data-e-type=\"widget\" data-settings=\"{&quot;ekit_we_effect_on&quot;:&quot;none&quot;}\" data-widget_type=\"divider.default\">\n\t\t\t\t<div class=\"elementor-widget-container\">\n\t\t\t\t\t\t\t<div class=\"elementor-divider\">\n\t\t\t<span class=\"elementor-divider-separator\">\n\t\t\t\t\t\t\t<span class=\"elementor-divider__text elementor-divider__element\">\n\t\t\t\tENTREPRISES\t\t\t\t<\/span>\n\t\t\t\t\t\t<\/span>\n\t\t<\/div>\n\t\t\t\t\t\t<\/div>\n\t\t\t\t<\/div>\n\t\t\t\t<\/div>\n\t\t<div class=\"elementor-element elementor-element-d01308f e-flex e-con-boxed wpr-particle-no wpr-jarallax-no wpr-parallax-no wpr-sticky-section-no wpr-equal-height-no e-con e-parent\" data-id=\"d01308f\" data-element_type=\"container\" data-e-type=\"container\" data-settings=\"{&quot;ekit_has_onepagescroll_dot&quot;:&quot;yes&quot;}\">\n\t\t\t\t\t<div class=\"e-con-inner\">\n\t\t\t\t<div class=\"elementor-element elementor-element-4081251 elementor-widget elementor-widget-elementskit-heading\" data-id=\"4081251\" data-element_type=\"widget\" data-e-type=\"widget\" data-settings=\"{&quot;ekit_we_effect_on&quot;:&quot;none&quot;}\" data-widget_type=\"elementskit-heading.default\">\n\t\t\t\t<div class=\"elementor-widget-container\">\n\t\t\t\t\t<div class=\"ekit-wid-con\" ><div class=\"ekit-heading elementskit-section-title-wraper center   ekit_heading_tablet-   ekit_heading_mobile-\">\t\t\t\t<div class='ekit-heading__description'>\n\t\t\t\t\t<p>\u00a0En contrepartie de la surveillance des emprises ferroviaires qu\u2019elles assurent ; les comit\u00e9s de vigilance institu\u00e9s au sein des communaut\u00e9s villageoises r\u00e9parties sur tout le r\u00e9seau, entre Kumba et Ngaound\u00e9r\u00e9 sont soutenus par l\u2019entreprise.<\/p>\n<p>Chaque ann\u00e9e cette politique de proximit\u00e9 a un impact sur 250.000 personnes environ et mobilise un investissement de 400 millions F CFA.<\/p>\n\t\t\t\t<\/div>\n\t\t\t<\/div><\/div>\t\t\t\t<\/div>\n\t\t\t\t<\/div>\n\t\t\t\t\t<\/div>\n\t\t\t\t<\/div>\n\t\t<div class=\"elementor-element elementor-element-4843233 e-flex e-con-boxed wpr-particle-no wpr-jarallax-no wpr-parallax-no wpr-sticky-section-no wpr-equal-height-no e-con e-parent\" data-id=\"4843233\" data-element_type=\"container\" data-e-type=\"container\" data-settings=\"{&quot;background_background&quot;:&quot;classic&quot;,&quot;ekit_has_onepagescroll_dot&quot;:&quot;yes&quot;}\">\n\t\t\t\t\t<div class=\"e-con-inner\">\n\t\t\t\t<div class=\"elementor-element elementor-element-9a5e048 elementor-pagination-type-bullets elementor-arrows-position-inside elementor-pagination-position-outside elementor-widget elementor-widget-n-carousel\" data-id=\"9a5e048\" data-element_type=\"widget\" data-e-type=\"widget\" data-settings=\"{&quot;carousel_items&quot;:[{&quot;slide_title&quot;:&quot;Slide #1&quot;,&quot;_id&quot;:&quot;3b91ed3&quot;},{&quot;slide_title&quot;:&quot;Slide #2&quot;,&quot;_id&quot;:&quot;3f9435a&quot;},{&quot;slide_title&quot;:&quot;Slide #3&quot;,&quot;_id&quot;:&quot;5799a0a&quot;}],&quot;slides_to_show&quot;:&quot;1&quot;,&quot;slides_to_show_tablet&quot;:&quot;2&quot;,&quot;slides_to_show_mobile&quot;:&quot;1&quot;,&quot;autoplay&quot;:&quot;yes&quot;,&quot;autoplay_speed&quot;:5000,&quot;pause_on_hover&quot;:&quot;yes&quot;,&quot;pause_on_interaction&quot;:&quot;yes&quot;,&quot;speed&quot;:500,&quot;arrows&quot;:&quot;yes&quot;,&quot;pagination&quot;:&quot;bullets&quot;,&quot;image_spacing_custom&quot;:{&quot;unit&quot;:&quot;px&quot;,&quot;size&quot;:10,&quot;sizes&quot;:[]},&quot;image_spacing_custom_tablet&quot;:{&quot;unit&quot;:&quot;px&quot;,&quot;size&quot;:&quot;&quot;,&quot;sizes&quot;:[]},&quot;image_spacing_custom_mobile&quot;:{&quot;unit&quot;:&quot;px&quot;,&quot;size&quot;:&quot;&quot;,&quot;sizes&quot;:[]},&quot;ekit_we_effect_on&quot;:&quot;none&quot;}\" data-widget_type=\"nested-carousel.default\">\n\t\t\t\t<div class=\"elementor-widget-container\">\n\t\t\t\t\t\t\t<div class=\"e-n-carousel swiper\" role=\"region\" aria-roledescription=\"carousel\" aria-label=\"Carousel\" dir=\"ltr\">\n\t\t\t<div class=\"swiper-wrapper\" aria-live=\"off\">\n\t\t\t\t\t\t\t\t\t\t<div class=\"swiper-slide\" data-slide=\"1\" role=\"group\" aria-roledescription=\"slide\" aria-label=\"1 of 3\">\n\t\t\t\t\t\t\t<div class=\"elementor-element elementor-element-85e80ca e-flex e-con-boxed wpr-particle-no wpr-jarallax-no wpr-parallax-no wpr-sticky-section-no wpr-equal-height-no e-con e-child\" data-id=\"85e80ca\" data-element_type=\"container\" data-e-type=\"container\" data-settings=\"{&quot;ekit_has_onepagescroll_dot&quot;:&quot;yes&quot;}\">\n\t\t\t\t\t<div class=\"e-con-inner\">\n\t\t<div class=\"elementor-element elementor-element-d2075f9 e-flex e-con-boxed wpr-particle-no wpr-jarallax-no wpr-parallax-no wpr-sticky-section-no wpr-equal-height-no e-con e-child\" data-id=\"d2075f9\" data-element_type=\"container\" data-e-type=\"container\" data-settings=\"{&quot;background_background&quot;:&quot;classic&quot;,&quot;ekit_has_onepagescroll_dot&quot;:&quot;yes&quot;}\">\n\t\t\t\t\t<div class=\"e-con-inner\">\n\t\t\t\t<div class=\"elementor-element elementor-element-1961f49 elementor-widget elementor-widget-icon-box\" data-id=\"1961f49\" data-element_type=\"widget\" data-e-type=\"widget\" data-settings=\"{&quot;ekit_we_effect_on&quot;:&quot;none&quot;}\" data-widget_type=\"icon-box.default\">\n\t\t\t\t<div class=\"elementor-widget-container\">\n\t\t\t\t\t\t\t<div class=\"elementor-icon-box-wrapper\">\n\n\t\t\t\n\t\t\t\t\t\t<div class=\"elementor-icon-box-content\">\n\n\t\t\t\t\n\t\t\t\t\t\t\t\t\t<p class=\"elementor-icon-box-description\">\n\t\t\t\t\t\tCAMRAIL participe aussi \u00e0 la construction de 36 puits et forages dans les zones d\u00e9pourvues d\u2019adduction au r\u00e9seau public de Camwater. A titre d\u2019exemple, le projet conduit en 2017 \u00e0 Es\u00e9ka a permis de donner acc\u00e8s \u00e0 l\u2019eau potable \u00e0 plus de 15.000 personnes. Les collaborateurs de CAMRAIL (et ceux de Africa Global Logistics pr\u00e9sents au Cameroun) se sont mobilis\u00e9s pour r\u00e9aliser un forage, qui r\u00e9pond non seulement aux besoins de l\u2019h\u00f4pital de district d\u2019Es\u00e9ka, mais aussi au ravitaillement des populations riveraines.\n\t\t\t\t\t<\/p>\n\t\t\t\t\n\t\t\t<\/div>\n\t\t\t\n\t\t<\/div>\n\t\t\t\t\t\t<\/div>\n\t\t\t\t<\/div>\n\t\t\t\t\t<\/div>\n\t\t\t\t<\/div>\n\t\t\t\t\t<\/div>\n\t\t\t\t<\/div>\n\t\t\t\t\t\t\t\t<\/div>\n\t\t\t\t\t\t\t\t\t\t\t<div class=\"swiper-slide\" data-slide=\"2\" role=\"group\" aria-roledescription=\"slide\" aria-label=\"2 of 3\">\n\t\t\t\t\t\t\t<div class=\"elementor-element elementor-element-a531c8d e-flex e-con-boxed wpr-particle-no wpr-jarallax-no wpr-parallax-no wpr-sticky-section-no wpr-equal-height-no e-con e-child\" data-id=\"a531c8d\" data-element_type=\"container\" data-e-type=\"container\" data-settings=\"{&quot;ekit_has_onepagescroll_dot&quot;:&quot;yes&quot;}\">\n\t\t\t\t\t<div class=\"e-con-inner\">\n\t\t<div class=\"elementor-element elementor-element-0a96416 e-flex e-con-boxed wpr-particle-no wpr-jarallax-no wpr-parallax-no wpr-sticky-section-no wpr-equal-height-no e-con e-child\" data-id=\"0a96416\" data-element_type=\"container\" data-e-type=\"container\" data-settings=\"{&quot;background_background&quot;:&quot;classic&quot;,&quot;ekit_has_onepagescroll_dot&quot;:&quot;yes&quot;}\">\n\t\t\t\t\t<div class=\"e-con-inner\">\n\t\t\t\t<div class=\"elementor-element elementor-element-25006b1 elementor-widget elementor-widget-icon-box\" data-id=\"25006b1\" data-element_type=\"widget\" data-e-type=\"widget\" data-settings=\"{&quot;ekit_we_effect_on&quot;:&quot;none&quot;}\" data-widget_type=\"icon-box.default\">\n\t\t\t\t<div class=\"elementor-widget-container\">\n\t\t\t\t\t\t\t<div class=\"elementor-icon-box-wrapper\">\n\n\t\t\t\n\t\t\t\t\t\t<div class=\"elementor-icon-box-content\">\n\n\t\t\t\t\n\t\t\t\t\t\t\t\t\t<p class=\"elementor-icon-box-description\">\n\t\t\t\t\t\tCAMRAIL porte une attention particuli\u00e8re \u00e0 l\u2019am\u00e9lioration des conditions de vie des communaut\u00e9s locales\u00a0: campagnes de vaccination, de d\u00e9pistage et de pr\u00e9vention des \u00e9pid\u00e9mies, construction ou r\u00e9novation d\u2019infrastructures de sant\u00e9, d\u2019\u00e9ducation, soutien de foyers d\u2019insertion professionnelle, dons de mat\u00e9riels didactiques, de mat\u00e9riels de sant\u00e9, de fournitures de premi\u00e8re n\u00e9cessit\u00e9, accompagnement d\u2019activit\u00e9s sportives et socio-culturelles etc.\n\t\t\t\t\t<\/p>\n\t\t\t\t\n\t\t\t<\/div>\n\t\t\t\n\t\t<\/div>\n\t\t\t\t\t\t<\/div>\n\t\t\t\t<\/div>\n\t\t\t\t\t<\/div>\n\t\t\t\t<\/div>\n\t\t\t\t\t<\/div>\n\t\t\t\t<\/div>\n\t\t\t\t\t\t\t\t<\/div>\n\t\t\t\t\t\t\t\t\t\t\t<div class=\"swiper-slide\" data-slide=\"3\" role=\"group\" aria-roledescription=\"slide\" aria-label=\"3 of 3\">\n\t\t\t\t\t\t\t<div class=\"elementor-element elementor-element-3c03882 e-flex e-con-boxed wpr-particle-no wpr-jarallax-no wpr-parallax-no wpr-sticky-section-no wpr-equal-height-no e-con e-child\" data-id=\"3c03882\" data-element_type=\"container\" data-e-type=\"container\" data-settings=\"{&quot;background_background&quot;:&quot;classic&quot;,&quot;ekit_has_onepagescroll_dot&quot;:&quot;yes&quot;}\">\n\t\t\t\t\t<div class=\"e-con-inner\">\n\t\t<div class=\"elementor-element elementor-element-a317f17 e-flex e-con-boxed wpr-particle-no wpr-jarallax-no wpr-parallax-no wpr-sticky-section-no wpr-equal-height-no e-con e-child\" data-id=\"a317f17\" data-element_type=\"container\" data-e-type=\"container\" data-settings=\"{&quot;background_background&quot;:&quot;classic&quot;,&quot;ekit_has_onepagescroll_dot&quot;:&quot;yes&quot;}\">\n\t\t\t\t\t<div class=\"e-con-inner\">\n\t\t\t\t<div class=\"elementor-element elementor-element-6184dff elementor-widget elementor-widget-icon-box\" data-id=\"6184dff\" data-element_type=\"widget\" data-e-type=\"widget\" data-settings=\"{&quot;ekit_we_effect_on&quot;:&quot;none&quot;}\" data-widget_type=\"icon-box.default\">\n\t\t\t\t<div class=\"elementor-widget-container\">\n\t\t\t\t\t\t\t<div class=\"elementor-icon-box-wrapper\">\n\n\t\t\t\n\t\t\t\t\t\t<div class=\"elementor-icon-box-content\">\n\n\t\t\t\t\n\t\t\t\t\t\t\t\t\t<p class=\"elementor-icon-box-description\">\n\t\t\t\t\t\tCAMRAIL a confi\u00e9 depuis 1999 le d\u00e9sherbage de la voie aux populations des 163 villages travers\u00e9s par le rail. Cette politique apporte un compl\u00e9ment de r\u00e9mun\u00e9ration aux communaut\u00e9s villageoises riveraines du rail pour le d\u00e9sherbage l\u2019abattage ponctuel des arbres le long de la voie et ouvrages d\u2019art, l\u2019entretien des pistes et enclos des haubans, et l\u2019entretien des gares interm\u00e9diaires\t\t\t\t\t<\/p>\n\t\t\t\t\n\t\t\t<\/div>\n\t\t\t\n\t\t<\/div>\n\t\t\t\t\t\t<\/div>\n\t\t\t\t<\/div>\n\t\t\t\t\t<\/div>\n\t\t\t\t<\/div>\n\t\t\t\t\t<\/div>\n\t\t\t\t<\/div>\n\t\t\t\t\t\t\t\t<\/div>\n\t\t\t\t\t\t\t\t<\/div>\n\t\t<\/div>\n\t\t\t\t\t<div class=\"elementor-swiper-button elementor-swiper-button-prev\" role=\"button\" tabindex=\"0\" aria-label=\"Previous\">\n\t\t\t\t<svg aria-hidden=\"true\" class=\"e-font-icon-svg e-fas-caret-square-left\" viewBox=\"0 0 448 512\" xmlns=\"http:\/\/www.w3.org\/2000\/svg\"><path d=\"M400 480H48c-26.51 0-48-21.49-48-48V80c0-26.51 21.49-48 48-48h352c26.51 0 48 21.49 48 48v352c0 26.51-21.49 48-48 48zM259.515 124.485l-123.03 123.03c-4.686 4.686-4.686 12.284 0 16.971l123.029 123.029c7.56 7.56 20.485 2.206 20.485-8.485V132.971c.001-10.691-12.925-16.045-20.484-8.486z\"><\/path><\/svg>\t\t\t<\/div>\n\t\t\t<div class=\"elementor-swiper-button elementor-swiper-button-next\" role=\"button\" tabindex=\"0\" aria-label=\"Next\">\n\t\t\t\t<svg aria-hidden=\"true\" class=\"e-font-icon-svg e-fas-caret-square-right\" viewBox=\"0 0 448 512\" xmlns=\"http:\/\/www.w3.org\/2000\/svg\"><path d=\"M48 32h352c26.51 0 48 21.49 48 48v352c0 26.51-21.49 48-48 48H48c-26.51 0-48-21.49-48-48V80c0-26.51 21.49-48 48-48zm140.485 355.515l123.029-123.029c4.686-4.686 4.686-12.284 0-16.971l-123.029-123.03c-7.56-7.56-20.485-2.206-20.485 8.485v246.059c0 10.691 12.926 16.045 20.485 8.486z\"><\/path><\/svg>\t\t\t<\/div>\n\t\t\t\t\t<div class=\"swiper-pagination\"><\/div>\n\t\t\t\t\t\t<\/div>\n\t\t\t\t<\/div>\n\t\t\t\t\t<\/div>\n\t\t\t\t<\/div>\n\t\t<div class=\"elementor-element elementor-element-0e64937 e-con-full e-flex wpr-particle-no wpr-jarallax-no wpr-parallax-no wpr-sticky-section-no wpr-equal-height-no e-con e-parent\" data-id=\"0e64937\" data-element_type=\"container\" data-e-type=\"container\" data-settings=\"{&quot;ekit_has_onepagescroll_dot&quot;:&quot;yes&quot;}\">\n\t\t<div class=\"elementor-element elementor-element-5f4d3c4 e-con-full e-flex wpr-particle-no wpr-jarallax-no wpr-parallax-no wpr-sticky-section-no wpr-equal-height-no e-con e-child\" data-id=\"5f4d3c4\" data-element_type=\"container\" data-e-type=\"container\" data-settings=\"{&quot;ekit_has_onepagescroll_dot&quot;:&quot;yes&quot;}\">\n\t\t\t\t<div class=\"elementor-element elementor-element-c766972 elementor-position-inline-start elementor-view-default elementor-mobile-position-block-start elementor-widget elementor-widget-icon-box\" data-id=\"c766972\" data-element_type=\"widget\" data-e-type=\"widget\" data-settings=\"{&quot;ekit_we_effect_on&quot;:&quot;none&quot;}\" data-widget_type=\"icon-box.default\">\n\t\t\t\t<div class=\"elementor-widget-container\">\n\t\t\t\t\t\t\t<div class=\"elementor-icon-box-wrapper\">\n\n\t\t\t\t\t\t<div class=\"elementor-icon-box-icon\">\n\t\t\t\t<span  class=\"elementor-icon\">\n\t\t\t\t<i aria-hidden=\"true\" class=\"icon icon-planting\"><\/i>\t\t\t\t<\/span>\n\t\t\t<\/div>\n\t\t\t\n\t\t\t\t\t\t<div class=\"elementor-icon-box-content\">\n\n\t\t\t\t\t\t\t\t\t<h3 class=\"elementor-icon-box-title\">\n\t\t\t\t\t\t<span  >\n\t\t\t\t\t\t\tEmpreinte environnementale \t\t\t\t\t\t<\/span>\n\t\t\t\t\t<\/h3>\n\t\t\t\t\n\t\t\t\t\t\t\t\t\t<p class=\"elementor-icon-box-description\">\n\t\t\t\t\t\tCAMRAIL d\u00e9veloppe une d\u00e9marche singuli\u00e8re de protection de l\u2019environnement \u00e0 travers : la mise en \u0153uvre avec les riverains des rails de la politique de proximit\u00e9 qui permet de sous-traiter \u00e0 hauteur de 400 millions Fcfa chaque ann\u00e9e pour les travaux de d\u00e9sherbage, nettoyage\/curage des ouvrages d\u2019arts\u00a0; la surveillance de la voie ferr\u00e9e...\t\t\t\t\t<\/p>\n\t\t\t\t\n\t\t\t<\/div>\n\t\t\t\n\t\t<\/div>\n\t\t\t\t\t\t<\/div>\n\t\t\t\t<\/div>\n\t\t\t\t<\/div>\n\t\t<div class=\"elementor-element elementor-element-c53e3ab e-con-full e-flex wpr-particle-no wpr-jarallax-no wpr-parallax-no wpr-sticky-section-no wpr-equal-height-no e-con e-child\" data-id=\"c53e3ab\" data-element_type=\"container\" data-e-type=\"container\" data-settings=\"{&quot;ekit_has_onepagescroll_dot&quot;:&quot;yes&quot;}\">\n\t\t\t\t<div class=\"elementor-element elementor-element-2b92045 elementor-position-inline-start elementor-view-default elementor-mobile-position-block-start elementor-widget elementor-widget-icon-box\" data-id=\"2b92045\" data-element_type=\"widget\" data-e-type=\"widget\" data-settings=\"{&quot;ekit_we_effect_on&quot;:&quot;none&quot;}\" data-widget_type=\"icon-box.default\">\n\t\t\t\t<div class=\"elementor-widget-container\">\n\t\t\t\t\t\t\t<div class=\"elementor-icon-box-wrapper\">\n\n\t\t\t\t\t\t<div class=\"elementor-icon-box-icon\">\n\t\t\t\t<span  class=\"elementor-icon\">\n\t\t\t\t<svg aria-hidden=\"true\" class=\"e-font-icon-svg e-fas-route\" viewBox=\"0 0 512 512\" xmlns=\"http:\/\/www.w3.org\/2000\/svg\"><path d=\"M416 320h-96c-17.6 0-32-14.4-32-32s14.4-32 32-32h96s96-107 96-160-43-96-96-96-96 43-96 96c0 25.5 22.2 63.4 45.3 96H320c-52.9 0-96 43.1-96 96s43.1 96 96 96h96c17.6 0 32 14.4 32 32s-14.4 32-32 32H185.5c-16 24.8-33.8 47.7-47.3 64H416c52.9 0 96-43.1 96-96s-43.1-96-96-96zm0-256c17.7 0 32 14.3 32 32s-14.3 32-32 32-32-14.3-32-32 14.3-32 32-32zM96 256c-53 0-96 43-96 96s96 160 96 160 96-107 96-160-43-96-96-96zm0 128c-17.7 0-32-14.3-32-32s14.3-32 32-32 32 14.3 32 32-14.3 32-32 32z\"><\/path><\/svg>\t\t\t\t<\/span>\n\t\t\t<\/div>\n\t\t\t\n\t\t\t\t\t\t<div class=\"elementor-icon-box-content\">\n\n\t\t\t\t\t\t\t\t\t<h3 class=\"elementor-icon-box-title\">\n\t\t\t\t\t\t<span  >\n\t\t\t\t\t\t\tTransport rail-route\t\t\t\t\t\t<\/span>\n\t\t\t\t\t<\/h3>\n\t\t\t\t\n\t\t\t\t\t\t\t\t\t<p class=\"elementor-icon-box-description\">\n\t\t\t\t\t\tGr\u00e2ce \u00e0 la combinaison du transport rail-route, CAMRAIL assure de bout en bout le transport des produits de grande consommation entre la partie m\u00e9ridionale et la partie septentrionale du pays.\n\nCe qui permet au Cameroun d\u2019une part, et les autres pays de la sous-r\u00e9gion notamment le Tchad, la RCA, Le Congo\u2026d\u2019autre part, \u00e0 faire face \u00e0 l\u2019inflation due \u00e0 la crise li\u00e9e au Covid-19.\t\t\t\t\t<\/p>\n\t\t\t\t\n\t\t\t<\/div>\n\t\t\t\n\t\t<\/div>\n\t\t\t\t\t\t<\/div>\n\t\t\t\t<\/div>\n\t\t\t\t<\/div>\n\t\t\t\t<\/div>\n\t\t\t\t<\/div>\n\t\t","protected":false},"excerpt":{"rendered":"<p>Politique de proximit\u00e9 ENTREPRISES \u00a0En contrepartie de la surveillance des emprises ferroviaires qu\u2019elles assurent ; les comit\u00e9s de vigilance institu\u00e9s au sein des communaut\u00e9s villageoises r\u00e9parties sur tout le r\u00e9seau, entre Kumba et Ngaound\u00e9r\u00e9 sont soutenus par l\u2019entreprise. Chaque ann\u00e9e cette politique de proximit\u00e9 a un impact sur 250.000 personnes environ et mobilise un investissement de 400 millions F CFA. CAMRAIL participe aussi \u00e0 la construction de 36 puits et forages dans les zones d\u00e9pourvues d\u2019adduction au r\u00e9seau public de Camwater. A titre d\u2019exemple, le projet conduit en 2017 \u00e0 Es\u00e9ka a permis de donner acc\u00e8s \u00e0 l\u2019eau potable \u00e0 plus de 15.000 personnes. Les collaborateurs de CAMRAIL (et ceux de Africa Global Logistics pr\u00e9sents au Cameroun) se sont mobilis\u00e9s pour r\u00e9aliser un forage, qui r\u00e9pond non seulement aux besoins de l\u2019h\u00f4pital de district d\u2019Es\u00e9ka, mais aussi au ravitaillement des populations riveraines. CAMRAIL porte une attention particuli\u00e8re \u00e0 l\u2019am\u00e9lioration des conditions de vie des communaut\u00e9s locales\u00a0: campagnes de vaccination, de d\u00e9pistage et de pr\u00e9vention des \u00e9pid\u00e9mies, construction ou r\u00e9novation d\u2019infrastructures de sant\u00e9, d\u2019\u00e9ducation, soutien de foyers d\u2019insertion professionnelle, dons de mat\u00e9riels didactiques, de mat\u00e9riels de sant\u00e9, de fournitures de premi\u00e8re n\u00e9cessit\u00e9, accompagnement d\u2019activit\u00e9s sportives et socio-culturelles etc. CAMRAIL a confi\u00e9 depuis 1999 le d\u00e9sherbage de la voie aux populations des 163 villages travers\u00e9s par le rail. Cette politique apporte un compl\u00e9ment de r\u00e9mun\u00e9ration aux communaut\u00e9s villageoises riveraines du rail pour le d\u00e9sherbage l\u2019abattage ponctuel des arbres le long de la voie et ouvrages d\u2019art, l\u2019entretien des pistes et enclos des haubans, et l\u2019entretien des gares interm\u00e9diaires CAMRAIL participe aussi \u00e0 la construction de 36 puits et forages dans les zones d\u00e9pourvues d\u2019adduction au r\u00e9seau public de Camwater. A titre d\u2019exemple, le projet conduit en 2017 \u00e0 Es\u00e9ka a permis de donner acc\u00e8s \u00e0 l\u2019eau potable \u00e0 plus de 15.000 personnes. Les collaborateurs de CAMRAIL (et ceux de Africa Global Logistics pr\u00e9sents au Cameroun) se sont mobilis\u00e9s pour r\u00e9aliser un forage, qui r\u00e9pond non seulement aux besoins de l\u2019h\u00f4pital de district d\u2019Es\u00e9ka, mais aussi au ravitaillement des populations riveraines. CAMRAIL porte une attention particuli\u00e8re \u00e0 l\u2019am\u00e9lioration des conditions de vie des communaut\u00e9s locales\u00a0: campagnes de vaccination, de d\u00e9pistage et de pr\u00e9vention des \u00e9pid\u00e9mies, construction ou r\u00e9novation d\u2019infrastructures de sant\u00e9, d\u2019\u00e9ducation, soutien de foyers d\u2019insertion professionnelle, dons de mat\u00e9riels didactiques, de mat\u00e9riels de sant\u00e9, de fournitures de premi\u00e8re n\u00e9cessit\u00e9, accompagnement d\u2019activit\u00e9s sportives et socio-culturelles etc. CAMRAIL a confi\u00e9 depuis 1999 le d\u00e9sherbage de la voie aux populations des 163 villages travers\u00e9s par le rail. Cette politique apporte un compl\u00e9ment de r\u00e9mun\u00e9ration aux communaut\u00e9s villageoises riveraines du rail pour le d\u00e9sherbage l\u2019abattage ponctuel des arbres le long de la voie et ouvrages d\u2019art, l\u2019entretien des pistes et enclos des haubans, et l\u2019entretien des gares interm\u00e9diaires Empreinte environnementale CAMRAIL d\u00e9veloppe une d\u00e9marche singuli\u00e8re de protection de l\u2019environnement \u00e0 travers : la mise en \u0153uvre avec les riverains des rails de la politique de proximit\u00e9 qui permet de sous-traiter \u00e0 hauteur de 400 millions Fcfa chaque ann\u00e9e pour les travaux de d\u00e9sherbage, nettoyage\/curage des ouvrages d\u2019arts\u00a0; la surveillance de la voie ferr\u00e9e&#8230; Transport rail-route Gr\u00e2ce \u00e0 la combinaison du transport rail-route, CAMRAIL assure de bout en bout le transport des produits de grande consommation entre la partie m\u00e9ridionale et la partie septentrionale du pays. Ce qui permet au Cameroun d\u2019une part, et les autres pays de la sous-r\u00e9gion notamment le Tchad, la RCA, Le Congo\u2026d\u2019autre part, \u00e0 faire face \u00e0 l\u2019inflation due \u00e0 la crise li\u00e9e au Covid-19.<\/p>","protected":false},"author":1,"featured_media":0,"parent":0,"menu_order":0,"comment_status":"closed","ping_status":"closed","template":"","meta":{"_acf_changed":false,"_crdt_document":"","inline_featured_image":false,"site-sidebar-layout":"no-sidebar","site-content-layout":"","ast-site-content-layout":"full-width-container","site-content-style":"default","site-sidebar-style":"default","ast-global-header-display":"","ast-banner-title-visibility":"","ast-main-header-display":"","ast-hfb-above-header-display":"","ast-hfb-below-header-display":"","ast-hfb-mobile-header-display":"","site-post-title":"disabled","ast-breadcrumbs-content":"","ast-featured-img":"disabled","footer-sml-layout":"","theme-transparent-header-meta":"","adv-header-id-meta":"","stick-header-meta":"","header-above-stick-meta":"","header-main-stick-meta":"","header-below-stick-meta":"","astra-migrate-meta-layouts":"default","ast-page-background-enabled":"default","ast-page-background-meta":{"desktop":{"background-color":"var(--ast-global-color-4)","background-image":"","background-repeat":"repeat","background-position":"center center","background-size":"auto","background-attachment":"scroll","background-type":"","background-media":"","overlay-type":"","overlay-color":"","overlay-opacity":"","overlay-gradient":""},"tablet":{"background-color":"","background-image":"","background-repeat":"repeat","background-position":"center center","background-size":"auto","background-attachment":"scroll","background-type":"","background-media":"","overlay-type":"","overlay-color":"","overlay-opacity":"","overlay-gradient":""},"mobile":{"background-color":"","background-image":"","background-repeat":"repeat","background-position":"center center","background-size":"auto","background-attachment":"scroll","background-type":"","background-media":"","overlay-type":"","overlay-color":"","overlay-opacity":"","overlay-gradient":""}},"ast-content-background-meta":{"desktop":{"background-color":"var(--ast-global-color-5)","background-image":"","background-repeat":"repeat","background-position":"center center","background-size":"auto","background-attachment":"scroll","background-type":"","background-media":"","overlay-type":"","overlay-color":"","overlay-opacity":"","overlay-gradient":""},"tablet":{"background-color":"var(--ast-global-color-5)","background-image":"","background-repeat":"repeat","background-position":"center center","background-size":"auto","background-attachment":"scroll","background-type":"","background-media":"","overlay-type":"","overlay-color":"","overlay-opacity":"","overlay-gradient":""},"mobile":{"background-color":"var(--ast-global-color-5)","background-image":"","background-repeat":"repeat","background-position":"center center","background-size":"auto","background-attachment":"scroll","background-type":"","background-media":"","overlay-type":"","overlay-color":"","overlay-opacity":"","overlay-gradient":""}},"footnotes":""},"class_list":["post-4850","page","type-page","status-publish","hentry"],"acf":[],"rttpg_featured_image_url":null,"rttpg_author":{"display_name":"peguy10","author_link":"https:\/\/camrail.cm\/en\/author\/peguy10\/"},"rttpg_comment":0,"rttpg_category":null,"rttpg_excerpt":"Politique de proximit\u00e9 ENTREPRISES \u00a0En contrepartie de la surveillance des emprises ferroviaires qu\u2019elles assurent ; les comit\u00e9s de vigilance institu\u00e9s au sein des communaut\u00e9s villageoises r\u00e9parties sur tout le r\u00e9seau, entre Kumba et Ngaound\u00e9r\u00e9 sont soutenus par l\u2019entreprise. Chaque ann\u00e9e cette politique de proximit\u00e9 a un impact sur 250.000 personnes environ et mobilise un investissement&hellip;","_links":{"self":[{"href":"https:\/\/camrail.cm\/en\/wp-json\/wp\/v2\/pages\/4850","targetHints":{"allow":["GET"]}}],"collection":[{"href":"https:\/\/camrail.cm\/en\/wp-json\/wp\/v2\/pages"}],"about":[{"href":"https:\/\/camrail.cm\/en\/wp-json\/wp\/v2\/types\/page"}],"author":[{"embeddable":true,"href":"https:\/\/camrail.cm\/en\/wp-json\/wp\/v2\/users\/1"}],"replies":[{"embeddable":true,"href":"https:\/\/camrail.cm\/en\/wp-json\/wp\/v2\/comments?post=4850"}],"version-history":[{"count":4,"href":"https:\/\/camrail.cm\/en\/wp-json\/wp\/v2\/pages\/4850\/revisions"}],"predecessor-version":[{"id":4896,"href":"https:\/\/camrail.cm\/en\/wp-json\/wp\/v2\/pages\/4850\/revisions\/4896"}],"wp:attachment":[{"href":"https:\/\/camrail.cm\/en\/wp-json\/wp\/v2\/media?parent=4850"}],"curies":[{"name":"wp","href":"https:\/\/api.w.org\/{rel}","templated":true}]}}