{"id":8305,"date":"2024-09-11T17:16:36","date_gmt":"2024-09-11T17:16:36","guid":{"rendered":"https:\/\/camrail.cm\/?page_id=8305"},"modified":"2024-09-11T17:16:48","modified_gmt":"2024-09-11T17:16:48","slug":"camrail-rend-hommage-a-guillaume-dika-woudou","status":"publish","type":"page","link":"https:\/\/camrail.cm\/en\/camrail-rend-hommage-a-guillaume-dika-woudou\/","title":{"rendered":"Camrail rend hommage \u00e0 Guillaume DIKA WOUDOU"},"content":{"rendered":"<p class=\"wp-block-paragraph\">Le 26 ao\u00fbt 2024, la ville de Ngaound\u00e9r\u00e9 a \u00e9t\u00e9 le th\u00e9\u00e2tre d\u2019une c\u00e9r\u00e9monie marquante pour CAMRAIL, symbolis\u00e9e par la passation de service entre le Coordinateur d\u2019Exploitation du Nord sortant, Monsieur Guillaume DIKA-WOUDOU, et son successeur, Monsieur Tarcis-Patrick MANGA.<\/p>\n\n\n\n<p class=\"wp-block-paragraph\">Cet \u00e9v\u00e9nement a \u00e9galement c\u00e9l\u00e9br\u00e9 le d\u00e9part \u00e0 la retraite de Monsieur DIKA-WOUDOU apr\u00e8s 42 ann\u00e9es de service d\u00e9vou\u00e9 dans le chemin de fer, dont 25 avec nous.<\/p>\n\n\n\n<p class=\"wp-block-paragraph\">La c\u00e9r\u00e9monie s\u2019est d\u00e9roul\u00e9e en pr\u00e9sence du Directeur G\u00e9n\u00e9ral de CAMRAIL, Monsieur Pascal MINY, et du Directeur G\u00e9n\u00e9ral Adjoint charg\u00e9 des Op\u00e9rations, Monsieur Hamadou BAKARY<\/p>\n\n\n\n<div class=\"wp-block-tpgb-tp-image tpgb-image tpgb-block-996c_8305\"><figure class=\"tpgb-figure\"><img decoding=\"async\" src=\"https:\/\/camrail.cm\/wp-content\/uploads\/2024\/09\/FB_IMG_1725024770405.jpg\" class=\"tpgb-img-inner\"\/><\/figure><\/div>","protected":false},"excerpt":{"rendered":"<p>Le 26 ao\u00fbt 2024, la ville de Ngaound\u00e9r\u00e9 a \u00e9t\u00e9 le th\u00e9\u00e2tre d\u2019une c\u00e9r\u00e9monie marquante pour CAMRAIL, symbolis\u00e9e par la passation de service entre le Coordinateur d\u2019Exploitation du Nord sortant, Monsieur Guillaume DIKA-WOUDOU, et son successeur, Monsieur Tarcis-Patrick MANGA. Cet \u00e9v\u00e9nement a \u00e9galement c\u00e9l\u00e9br\u00e9 le d\u00e9part \u00e0 la retraite de Monsieur DIKA-WOUDOU apr\u00e8s 42 ann\u00e9es de service d\u00e9vou\u00e9 dans le chemin de fer, dont 25 avec nous. La c\u00e9r\u00e9monie s\u2019est d\u00e9roul\u00e9e en pr\u00e9sence du Directeur G\u00e9n\u00e9ral de CAMRAIL, Monsieur Pascal MINY, et du Directeur G\u00e9n\u00e9ral Adjoint charg\u00e9 des Op\u00e9rations, Monsieur Hamadou BAKARY<\/p>","protected":false},"author":9,"featured_media":0,"parent":0,"menu_order":0,"comment_status":"closed","ping_status":"closed","template":"","meta":{"_acf_changed":false,"_crdt_document":"","inline_featured_image":false,"site-sidebar-layout":"default","site-content-layout":"","ast-site-content-layout":"","site-content-style":"default","site-sidebar-style":"default","ast-global-header-display":"","ast-banner-title-visibility":"","ast-main-header-display":"","ast-hfb-above-header-display":"","ast-hfb-below-header-display":"","ast-hfb-mobile-header-display":"","site-post-title":"","ast-breadcrumbs-content":"","ast-featured-img":"","footer-sml-layout":"","theme-transparent-header-meta":"","adv-header-id-meta":"","stick-header-meta":"","header-above-stick-meta":"","header-main-stick-meta":"","header-below-stick-meta":"","astra-migrate-meta-layouts":"default","ast-page-background-enabled":"default","ast-page-background-meta":{"desktop":{"background-color":"var(--ast-global-color-4)","background-image":"","background-repeat":"repeat","background-position":"center center","background-size":"auto","background-attachment":"scroll","background-type":"","background-media":"","overlay-type":"","overlay-color":"","overlay-opacity":"","overlay-gradient":""},"tablet":{"background-color":"","background-image":"","background-repeat":"repeat","background-position":"center center","background-size":"auto","background-attachment":"scroll","background-type":"","background-media":"","overlay-type":"","overlay-color":"","overlay-opacity":"","overlay-gradient":""},"mobile":{"background-color":"","background-image":"","background-repeat":"repeat","background-position":"center center","background-size":"auto","background-attachment":"scroll","background-type":"","background-media":"","overlay-type":"","overlay-color":"","overlay-opacity":"","overlay-gradient":""}},"ast-content-background-meta":{"desktop":{"background-color":"var(--ast-global-color-5)","background-image":"","background-repeat":"repeat","background-position":"center center","background-size":"auto","background-attachment":"scroll","background-type":"","background-media":"","overlay-type":"","overlay-color":"","overlay-opacity":"","overlay-gradient":""},"tablet":{"background-color":"var(--ast-global-color-5)","background-image":"","background-repeat":"repeat","background-position":"center center","background-size":"auto","background-attachment":"scroll","background-type":"","background-media":"","overlay-type":"","overlay-color":"","overlay-opacity":"","overlay-gradient":""},"mobile":{"background-color":"var(--ast-global-color-5)","background-image":"","background-repeat":"repeat","background-position":"center center","background-size":"auto","background-attachment":"scroll","background-type":"","background-media":"","overlay-type":"","overlay-color":"","overlay-opacity":"","overlay-gradient":""}},"footnotes":""},"class_list":["post-8305","page","type-page","status-publish","hentry"],"acf":[],"rttpg_featured_image_url":null,"rttpg_author":{"display_name":"Ibrahimou Sadou","author_link":"https:\/\/camrail.cm\/en\/author\/ibrahimou\/"},"rttpg_comment":0,"rttpg_category":null,"rttpg_excerpt":"Le 26 ao\u00fbt 2024, la ville de Ngaound\u00e9r\u00e9 a \u00e9t\u00e9 le th\u00e9\u00e2tre d\u2019une c\u00e9r\u00e9monie marquante pour CAMRAIL, symbolis\u00e9e par la passation de service entre le Coordinateur d\u2019Exploitation du Nord sortant, Monsieur Guillaume DIKA-WOUDOU, et son successeur, Monsieur Tarcis-Patrick MANGA. Cet \u00e9v\u00e9nement a \u00e9galement c\u00e9l\u00e9br\u00e9 le d\u00e9part \u00e0 la retraite de Monsieur DIKA-WOUDOU apr\u00e8s 42 ann\u00e9es&hellip;","_links":{"self":[{"href":"https:\/\/camrail.cm\/en\/wp-json\/wp\/v2\/pages\/8305","targetHints":{"allow":["GET"]}}],"collection":[{"href":"https:\/\/camrail.cm\/en\/wp-json\/wp\/v2\/pages"}],"about":[{"href":"https:\/\/camrail.cm\/en\/wp-json\/wp\/v2\/types\/page"}],"author":[{"embeddable":true,"href":"https:\/\/camrail.cm\/en\/wp-json\/wp\/v2\/users\/9"}],"replies":[{"embeddable":true,"href":"https:\/\/camrail.cm\/en\/wp-json\/wp\/v2\/comments?post=8305"}],"version-history":[{"count":1,"href":"https:\/\/camrail.cm\/en\/wp-json\/wp\/v2\/pages\/8305\/revisions"}],"predecessor-version":[{"id":8310,"href":"https:\/\/camrail.cm\/en\/wp-json\/wp\/v2\/pages\/8305\/revisions\/8310"}],"wp:attachment":[{"href":"https:\/\/camrail.cm\/en\/wp-json\/wp\/v2\/media?parent=8305"}],"curies":[{"name":"wp","href":"https:\/\/api.w.org\/{rel}","templated":true}]}}