{"id":8316,"date":"2024-09-12T14:43:09","date_gmt":"2024-09-12T14:43:09","guid":{"rendered":"https:\/\/camrail.cm\/?page_id=8316"},"modified":"2024-09-12T14:57:32","modified_gmt":"2024-09-12T14:57:32","slug":"le-nouveau-coordinateur-dexploitation-du-nord-presente-aux-autorites-de-ladamaoua","status":"publish","type":"page","link":"https:\/\/camrail.cm\/en\/le-nouveau-coordinateur-dexploitation-du-nord-presente-aux-autorites-de-ladamaoua\/","title":{"rendered":"Le nouveau Coordinateur d\u2019exploitation du Nord pr\u00e9sent\u00e9 aux autorit\u00e9s de l\u2019Adamaoua"},"content":{"rendered":"<p class=\"wp-block-paragraph\">Lundi 26 ao\u00fbt 2024, dans le cadre d\u2019une visite de travail, Pascal MINY, Directeur G\u00e9n\u00e9ral de CAMRAIL, a conduit une d\u00e9l\u00e9gation de l\u2019entreprise dans la r\u00e9gion de l\u2019Adamaoua pour pr\u00e9senter le nouveau Coordinateur d\u2019Exploitation du Nord, monsieur Tarcis-Patrick MANGA, aux autorit\u00e9s administratives.<\/p>\n\n\n\n<p class=\"wp-block-paragraph\">Cette d\u00e9marche s\u2019inscrit dans la volont\u00e9 de CAMRAIL de renforcer les liens de collaboration avec les autorit\u00e9s locales et de s\u2019assurer du bon fonctionnement de ses op\u00e9rations dans cette r\u00e9gion strat\u00e9gique pour le r\u00e9seau ferroviaire camerounais.<\/p>\n\n\n\n<p class=\"wp-block-paragraph\">Les audiences officielles ont d\u00e9but\u00e9 dans la matin\u00e9e avec une premi\u00e8re rencontre au Gouvernorat de l\u2019Adamaoua. En l\u2019absence du Gouverneur, c\u2019est le Secr\u00e9taire G\u00e9n\u00e9ral de la r\u00e9gion, monsieur Christian ABOUMA BILOA, qui a accueilli la d\u00e9l\u00e9gation. Ce fut l\u2019occasion pour CAMRAIL de r\u00e9it\u00e9rer son engagement en faveur du d\u00e9veloppement r\u00e9gional et de pr\u00e9senter les d\u00e9fis et opportunit\u00e9s li\u00e9s \u00e0 l\u2019exploitation ferroviaire dans le Nord du pays<\/p>\n\n\n\n<p class=\"wp-block-paragraph\">Monsieur Pascal MINY a \u00e9galement profit\u00e9 de cette audience pour pr\u00e9senter officiellement monsieur Tarcis-Patrick MANGA, dont la prise de fonction comme Coordinateur d\u2019Exploitation du Nord marque une \u00e9tape importante dans la gestion des activit\u00e9s ferroviaires de cette zone. Ce dernier, fort d\u2019une exp\u00e9rience solide dans le secteur ferroviaire, est d\u00e9sormais responsable de la coordination des op\u00e9rations sur l\u2019ensemble du r\u00e9seau ferroviaire nord-camerounais, un r\u00f4le cl\u00e9 pour assurer la continuit\u00e9 et l\u2019efficacit\u00e9 des services de CAMRAIL.<\/p>\n\n\n\n<div class=\"wp-block-columns is-layout-flex wp-container-core-columns-is-layout-7387b849 wp-block-columns-is-layout-flex\">\n<div class=\"wp-block-column is-vertically-aligned-top is-layout-flow wp-block-column-is-layout-flow\" style=\"flex-basis:100%\">\n<div class=\"wp-block-columns is-layout-flex wp-container-core-columns-is-layout-7387b849 wp-block-columns-is-layout-flex\">\n<div class=\"wp-block-column is-layout-flow wp-block-column-is-layout-flow\">\n<div class=\"wp-block-tpgb-tp-image tpgb-image tpgb-block-769c_8316\"><figure class=\"tpgb-figure\"><img decoding=\"async\" src=\"https:\/\/camrail.cm\/wp-content\/uploads\/2024\/09\/FB_IMG_1725024801979.jpg\" class=\"tpgb-img-inner\"\/><\/figure><\/div>\n<\/div>\n<\/div>\n<\/div>\n<\/div>\n\n\n\n<p class=\"wp-block-paragraph\">Dans l\u2019apr\u00e8s-midi, la d\u00e9l\u00e9gation s\u2019est rendue chez le pr\u00e9fet de la Vina, monsieur Valery Norbert KUELA, qui a \u00e9galement accord\u00e9 une audience \u00e0 CAMRAIL. Ce second entretien a permis de discuter plus en d\u00e9tail des actions futures \u00e0 entreprendre pour am\u00e9liorer le service ferroviaire et renforcer la s\u00e9curit\u00e9 des infrastructures dans la r\u00e9gion. Monsieur KUELA a salu\u00e9 l\u2019initiative de CAMRAIL et exprim\u00e9 sa satisfaction quant \u00e0 l\u2019engagement de l\u2019entreprise en mati\u00e8re de d\u00e9veloppement et de s\u00e9curit\u00e9 ferroviaire. La journ\u00e9e s\u2019est conclue par une r\u00e9affirmation des objectifs communs entre CAMRAIL et les autorit\u00e9s de l\u2019Adamaoua, avec un accent particulier mis sur la coop\u00e9ration pour assurer une exploitation optimale du r\u00e9seau ferroviaire dans le Nord.<\/p>\n\n\n\n<p class=\"wp-block-paragraph\">L\u2019arriv\u00e9e de monsieur Tarcis-Patrick MANGA \u00e0 la t\u00eate de cette Coordination est per\u00e7ue comme un atout majeur pour atteindre ces objectifs, en renfor\u00e7ant la synergie entre les acteurs locaux et la soci\u00e9t\u00e9 ferroviaire. Avec cette visite, CAMRAIL continue de montrer son engagement \u00e0 travailler en \u00e9troite collaboration avec les autorit\u00e9s r\u00e9gionales, afin de garantir un service ferroviaire de qualit\u00e9, s\u00e9curis\u00e9 et efficient dans l\u2019ensemble de ses zones d\u2019op\u00e9ration.<\/p>","protected":false},"excerpt":{"rendered":"<p>Lundi 26 ao\u00fbt 2024, dans le cadre d\u2019une visite de travail, Pascal MINY, Directeur G\u00e9n\u00e9ral de CAMRAIL, a conduit une d\u00e9l\u00e9gation de l\u2019entreprise dans la r\u00e9gion de l\u2019Adamaoua pour pr\u00e9senter le nouveau Coordinateur d\u2019Exploitation du Nord, monsieur Tarcis-Patrick MANGA, aux autorit\u00e9s administratives. Cette d\u00e9marche s\u2019inscrit dans la volont\u00e9 de CAMRAIL de renforcer les liens de collaboration avec les autorit\u00e9s locales et de s\u2019assurer du bon fonctionnement de ses op\u00e9rations dans cette r\u00e9gion strat\u00e9gique pour le r\u00e9seau ferroviaire camerounais. Les audiences officielles ont d\u00e9but\u00e9 dans la matin\u00e9e avec une premi\u00e8re rencontre au Gouvernorat de l\u2019Adamaoua. En l\u2019absence du Gouverneur, c\u2019est le Secr\u00e9taire G\u00e9n\u00e9ral de la r\u00e9gion, monsieur Christian ABOUMA BILOA, qui a accueilli la d\u00e9l\u00e9gation. Ce fut l\u2019occasion pour CAMRAIL de r\u00e9it\u00e9rer son engagement en faveur du d\u00e9veloppement r\u00e9gional et de pr\u00e9senter les d\u00e9fis et opportunit\u00e9s li\u00e9s \u00e0 l\u2019exploitation ferroviaire dans le Nord du pays Monsieur Pascal MINY a \u00e9galement profit\u00e9 de cette audience pour pr\u00e9senter officiellement monsieur Tarcis-Patrick MANGA, dont la prise de fonction comme Coordinateur d\u2019Exploitation du Nord marque une \u00e9tape importante dans la gestion des activit\u00e9s ferroviaires de cette zone. Ce dernier, fort d\u2019une exp\u00e9rience solide dans le secteur ferroviaire, est d\u00e9sormais responsable de la coordination des op\u00e9rations sur l\u2019ensemble du r\u00e9seau ferroviaire nord-camerounais, un r\u00f4le cl\u00e9 pour assurer la continuit\u00e9 et l\u2019efficacit\u00e9 des services de CAMRAIL. Dans l\u2019apr\u00e8s-midi, la d\u00e9l\u00e9gation s\u2019est rendue chez le pr\u00e9fet de la Vina, monsieur Valery Norbert KUELA, qui a \u00e9galement accord\u00e9 une audience \u00e0 CAMRAIL. Ce second entretien a permis de discuter plus en d\u00e9tail des actions futures \u00e0 entreprendre pour am\u00e9liorer le service ferroviaire et renforcer la s\u00e9curit\u00e9 des infrastructures dans la r\u00e9gion. Monsieur KUELA a salu\u00e9 l\u2019initiative de CAMRAIL et exprim\u00e9 sa satisfaction quant \u00e0 l\u2019engagement de l\u2019entreprise en mati\u00e8re de d\u00e9veloppement et de s\u00e9curit\u00e9 ferroviaire. La journ\u00e9e s\u2019est conclue par une r\u00e9affirmation des objectifs communs entre CAMRAIL et les autorit\u00e9s de l\u2019Adamaoua, avec un accent particulier mis sur la coop\u00e9ration pour assurer une exploitation optimale du r\u00e9seau ferroviaire dans le Nord. L\u2019arriv\u00e9e de monsieur Tarcis-Patrick MANGA \u00e0 la t\u00eate de cette Coordination est per\u00e7ue comme un atout majeur pour atteindre ces objectifs, en renfor\u00e7ant la synergie entre les acteurs locaux et la soci\u00e9t\u00e9 ferroviaire. Avec cette visite, CAMRAIL continue de montrer son engagement \u00e0 travailler en \u00e9troite collaboration avec les autorit\u00e9s r\u00e9gionales, afin de garantir un service ferroviaire de qualit\u00e9, s\u00e9curis\u00e9 et efficient dans l\u2019ensemble de ses zones d\u2019op\u00e9ration.<\/p>","protected":false},"author":9,"featured_media":8324,"parent":0,"menu_order":0,"comment_status":"closed","ping_status":"closed","template":"","meta":{"_acf_changed":false,"_crdt_document":"","inline_featured_image":false,"site-sidebar-layout":"default","site-content-layout":"","ast-site-content-layout":"default","site-content-style":"default","site-sidebar-style":"default","ast-global-header-display":"","ast-banner-title-visibility":"","ast-main-header-display":"","ast-hfb-above-header-display":"","ast-hfb-below-header-display":"","ast-hfb-mobile-header-display":"","site-post-title":"","ast-breadcrumbs-content":"","ast-featured-img":"","footer-sml-layout":"","theme-transparent-header-meta":"","adv-header-id-meta":"","stick-header-meta":"","header-above-stick-meta":"","header-main-stick-meta":"","header-below-stick-meta":"","astra-migrate-meta-layouts":"default","ast-page-background-enabled":"default","ast-page-background-meta":{"desktop":{"background-color":"var(--ast-global-color-4)","background-image":"","background-repeat":"repeat","background-position":"center center","background-size":"auto","background-attachment":"scroll","background-type":"","background-media":"","overlay-type":"","overlay-color":"","overlay-opacity":"","overlay-gradient":""},"tablet":{"background-color":"","background-image":"","background-repeat":"repeat","background-position":"center center","background-size":"auto","background-attachment":"scroll","background-type":"","background-media":"","overlay-type":"","overlay-color":"","overlay-opacity":"","overlay-gradient":""},"mobile":{"background-color":"","background-image":"","background-repeat":"repeat","background-position":"center center","background-size":"auto","background-attachment":"scroll","background-type":"","background-media":"","overlay-type":"","overlay-color":"","overlay-opacity":"","overlay-gradient":""}},"ast-content-background-meta":{"desktop":{"background-color":"var(--ast-global-color-5)","background-image":"","background-repeat":"repeat","background-position":"center center","background-size":"auto","background-attachment":"scroll","background-type":"","background-media":"","overlay-type":"","overlay-color":"","overlay-opacity":"","overlay-gradient":""},"tablet":{"background-color":"var(--ast-global-color-5)","background-image":"","background-repeat":"repeat","background-position":"center center","background-size":"auto","background-attachment":"scroll","background-type":"","background-media":"","overlay-type":"","overlay-color":"","overlay-opacity":"","overlay-gradient":""},"mobile":{"background-color":"var(--ast-global-color-5)","background-image":"","background-repeat":"repeat","background-position":"center center","background-size":"auto","background-attachment":"scroll","background-type":"","background-media":"","overlay-type":"","overlay-color":"","overlay-opacity":"","overlay-gradient":""}},"footnotes":""},"class_list":["post-8316","page","type-page","status-publish","has-post-thumbnail","hentry"],"acf":[],"rttpg_featured_image_url":{"full":["https:\/\/camrail.cm\/wp-content\/uploads\/2024\/09\/FB_IMG_1725024795414-1.jpg",1080,608,false],"landscape":["https:\/\/camrail.cm\/wp-content\/uploads\/2024\/09\/FB_IMG_1725024795414-1.jpg",1080,608,false],"portraits":["https:\/\/camrail.cm\/wp-content\/uploads\/2024\/09\/FB_IMG_1725024795414-1.jpg",1080,608,false],"thumbnail":["https:\/\/camrail.cm\/wp-content\/uploads\/2024\/09\/FB_IMG_1725024795414-1.jpg",150,84,false],"medium":["https:\/\/camrail.cm\/wp-content\/uploads\/2024\/09\/FB_IMG_1725024795414-1.jpg",300,169,false],"large":["https:\/\/camrail.cm\/wp-content\/uploads\/2024\/09\/FB_IMG_1725024795414-1.jpg",1024,576,false],"1536x1536":["https:\/\/camrail.cm\/wp-content\/uploads\/2024\/09\/FB_IMG_1725024795414-1.jpg",1080,608,false],"2048x2048":["https:\/\/camrail.cm\/wp-content\/uploads\/2024\/09\/FB_IMG_1725024795414-1.jpg",1080,608,false],"trp-custom-language-flag":["https:\/\/camrail.cm\/wp-content\/uploads\/2024\/09\/FB_IMG_1725024795414-1.jpg",18,10,false],"tp-image-grid":["https:\/\/camrail.cm\/wp-content\/uploads\/2024\/09\/FB_IMG_1725024795414-1.jpg",700,394,false],"job-image":["https:\/\/camrail.cm\/wp-content\/uploads\/2024\/09\/FB_IMG_1725024795414-1.jpg",711,400,false]},"rttpg_author":{"display_name":"Ibrahimou Sadou","author_link":"https:\/\/camrail.cm\/en\/author\/ibrahimou\/"},"rttpg_comment":0,"rttpg_category":null,"rttpg_excerpt":"Lundi 26 ao\u00fbt 2024, dans le cadre d\u2019une visite de travail, Pascal MINY, Directeur G\u00e9n\u00e9ral de CAMRAIL, a conduit une d\u00e9l\u00e9gation de l\u2019entreprise dans la r\u00e9gion de l\u2019Adamaoua pour pr\u00e9senter le nouveau Coordinateur d\u2019Exploitation du Nord, monsieur Tarcis-Patrick MANGA, aux autorit\u00e9s administratives. Cette d\u00e9marche s\u2019inscrit dans la volont\u00e9 de CAMRAIL de renforcer les liens de&hellip;","_links":{"self":[{"href":"https:\/\/camrail.cm\/en\/wp-json\/wp\/v2\/pages\/8316","targetHints":{"allow":["GET"]}}],"collection":[{"href":"https:\/\/camrail.cm\/en\/wp-json\/wp\/v2\/pages"}],"about":[{"href":"https:\/\/camrail.cm\/en\/wp-json\/wp\/v2\/types\/page"}],"author":[{"embeddable":true,"href":"https:\/\/camrail.cm\/en\/wp-json\/wp\/v2\/users\/9"}],"replies":[{"embeddable":true,"href":"https:\/\/camrail.cm\/en\/wp-json\/wp\/v2\/comments?post=8316"}],"version-history":[{"count":3,"href":"https:\/\/camrail.cm\/en\/wp-json\/wp\/v2\/pages\/8316\/revisions"}],"predecessor-version":[{"id":8332,"href":"https:\/\/camrail.cm\/en\/wp-json\/wp\/v2\/pages\/8316\/revisions\/8332"}],"wp:featuredmedia":[{"embeddable":true,"href":"https:\/\/camrail.cm\/en\/wp-json\/wp\/v2\/media\/8324"}],"wp:attachment":[{"href":"https:\/\/camrail.cm\/en\/wp-json\/wp\/v2\/media?parent=8316"}],"curies":[{"name":"wp","href":"https:\/\/api.w.org\/{rel}","templated":true}]}}