{"id":8333,"date":"2024-09-12T15:37:58","date_gmt":"2024-09-12T15:37:58","guid":{"rendered":"https:\/\/camrail.cm\/?page_id=8333"},"modified":"2024-09-12T15:38:11","modified_gmt":"2024-09-12T15:38:11","slug":"honneur-et-tradition-une-reception-royale-pour-camrail","status":"publish","type":"page","link":"https:\/\/camrail.cm\/en\/honneur-et-tradition-une-reception-royale-pour-camrail\/","title":{"rendered":"Honneur et tradition : une r\u00e9ception royale pour Camrail"},"content":{"rendered":"<p class=\"wp-block-paragraph\">Le 27 ao\u00fbt 2024, l\u2019apr\u00e8s-midi s\u2019est teint\u00e9 de grandeur et de tradition au Lamidat de Ngaound\u00e9r\u00e9. Sa Majest\u00e9 Mohamadou Hayatou Issa, le Lamido des lieux, a r\u00e9serv\u00e9 un accueil exceptionnel \u00e0 la d\u00e9l\u00e9gation de CAMRAIL, conduite par son Directeur G\u00e9n\u00e9ral, Pascal MINY, lui-m\u00eame un notable respect\u00e9 de ce lamidat.<\/p>\n\n\n\n<p class=\"wp-block-paragraph\">La fantasia, c\u00e9r\u00e9monie \u00e9questre traditionnelle, a \u00e9t\u00e9 le point d\u2019orgue d\u2019une r\u00e9ception qui a mis en lumi\u00e8re la richesse culturelle et le raffinement de la cour du Lamido. Le Directeur G\u00e9n\u00e9ral de CAMRAIL et ses collaborateurs ont \u00e9t\u00e9 immerg\u00e9s dans une d\u00e9monstration vivante des traditions ancestrales. Les danses, les chants et la c\u00e9r\u00e9monie \u00e9questre ont non seulement honor\u00e9 les invit\u00e9s, mais ont aussi permis de renforcer les liens entre CAMRAIL et la communaut\u00e9 locale.<\/p>\n\n\n\n<p class=\"wp-block-paragraph\">Cet \u00e9v\u00e9nement a non seulement c\u00e9l\u00e9br\u00e9 les relations entre CAMRAIL et les populations riveraines, mais a aussi soulign\u00e9 l\u2019ancrage profond de Pascal MINY dans la communaut\u00e9 locale.<\/p>\n\n\n\n<div class=\"wp-block-columns is-layout-flex wp-container-core-columns-is-layout-7387b849 wp-block-columns-is-layout-flex\">\n<div class=\"wp-block-column is-layout-flow wp-block-column-is-layout-flow\">\n<div class=\"wp-block-tpgb-tp-image tpgb-image tpgb-block-2459_8333\"><figure class=\"tpgb-figure\"><img decoding=\"async\" src=\"https:\/\/camrail.cm\/wp-content\/uploads\/2024\/09\/FB_IMG_1725024695756.jpg\" class=\"tpgb-img-inner\"\/><\/figure><\/div>\n<\/div>\n\n\n\n<div class=\"wp-block-column is-layout-flow wp-block-column-is-layout-flow\">\n<div class=\"wp-block-tpgb-tp-image tpgb-image tpgb-block-5fe9_8333\"><figure class=\"tpgb-figure\"><img decoding=\"async\" src=\"https:\/\/camrail.cm\/wp-content\/uploads\/2024\/09\/FB_IMG_1725024667059.jpg\" class=\"tpgb-img-inner\"\/><\/figure><\/div>\n<\/div>\n<\/div>","protected":false},"excerpt":{"rendered":"<p>Le 27 ao\u00fbt 2024, l\u2019apr\u00e8s-midi s\u2019est teint\u00e9 de grandeur et de tradition au Lamidat de Ngaound\u00e9r\u00e9. Sa Majest\u00e9 Mohamadou Hayatou Issa, le Lamido des lieux, a r\u00e9serv\u00e9 un accueil exceptionnel \u00e0 la d\u00e9l\u00e9gation de CAMRAIL, conduite par son Directeur G\u00e9n\u00e9ral, Pascal MINY, lui-m\u00eame un notable respect\u00e9 de ce lamidat. La fantasia, c\u00e9r\u00e9monie \u00e9questre traditionnelle, a \u00e9t\u00e9 le point d\u2019orgue d\u2019une r\u00e9ception qui a mis en lumi\u00e8re la richesse culturelle et le raffinement de la cour du Lamido. Le Directeur G\u00e9n\u00e9ral de CAMRAIL et ses collaborateurs ont \u00e9t\u00e9 immerg\u00e9s dans une d\u00e9monstration vivante des traditions ancestrales. Les danses, les chants et la c\u00e9r\u00e9monie \u00e9questre ont non seulement honor\u00e9 les invit\u00e9s, mais ont aussi permis de renforcer les liens entre CAMRAIL et la communaut\u00e9 locale. Cet \u00e9v\u00e9nement a non seulement c\u00e9l\u00e9br\u00e9 les relations entre CAMRAIL et les populations riveraines, mais a aussi soulign\u00e9 l\u2019ancrage profond de Pascal MINY dans la communaut\u00e9 locale.<\/p>","protected":false},"author":9,"featured_media":0,"parent":0,"menu_order":0,"comment_status":"closed","ping_status":"closed","template":"","meta":{"_acf_changed":false,"_crdt_document":"","inline_featured_image":false,"site-sidebar-layout":"default","site-content-layout":"","ast-site-content-layout":"","site-content-style":"default","site-sidebar-style":"default","ast-global-header-display":"","ast-banner-title-visibility":"","ast-main-header-display":"","ast-hfb-above-header-display":"","ast-hfb-below-header-display":"","ast-hfb-mobile-header-display":"","site-post-title":"","ast-breadcrumbs-content":"","ast-featured-img":"","footer-sml-layout":"","theme-transparent-header-meta":"","adv-header-id-meta":"","stick-header-meta":"","header-above-stick-meta":"","header-main-stick-meta":"","header-below-stick-meta":"","astra-migrate-meta-layouts":"default","ast-page-background-enabled":"default","ast-page-background-meta":{"desktop":{"background-color":"var(--ast-global-color-4)","background-image":"","background-repeat":"repeat","background-position":"center center","background-size":"auto","background-attachment":"scroll","background-type":"","background-media":"","overlay-type":"","overlay-color":"","overlay-opacity":"","overlay-gradient":""},"tablet":{"background-color":"","background-image":"","background-repeat":"repeat","background-position":"center center","background-size":"auto","background-attachment":"scroll","background-type":"","background-media":"","overlay-type":"","overlay-color":"","overlay-opacity":"","overlay-gradient":""},"mobile":{"background-color":"","background-image":"","background-repeat":"repeat","background-position":"center center","background-size":"auto","background-attachment":"scroll","background-type":"","background-media":"","overlay-type":"","overlay-color":"","overlay-opacity":"","overlay-gradient":""}},"ast-content-background-meta":{"desktop":{"background-color":"var(--ast-global-color-5)","background-image":"","background-repeat":"repeat","background-position":"center center","background-size":"auto","background-attachment":"scroll","background-type":"","background-media":"","overlay-type":"","overlay-color":"","overlay-opacity":"","overlay-gradient":""},"tablet":{"background-color":"var(--ast-global-color-5)","background-image":"","background-repeat":"repeat","background-position":"center center","background-size":"auto","background-attachment":"scroll","background-type":"","background-media":"","overlay-type":"","overlay-color":"","overlay-opacity":"","overlay-gradient":""},"mobile":{"background-color":"var(--ast-global-color-5)","background-image":"","background-repeat":"repeat","background-position":"center center","background-size":"auto","background-attachment":"scroll","background-type":"","background-media":"","overlay-type":"","overlay-color":"","overlay-opacity":"","overlay-gradient":""}},"footnotes":""},"class_list":["post-8333","page","type-page","status-publish","hentry"],"acf":[],"rttpg_featured_image_url":null,"rttpg_author":{"display_name":"Ibrahimou Sadou","author_link":"https:\/\/camrail.cm\/en\/author\/ibrahimou\/"},"rttpg_comment":0,"rttpg_category":null,"rttpg_excerpt":"Le 27 ao\u00fbt 2024, l\u2019apr\u00e8s-midi s\u2019est teint\u00e9 de grandeur et de tradition au Lamidat de Ngaound\u00e9r\u00e9. Sa Majest\u00e9 Mohamadou Hayatou Issa, le Lamido des lieux, a r\u00e9serv\u00e9 un accueil exceptionnel \u00e0 la d\u00e9l\u00e9gation de CAMRAIL, conduite par son Directeur G\u00e9n\u00e9ral, Pascal MINY, lui-m\u00eame un notable respect\u00e9 de ce lamidat. La fantasia, c\u00e9r\u00e9monie \u00e9questre traditionnelle, a&hellip;","_links":{"self":[{"href":"https:\/\/camrail.cm\/en\/wp-json\/wp\/v2\/pages\/8333","targetHints":{"allow":["GET"]}}],"collection":[{"href":"https:\/\/camrail.cm\/en\/wp-json\/wp\/v2\/pages"}],"about":[{"href":"https:\/\/camrail.cm\/en\/wp-json\/wp\/v2\/types\/page"}],"author":[{"embeddable":true,"href":"https:\/\/camrail.cm\/en\/wp-json\/wp\/v2\/users\/9"}],"replies":[{"embeddable":true,"href":"https:\/\/camrail.cm\/en\/wp-json\/wp\/v2\/comments?post=8333"}],"version-history":[{"count":1,"href":"https:\/\/camrail.cm\/en\/wp-json\/wp\/v2\/pages\/8333\/revisions"}],"predecessor-version":[{"id":8336,"href":"https:\/\/camrail.cm\/en\/wp-json\/wp\/v2\/pages\/8333\/revisions\/8336"}],"wp:attachment":[{"href":"https:\/\/camrail.cm\/en\/wp-json\/wp\/v2\/media?parent=8333"}],"curies":[{"name":"wp","href":"https:\/\/api.w.org\/{rel}","templated":true}]}}