{"id":8417,"date":"2024-10-21T17:17:12","date_gmt":"2024-10-21T17:17:12","guid":{"rendered":"https:\/\/camrail.cm\/?page_id=8417"},"modified":"2024-10-21T17:17:25","modified_gmt":"2024-10-21T17:17:25","slug":"rentree-solennelle-de-limefac-une-nouvelle-generation-de-professionnels-ferroviaires-en-marche","status":"publish","type":"page","link":"https:\/\/camrail.cm\/en\/rentree-solennelle-de-limefac-une-nouvelle-generation-de-professionnels-ferroviaires-en-marche\/","title":{"rendered":"Rentr\u00e9e solennelle de l\u2019IMEFAC : une nouvelle g\u00e9n\u00e9ration de professionnels ferroviaires en marche"},"content":{"rendered":"<p class=\"wp-block-paragraph\">Ce 30 septembre 2024, l\u2019Institut de Formation Professionnelle aux M\u00e9tiers Ferroviaires en Afrique Centrale (IMEFAC) a accueilli avec enthousiasme sa nouvelle promotion d\u2019apprenants (agents de man\u0153uvre et aide-conducteurs) lors de la rentr\u00e9e solennelle \u00e0 Douala.<\/p>\n\n\n\n<p class=\"wp-block-paragraph\">Cet \u00e9v\u00e9nement, organis\u00e9 en collaboration avec CAMRAIL, marque un tournant important pour ces futurs professionnels qui seront form\u00e9s aux m\u00e9tiers ferroviaires de base.<\/p>\n\n\n\n<p class=\"wp-block-paragraph\">La c\u00e9r\u00e9monie, qui s\u2019est d\u00e9roul\u00e9e en pr\u00e9sence du promoteur de l\u2019IMEFAC, monsieur Mountang, des responsables de CAMRAIL dont le Directeur G\u00e9n\u00e9ral Adjoint, Charg\u00e9 des Op\u00e9rations(DGA Ops), M. Hamadou Bakary, et du D\u00e9l\u00e9gu\u00e9 R\u00e9gional du Minist\u00e8re de l\u2019Emploi et de la Formation Professionnelle (MINEFOP), monsieur Dawaye Eguessa Todoua, a \u00e9t\u00e9 ponctu\u00e9e de moments forts.<\/p>\n\n\n\n<div class=\"wp-block-tpgb-tp-image tpgb-image tpgb-block-6c3e_8417\"><figure class=\"tpgb-figure\"><img decoding=\"async\" src=\"https:\/\/camrail.cm\/wp-content\/uploads\/2024\/10\/WhatsApp-Image-2024-09-30-at-21.24.48.jpeg\" alt=\"\" class=\"tpgb-img-inner wp-image-undefined\"\/><\/figure><\/div>\n\n\n\n<p class=\"wp-block-paragraph\">Apr\u00e8s l\u2019accueil des invit\u00e9s, l\u2019Hymne national a retenti, suivi des discours des diff\u00e9rentes personnalit\u00e9s cit\u00e9es.<\/p>\n\n\n\n<p class=\"wp-block-paragraph\">Le DGA Ops. pris la parole pour saluer les efforts des apprenants et leurs familles. Il a par ailleurs, rappel\u00e9 le r\u00f4le crucial que joue le transport ferroviaire pour l\u2019\u00e9conomie camerounaise et sous-r\u00e9gionale. Il a \u00e9voqu\u00e9 les grands projets \u00e0 venir, comme le renouvellement des voies entre B\u00e9labo et Ngaound\u00e9r\u00e9, ainsi qu\u2019entre Douala et Yaound\u00e9, qui renforceront l\u2019int\u00e9gration \u00e9conomique et favoriseront le commerce interafricain. Ces initiatives illustrent l\u2019importance strat\u00e9gique du secteur ferroviaire pour la r\u00e9duction des co\u00fbts logistiques et la promotion d\u2019un d\u00e9veloppement durable<\/p>\n\n\n\n<div class=\"wp-block-tpgb-tp-image tpgb-image tpgb-block-3033_8417\"><figure class=\"tpgb-figure\"><img decoding=\"async\" src=\"https:\/\/camrail.cm\/wp-content\/uploads\/2024\/10\/WhatsApp-Image-2024-09-30-at-21.26.05-2.jpeg\" alt=\"\" class=\"tpgb-img-inner wp-image-undefined\"\/><\/figure><\/div>\n\n\n\n<p class=\"wp-block-paragraph\">La rentr\u00e9e solennelle a \u00e9galement \u00e9t\u00e9 l\u2019occasion pour le promoteur de l\u2019IMEFAC de r\u00e9affirmer l\u2019engagement de l\u2019institut \u00e0 fournir une EVENT FLASH EVENT formation de qualit\u00e9. Il a soulign\u00e9 que les apprenants b\u00e9n\u00e9ficient d\u2019un environnement propice \u00e0 l\u2019acquisition de comp\u00e9tences essentielles, encadr\u00e9s par des formateurs chevronn\u00e9s. Ces derniers, forts de leur exp\u00e9rience, guideront les \u00e9tudiants tout au long de leur parcours, leur permettant de contribuer efficacement au d\u00e9veloppement du r\u00e9seau ferroviaire camerounais.<\/p>\n\n\n\n<p class=\"wp-block-paragraph\">Cette nouvelle promotion est la deuxi\u00e8me issue de la collaboration fructueuse entre CAMRAIL et l\u2019IMEFAC. D\u00e9j\u00e0, une trentaine d\u2019anciens apprenants occupent des postes cl\u00e9s au sein de CAMRAIL, contribuant activement \u00e0 l\u2019essor de l\u2019entreprise.<\/p>","protected":false},"excerpt":{"rendered":"<p>Ce 30 septembre 2024, l\u2019Institut de Formation Professionnelle aux M\u00e9tiers Ferroviaires en Afrique Centrale (IMEFAC) a accueilli avec enthousiasme sa nouvelle promotion d\u2019apprenants (agents de man\u0153uvre et aide-conducteurs) lors de la rentr\u00e9e solennelle \u00e0 Douala. Cet \u00e9v\u00e9nement, organis\u00e9 en collaboration avec CAMRAIL, marque un tournant important pour ces futurs professionnels qui seront form\u00e9s aux m\u00e9tiers ferroviaires de base. La c\u00e9r\u00e9monie, qui s\u2019est d\u00e9roul\u00e9e en pr\u00e9sence du promoteur de l\u2019IMEFAC, monsieur Mountang, des responsables de CAMRAIL dont le Directeur G\u00e9n\u00e9ral Adjoint, Charg\u00e9 des Op\u00e9rations(DGA Ops), M. Hamadou Bakary, et du D\u00e9l\u00e9gu\u00e9 R\u00e9gional du Minist\u00e8re de l\u2019Emploi et de la Formation Professionnelle (MINEFOP), monsieur Dawaye Eguessa Todoua, a \u00e9t\u00e9 ponctu\u00e9e de moments forts. Apr\u00e8s l\u2019accueil des invit\u00e9s, l\u2019Hymne national a retenti, suivi des discours des diff\u00e9rentes personnalit\u00e9s cit\u00e9es. Le DGA Ops. pris la parole pour saluer les efforts des apprenants et leurs familles. Il a par ailleurs, rappel\u00e9 le r\u00f4le crucial que joue le transport ferroviaire pour l\u2019\u00e9conomie camerounaise et sous-r\u00e9gionale. Il a \u00e9voqu\u00e9 les grands projets \u00e0 venir, comme le renouvellement des voies entre B\u00e9labo et Ngaound\u00e9r\u00e9, ainsi qu\u2019entre Douala et Yaound\u00e9, qui renforceront l\u2019int\u00e9gration \u00e9conomique et favoriseront le commerce interafricain. Ces initiatives illustrent l\u2019importance strat\u00e9gique du secteur ferroviaire pour la r\u00e9duction des co\u00fbts logistiques et la promotion d\u2019un d\u00e9veloppement durable La rentr\u00e9e solennelle a \u00e9galement \u00e9t\u00e9 l\u2019occasion pour le promoteur de l\u2019IMEFAC de r\u00e9affirmer l\u2019engagement de l\u2019institut \u00e0 fournir une EVENT FLASH EVENT formation de qualit\u00e9. Il a soulign\u00e9 que les apprenants b\u00e9n\u00e9ficient d\u2019un environnement propice \u00e0 l\u2019acquisition de comp\u00e9tences essentielles, encadr\u00e9s par des formateurs chevronn\u00e9s. Ces derniers, forts de leur exp\u00e9rience, guideront les \u00e9tudiants tout au long de leur parcours, leur permettant de contribuer efficacement au d\u00e9veloppement du r\u00e9seau ferroviaire camerounais. Cette nouvelle promotion est la deuxi\u00e8me issue de la collaboration fructueuse entre CAMRAIL et l\u2019IMEFAC. D\u00e9j\u00e0, une trentaine d\u2019anciens apprenants occupent des postes cl\u00e9s au sein de CAMRAIL, contribuant activement \u00e0 l\u2019essor de l\u2019entreprise.<\/p>","protected":false},"author":9,"featured_media":8420,"parent":0,"menu_order":0,"comment_status":"closed","ping_status":"closed","template":"","meta":{"_acf_changed":false,"_crdt_document":"","inline_featured_image":false,"site-sidebar-layout":"default","site-content-layout":"","ast-site-content-layout":"","site-content-style":"default","site-sidebar-style":"default","ast-global-header-display":"","ast-banner-title-visibility":"","ast-main-header-display":"","ast-hfb-above-header-display":"","ast-hfb-below-header-display":"","ast-hfb-mobile-header-display":"","site-post-title":"","ast-breadcrumbs-content":"","ast-featured-img":"","footer-sml-layout":"","theme-transparent-header-meta":"","adv-header-id-meta":"","stick-header-meta":"","header-above-stick-meta":"","header-main-stick-meta":"","header-below-stick-meta":"","astra-migrate-meta-layouts":"default","ast-page-background-enabled":"default","ast-page-background-meta":{"desktop":{"background-color":"var(--ast-global-color-4)","background-image":"","background-repeat":"repeat","background-position":"center center","background-size":"auto","background-attachment":"scroll","background-type":"","background-media":"","overlay-type":"","overlay-color":"","overlay-opacity":"","overlay-gradient":""},"tablet":{"background-color":"","background-image":"","background-repeat":"repeat","background-position":"center center","background-size":"auto","background-attachment":"scroll","background-type":"","background-media":"","overlay-type":"","overlay-color":"","overlay-opacity":"","overlay-gradient":""},"mobile":{"background-color":"","background-image":"","background-repeat":"repeat","background-position":"center center","background-size":"auto","background-attachment":"scroll","background-type":"","background-media":"","overlay-type":"","overlay-color":"","overlay-opacity":"","overlay-gradient":""}},"ast-content-background-meta":{"desktop":{"background-color":"var(--ast-global-color-5)","background-image":"","background-repeat":"repeat","background-position":"center center","background-size":"auto","background-attachment":"scroll","background-type":"","background-media":"","overlay-type":"","overlay-color":"","overlay-opacity":"","overlay-gradient":""},"tablet":{"background-color":"var(--ast-global-color-5)","background-image":"","background-repeat":"repeat","background-position":"center center","background-size":"auto","background-attachment":"scroll","background-type":"","background-media":"","overlay-type":"","overlay-color":"","overlay-opacity":"","overlay-gradient":""},"mobile":{"background-color":"var(--ast-global-color-5)","background-image":"","background-repeat":"repeat","background-position":"center center","background-size":"auto","background-attachment":"scroll","background-type":"","background-media":"","overlay-type":"","overlay-color":"","overlay-opacity":"","overlay-gradient":""}},"footnotes":""},"class_list":["post-8417","page","type-page","status-publish","has-post-thumbnail","hentry"],"acf":[],"rttpg_featured_image_url":{"full":["https:\/\/camrail.cm\/wp-content\/uploads\/2024\/10\/Rentree-IMEFAC.jpeg",2560,1328,false],"landscape":["https:\/\/camrail.cm\/wp-content\/uploads\/2024\/10\/Rentree-IMEFAC.jpeg",2560,1328,false],"portraits":["https:\/\/camrail.cm\/wp-content\/uploads\/2024\/10\/Rentree-IMEFAC.jpeg",2560,1328,false],"thumbnail":["https:\/\/camrail.cm\/wp-content\/uploads\/2024\/10\/Rentree-IMEFAC.jpeg",150,78,false],"medium":["https:\/\/camrail.cm\/wp-content\/uploads\/2024\/10\/Rentree-IMEFAC.jpeg",300,156,false],"large":["https:\/\/camrail.cm\/wp-content\/uploads\/2024\/10\/Rentree-IMEFAC.jpeg",1024,531,false],"1536x1536":["https:\/\/camrail.cm\/wp-content\/uploads\/2024\/10\/Rentree-IMEFAC.jpeg",1536,797,false],"2048x2048":["https:\/\/camrail.cm\/wp-content\/uploads\/2024\/10\/Rentree-IMEFAC.jpeg",2048,1062,false],"trp-custom-language-flag":["https:\/\/camrail.cm\/wp-content\/uploads\/2024\/10\/Rentree-IMEFAC.jpeg",18,9,false],"tp-image-grid":["https:\/\/camrail.cm\/wp-content\/uploads\/2024\/10\/Rentree-IMEFAC.jpeg",700,363,false],"job-image":["https:\/\/camrail.cm\/wp-content\/uploads\/2024\/10\/Rentree-IMEFAC.jpeg",771,400,false]},"rttpg_author":{"display_name":"Ibrahimou Sadou","author_link":"https:\/\/camrail.cm\/en\/author\/ibrahimou\/"},"rttpg_comment":0,"rttpg_category":null,"rttpg_excerpt":"Ce 30 septembre 2024, l\u2019Institut de Formation Professionnelle aux M\u00e9tiers Ferroviaires en Afrique Centrale (IMEFAC) a accueilli avec enthousiasme sa nouvelle promotion d\u2019apprenants (agents de man\u0153uvre et aide-conducteurs) lors de la rentr\u00e9e solennelle \u00e0 Douala. Cet \u00e9v\u00e9nement, organis\u00e9 en collaboration avec CAMRAIL, marque un tournant important pour ces futurs professionnels qui seront form\u00e9s aux m\u00e9tiers&hellip;","_links":{"self":[{"href":"https:\/\/camrail.cm\/en\/wp-json\/wp\/v2\/pages\/8417","targetHints":{"allow":["GET"]}}],"collection":[{"href":"https:\/\/camrail.cm\/en\/wp-json\/wp\/v2\/pages"}],"about":[{"href":"https:\/\/camrail.cm\/en\/wp-json\/wp\/v2\/types\/page"}],"author":[{"embeddable":true,"href":"https:\/\/camrail.cm\/en\/wp-json\/wp\/v2\/users\/9"}],"replies":[{"embeddable":true,"href":"https:\/\/camrail.cm\/en\/wp-json\/wp\/v2\/comments?post=8417"}],"version-history":[{"count":2,"href":"https:\/\/camrail.cm\/en\/wp-json\/wp\/v2\/pages\/8417\/revisions"}],"predecessor-version":[{"id":8424,"href":"https:\/\/camrail.cm\/en\/wp-json\/wp\/v2\/pages\/8417\/revisions\/8424"}],"wp:featuredmedia":[{"embeddable":true,"href":"https:\/\/camrail.cm\/en\/wp-json\/wp\/v2\/media\/8420"}],"wp:attachment":[{"href":"https:\/\/camrail.cm\/en\/wp-json\/wp\/v2\/media?parent=8417"}],"curies":[{"name":"wp","href":"https:\/\/api.w.org\/{rel}","templated":true}]}}