{"id":8546,"date":"2024-10-25T17:38:44","date_gmt":"2024-10-25T17:38:44","guid":{"rendered":"https:\/\/camrail.cm\/?page_id=8546"},"modified":"2024-11-05T17:57:19","modified_gmt":"2024-11-05T17:57:19","slug":"samy-adama-soro-nouveau-directeur-du-materiel-de-camrail","status":"publish","type":"page","link":"https:\/\/camrail.cm\/en\/samy-adama-soro-nouveau-directeur-du-materiel-de-camrail\/","title":{"rendered":"Samy ADAMA SORO, nouveau Directeur du mat\u00e9riel de CAMRAIL"},"content":{"rendered":"<p class=\"wp-block-paragraph\">C AMRAIL accueille Samy Adama Soro en tant que Directeur du Mat\u00e9riel, marquant ainsi un retour aux sources pour ce professionnel chevronn\u00e9. En effet, Samy a d\u00e9but\u00e9 sa carri\u00e8re en 2006 chez Africa Global Logistics (AGL) comme Chef Atelier Mat\u00e9riel Remorqu\u00e9 \u00e0 Sitarail. Sa rigueur et ses comp\u00e9tences lui ont permis de gravir les \u00e9chelons, passant successivement par des postes de responsabilit\u00e9 tels que Chef Atelier bloc Diesel, Chef division Mat\u00e9riel Remorqu\u00e9, Chef D\u00e9partement logistique, \u00e9tude et planification, puis Chef D\u00e9partement mat\u00e9riel roulant.<\/p>\n\n\n\n<p class=\"wp-block-paragraph\">En 2022, Samy Adama Soro d\u00e9cide de renforcer ses comp\u00e9tences en rejoignant Polytechnique Montr\u00e9al au Qu\u00e9bec, o\u00f9 il obtient une Ma\u00eetrise en ing\u00e9nierie en g\u00e9nie industriel, option gestion des op\u00e9rations. Suite \u00e0 cette formation, il met son expertise au service d\u2019Hydro Qu\u00e9bec, en tant que Conseiller performance, dans la gestion de production, de transport et de distribution d\u2019\u00e9lectricit\u00e9. Fort de 15 ans d\u2019exp\u00e9rience en gestion et optimisation des op\u00e9rations et projets, ce polytechnicien revient aujourd\u2019hui au secteur ferroviaire avec une vision renforc\u00e9e, pr\u00eat \u00e0 relever les d\u00e9fis de la production chez CAMRAIL.<\/p>\n\n\n\n<p class=\"wp-block-paragraph\">Les Missions de la Direction du Mat\u00e9riel<\/p>\n\n\n\n<p class=\"wp-block-paragraph\">La Direction du Mat\u00e9riel de CAMRAIL, d\u00e9sormais sous la supervision de Samy Adama Soro, a pour mission principale d\u2019assurer la maintenance du mat\u00e9riel roulant, garantissant ainsi une fiabilit\u00e9 et une s\u00e9curit\u00e9 optimales pour le transport des passagers et des marchandises. Elle<\/p>\n\n\n\n<p class=\"wp-block-paragraph\">\u00e9labore et met en \u0153uvre la politique de maintenance de l\u2019ensemble du parc ferroviaire, d\u00e9finissant les moyens n\u00e9cessaires pour atteindre ses objectifs.<\/p>\n\n\n\n<p class=\"wp-block-paragraph\">En outre, la Direction du Mat\u00e9riel forme le personnel aux meilleures pratiques d\u2019entretien, r\u00e9alise ou fait r\u00e9aliser les modifications requises sur le mat\u00e9riel roulant, et supervise les travaux de relevage. Elle assure<\/p>\n\n\n\n<p class=\"wp-block-paragraph\">\u00e9galement un suivi rigoureux des performances en produisant les informations essentielles pour le syst\u00e8me de reporting, contribuant ainsi<\/p>\n\n\n\n<p class=\"wp-block-paragraph\">\u00e0 l\u2019am\u00e9lioration continue des op\u00e9rations de CAMRAIL. Avec sa solide expertise en gestion des op\u00e9rations et en optimisation des processus, Samy Adama Soro est un atout majeur pour CAMRAIL, pr\u00eat \u00e0 renforcer la fiabilit\u00e9 du mat\u00e9riel roulant et \u00e0 r\u00e9pondre aux exigences croissantes du secteur.<\/p>\n\n\n\n<figure class=\"wp-block-gallery has-nested-images columns-default is-cropped wp-block-gallery-1 is-layout-flex wp-block-gallery-is-layout-flex\">\n<figure class=\"wp-block-image size-large\"><img loading=\"lazy\" decoding=\"async\" width=\"4898\" height=\"4814\" data-id=\"8549\" src=\"https:\/\/camrail.cm\/wp-content\/uploads\/2024\/11\/SAMY-ADAMA-SORO-DMAT-1.jpg\" alt=\"\" class=\"wp-image-8549\"\/><\/figure>\n<\/figure>","protected":false},"excerpt":{"rendered":"<p>C AMRAIL accueille Samy Adama Soro en tant que Directeur du Mat\u00e9riel, marquant ainsi un retour aux sources pour ce professionnel chevronn\u00e9. En effet, Samy a d\u00e9but\u00e9 sa carri\u00e8re en 2006 chez Africa Global Logistics (AGL) comme Chef Atelier Mat\u00e9riel Remorqu\u00e9 \u00e0 Sitarail. Sa rigueur et ses comp\u00e9tences lui ont permis de gravir les \u00e9chelons, passant successivement par des postes de responsabilit\u00e9 tels que Chef Atelier bloc Diesel, Chef division Mat\u00e9riel Remorqu\u00e9, Chef D\u00e9partement logistique, \u00e9tude et planification, puis Chef D\u00e9partement mat\u00e9riel roulant. En 2022, Samy Adama Soro d\u00e9cide de renforcer ses comp\u00e9tences en rejoignant Polytechnique Montr\u00e9al au Qu\u00e9bec, o\u00f9 il obtient une Ma\u00eetrise en ing\u00e9nierie en g\u00e9nie industriel, option gestion des op\u00e9rations. Suite \u00e0 cette formation, il met son expertise au service d\u2019Hydro Qu\u00e9bec, en tant que Conseiller performance, dans la gestion de production, de transport et de distribution d\u2019\u00e9lectricit\u00e9. Fort de 15 ans d\u2019exp\u00e9rience en gestion et optimisation des op\u00e9rations et projets, ce polytechnicien revient aujourd\u2019hui au secteur ferroviaire avec une vision renforc\u00e9e, pr\u00eat \u00e0 relever les d\u00e9fis de la production chez CAMRAIL. Les Missions de la Direction du Mat\u00e9riel La Direction du Mat\u00e9riel de CAMRAIL, d\u00e9sormais sous la supervision de Samy Adama Soro, a pour mission principale d\u2019assurer la maintenance du mat\u00e9riel roulant, garantissant ainsi une fiabilit\u00e9 et une s\u00e9curit\u00e9 optimales pour le transport des passagers et des marchandises. Elle \u00e9labore et met en \u0153uvre la politique de maintenance de l\u2019ensemble du parc ferroviaire, d\u00e9finissant les moyens n\u00e9cessaires pour atteindre ses objectifs. En outre, la Direction du Mat\u00e9riel forme le personnel aux meilleures pratiques d\u2019entretien, r\u00e9alise ou fait r\u00e9aliser les modifications requises sur le mat\u00e9riel roulant, et supervise les travaux de relevage. Elle assure \u00e9galement un suivi rigoureux des performances en produisant les informations essentielles pour le syst\u00e8me de reporting, contribuant ainsi \u00e0 l\u2019am\u00e9lioration continue des op\u00e9rations de CAMRAIL. Avec sa solide expertise en gestion des op\u00e9rations et en optimisation des processus, Samy Adama Soro est un atout majeur pour CAMRAIL, pr\u00eat \u00e0 renforcer la fiabilit\u00e9 du mat\u00e9riel roulant et \u00e0 r\u00e9pondre aux exigences croissantes du secteur.<\/p>","protected":false},"author":9,"featured_media":0,"parent":0,"menu_order":0,"comment_status":"closed","ping_status":"closed","template":"","meta":{"_acf_changed":false,"_crdt_document":"","inline_featured_image":false,"site-sidebar-layout":"default","site-content-layout":"","ast-site-content-layout":"","site-content-style":"default","site-sidebar-style":"default","ast-global-header-display":"","ast-banner-title-visibility":"","ast-main-header-display":"","ast-hfb-above-header-display":"","ast-hfb-below-header-display":"","ast-hfb-mobile-header-display":"","site-post-title":"","ast-breadcrumbs-content":"","ast-featured-img":"","footer-sml-layout":"","theme-transparent-header-meta":"","adv-header-id-meta":"","stick-header-meta":"","header-above-stick-meta":"","header-main-stick-meta":"","header-below-stick-meta":"","astra-migrate-meta-layouts":"default","ast-page-background-enabled":"default","ast-page-background-meta":{"desktop":{"background-color":"var(--ast-global-color-4)","background-image":"","background-repeat":"repeat","background-position":"center center","background-size":"auto","background-attachment":"scroll","background-type":"","background-media":"","overlay-type":"","overlay-color":"","overlay-opacity":"","overlay-gradient":""},"tablet":{"background-color":"","background-image":"","background-repeat":"repeat","background-position":"center center","background-size":"auto","background-attachment":"scroll","background-type":"","background-media":"","overlay-type":"","overlay-color":"","overlay-opacity":"","overlay-gradient":""},"mobile":{"background-color":"","background-image":"","background-repeat":"repeat","background-position":"center center","background-size":"auto","background-attachment":"scroll","background-type":"","background-media":"","overlay-type":"","overlay-color":"","overlay-opacity":"","overlay-gradient":""}},"ast-content-background-meta":{"desktop":{"background-color":"var(--ast-global-color-5)","background-image":"","background-repeat":"repeat","background-position":"center center","background-size":"auto","background-attachment":"scroll","background-type":"","background-media":"","overlay-type":"","overlay-color":"","overlay-opacity":"","overlay-gradient":""},"tablet":{"background-color":"var(--ast-global-color-5)","background-image":"","background-repeat":"repeat","background-position":"center center","background-size":"auto","background-attachment":"scroll","background-type":"","background-media":"","overlay-type":"","overlay-color":"","overlay-opacity":"","overlay-gradient":""},"mobile":{"background-color":"var(--ast-global-color-5)","background-image":"","background-repeat":"repeat","background-position":"center center","background-size":"auto","background-attachment":"scroll","background-type":"","background-media":"","overlay-type":"","overlay-color":"","overlay-opacity":"","overlay-gradient":""}},"footnotes":""},"class_list":["post-8546","page","type-page","status-publish","hentry"],"acf":[],"rttpg_featured_image_url":null,"rttpg_author":{"display_name":"Ibrahimou Sadou","author_link":"https:\/\/camrail.cm\/en\/author\/ibrahimou\/"},"rttpg_comment":0,"rttpg_category":null,"rttpg_excerpt":"C AMRAIL accueille Samy Adama Soro en tant que Directeur du Mat\u00e9riel, marquant ainsi un retour aux sources pour ce professionnel chevronn\u00e9. En effet, Samy a d\u00e9but\u00e9 sa carri\u00e8re en 2006 chez Africa Global Logistics (AGL) comme Chef Atelier Mat\u00e9riel Remorqu\u00e9 \u00e0 Sitarail. Sa rigueur et ses comp\u00e9tences lui ont permis de gravir les \u00e9chelons,&hellip;","_links":{"self":[{"href":"https:\/\/camrail.cm\/en\/wp-json\/wp\/v2\/pages\/8546","targetHints":{"allow":["GET"]}}],"collection":[{"href":"https:\/\/camrail.cm\/en\/wp-json\/wp\/v2\/pages"}],"about":[{"href":"https:\/\/camrail.cm\/en\/wp-json\/wp\/v2\/types\/page"}],"author":[{"embeddable":true,"href":"https:\/\/camrail.cm\/en\/wp-json\/wp\/v2\/users\/9"}],"replies":[{"embeddable":true,"href":"https:\/\/camrail.cm\/en\/wp-json\/wp\/v2\/comments?post=8546"}],"version-history":[{"count":2,"href":"https:\/\/camrail.cm\/en\/wp-json\/wp\/v2\/pages\/8546\/revisions"}],"predecessor-version":[{"id":8555,"href":"https:\/\/camrail.cm\/en\/wp-json\/wp\/v2\/pages\/8546\/revisions\/8555"}],"wp:attachment":[{"href":"https:\/\/camrail.cm\/en\/wp-json\/wp\/v2\/media?parent=8546"}],"curies":[{"name":"wp","href":"https:\/\/api.w.org\/{rel}","templated":true}]}}