{"id":8608,"date":"2024-11-08T07:25:38","date_gmt":"2024-11-08T07:25:38","guid":{"rendered":"https:\/\/camrail.cm\/?page_id=8608"},"modified":"2024-11-11T07:35:52","modified_gmt":"2024-11-11T07:35:52","slug":"camrail-participant-majeur-du-marathon-international-de-douala","status":"publish","type":"page","link":"https:\/\/camrail.cm\/en\/camrail-participant-majeur-du-marathon-international-de-douala\/","title":{"rendered":"Camrail, participant majeur du marathon international de Douala"},"content":{"rendered":"<p class=\"wp-block-paragraph\">Les collaborateurs de CAMRAIL, filiale de Africa Global Logistics, ont activement pris part \u00e0 L\u2019\u00e9dition du Marathon International de Douala, du 22 au 27 octobre 2024, aux c\u00f4t\u00e9s de milliers d\u2019autres athl\u00e8tes venus comp\u00e9tir dans les 5 cat\u00e9gories propos\u00e9es par l\u2019organisation.\u00a0<\/p>\n\n\n\n<p class=\"wp-block-paragraph\">La participation de plus de 101 cheminotes et cheminots volontaires, repr\u00e9sentant l\u2019ensemble des m\u00e9tiers du secteur ferroviaire \u00e0 cette \u00e9dition 2024, a permis de promouvoir le sport et inciter les collaborateurs \u00e0 prendre part \u00e0 l\u2019un des plus grands \u00e9v\u00e9nements sportifs organis\u00e9s dans la capitale \u00e9conomique du Cameroun.&nbsp;<\/p>\n\n\n\n<p class=\"wp-block-paragraph\">\u00ab Le sport a toujours \u00e9t\u00e9 un \u00e9l\u00e9ment f\u00e9d\u00e9rateur pour les cheminots camerounais. C\u2019est d\u2019ailleurs dans cette optique que la Direction g\u00e9n\u00e9rale a encourag\u00e9 la cr\u00e9ation de tout une association au sein de l\u2019entreprise. L\u2019association sportive CAMRAIL regroupe ainsi plusieurs sections dont le football, le karat\u00e9, le judo, le basketball et l\u2019athl\u00e9tisme. Outre la promotion des valeurs sportives, l\u2019Association sportive CAMRAIL vise \u00e0 aider les cheminots \u00e0 rester en bonne sant\u00e9 tout en pratiquant des activit\u00e9s qui puissent les divertir \u00bb, pr\u00e9cise Hamadou Bakary, Directeur G\u00e9n\u00e9ral Adjoint en charge des op\u00e9rations.\u00a0<\/p>\n\n\n\n<p class=\"wp-block-paragraph\">Il est utile de noter que 02 marathoniens amateurs font partie des cheminots ayant pris part \u00e0 la 7e \u00e9dition du Marathon International de Douala. Un \u00e9v\u00e9nement que CAMRAIL avait d\u00e9j\u00e0 soutenu en transportant les invit\u00e9s de marque en 1ere classe du Train Express.<\/p>\n\n\n\n<p class=\"wp-block-paragraph\">Bien que l\u2019objectif premier de l\u2019Association sportive CAMRAIL soit l\u2019\u00e9panouissement physique des cheminots, plusieurs troph\u00e9es et distinctions ont \u00e9t\u00e9 remport\u00e9s ces derni\u00e8res ann\u00e9es. Aussi, CAMRAIL karat\u00e9 a \u00e9t\u00e9 r\u00e9guli\u00e8rement sacr\u00e9 champions du Cameroun et vainqueur de la coupe, alors que l\u2019un de ses athl\u00e8tes d\u00e9crochait un titre continental.\u00a0\u00a0<\/p>\n\n\n\n<p class=\"wp-block-paragraph\">L\u2019implication des cheminots et cheminotes dans des activit\u00e9s sportives collectives est un excellent moyen de renforcer l\u2019esprit d\u2019\u00e9quipe et de promouvoir le bien-\u00eatre au sein de l\u2019entreprise. Ces initiatives contribuent \u00e0 promouvoir la sant\u00e9, la motivation et l\u2019engagement, tout en cr\u00e9ant une culture d\u2019entreprise dynamique et inclusive.\u00a0<\/p>","protected":false},"excerpt":{"rendered":"<p>Les collaborateurs de CAMRAIL, filiale de Africa Global Logistics, ont activement pris part \u00e0 L\u2019\u00e9dition du Marathon International de Douala, du 22 au 27 octobre 2024, aux c\u00f4t\u00e9s de milliers d\u2019autres athl\u00e8tes venus comp\u00e9tir dans les 5 cat\u00e9gories propos\u00e9es par l\u2019organisation.\u00a0 La participation de plus de 101 cheminotes et cheminots volontaires, repr\u00e9sentant l\u2019ensemble des m\u00e9tiers du secteur ferroviaire \u00e0 cette \u00e9dition 2024, a permis de promouvoir le sport et inciter les collaborateurs \u00e0 prendre part \u00e0 l\u2019un des plus grands \u00e9v\u00e9nements sportifs organis\u00e9s dans la capitale \u00e9conomique du Cameroun.&nbsp; \u00ab Le sport a toujours \u00e9t\u00e9 un \u00e9l\u00e9ment f\u00e9d\u00e9rateur pour les cheminots camerounais. C\u2019est d\u2019ailleurs dans cette optique que la Direction g\u00e9n\u00e9rale a encourag\u00e9 la cr\u00e9ation de tout une association au sein de l\u2019entreprise. L\u2019association sportive CAMRAIL regroupe ainsi plusieurs sections dont le football, le karat\u00e9, le judo, le basketball et l\u2019athl\u00e9tisme. Outre la promotion des valeurs sportives, l\u2019Association sportive CAMRAIL vise \u00e0 aider les cheminots \u00e0 rester en bonne sant\u00e9 tout en pratiquant des activit\u00e9s qui puissent les divertir \u00bb, pr\u00e9cise Hamadou Bakary, Directeur G\u00e9n\u00e9ral Adjoint en charge des op\u00e9rations.\u00a0 Il est utile de noter que 02 marathoniens amateurs font partie des cheminots ayant pris part \u00e0 la 7e \u00e9dition du Marathon International de Douala. Un \u00e9v\u00e9nement que CAMRAIL avait d\u00e9j\u00e0 soutenu en transportant les invit\u00e9s de marque en 1ere classe du Train Express. Bien que l\u2019objectif premier de l\u2019Association sportive CAMRAIL soit l\u2019\u00e9panouissement physique des cheminots, plusieurs troph\u00e9es et distinctions ont \u00e9t\u00e9 remport\u00e9s ces derni\u00e8res ann\u00e9es. Aussi, CAMRAIL karat\u00e9 a \u00e9t\u00e9 r\u00e9guli\u00e8rement sacr\u00e9 champions du Cameroun et vainqueur de la coupe, alors que l\u2019un de ses athl\u00e8tes d\u00e9crochait un titre continental.\u00a0\u00a0 L\u2019implication des cheminots et cheminotes dans des activit\u00e9s sportives collectives est un excellent moyen de renforcer l\u2019esprit d\u2019\u00e9quipe et de promouvoir le bien-\u00eatre au sein de l\u2019entreprise. Ces initiatives contribuent \u00e0 promouvoir la sant\u00e9, la motivation et l\u2019engagement, tout en cr\u00e9ant une culture d\u2019entreprise dynamique et inclusive.\u00a0<\/p>","protected":false},"author":9,"featured_media":8611,"parent":0,"menu_order":0,"comment_status":"closed","ping_status":"closed","template":"","meta":{"_acf_changed":false,"_crdt_document":"","inline_featured_image":false,"site-sidebar-layout":"default","site-content-layout":"","ast-site-content-layout":"","site-content-style":"default","site-sidebar-style":"default","ast-global-header-display":"","ast-banner-title-visibility":"","ast-main-header-display":"","ast-hfb-above-header-display":"","ast-hfb-below-header-display":"","ast-hfb-mobile-header-display":"","site-post-title":"","ast-breadcrumbs-content":"","ast-featured-img":"","footer-sml-layout":"","theme-transparent-header-meta":"","adv-header-id-meta":"","stick-header-meta":"","header-above-stick-meta":"","header-main-stick-meta":"","header-below-stick-meta":"","astra-migrate-meta-layouts":"default","ast-page-background-enabled":"default","ast-page-background-meta":{"desktop":{"background-color":"var(--ast-global-color-4)","background-image":"","background-repeat":"repeat","background-position":"center center","background-size":"auto","background-attachment":"scroll","background-type":"","background-media":"","overlay-type":"","overlay-color":"","overlay-opacity":"","overlay-gradient":""},"tablet":{"background-color":"","background-image":"","background-repeat":"repeat","background-position":"center center","background-size":"auto","background-attachment":"scroll","background-type":"","background-media":"","overlay-type":"","overlay-color":"","overlay-opacity":"","overlay-gradient":""},"mobile":{"background-color":"","background-image":"","background-repeat":"repeat","background-position":"center center","background-size":"auto","background-attachment":"scroll","background-type":"","background-media":"","overlay-type":"","overlay-color":"","overlay-opacity":"","overlay-gradient":""}},"ast-content-background-meta":{"desktop":{"background-color":"var(--ast-global-color-5)","background-image":"","background-repeat":"repeat","background-position":"center center","background-size":"auto","background-attachment":"scroll","background-type":"","background-media":"","overlay-type":"","overlay-color":"","overlay-opacity":"","overlay-gradient":""},"tablet":{"background-color":"var(--ast-global-color-5)","background-image":"","background-repeat":"repeat","background-position":"center center","background-size":"auto","background-attachment":"scroll","background-type":"","background-media":"","overlay-type":"","overlay-color":"","overlay-opacity":"","overlay-gradient":""},"mobile":{"background-color":"var(--ast-global-color-5)","background-image":"","background-repeat":"repeat","background-position":"center center","background-size":"auto","background-attachment":"scroll","background-type":"","background-media":"","overlay-type":"","overlay-color":"","overlay-opacity":"","overlay-gradient":""}},"footnotes":""},"class_list":["post-8608","page","type-page","status-publish","has-post-thumbnail","hentry"],"acf":[],"rttpg_featured_image_url":{"full":["https:\/\/camrail.cm\/wp-content\/uploads\/2024\/11\/Marathon-Camrail.jpg",1020,765,false],"landscape":["https:\/\/camrail.cm\/wp-content\/uploads\/2024\/11\/Marathon-Camrail.jpg",1020,765,false],"portraits":["https:\/\/camrail.cm\/wp-content\/uploads\/2024\/11\/Marathon-Camrail.jpg",1020,765,false],"thumbnail":["https:\/\/camrail.cm\/wp-content\/uploads\/2024\/11\/Marathon-Camrail.jpg",150,113,false],"medium":["https:\/\/camrail.cm\/wp-content\/uploads\/2024\/11\/Marathon-Camrail.jpg",300,225,false],"large":["https:\/\/camrail.cm\/wp-content\/uploads\/2024\/11\/Marathon-Camrail.jpg",1020,765,false],"1536x1536":["https:\/\/camrail.cm\/wp-content\/uploads\/2024\/11\/Marathon-Camrail.jpg",1020,765,false],"2048x2048":["https:\/\/camrail.cm\/wp-content\/uploads\/2024\/11\/Marathon-Camrail.jpg",1020,765,false],"trp-custom-language-flag":["https:\/\/camrail.cm\/wp-content\/uploads\/2024\/11\/Marathon-Camrail.jpg",16,12,false],"tp-image-grid":["https:\/\/camrail.cm\/wp-content\/uploads\/2024\/11\/Marathon-Camrail.jpg",700,525,false],"job-image":["https:\/\/camrail.cm\/wp-content\/uploads\/2024\/11\/Marathon-Camrail.jpg",533,400,false]},"rttpg_author":{"display_name":"Ibrahimou Sadou","author_link":"https:\/\/camrail.cm\/en\/author\/ibrahimou\/"},"rttpg_comment":0,"rttpg_category":null,"rttpg_excerpt":"Les collaborateurs de CAMRAIL, filiale de Africa Global Logistics, ont activement pris part \u00e0 L\u2019\u00e9dition du Marathon International de Douala, du 22 au 27 octobre 2024, aux c\u00f4t\u00e9s de milliers d\u2019autres athl\u00e8tes venus comp\u00e9tir dans les 5 cat\u00e9gories propos\u00e9es par l\u2019organisation.\u00a0 La participation de plus de 101 cheminotes et cheminots volontaires, repr\u00e9sentant l\u2019ensemble des m\u00e9tiers&hellip;","_links":{"self":[{"href":"https:\/\/camrail.cm\/en\/wp-json\/wp\/v2\/pages\/8608","targetHints":{"allow":["GET"]}}],"collection":[{"href":"https:\/\/camrail.cm\/en\/wp-json\/wp\/v2\/pages"}],"about":[{"href":"https:\/\/camrail.cm\/en\/wp-json\/wp\/v2\/types\/page"}],"author":[{"embeddable":true,"href":"https:\/\/camrail.cm\/en\/wp-json\/wp\/v2\/users\/9"}],"replies":[{"embeddable":true,"href":"https:\/\/camrail.cm\/en\/wp-json\/wp\/v2\/comments?post=8608"}],"version-history":[{"count":1,"href":"https:\/\/camrail.cm\/en\/wp-json\/wp\/v2\/pages\/8608\/revisions"}],"predecessor-version":[{"id":8612,"href":"https:\/\/camrail.cm\/en\/wp-json\/wp\/v2\/pages\/8608\/revisions\/8612"}],"wp:featuredmedia":[{"embeddable":true,"href":"https:\/\/camrail.cm\/en\/wp-json\/wp\/v2\/media\/8611"}],"wp:attachment":[{"href":"https:\/\/camrail.cm\/en\/wp-json\/wp\/v2\/media?parent=8608"}],"curies":[{"name":"wp","href":"https:\/\/api.w.org\/{rel}","templated":true}]}}