{"id":8681,"date":"2024-11-30T14:37:34","date_gmt":"2024-11-30T14:37:34","guid":{"rendered":"https:\/\/camrail.cm\/?page_id=8681"},"modified":"2024-11-30T14:37:39","modified_gmt":"2024-11-30T14:37:39","slug":"la-direction-generale-de-camrail-en-tournee-sur-le-reseau-ferroviaire","status":"publish","type":"page","link":"https:\/\/camrail.cm\/en\/la-direction-generale-de-camrail-en-tournee-sur-le-reseau-ferroviaire\/","title":{"rendered":"La Direction G\u00e9n\u00e9rale de CAMRAIL en tourn\u00e9e sur le r\u00e9seau ferroviaire"},"content":{"rendered":"<p class=\"wp-block-paragraph\">Cette tourn\u00e9e strat\u00e9gique de la Direction G\u00e9n\u00e9rale conduite par Hamadou Bakary, Directeur G\u00e9n\u00e9ral Adjoint charg\u00e9 des Op\u00e9rations, a d\u00e9but\u00e9 le 18 novembre 2024, dans la Coordination du Littoral.<\/p>\n\n\n\n<p class=\"wp-block-paragraph\">Des arr\u00eats marquants dans les gares de Bassa, Dibamba, Ed\u00e9a Croisement, Es\u00e9ka et bien d\u2019autres ont permis d\u2019\u00e9changer avec les collaborateurs, de visiter les installations et de s\u2019impr\u00e9gner des r\u00e9alit\u00e9s du terrain.<\/p>\n\n\n\n<p class=\"wp-block-paragraph\">\u00c0 Messondo, un accueil exceptionnel a \u00e9t\u00e9 r\u00e9serv\u00e9 \u00e0 la d\u00e9l\u00e9gation, avec une forte mobilisation des populations locales et la pr\u00e9sence du sous-pr\u00e9fet, M. Ga\u00ebl Lovet Mounom.<\/p>\n\n\n\n<p class=\"wp-block-paragraph\">Une initiative qui illustre notre ambition : \u00e9couter, analyser et agir pour un r\u00e9seau ferroviaire toujours plus performant<\/p>\n\n\n\n<div class=\"wp-block-columns is-layout-flex wp-container-core-columns-is-layout-7387b849 wp-block-columns-is-layout-flex\">\n<div class=\"wp-block-column is-layout-flow wp-block-column-is-layout-flow\">\n<figure class=\"wp-block-gallery has-nested-images columns-default is-cropped wp-block-gallery-1 is-layout-flex wp-block-gallery-is-layout-flex\">\n<figure class=\"wp-block-image size-large\"><img loading=\"lazy\" decoding=\"async\" width=\"4080\" height=\"3060\" data-id=\"8685\" src=\"https:\/\/camrail.cm\/wp-content\/uploads\/2024\/11\/IMG_20241118_092213.jpg\" alt=\"\" class=\"wp-image-8685\"\/><\/figure>\n<\/figure>\n<\/div>\n\n\n\n<div class=\"wp-block-column is-layout-flow wp-block-column-is-layout-flow\">\n<figure class=\"wp-block-image size-full\"><img loading=\"lazy\" decoding=\"async\" width=\"3280\" height=\"2464\" src=\"https:\/\/camrail.cm\/wp-content\/uploads\/2024\/11\/IMG_20241118_104313.jpg\" alt=\"\" class=\"wp-image-8686\"\/><\/figure>\n<\/div>\n\n\n\n<div class=\"wp-block-column is-layout-flow wp-block-column-is-layout-flow\">\n<figure class=\"wp-block-gallery has-nested-images columns-default is-cropped wp-block-gallery-2 is-layout-flex wp-block-gallery-is-layout-flex\">\n<figure class=\"wp-block-image size-full\"><img loading=\"lazy\" decoding=\"async\" width=\"3280\" height=\"2464\" data-id=\"8688\" src=\"https:\/\/camrail.cm\/wp-content\/uploads\/2024\/11\/IMG_20241118_124357.jpg\" alt=\"\" class=\"wp-image-8688\"\/><\/figure>\n<\/figure>\n<\/div>\n<\/div>","protected":false},"excerpt":{"rendered":"<p>Cette tourn\u00e9e strat\u00e9gique de la Direction G\u00e9n\u00e9rale conduite par Hamadou Bakary, Directeur G\u00e9n\u00e9ral Adjoint charg\u00e9 des Op\u00e9rations, a d\u00e9but\u00e9 le 18 novembre 2024, dans la Coordination du Littoral. Des arr\u00eats marquants dans les gares de Bassa, Dibamba, Ed\u00e9a Croisement, Es\u00e9ka et bien d\u2019autres ont permis d\u2019\u00e9changer avec les collaborateurs, de visiter les installations et de s\u2019impr\u00e9gner des r\u00e9alit\u00e9s du terrain. \u00c0 Messondo, un accueil exceptionnel a \u00e9t\u00e9 r\u00e9serv\u00e9 \u00e0 la d\u00e9l\u00e9gation, avec une forte mobilisation des populations locales et la pr\u00e9sence du sous-pr\u00e9fet, M. Ga\u00ebl Lovet Mounom. Une initiative qui illustre notre ambition : \u00e9couter, analyser et agir pour un r\u00e9seau ferroviaire toujours plus performant<\/p>","protected":false},"author":9,"featured_media":8684,"parent":0,"menu_order":0,"comment_status":"closed","ping_status":"closed","template":"","meta":{"_acf_changed":false,"_crdt_document":"","inline_featured_image":false,"site-sidebar-layout":"default","site-content-layout":"","ast-site-content-layout":"","site-content-style":"default","site-sidebar-style":"default","ast-global-header-display":"","ast-banner-title-visibility":"","ast-main-header-display":"","ast-hfb-above-header-display":"","ast-hfb-below-header-display":"","ast-hfb-mobile-header-display":"","site-post-title":"","ast-breadcrumbs-content":"","ast-featured-img":"","footer-sml-layout":"","theme-transparent-header-meta":"","adv-header-id-meta":"","stick-header-meta":"","header-above-stick-meta":"","header-main-stick-meta":"","header-below-stick-meta":"","astra-migrate-meta-layouts":"default","ast-page-background-enabled":"default","ast-page-background-meta":{"desktop":{"background-color":"var(--ast-global-color-4)","background-image":"","background-repeat":"repeat","background-position":"center center","background-size":"auto","background-attachment":"scroll","background-type":"","background-media":"","overlay-type":"","overlay-color":"","overlay-opacity":"","overlay-gradient":""},"tablet":{"background-color":"","background-image":"","background-repeat":"repeat","background-position":"center center","background-size":"auto","background-attachment":"scroll","background-type":"","background-media":"","overlay-type":"","overlay-color":"","overlay-opacity":"","overlay-gradient":""},"mobile":{"background-color":"","background-image":"","background-repeat":"repeat","background-position":"center center","background-size":"auto","background-attachment":"scroll","background-type":"","background-media":"","overlay-type":"","overlay-color":"","overlay-opacity":"","overlay-gradient":""}},"ast-content-background-meta":{"desktop":{"background-color":"var(--ast-global-color-5)","background-image":"","background-repeat":"repeat","background-position":"center center","background-size":"auto","background-attachment":"scroll","background-type":"","background-media":"","overlay-type":"","overlay-color":"","overlay-opacity":"","overlay-gradient":""},"tablet":{"background-color":"var(--ast-global-color-5)","background-image":"","background-repeat":"repeat","background-position":"center center","background-size":"auto","background-attachment":"scroll","background-type":"","background-media":"","overlay-type":"","overlay-color":"","overlay-opacity":"","overlay-gradient":""},"mobile":{"background-color":"var(--ast-global-color-5)","background-image":"","background-repeat":"repeat","background-position":"center center","background-size":"auto","background-attachment":"scroll","background-type":"","background-media":"","overlay-type":"","overlay-color":"","overlay-opacity":"","overlay-gradient":""}},"footnotes":""},"class_list":["post-8681","page","type-page","status-publish","has-post-thumbnail","hentry"],"acf":[],"rttpg_featured_image_url":{"full":["https:\/\/camrail.cm\/wp-content\/uploads\/2024\/11\/IMG_20241118_070708.jpg",3280,2464,false],"landscape":["https:\/\/camrail.cm\/wp-content\/uploads\/2024\/11\/IMG_20241118_070708.jpg",3280,2464,false],"portraits":["https:\/\/camrail.cm\/wp-content\/uploads\/2024\/11\/IMG_20241118_070708.jpg",3280,2464,false],"thumbnail":["https:\/\/camrail.cm\/wp-content\/uploads\/2024\/11\/IMG_20241118_070708.jpg",150,113,false],"medium":["https:\/\/camrail.cm\/wp-content\/uploads\/2024\/11\/IMG_20241118_070708.jpg",300,225,false],"large":["https:\/\/camrail.cm\/wp-content\/uploads\/2024\/11\/IMG_20241118_070708.jpg",1024,769,false],"1536x1536":["https:\/\/camrail.cm\/wp-content\/uploads\/2024\/11\/IMG_20241118_070708.jpg",1536,1154,false],"2048x2048":["https:\/\/camrail.cm\/wp-content\/uploads\/2024\/11\/IMG_20241118_070708.jpg",2048,1538,false],"trp-custom-language-flag":["https:\/\/camrail.cm\/wp-content\/uploads\/2024\/11\/IMG_20241118_070708.jpg",16,12,false],"tp-image-grid":["https:\/\/camrail.cm\/wp-content\/uploads\/2024\/11\/IMG_20241118_070708.jpg",700,526,false],"job-image":["https:\/\/camrail.cm\/wp-content\/uploads\/2024\/11\/IMG_20241118_070708.jpg",532,400,false]},"rttpg_author":{"display_name":"Ibrahimou Sadou","author_link":"https:\/\/camrail.cm\/en\/author\/ibrahimou\/"},"rttpg_comment":0,"rttpg_category":null,"rttpg_excerpt":"Cette tourn\u00e9e strat\u00e9gique de la Direction G\u00e9n\u00e9rale conduite par Hamadou Bakary, Directeur G\u00e9n\u00e9ral Adjoint charg\u00e9 des Op\u00e9rations, a d\u00e9but\u00e9 le 18 novembre 2024, dans la Coordination du Littoral. Des arr\u00eats marquants dans les gares de Bassa, Dibamba, Ed\u00e9a Croisement, Es\u00e9ka et bien d\u2019autres ont permis d\u2019\u00e9changer avec les collaborateurs, de visiter les installations et de&hellip;","_links":{"self":[{"href":"https:\/\/camrail.cm\/en\/wp-json\/wp\/v2\/pages\/8681","targetHints":{"allow":["GET"]}}],"collection":[{"href":"https:\/\/camrail.cm\/en\/wp-json\/wp\/v2\/pages"}],"about":[{"href":"https:\/\/camrail.cm\/en\/wp-json\/wp\/v2\/types\/page"}],"author":[{"embeddable":true,"href":"https:\/\/camrail.cm\/en\/wp-json\/wp\/v2\/users\/9"}],"replies":[{"embeddable":true,"href":"https:\/\/camrail.cm\/en\/wp-json\/wp\/v2\/comments?post=8681"}],"version-history":[{"count":1,"href":"https:\/\/camrail.cm\/en\/wp-json\/wp\/v2\/pages\/8681\/revisions"}],"predecessor-version":[{"id":8689,"href":"https:\/\/camrail.cm\/en\/wp-json\/wp\/v2\/pages\/8681\/revisions\/8689"}],"wp:featuredmedia":[{"embeddable":true,"href":"https:\/\/camrail.cm\/en\/wp-json\/wp\/v2\/media\/8684"}],"wp:attachment":[{"href":"https:\/\/camrail.cm\/en\/wp-json\/wp\/v2\/media?parent=8681"}],"curies":[{"name":"wp","href":"https:\/\/api.w.org\/{rel}","templated":true}]}}