{"id":8738,"date":"2024-12-05T09:07:53","date_gmt":"2024-12-05T09:07:53","guid":{"rendered":"https:\/\/camrail.cm\/?page_id=8738"},"modified":"2024-12-05T09:32:50","modified_gmt":"2024-12-05T09:32:50","slug":"camrail-celebre-lexcellence-ferroviaire","status":"publish","type":"page","link":"https:\/\/camrail.cm\/en\/camrail-celebre-lexcellence-ferroviaire\/","title":{"rendered":"CAMRAIL c\u00e9l\u00e8bre l\u2019excellence ferroviaire !"},"content":{"rendered":"<p class=\"wp-block-paragraph\">Des m\u00e9dailles d\u2019honneur des chemins de fer d\u00e9cern\u00e9es aux 100 cheminots m\u00e9ritants ce mercredi 4 d\u00e9cembre 2024.<\/p>\n\n\n\n<p class=\"wp-block-paragraph\">La c\u00e9r\u00e9monie a \u00e9t\u00e9 pr\u00e9sid\u00e9e par le Ministre des Transports Jean Ernest Ngall\u00e8 Bibehe Massena.<\/p>\n\n\n\n<p class=\"wp-block-paragraph\">Ces distinctions reconnaissent l\u2019engagement quotidien des femmes et des hommes qui assurent :<\/p>\n\n\n\n<p class=\"wp-block-paragraph\"><strong>La mobilit\u00e9 des populations,<\/strong><\/p>\n\n\n\n<p class=\"wp-block-paragraph\"><strong>Le ravitaillement des march\u00e9s,<\/strong><\/p>\n\n\n\n<p class=\"wp-block-paragraph\"><strong>Le transport des produits essentiels \u00e0 la vie et au d\u00e9veloppement.<\/strong><\/p>\n\n\n\n<p class=\"wp-block-paragraph\">Cette tradition refait surface \u00e0 un moment cl\u00e9, marqu\u00e9 par la modernisation de notre r\u00e9seau ferroviaire gr\u00e2ce au Programme Quinquennal 2 soutenu par l\u2019\u00c9tat du Cameroun et ses partenaires internationaux.<\/p>\n\n\n\n<div class=\"wp-block-columns is-layout-flex wp-container-core-columns-is-layout-7387b849 wp-block-columns-is-layout-flex\">\n<div class=\"wp-block-column is-layout-flow wp-block-column-is-layout-flow\">\n<figure class=\"wp-block-image size-full\"><img loading=\"lazy\" decoding=\"async\" width=\"1020\" height=\"765\" src=\"https:\/\/camrail.cm\/wp-content\/uploads\/2024\/12\/469366721_978003067694294_6744749929919901828_n.jpg\" alt=\"\" class=\"wp-image-8742\"\/><\/figure>\n<\/div>\n\n\n\n<div class=\"wp-block-column is-layout-flow wp-block-column-is-layout-flow\">\n<figure class=\"wp-block-image size-full\"><img loading=\"lazy\" decoding=\"async\" width=\"1020\" height=\"765\" src=\"https:\/\/camrail.cm\/wp-content\/uploads\/2024\/12\/469216746_978003024360965_3821285420124143712_n.jpg\" alt=\"\" class=\"wp-image-8743\"\/><\/figure>\n<\/div>\n\n\n\n<div class=\"wp-block-column is-layout-flow wp-block-column-is-layout-flow\">\n<figure class=\"wp-block-image size-full\"><img loading=\"lazy\" decoding=\"async\" width=\"765\" height=\"1020\" src=\"https:\/\/camrail.cm\/wp-content\/uploads\/2024\/12\/468943969_978003131027621_929705600554060802_n.jpg\" alt=\"\" class=\"wp-image-8744\"\/><\/figure>\n<\/div>\n<\/div>\n\n\n\n<div class=\"wp-block-columns is-layout-flex wp-container-core-columns-is-layout-7387b849 wp-block-columns-is-layout-flex\">\n<div class=\"wp-block-column is-layout-flow wp-block-column-is-layout-flow\" style=\"flex-basis:25%\">\n<figure class=\"wp-block-image size-full\"><img loading=\"lazy\" decoding=\"async\" width=\"1020\" height=\"765\" src=\"https:\/\/camrail.cm\/wp-content\/uploads\/2024\/12\/468834842_978003121027622_8357793359013868826_n.jpg\" alt=\"\" class=\"wp-image-8745\"\/><\/figure>\n<\/div>\n\n\n\n<div class=\"wp-block-column is-layout-flow wp-block-column-is-layout-flow\" style=\"flex-basis:50%\">\n<figure class=\"wp-block-image size-full\"><img loading=\"lazy\" decoding=\"async\" width=\"1020\" height=\"765\" src=\"https:\/\/camrail.cm\/wp-content\/uploads\/2024\/12\/469320914_978003127694288_4379046934234358225_n.jpg\" alt=\"\" class=\"wp-image-8746\"\/><\/figure>\n<\/div>\n\n\n\n<div class=\"wp-block-column is-layout-flow wp-block-column-is-layout-flow\" style=\"flex-basis:25%\">\n<figure class=\"wp-block-image size-full\"><img loading=\"lazy\" decoding=\"async\" width=\"1020\" height=\"765\" src=\"https:\/\/camrail.cm\/wp-content\/uploads\/2024\/12\/REMISE-DES-MEDAILLES.jpg\" alt=\"\" class=\"wp-image-8747\"\/><\/figure>\n<\/div>\n<\/div>","protected":false},"excerpt":{"rendered":"<p>Des m\u00e9dailles d\u2019honneur des chemins de fer d\u00e9cern\u00e9es aux 100 cheminots m\u00e9ritants ce mercredi 4 d\u00e9cembre 2024. La c\u00e9r\u00e9monie a \u00e9t\u00e9 pr\u00e9sid\u00e9e par le Ministre des Transports Jean Ernest Ngall\u00e8 Bibehe Massena. Ces distinctions reconnaissent l\u2019engagement quotidien des femmes et des hommes qui assurent : La mobilit\u00e9 des populations, Le ravitaillement des march\u00e9s, Le transport des produits essentiels \u00e0 la vie et au d\u00e9veloppement. Cette tradition refait surface \u00e0 un moment cl\u00e9, marqu\u00e9 par la modernisation de notre r\u00e9seau ferroviaire gr\u00e2ce au Programme Quinquennal 2 soutenu par l\u2019\u00c9tat du Cameroun et ses partenaires internationaux.<\/p>","protected":false},"author":9,"featured_media":8741,"parent":0,"menu_order":0,"comment_status":"closed","ping_status":"closed","template":"","meta":{"_acf_changed":false,"_crdt_document":"","inline_featured_image":false,"site-sidebar-layout":"default","site-content-layout":"","ast-site-content-layout":"","site-content-style":"default","site-sidebar-style":"default","ast-global-header-display":"","ast-banner-title-visibility":"","ast-main-header-display":"","ast-hfb-above-header-display":"","ast-hfb-below-header-display":"","ast-hfb-mobile-header-display":"","site-post-title":"","ast-breadcrumbs-content":"","ast-featured-img":"","footer-sml-layout":"","theme-transparent-header-meta":"","adv-header-id-meta":"","stick-header-meta":"","header-above-stick-meta":"","header-main-stick-meta":"","header-below-stick-meta":"","astra-migrate-meta-layouts":"default","ast-page-background-enabled":"default","ast-page-background-meta":{"desktop":{"background-color":"var(--ast-global-color-4)","background-image":"","background-repeat":"repeat","background-position":"center center","background-size":"auto","background-attachment":"scroll","background-type":"","background-media":"","overlay-type":"","overlay-color":"","overlay-opacity":"","overlay-gradient":""},"tablet":{"background-color":"","background-image":"","background-repeat":"repeat","background-position":"center center","background-size":"auto","background-attachment":"scroll","background-type":"","background-media":"","overlay-type":"","overlay-color":"","overlay-opacity":"","overlay-gradient":""},"mobile":{"background-color":"","background-image":"","background-repeat":"repeat","background-position":"center center","background-size":"auto","background-attachment":"scroll","background-type":"","background-media":"","overlay-type":"","overlay-color":"","overlay-opacity":"","overlay-gradient":""}},"ast-content-background-meta":{"desktop":{"background-color":"var(--ast-global-color-5)","background-image":"","background-repeat":"repeat","background-position":"center center","background-size":"auto","background-attachment":"scroll","background-type":"","background-media":"","overlay-type":"","overlay-color":"","overlay-opacity":"","overlay-gradient":""},"tablet":{"background-color":"var(--ast-global-color-5)","background-image":"","background-repeat":"repeat","background-position":"center center","background-size":"auto","background-attachment":"scroll","background-type":"","background-media":"","overlay-type":"","overlay-color":"","overlay-opacity":"","overlay-gradient":""},"mobile":{"background-color":"var(--ast-global-color-5)","background-image":"","background-repeat":"repeat","background-position":"center center","background-size":"auto","background-attachment":"scroll","background-type":"","background-media":"","overlay-type":"","overlay-color":"","overlay-opacity":"","overlay-gradient":""}},"footnotes":""},"class_list":["post-8738","page","type-page","status-publish","has-post-thumbnail","hentry"],"acf":[],"rttpg_featured_image_url":{"full":["https:\/\/camrail.cm\/wp-content\/uploads\/2024\/12\/469020616_978003081027626_793557716991654010_n.jpg",1020,765,false],"landscape":["https:\/\/camrail.cm\/wp-content\/uploads\/2024\/12\/469020616_978003081027626_793557716991654010_n.jpg",1020,765,false],"portraits":["https:\/\/camrail.cm\/wp-content\/uploads\/2024\/12\/469020616_978003081027626_793557716991654010_n.jpg",1020,765,false],"thumbnail":["https:\/\/camrail.cm\/wp-content\/uploads\/2024\/12\/469020616_978003081027626_793557716991654010_n.jpg",150,113,false],"medium":["https:\/\/camrail.cm\/wp-content\/uploads\/2024\/12\/469020616_978003081027626_793557716991654010_n.jpg",300,225,false],"large":["https:\/\/camrail.cm\/wp-content\/uploads\/2024\/12\/469020616_978003081027626_793557716991654010_n.jpg",1020,765,false],"1536x1536":["https:\/\/camrail.cm\/wp-content\/uploads\/2024\/12\/469020616_978003081027626_793557716991654010_n.jpg",1020,765,false],"2048x2048":["https:\/\/camrail.cm\/wp-content\/uploads\/2024\/12\/469020616_978003081027626_793557716991654010_n.jpg",1020,765,false],"trp-custom-language-flag":["https:\/\/camrail.cm\/wp-content\/uploads\/2024\/12\/469020616_978003081027626_793557716991654010_n.jpg",16,12,false],"tp-image-grid":["https:\/\/camrail.cm\/wp-content\/uploads\/2024\/12\/469020616_978003081027626_793557716991654010_n.jpg",700,525,false],"job-image":["https:\/\/camrail.cm\/wp-content\/uploads\/2024\/12\/469020616_978003081027626_793557716991654010_n.jpg",533,400,false]},"rttpg_author":{"display_name":"Ibrahimou Sadou","author_link":"https:\/\/camrail.cm\/en\/author\/ibrahimou\/"},"rttpg_comment":0,"rttpg_category":null,"rttpg_excerpt":"Des m\u00e9dailles d\u2019honneur des chemins de fer d\u00e9cern\u00e9es aux 100 cheminots m\u00e9ritants ce mercredi 4 d\u00e9cembre 2024. La c\u00e9r\u00e9monie a \u00e9t\u00e9 pr\u00e9sid\u00e9e par le Ministre des Transports Jean Ernest Ngall\u00e8 Bibehe Massena. Ces distinctions reconnaissent l\u2019engagement quotidien des femmes et des hommes qui assurent : La mobilit\u00e9 des populations, Le ravitaillement des march\u00e9s, Le transport&hellip;","_links":{"self":[{"href":"https:\/\/camrail.cm\/en\/wp-json\/wp\/v2\/pages\/8738","targetHints":{"allow":["GET"]}}],"collection":[{"href":"https:\/\/camrail.cm\/en\/wp-json\/wp\/v2\/pages"}],"about":[{"href":"https:\/\/camrail.cm\/en\/wp-json\/wp\/v2\/types\/page"}],"author":[{"embeddable":true,"href":"https:\/\/camrail.cm\/en\/wp-json\/wp\/v2\/users\/9"}],"replies":[{"embeddable":true,"href":"https:\/\/camrail.cm\/en\/wp-json\/wp\/v2\/comments?post=8738"}],"version-history":[{"count":2,"href":"https:\/\/camrail.cm\/en\/wp-json\/wp\/v2\/pages\/8738\/revisions"}],"predecessor-version":[{"id":8756,"href":"https:\/\/camrail.cm\/en\/wp-json\/wp\/v2\/pages\/8738\/revisions\/8756"}],"wp:featuredmedia":[{"embeddable":true,"href":"https:\/\/camrail.cm\/en\/wp-json\/wp\/v2\/media\/8741"}],"wp:attachment":[{"href":"https:\/\/camrail.cm\/en\/wp-json\/wp\/v2\/media?parent=8738"}],"curies":[{"name":"wp","href":"https:\/\/api.w.org\/{rel}","templated":true}]}}