{"id":8863,"date":"2024-12-14T12:40:32","date_gmt":"2024-12-14T12:40:32","guid":{"rendered":"https:\/\/camrail.cm\/?page_id=8863"},"modified":"2024-12-28T12:45:15","modified_gmt":"2024-12-28T12:45:15","slug":"finale-de-la-coupe-saint-eloi-2024-victoire-historique-pour-express-fc-de-la-coordination-du-centre","status":"publish","type":"page","link":"https:\/\/camrail.cm\/en\/finale-de-la-coupe-saint-eloi-2024-victoire-historique-pour-express-fc-de-la-coordination-du-centre\/","title":{"rendered":"Finale de la Coupe Saint-Eloi 2024.Victoire historique pour Express FC de la Coordination du Centre"},"content":{"rendered":"<p>Le samedi 7 d\u00e9cembre 2024, le stade Saint-Eloi des ateliers centraux de Bassa a vibr\u00e9 au rythme de la finale de la Coupe Saint-Eloi 2024, un moment inoubliable dans le cadre des festivit\u00e9s d\u00e9di\u00e9es au patron des cheminots.<\/p>\n<p class=\"noSpacingAbove noSpacingBelow\" data-text-type=\"noSpacing\">Dans une rencontre spectaculaire, Express FC de la Coordination du Centre a mis fin \u00e0 l\u2019invincibilit\u00e9 de Trafic FC de la Coordination du Littoral en s\u2019imposant sur le score m\u00e9morable de 5-4.<\/p>\n<p><strong>Faits marquants du match :<\/strong><\/p>\n<ul class=\"customListStyle\">\n<li>Un doubl\u00e9 explosif en premi\u00e8re mi-temps pour un score \u00e9quilibr\u00e9 (2-2).<\/li>\n<li>Une seconde p\u00e9riode domin\u00e9e par Alain Mbonde, meilleur joueur de la finale, auteur d\u2019un tripl\u00e9 d\u00e9cisif !<\/li>\n<\/ul>\n<p class=\"noSpacingAbove noSpacingBelow\" data-text-type=\"noSpacing\">F\u00e9licitations aux deux \u00e9quipes pour cette tr\u00e8s belle prestation, et surtout \u00e0 Express FC qui repart avec les honneurs.<\/p>\n<p>Les supporters et encadreurs peuvent \u00eatre fiers : cette victoire ouvre une nouvelle \u00e8re dans la comp\u00e9tition.<img loading=\"lazy\" decoding=\"async\" class=\"size-full wp-image-8866 aligncenter\" src=\"https:\/\/camrail.cm\/wp-content\/uploads\/2024\/12\/CAMRAIL-EXPRESS-FC.jpg\" alt=\"\" width=\"2048\" height=\"1365\" \/><\/p>\n<p><strong>Rendez-vous en 2025 pour une nouvelle saison sport ive pleine de d\u00e9fis et de passion !<\/strong><\/p>","protected":false},"excerpt":{"rendered":"<p>Le samedi 7 d\u00e9cembre 2024, le stade Saint-Eloi des ateliers centraux de Bassa a vibr\u00e9 au rythme de la finale de la Coupe Saint-Eloi 2024, un moment inoubliable dans le cadre des festivit\u00e9s d\u00e9di\u00e9es au patron des cheminots. Dans une rencontre spectaculaire, Express FC de la Coordination du Centre a mis fin \u00e0 l\u2019invincibilit\u00e9 de Trafic FC de la Coordination du Littoral en s\u2019imposant sur le score m\u00e9morable de 5-4. Faits marquants du match : Un doubl\u00e9 explosif en premi\u00e8re mi-temps pour un score \u00e9quilibr\u00e9 (2-2). Une seconde p\u00e9riode domin\u00e9e par Alain Mbonde, meilleur joueur de la finale, auteur d\u2019un tripl\u00e9 d\u00e9cisif ! F\u00e9licitations aux deux \u00e9quipes pour cette tr\u00e8s belle prestation, et surtout \u00e0 Express FC qui repart avec les honneurs. Les supporters et encadreurs peuvent \u00eatre fiers : cette victoire ouvre une nouvelle \u00e8re dans la comp\u00e9tition. Rendez-vous en 2025 pour une nouvelle saison sport ive pleine de d\u00e9fis et de passion !<\/p>","protected":false},"author":9,"featured_media":8867,"parent":0,"menu_order":0,"comment_status":"closed","ping_status":"closed","template":"","meta":{"_acf_changed":false,"_crdt_document":"","inline_featured_image":false,"site-sidebar-layout":"default","site-content-layout":"","ast-site-content-layout":"default","site-content-style":"default","site-sidebar-style":"default","ast-global-header-display":"","ast-banner-title-visibility":"","ast-main-header-display":"","ast-hfb-above-header-display":"","ast-hfb-below-header-display":"","ast-hfb-mobile-header-display":"","site-post-title":"","ast-breadcrumbs-content":"","ast-featured-img":"","footer-sml-layout":"","theme-transparent-header-meta":"default","adv-header-id-meta":"","stick-header-meta":"","header-above-stick-meta":"","header-main-stick-meta":"","header-below-stick-meta":"","astra-migrate-meta-layouts":"set","ast-page-background-enabled":"default","ast-page-background-meta":{"desktop":{"background-color":"var(--ast-global-color-4)","background-image":"","background-repeat":"repeat","background-position":"center center","background-size":"auto","background-attachment":"scroll","background-type":"","background-media":"","overlay-type":"","overlay-color":"","overlay-opacity":"","overlay-gradient":""},"tablet":{"background-color":"","background-image":"","background-repeat":"repeat","background-position":"center center","background-size":"auto","background-attachment":"scroll","background-type":"","background-media":"","overlay-type":"","overlay-color":"","overlay-opacity":"","overlay-gradient":""},"mobile":{"background-color":"","background-image":"","background-repeat":"repeat","background-position":"center center","background-size":"auto","background-attachment":"scroll","background-type":"","background-media":"","overlay-type":"","overlay-color":"","overlay-opacity":"","overlay-gradient":""}},"ast-content-background-meta":{"desktop":{"background-color":"var(--ast-global-color-5)","background-image":"","background-repeat":"repeat","background-position":"center center","background-size":"auto","background-attachment":"scroll","background-type":"","background-media":"","overlay-type":"","overlay-color":"","overlay-opacity":"","overlay-gradient":""},"tablet":{"background-color":"var(--ast-global-color-5)","background-image":"","background-repeat":"repeat","background-position":"center center","background-size":"auto","background-attachment":"scroll","background-type":"","background-media":"","overlay-type":"","overlay-color":"","overlay-opacity":"","overlay-gradient":""},"mobile":{"background-color":"var(--ast-global-color-5)","background-image":"","background-repeat":"repeat","background-position":"center center","background-size":"auto","background-attachment":"scroll","background-type":"","background-media":"","overlay-type":"","overlay-color":"","overlay-opacity":"","overlay-gradient":""}},"footnotes":""},"class_list":["post-8863","page","type-page","status-publish","has-post-thumbnail","hentry"],"acf":[],"rttpg_featured_image_url":{"full":["https:\/\/camrail.cm\/wp-content\/uploads\/2024\/12\/CAMRAIL-EXPRESS-FC4.jpg",2048,1365,false],"landscape":["https:\/\/camrail.cm\/wp-content\/uploads\/2024\/12\/CAMRAIL-EXPRESS-FC4.jpg",2048,1365,false],"portraits":["https:\/\/camrail.cm\/wp-content\/uploads\/2024\/12\/CAMRAIL-EXPRESS-FC4.jpg",2048,1365,false],"thumbnail":["https:\/\/camrail.cm\/wp-content\/uploads\/2024\/12\/CAMRAIL-EXPRESS-FC4.jpg",150,100,false],"medium":["https:\/\/camrail.cm\/wp-content\/uploads\/2024\/12\/CAMRAIL-EXPRESS-FC4.jpg",300,200,false],"large":["https:\/\/camrail.cm\/wp-content\/uploads\/2024\/12\/CAMRAIL-EXPRESS-FC4.jpg",1024,683,false],"1536x1536":["https:\/\/camrail.cm\/wp-content\/uploads\/2024\/12\/CAMRAIL-EXPRESS-FC4.jpg",1536,1024,false],"2048x2048":["https:\/\/camrail.cm\/wp-content\/uploads\/2024\/12\/CAMRAIL-EXPRESS-FC4.jpg",2048,1365,false],"trp-custom-language-flag":["https:\/\/camrail.cm\/wp-content\/uploads\/2024\/12\/CAMRAIL-EXPRESS-FC4.jpg",18,12,false],"tp-image-grid":["https:\/\/camrail.cm\/wp-content\/uploads\/2024\/12\/CAMRAIL-EXPRESS-FC4.jpg",700,467,false],"job-image":["https:\/\/camrail.cm\/wp-content\/uploads\/2024\/12\/CAMRAIL-EXPRESS-FC4.jpg",600,400,false]},"rttpg_author":{"display_name":"Ibrahimou Sadou","author_link":"https:\/\/camrail.cm\/en\/author\/ibrahimou\/"},"rttpg_comment":0,"rttpg_category":null,"rttpg_excerpt":"Le samedi 7 d\u00e9cembre 2024, le stade Saint-Eloi des ateliers centraux de Bassa a vibr\u00e9 au rythme de la finale de la Coupe Saint-Eloi 2024, un moment inoubliable dans le cadre des festivit\u00e9s d\u00e9di\u00e9es au patron des cheminots. Dans une rencontre spectaculaire, Express FC de la Coordination du Centre a mis fin \u00e0 l\u2019invincibilit\u00e9 de&hellip;","_links":{"self":[{"href":"https:\/\/camrail.cm\/en\/wp-json\/wp\/v2\/pages\/8863","targetHints":{"allow":["GET"]}}],"collection":[{"href":"https:\/\/camrail.cm\/en\/wp-json\/wp\/v2\/pages"}],"about":[{"href":"https:\/\/camrail.cm\/en\/wp-json\/wp\/v2\/types\/page"}],"author":[{"embeddable":true,"href":"https:\/\/camrail.cm\/en\/wp-json\/wp\/v2\/users\/9"}],"replies":[{"embeddable":true,"href":"https:\/\/camrail.cm\/en\/wp-json\/wp\/v2\/comments?post=8863"}],"version-history":[{"count":2,"href":"https:\/\/camrail.cm\/en\/wp-json\/wp\/v2\/pages\/8863\/revisions"}],"predecessor-version":[{"id":8870,"href":"https:\/\/camrail.cm\/en\/wp-json\/wp\/v2\/pages\/8863\/revisions\/8870"}],"wp:featuredmedia":[{"embeddable":true,"href":"https:\/\/camrail.cm\/en\/wp-json\/wp\/v2\/media\/8867"}],"wp:attachment":[{"href":"https:\/\/camrail.cm\/en\/wp-json\/wp\/v2\/media?parent=8863"}],"curies":[{"name":"wp","href":"https:\/\/api.w.org\/{rel}","templated":true}]}}