{"id":8875,"date":"2024-12-24T12:49:52","date_gmt":"2024-12-24T12:49:52","guid":{"rendered":"https:\/\/camrail.cm\/?page_id=8875"},"modified":"2024-12-28T12:55:56","modified_gmt":"2024-12-28T12:55:56","slug":"un-noel-magique-pour-150-enfants","status":"publish","type":"page","link":"https:\/\/camrail.cm\/en\/un-noel-magique-pour-150-enfants\/","title":{"rendered":"Un Noel magique pour 150 enfants!"},"content":{"rendered":"<p class=\"noSpacingAbove noSpacingBelow\" data-text-type=\"noSpacing\">Le lundi 23 d\u00e9cembre 2024, CAMRAIL a c\u00e9l\u00e9br\u00e9 son traditionnel Arbre de No\u00ebl, rassemblant 150 enfants \u00e2g\u00e9s de 5 \u00e0 7 ans pour une journ\u00e9e riche en surprises et en convivialit\u00e9. Cette f\u00eate annuelle, qui s\u2019inscrit dans les valeurs de partage et de solidarit\u00e9 de l\u2019entreprise, a transform\u00e9 le si\u00e8ge de CAMRAIL en un v\u00e9ritable espace enchant\u00e9 d\u00e9di\u00e9 aux plus jeunes.<\/p>\n<p>D\u00e8s le d\u00e9but de la matin\u00e9e, les enfants ont \u00e9t\u00e9 accueillis dans une ambiance festive et chaleureuse. Entre ch\u00e2teaux gonflables, ateliers de confection de bijoux, jeux concours de culture g\u00e9n\u00e9rale, chants, et r\u00e9citations, tout \u00e9tait r\u00e9uni pour \u00e9merveiller les petits invit\u00e9s. Ces activit\u00e9s vari\u00e9es ont permis \u00e0 chacun de s\u2019amuser tout en d\u00e9veloppant sa cr\u00e9ativit\u00e9 et son esprit de comp\u00e9tition dans la bonne humeur.<\/p>\n<p>La c\u00e9r\u00e9monie officielle a \u00e9t\u00e9 marqu\u00e9e par l\u2019arriv\u00e9e des membres du Comit\u00e9 de direction, avec notamment Mme Genevi\u00e8ve SEN SANY, Directrice des Affaires Juridiques et des Assurances, venue au nom du Directeur G\u00e9n\u00e9ral. \u00a0Lors de son allocution, elle a adress\u00e9 un message empreint de bienveillance aux enfants et \u00e0 leurs parents, saluant leur d\u00e9vouement et rappelant que \u00ab les enfants sont ce que les parents ont de plus cher \u00bb.<\/p>\n<p>L\u2019apr\u00e8s-midi s\u2019est poursuivi avec la remise des cadeaux tant attendus, une collation festive, et des jeux qui ont combl\u00e9 petits et grands. Ces moments de joie et de partage resteront grav\u00e9s dans les m\u00e9moires des familles pr\u00e9sentes.<\/p>\n<p>Cet Arbre de No\u00ebl 2024 a une fois de plus montr\u00e9 l\u2019attachement de CAMRAIL \u00e0 ses employ\u00e9s et \u00e0 leurs proches, en offrant une journ\u00e9e d\u2019\u00e9panouissement et de c\u00e9l\u00e9bration pour tous.<\/p>\n<p><img loading=\"lazy\" decoding=\"async\" class=\"alignnone size-full wp-image-8878\" src=\"https:\/\/camrail.cm\/wp-content\/uploads\/2024\/12\/Arbre-de-Noel1.jpg\" alt=\"\" width=\"1020\" height=\"765\" \/><\/p>","protected":false},"excerpt":{"rendered":"<p>Le lundi 23 d\u00e9cembre 2024, CAMRAIL a c\u00e9l\u00e9br\u00e9 son traditionnel Arbre de No\u00ebl, rassemblant 150 enfants \u00e2g\u00e9s de 5 \u00e0 7 ans pour une journ\u00e9e riche en surprises et en convivialit\u00e9. Cette f\u00eate annuelle, qui s\u2019inscrit dans les valeurs de partage et de solidarit\u00e9 de l\u2019entreprise, a transform\u00e9 le si\u00e8ge de CAMRAIL en un v\u00e9ritable espace enchant\u00e9 d\u00e9di\u00e9 aux plus jeunes. D\u00e8s le d\u00e9but de la matin\u00e9e, les enfants ont \u00e9t\u00e9 accueillis dans une ambiance festive et chaleureuse. Entre ch\u00e2teaux gonflables, ateliers de confection de bijoux, jeux concours de culture g\u00e9n\u00e9rale, chants, et r\u00e9citations, tout \u00e9tait r\u00e9uni pour \u00e9merveiller les petits invit\u00e9s. Ces activit\u00e9s vari\u00e9es ont permis \u00e0 chacun de s\u2019amuser tout en d\u00e9veloppant sa cr\u00e9ativit\u00e9 et son esprit de comp\u00e9tition dans la bonne humeur. La c\u00e9r\u00e9monie officielle a \u00e9t\u00e9 marqu\u00e9e par l\u2019arriv\u00e9e des membres du Comit\u00e9 de direction, avec notamment Mme Genevi\u00e8ve SEN SANY, Directrice des Affaires Juridiques et des Assurances, venue au nom du Directeur G\u00e9n\u00e9ral. \u00a0Lors de son allocution, elle a adress\u00e9 un message empreint de bienveillance aux enfants et \u00e0 leurs parents, saluant leur d\u00e9vouement et rappelant que \u00ab les enfants sont ce que les parents ont de plus cher \u00bb. L\u2019apr\u00e8s-midi s\u2019est poursuivi avec la remise des cadeaux tant attendus, une collation festive, et des jeux qui ont combl\u00e9 petits et grands. Ces moments de joie et de partage resteront grav\u00e9s dans les m\u00e9moires des familles pr\u00e9sentes. Cet Arbre de No\u00ebl 2024 a une fois de plus montr\u00e9 l\u2019attachement de CAMRAIL \u00e0 ses employ\u00e9s et \u00e0 leurs proches, en offrant une journ\u00e9e d\u2019\u00e9panouissement et de c\u00e9l\u00e9bration pour tous.<\/p>","protected":false},"author":9,"featured_media":8879,"parent":0,"menu_order":0,"comment_status":"closed","ping_status":"closed","template":"","meta":{"_acf_changed":false,"_crdt_document":"","inline_featured_image":false,"site-sidebar-layout":"default","site-content-layout":"","ast-site-content-layout":"default","site-content-style":"default","site-sidebar-style":"default","ast-global-header-display":"","ast-banner-title-visibility":"","ast-main-header-display":"","ast-hfb-above-header-display":"","ast-hfb-below-header-display":"","ast-hfb-mobile-header-display":"","site-post-title":"","ast-breadcrumbs-content":"","ast-featured-img":"","footer-sml-layout":"","theme-transparent-header-meta":"default","adv-header-id-meta":"","stick-header-meta":"","header-above-stick-meta":"","header-main-stick-meta":"","header-below-stick-meta":"","astra-migrate-meta-layouts":"set","ast-page-background-enabled":"default","ast-page-background-meta":{"desktop":{"background-color":"var(--ast-global-color-4)","background-image":"","background-repeat":"repeat","background-position":"center center","background-size":"auto","background-attachment":"scroll","background-type":"","background-media":"","overlay-type":"","overlay-color":"","overlay-opacity":"","overlay-gradient":""},"tablet":{"background-color":"","background-image":"","background-repeat":"repeat","background-position":"center center","background-size":"auto","background-attachment":"scroll","background-type":"","background-media":"","overlay-type":"","overlay-color":"","overlay-opacity":"","overlay-gradient":""},"mobile":{"background-color":"","background-image":"","background-repeat":"repeat","background-position":"center center","background-size":"auto","background-attachment":"scroll","background-type":"","background-media":"","overlay-type":"","overlay-color":"","overlay-opacity":"","overlay-gradient":""}},"ast-content-background-meta":{"desktop":{"background-color":"var(--ast-global-color-5)","background-image":"","background-repeat":"repeat","background-position":"center center","background-size":"auto","background-attachment":"scroll","background-type":"","background-media":"","overlay-type":"","overlay-color":"","overlay-opacity":"","overlay-gradient":""},"tablet":{"background-color":"var(--ast-global-color-5)","background-image":"","background-repeat":"repeat","background-position":"center center","background-size":"auto","background-attachment":"scroll","background-type":"","background-media":"","overlay-type":"","overlay-color":"","overlay-opacity":"","overlay-gradient":""},"mobile":{"background-color":"var(--ast-global-color-5)","background-image":"","background-repeat":"repeat","background-position":"center center","background-size":"auto","background-attachment":"scroll","background-type":"","background-media":"","overlay-type":"","overlay-color":"","overlay-opacity":"","overlay-gradient":""}},"footnotes":""},"class_list":["post-8875","page","type-page","status-publish","has-post-thumbnail","hentry"],"acf":[],"rttpg_featured_image_url":{"full":["https:\/\/camrail.cm\/wp-content\/uploads\/2024\/12\/Arbre-de-Noel2.jpg",1020,765,false],"landscape":["https:\/\/camrail.cm\/wp-content\/uploads\/2024\/12\/Arbre-de-Noel2.jpg",1020,765,false],"portraits":["https:\/\/camrail.cm\/wp-content\/uploads\/2024\/12\/Arbre-de-Noel2.jpg",1020,765,false],"thumbnail":["https:\/\/camrail.cm\/wp-content\/uploads\/2024\/12\/Arbre-de-Noel2.jpg",150,113,false],"medium":["https:\/\/camrail.cm\/wp-content\/uploads\/2024\/12\/Arbre-de-Noel2.jpg",300,225,false],"large":["https:\/\/camrail.cm\/wp-content\/uploads\/2024\/12\/Arbre-de-Noel2.jpg",1020,765,false],"1536x1536":["https:\/\/camrail.cm\/wp-content\/uploads\/2024\/12\/Arbre-de-Noel2.jpg",1020,765,false],"2048x2048":["https:\/\/camrail.cm\/wp-content\/uploads\/2024\/12\/Arbre-de-Noel2.jpg",1020,765,false],"trp-custom-language-flag":["https:\/\/camrail.cm\/wp-content\/uploads\/2024\/12\/Arbre-de-Noel2.jpg",16,12,false],"tp-image-grid":["https:\/\/camrail.cm\/wp-content\/uploads\/2024\/12\/Arbre-de-Noel2.jpg",700,525,false],"job-image":["https:\/\/camrail.cm\/wp-content\/uploads\/2024\/12\/Arbre-de-Noel2.jpg",533,400,false]},"rttpg_author":{"display_name":"Ibrahimou Sadou","author_link":"https:\/\/camrail.cm\/en\/author\/ibrahimou\/"},"rttpg_comment":0,"rttpg_category":null,"rttpg_excerpt":"Le lundi 23 d\u00e9cembre 2024, CAMRAIL a c\u00e9l\u00e9br\u00e9 son traditionnel Arbre de No\u00ebl, rassemblant 150 enfants \u00e2g\u00e9s de 5 \u00e0 7 ans pour une journ\u00e9e riche en surprises et en convivialit\u00e9. Cette f\u00eate annuelle, qui s\u2019inscrit dans les valeurs de partage et de solidarit\u00e9 de l\u2019entreprise, a transform\u00e9 le si\u00e8ge de CAMRAIL en un v\u00e9ritable&hellip;","_links":{"self":[{"href":"https:\/\/camrail.cm\/en\/wp-json\/wp\/v2\/pages\/8875","targetHints":{"allow":["GET"]}}],"collection":[{"href":"https:\/\/camrail.cm\/en\/wp-json\/wp\/v2\/pages"}],"about":[{"href":"https:\/\/camrail.cm\/en\/wp-json\/wp\/v2\/types\/page"}],"author":[{"embeddable":true,"href":"https:\/\/camrail.cm\/en\/wp-json\/wp\/v2\/users\/9"}],"replies":[{"embeddable":true,"href":"https:\/\/camrail.cm\/en\/wp-json\/wp\/v2\/comments?post=8875"}],"version-history":[{"count":1,"href":"https:\/\/camrail.cm\/en\/wp-json\/wp\/v2\/pages\/8875\/revisions"}],"predecessor-version":[{"id":8880,"href":"https:\/\/camrail.cm\/en\/wp-json\/wp\/v2\/pages\/8875\/revisions\/8880"}],"wp:featuredmedia":[{"embeddable":true,"href":"https:\/\/camrail.cm\/en\/wp-json\/wp\/v2\/media\/8879"}],"wp:attachment":[{"href":"https:\/\/camrail.cm\/en\/wp-json\/wp\/v2\/media?parent=8875"}],"curies":[{"name":"wp","href":"https:\/\/api.w.org\/{rel}","templated":true}]}}