{"id":8913,"date":"2025-01-07T16:01:04","date_gmt":"2025-01-07T16:01:04","guid":{"rendered":"https:\/\/camrail.cm\/?page_id=8913"},"modified":"2025-01-07T16:01:04","modified_gmt":"2025-01-07T16:01:04","slug":"decouvrez-la-locomotive-le-podcast-de-camrail","status":"publish","type":"page","link":"https:\/\/camrail.cm\/en\/decouvrez-la-locomotive-le-podcast-de-camrail\/","title":{"rendered":"D\u00e9couvrez \u00ab\u00a0La Locomotive\u00a0\u00bb, le podcast de CAMRAIL !"},"content":{"rendered":"<p>CAMRAIL innove et s\u2019engage davantage dans sa mission d\u2019informer, de sensibiliser et de rapprocher les communaut\u00e9s ferroviaires avec le lancement de son tout premier podcast mensuel intitul\u00e9 \u00abLa Locomotive\u00bb. Ce programme in\u00e9dit, dont la premi\u00e8re diffusion est pr\u00e9vue \u00e0 la fin du<br \/>\nmois de janvier 2025, promet d\u2019\u00eatre un rendez-vous incontournable pour d\u00e9couvrir l\u2019univers du rail sous un nouvel angle.<\/p>\n<p>Un format innovant, des contenus diversifi\u00e9s. \u00c0 travers cinq rubriques captivantes, \u00abLa Locomotive\u00bb abordera chaque mois des th\u00e8mes vari\u00e9s qui refl\u00e8tent les priorit\u00e9s et les engagements de CAMRAIL :<\/p>\n<ul>\n<li><strong>L\u2019actu\u2019Rail :\u00a0<\/strong>Une plong\u00e9e dans\u00a0les grandes actualit\u00e9s ferroviaires du\u00a0Cameroun et d\u2019ailleurs.<\/li>\n<li data-text-type=\"noSpacing\"><strong>Un jour, un m\u00e9tier :<\/strong>Focus sur les\u00a0hommes et femmes qui font vivre le rail.<\/li>\n<li data-text-type=\"noSpacing\"><strong>Infos pratiques\u00a0<\/strong>: Des conseils\u00a0utiles pour am\u00e9liorer l\u2019exp\u00e9rience des\u00a0voyageurs.<\/li>\n<li data-text-type=\"noSpacing\"><strong>Le talk s\u00e9curit\u00e9 :<\/strong>Un espace d\u00e9di\u00e9\u00a0\u00e0 la sensibilisation sur les r\u00e8gles\u00a0essentielles de s\u00e9curit\u00e9 ferroviaire.<\/li>\n<li data-text-type=\"noSpacing\"><strong>Et demain :<\/strong>Un regard sur les\u00a0innovations et projets d\u2019avenir de\u00a0CAMRAIL.<\/li>\n<\/ul>\n<p><strong>Pourquoi un podcast ?<\/strong><br \/>\nCe format moderne et accessible a \u00e9t\u00e9 choisi pour r\u00e9pondre aux attentes d\u2019un public de plus en plus\u00a0connect\u00e9 et avide de contenu informatif et inspirant. Avec \u00abLa Locomotive\u00bb, CAMRAIL souhaite\u00a0\u00e9tablir un lien direct et engageant avec ses usagers, ses partenaires et toutes les parties prenantes\u00a0int\u00e9ress\u00e9es par le d\u00e9veloppement du transport ferroviaire au Cameroun.<\/p>\n<p><strong>Une ambition port\u00e9e par des objectifs clairs:<\/strong><br \/>\n\u2022 Informer sur les actions et les projets de CAMRAIL.<\/p>","protected":false},"excerpt":{"rendered":"<p>CAMRAIL innove et s\u2019engage davantage dans sa mission d\u2019informer, de sensibiliser et de rapprocher les communaut\u00e9s ferroviaires avec le lancement de son tout premier podcast mensuel intitul\u00e9 \u00abLa Locomotive\u00bb. Ce programme in\u00e9dit, dont la premi\u00e8re diffusion est pr\u00e9vue \u00e0 la fin du mois de janvier 2025, promet d\u2019\u00eatre un rendez-vous incontournable pour d\u00e9couvrir l\u2019univers du rail sous un nouvel angle. Un format innovant, des contenus diversifi\u00e9s. \u00c0 travers cinq rubriques captivantes, \u00abLa Locomotive\u00bb abordera chaque mois des th\u00e8mes vari\u00e9s qui refl\u00e8tent les priorit\u00e9s et les engagements de CAMRAIL : L\u2019actu\u2019Rail :\u00a0Une plong\u00e9e dans\u00a0les grandes actualit\u00e9s ferroviaires du\u00a0Cameroun et d\u2019ailleurs. Un jour, un m\u00e9tier :Focus sur les\u00a0hommes et femmes qui font vivre le rail. Infos pratiques\u00a0: Des conseils\u00a0utiles pour am\u00e9liorer l\u2019exp\u00e9rience des\u00a0voyageurs. Le talk s\u00e9curit\u00e9 :Un espace d\u00e9di\u00e9\u00a0\u00e0 la sensibilisation sur les r\u00e8gles\u00a0essentielles de s\u00e9curit\u00e9 ferroviaire. Et demain :Un regard sur les\u00a0innovations et projets d\u2019avenir de\u00a0CAMRAIL. Pourquoi un podcast ? Ce format moderne et accessible a \u00e9t\u00e9 choisi pour r\u00e9pondre aux attentes d\u2019un public de plus en plus\u00a0connect\u00e9 et avide de contenu informatif et inspirant. Avec \u00abLa Locomotive\u00bb, CAMRAIL souhaite\u00a0\u00e9tablir un lien direct et engageant avec ses usagers, ses partenaires et toutes les parties prenantes\u00a0int\u00e9ress\u00e9es par le d\u00e9veloppement du transport ferroviaire au Cameroun. Une ambition port\u00e9e par des objectifs clairs: \u2022 Informer sur les actions et les projets de CAMRAIL.<\/p>","protected":false},"author":9,"featured_media":8916,"parent":0,"menu_order":0,"comment_status":"closed","ping_status":"closed","template":"","meta":{"_acf_changed":false,"_crdt_document":"","inline_featured_image":false,"site-sidebar-layout":"default","site-content-layout":"","ast-site-content-layout":"default","site-content-style":"default","site-sidebar-style":"default","ast-global-header-display":"","ast-banner-title-visibility":"","ast-main-header-display":"","ast-hfb-above-header-display":"","ast-hfb-below-header-display":"","ast-hfb-mobile-header-display":"","site-post-title":"","ast-breadcrumbs-content":"","ast-featured-img":"","footer-sml-layout":"","theme-transparent-header-meta":"default","adv-header-id-meta":"","stick-header-meta":"","header-above-stick-meta":"","header-main-stick-meta":"","header-below-stick-meta":"","astra-migrate-meta-layouts":"set","ast-page-background-enabled":"default","ast-page-background-meta":{"desktop":{"background-color":"var(--ast-global-color-4)","background-image":"","background-repeat":"repeat","background-position":"center center","background-size":"auto","background-attachment":"scroll","background-type":"","background-media":"","overlay-type":"","overlay-color":"","overlay-opacity":"","overlay-gradient":""},"tablet":{"background-color":"","background-image":"","background-repeat":"repeat","background-position":"center center","background-size":"auto","background-attachment":"scroll","background-type":"","background-media":"","overlay-type":"","overlay-color":"","overlay-opacity":"","overlay-gradient":""},"mobile":{"background-color":"","background-image":"","background-repeat":"repeat","background-position":"center center","background-size":"auto","background-attachment":"scroll","background-type":"","background-media":"","overlay-type":"","overlay-color":"","overlay-opacity":"","overlay-gradient":""}},"ast-content-background-meta":{"desktop":{"background-color":"var(--ast-global-color-5)","background-image":"","background-repeat":"repeat","background-position":"center center","background-size":"auto","background-attachment":"scroll","background-type":"","background-media":"","overlay-type":"","overlay-color":"","overlay-opacity":"","overlay-gradient":""},"tablet":{"background-color":"var(--ast-global-color-5)","background-image":"","background-repeat":"repeat","background-position":"center center","background-size":"auto","background-attachment":"scroll","background-type":"","background-media":"","overlay-type":"","overlay-color":"","overlay-opacity":"","overlay-gradient":""},"mobile":{"background-color":"var(--ast-global-color-5)","background-image":"","background-repeat":"repeat","background-position":"center center","background-size":"auto","background-attachment":"scroll","background-type":"","background-media":"","overlay-type":"","overlay-color":"","overlay-opacity":"","overlay-gradient":""}},"footnotes":""},"class_list":["post-8913","page","type-page","status-publish","has-post-thumbnail","hentry"],"acf":[],"rttpg_featured_image_url":{"full":["https:\/\/camrail.cm\/wp-content\/uploads\/2025\/01\/PODCAST-LA-LOCOMOTIVE.jpg",1920,1386,false],"landscape":["https:\/\/camrail.cm\/wp-content\/uploads\/2025\/01\/PODCAST-LA-LOCOMOTIVE.jpg",1920,1386,false],"portraits":["https:\/\/camrail.cm\/wp-content\/uploads\/2025\/01\/PODCAST-LA-LOCOMOTIVE.jpg",1920,1386,false],"thumbnail":["https:\/\/camrail.cm\/wp-content\/uploads\/2025\/01\/PODCAST-LA-LOCOMOTIVE.jpg",150,108,false],"medium":["https:\/\/camrail.cm\/wp-content\/uploads\/2025\/01\/PODCAST-LA-LOCOMOTIVE.jpg",300,217,false],"large":["https:\/\/camrail.cm\/wp-content\/uploads\/2025\/01\/PODCAST-LA-LOCOMOTIVE.jpg",1024,739,false],"1536x1536":["https:\/\/camrail.cm\/wp-content\/uploads\/2025\/01\/PODCAST-LA-LOCOMOTIVE.jpg",1536,1109,false],"2048x2048":["https:\/\/camrail.cm\/wp-content\/uploads\/2025\/01\/PODCAST-LA-LOCOMOTIVE.jpg",1920,1386,false],"trp-custom-language-flag":["https:\/\/camrail.cm\/wp-content\/uploads\/2025\/01\/PODCAST-LA-LOCOMOTIVE.jpg",18,12,false],"tp-image-grid":["https:\/\/camrail.cm\/wp-content\/uploads\/2025\/01\/PODCAST-LA-LOCOMOTIVE.jpg",700,505,false],"job-image":["https:\/\/camrail.cm\/wp-content\/uploads\/2025\/01\/PODCAST-LA-LOCOMOTIVE.jpg",554,400,false]},"rttpg_author":{"display_name":"Ibrahimou Sadou","author_link":"https:\/\/camrail.cm\/en\/author\/ibrahimou\/"},"rttpg_comment":0,"rttpg_category":null,"rttpg_excerpt":"CAMRAIL innove et s\u2019engage davantage dans sa mission d\u2019informer, de sensibiliser et de rapprocher les communaut\u00e9s ferroviaires avec le lancement de son tout premier podcast mensuel intitul\u00e9 \u00abLa Locomotive\u00bb. Ce programme in\u00e9dit, dont la premi\u00e8re diffusion est pr\u00e9vue \u00e0 la fin du mois de janvier 2025, promet d\u2019\u00eatre un rendez-vous incontournable pour d\u00e9couvrir l\u2019univers du&hellip;","_links":{"self":[{"href":"https:\/\/camrail.cm\/en\/wp-json\/wp\/v2\/pages\/8913","targetHints":{"allow":["GET"]}}],"collection":[{"href":"https:\/\/camrail.cm\/en\/wp-json\/wp\/v2\/pages"}],"about":[{"href":"https:\/\/camrail.cm\/en\/wp-json\/wp\/v2\/types\/page"}],"author":[{"embeddable":true,"href":"https:\/\/camrail.cm\/en\/wp-json\/wp\/v2\/users\/9"}],"replies":[{"embeddable":true,"href":"https:\/\/camrail.cm\/en\/wp-json\/wp\/v2\/comments?post=8913"}],"version-history":[{"count":1,"href":"https:\/\/camrail.cm\/en\/wp-json\/wp\/v2\/pages\/8913\/revisions"}],"predecessor-version":[{"id":8917,"href":"https:\/\/camrail.cm\/en\/wp-json\/wp\/v2\/pages\/8913\/revisions\/8917"}],"wp:featuredmedia":[{"embeddable":true,"href":"https:\/\/camrail.cm\/en\/wp-json\/wp\/v2\/media\/8916"}],"wp:attachment":[{"href":"https:\/\/camrail.cm\/en\/wp-json\/wp\/v2\/media?parent=8913"}],"curies":[{"name":"wp","href":"https:\/\/api.w.org\/{rel}","templated":true}]}}