{"id":8963,"date":"2025-01-17T16:04:05","date_gmt":"2025-01-17T16:04:05","guid":{"rendered":"https:\/\/camrail.cm\/?page_id=8963"},"modified":"2025-01-17T16:10:56","modified_gmt":"2025-01-17T16:10:56","slug":"camrail-ouvre-ses-ateliers-modernes-de-maintenance-a-la-presse-nationale","status":"publish","type":"page","link":"https:\/\/camrail.cm\/en\/camrail-ouvre-ses-ateliers-modernes-de-maintenance-a-la-presse-nationale\/","title":{"rendered":"CAMRAIL ouvre ses ateliers modernes de maintenance \u00e0 la presse nationale"},"content":{"rendered":"<p>Une d\u00e9l\u00e9gation d\u2019une vingtaine de journalistes de m\u00e9dias nationaux et internationaux, \u00e9tait \u00e0 CAMRAIL ce jeudi 16 janvier 2025 dans le cadre d\u2019une visite de Presse. Apr\u00e8s un expos\u00e9 sur la Direction du mat\u00e9riel, les hommes et femmes de m\u00e9dias ont visit\u00e9 2 ateliers.<\/p>\n<p>D\u2019abord l\u2019atelier pneumatique, o\u00f9 travaille 6 m\u00e9caniciens et qui abrite les op\u00e9rations de maintenance des syst\u00e8mes de freinage des locomotives et des wagons.<\/p>\n<p>Ensuite l\u2019atelier thermique qui mobilise quotidiennement 10 agents pour assurer l\u2019entretien qualitatif et quantitatif des moteurs diesel des locomotives, des engins m\u00e9canis\u00e9s et des fourgons g\u00e9n\u00e9rateurs entre autres.<\/p>\n<p><strong>\u00ab C\u2019est la troisi\u00e8me fois que je visite ces ateliers et \u00e0 chaque fois je suis impressionn\u00e9 par le professionnalisme de ces cheminots. J\u2019ai d\u2019ailleurs appris que gr\u00e2ce \u00e0 ces comp\u00e9tences, CAMRAIL offre d\u00e9sormais des services \u00e0 d\u2019autres r\u00e9seaux ferroviaires, allant jusqu\u2019en Afrique de l\u2019Ouest. Cela souligne le fait qu\u2019il y a un potentiel ici bien qu\u2019il faille toujours travailler \u00e0 la modernisation de nos infrastructures. \u00bb,<\/strong> souligne Michel Ferdinand, r\u00e9dacteur en chef adjoint charg\u00e9 des Magazines et Chef de Desk Littoral et Sud-Ouest du quotidien Mutations.<\/p>\n<p>Avec les ateliers centraux de Bassa \u00e0 Douala, CAMRAIL dispose de la plus grande infrastructure moderne d\u00e9di\u00e9e \u00e0 la maintenance ferroviaire en Afrique subsaharienne. Des installations de pointe pour le mat\u00e9riel moteur ou remorqu\u00e9 ont ainsi \u00e9t\u00e9 mises en place avec une int\u00e9gration des meilleures technologies dont la m\u00e9trologie et le contr\u00f4le ultrason, pour assurer la qualit\u00e9 de la maintenance.<\/p>\n<p>Au total, ce sont au moins 520 visites et 226 r\u00e9visions qui y sont r\u00e9alis\u00e9es chaque ann\u00e9e. <strong>\u00ab Au sein des ateliers pneumatique et thermique, comme dans d\u2019autres d\u2019ailleurs, nous faisons, dans le cadre de la maintenance, 3 types de r\u00e9visions. Il s\u2019agit des r\u00e9visions g\u00e9n\u00e9rales, des r\u00e9visions limit\u00e9es et des r\u00e9visions accidentelles. Les premi\u00e8res sont des op\u00e9rations p\u00e9riodiques avec un s\u00e9jour prolong\u00e9 du mat\u00e9riel en atelier alors que pour les derni\u00e8res, il s\u2019agit de cas curatifs. \u00bb,<\/strong> explique Samy Adama Soro, Directeur du Mat\u00e9riel \u00e0 CAMRAIL.<\/p>\n<div id='gallery-1' class='gallery galleryid-8963 gallery-columns-3 gallery-size-medium'><figure class='gallery-item'>\n\t\t\t<div class='gallery-icon landscape'>\n\t\t\t\t<a href='https:\/\/camrail.cm\/en\/camrail-ouvre-ses-ateliers-modernes-de-maintenance-a-la-presse-nationale\/whatsapp-image-2025-01-16-at-13-29-26-10\/'><img loading=\"lazy\" decoding=\"async\" width=\"300\" height=\"200\" src=\"https:\/\/camrail.cm\/wp-content\/uploads\/2025\/01\/WhatsApp-Image-2025-01-16-at-13.29.26-10.jpeg\" class=\"attachment-medium size-medium\" alt=\"\" \/><\/a>\n\t\t\t<\/div><\/figure><figure class='gallery-item'>\n\t\t\t<div class='gallery-icon landscape'>\n\t\t\t\t<a href='https:\/\/camrail.cm\/en\/camrail-ouvre-ses-ateliers-modernes-de-maintenance-a-la-presse-nationale\/whatsapp-image-2025-01-16-at-13-29-25\/'><img loading=\"lazy\" decoding=\"async\" width=\"300\" height=\"200\" src=\"https:\/\/camrail.cm\/wp-content\/uploads\/2025\/01\/WhatsApp-Image-2025-01-16-at-13.29.25.jpeg\" class=\"attachment-medium size-medium\" alt=\"\" \/><\/a>\n\t\t\t<\/div><\/figure><figure class='gallery-item'>\n\t\t\t<div class='gallery-icon landscape'>\n\t\t\t\t<a href='https:\/\/camrail.cm\/en\/camrail-ouvre-ses-ateliers-modernes-de-maintenance-a-la-presse-nationale\/whatsapp-image-2025-01-16-at-13-29-26-18\/'><img loading=\"lazy\" decoding=\"async\" width=\"300\" height=\"200\" src=\"https:\/\/camrail.cm\/wp-content\/uploads\/2025\/01\/WhatsApp-Image-2025-01-16-at-13.29.26-18.jpeg\" class=\"attachment-medium size-medium\" alt=\"\" \/><\/a>\n\t\t\t<\/div><\/figure><figure class='gallery-item'>\n\t\t\t<div class='gallery-icon landscape'>\n\t\t\t\t<a href='https:\/\/camrail.cm\/en\/camrail-ouvre-ses-ateliers-modernes-de-maintenance-a-la-presse-nationale\/whatsapp-image-2025-01-16-at-13-29-25-4\/'><img loading=\"lazy\" decoding=\"async\" width=\"300\" height=\"200\" src=\"https:\/\/camrail.cm\/wp-content\/uploads\/2025\/01\/WhatsApp-Image-2025-01-16-at-13.29.25-4.jpeg\" class=\"attachment-medium size-medium\" alt=\"\" \/><\/a>\n\t\t\t<\/div><\/figure><figure class='gallery-item'>\n\t\t\t<div class='gallery-icon landscape'>\n\t\t\t\t<a href='https:\/\/camrail.cm\/en\/camrail-ouvre-ses-ateliers-modernes-de-maintenance-a-la-presse-nationale\/visite-presse-7\/'><img loading=\"lazy\" decoding=\"async\" width=\"300\" height=\"225\" src=\"https:\/\/camrail.cm\/wp-content\/uploads\/2025\/01\/Visite-Presse-7.jpg\" class=\"attachment-medium size-medium\" alt=\"\" \/><\/a>\n\t\t\t<\/div><\/figure>\n\t\t<\/div>","protected":false},"excerpt":{"rendered":"<p>Une d\u00e9l\u00e9gation d\u2019une vingtaine de journalistes de m\u00e9dias nationaux et internationaux, \u00e9tait \u00e0 CAMRAIL ce jeudi 16 janvier 2025 dans le cadre d\u2019une visite de Presse. Apr\u00e8s un expos\u00e9 sur la Direction du mat\u00e9riel, les hommes et femmes de m\u00e9dias ont visit\u00e9 2 ateliers. D\u2019abord l\u2019atelier pneumatique, o\u00f9 travaille 6 m\u00e9caniciens et qui abrite les op\u00e9rations de maintenance des syst\u00e8mes de freinage des locomotives et des wagons. Ensuite l\u2019atelier thermique qui mobilise quotidiennement 10 agents pour assurer l\u2019entretien qualitatif et quantitatif des moteurs diesel des locomotives, des engins m\u00e9canis\u00e9s et des fourgons g\u00e9n\u00e9rateurs entre autres. \u00ab C\u2019est la troisi\u00e8me fois que je visite ces ateliers et \u00e0 chaque fois je suis impressionn\u00e9 par le professionnalisme de ces cheminots. J\u2019ai d\u2019ailleurs appris que gr\u00e2ce \u00e0 ces comp\u00e9tences, CAMRAIL offre d\u00e9sormais des services \u00e0 d\u2019autres r\u00e9seaux ferroviaires, allant jusqu\u2019en Afrique de l\u2019Ouest. Cela souligne le fait qu\u2019il y a un potentiel ici bien qu\u2019il faille toujours travailler \u00e0 la modernisation de nos infrastructures. \u00bb, souligne Michel Ferdinand, r\u00e9dacteur en chef adjoint charg\u00e9 des Magazines et Chef de Desk Littoral et Sud-Ouest du quotidien Mutations. Avec les ateliers centraux de Bassa \u00e0 Douala, CAMRAIL dispose de la plus grande infrastructure moderne d\u00e9di\u00e9e \u00e0 la maintenance ferroviaire en Afrique subsaharienne. Des installations de pointe pour le mat\u00e9riel moteur ou remorqu\u00e9 ont ainsi \u00e9t\u00e9 mises en place avec une int\u00e9gration des meilleures technologies dont la m\u00e9trologie et le contr\u00f4le ultrason, pour assurer la qualit\u00e9 de la maintenance. Au total, ce sont au moins 520 visites et 226 r\u00e9visions qui y sont r\u00e9alis\u00e9es chaque ann\u00e9e. \u00ab Au sein des ateliers pneumatique et thermique, comme dans d\u2019autres d\u2019ailleurs, nous faisons, dans le cadre de la maintenance, 3 types de r\u00e9visions. Il s\u2019agit des r\u00e9visions g\u00e9n\u00e9rales, des r\u00e9visions limit\u00e9es et des r\u00e9visions accidentelles. Les premi\u00e8res sont des op\u00e9rations p\u00e9riodiques avec un s\u00e9jour prolong\u00e9 du mat\u00e9riel en atelier alors que pour les derni\u00e8res, il s\u2019agit de cas curatifs. \u00bb, explique Samy Adama Soro, Directeur du Mat\u00e9riel \u00e0 CAMRAIL.<\/p>","protected":false},"author":9,"featured_media":8970,"parent":0,"menu_order":0,"comment_status":"closed","ping_status":"closed","template":"","meta":{"_acf_changed":false,"_crdt_document":"","inline_featured_image":false,"site-sidebar-layout":"default","site-content-layout":"","ast-site-content-layout":"default","site-content-style":"default","site-sidebar-style":"default","ast-global-header-display":"","ast-banner-title-visibility":"","ast-main-header-display":"","ast-hfb-above-header-display":"","ast-hfb-below-header-display":"","ast-hfb-mobile-header-display":"","site-post-title":"","ast-breadcrumbs-content":"","ast-featured-img":"","footer-sml-layout":"","theme-transparent-header-meta":"default","adv-header-id-meta":"","stick-header-meta":"","header-above-stick-meta":"","header-main-stick-meta":"","header-below-stick-meta":"","astra-migrate-meta-layouts":"set","ast-page-background-enabled":"default","ast-page-background-meta":{"desktop":{"background-color":"var(--ast-global-color-4)","background-image":"","background-repeat":"repeat","background-position":"center center","background-size":"auto","background-attachment":"scroll","background-type":"","background-media":"","overlay-type":"","overlay-color":"","overlay-opacity":"","overlay-gradient":""},"tablet":{"background-color":"","background-image":"","background-repeat":"repeat","background-position":"center center","background-size":"auto","background-attachment":"scroll","background-type":"","background-media":"","overlay-type":"","overlay-color":"","overlay-opacity":"","overlay-gradient":""},"mobile":{"background-color":"","background-image":"","background-repeat":"repeat","background-position":"center center","background-size":"auto","background-attachment":"scroll","background-type":"","background-media":"","overlay-type":"","overlay-color":"","overlay-opacity":"","overlay-gradient":""}},"ast-content-background-meta":{"desktop":{"background-color":"var(--ast-global-color-5)","background-image":"","background-repeat":"repeat","background-position":"center center","background-size":"auto","background-attachment":"scroll","background-type":"","background-media":"","overlay-type":"","overlay-color":"","overlay-opacity":"","overlay-gradient":""},"tablet":{"background-color":"var(--ast-global-color-5)","background-image":"","background-repeat":"repeat","background-position":"center center","background-size":"auto","background-attachment":"scroll","background-type":"","background-media":"","overlay-type":"","overlay-color":"","overlay-opacity":"","overlay-gradient":""},"mobile":{"background-color":"var(--ast-global-color-5)","background-image":"","background-repeat":"repeat","background-position":"center center","background-size":"auto","background-attachment":"scroll","background-type":"","background-media":"","overlay-type":"","overlay-color":"","overlay-opacity":"","overlay-gradient":""}},"footnotes":""},"class_list":["post-8963","page","type-page","status-publish","has-post-thumbnail","hentry"],"acf":[],"rttpg_featured_image_url":{"full":["https:\/\/camrail.cm\/wp-content\/uploads\/2025\/01\/WhatsApp-Image-2025-01-16-at-13.29.26-18.jpeg",1600,1066,false],"landscape":["https:\/\/camrail.cm\/wp-content\/uploads\/2025\/01\/WhatsApp-Image-2025-01-16-at-13.29.26-18.jpeg",1600,1066,false],"portraits":["https:\/\/camrail.cm\/wp-content\/uploads\/2025\/01\/WhatsApp-Image-2025-01-16-at-13.29.26-18.jpeg",1600,1066,false],"thumbnail":["https:\/\/camrail.cm\/wp-content\/uploads\/2025\/01\/WhatsApp-Image-2025-01-16-at-13.29.26-18.jpeg",150,100,false],"medium":["https:\/\/camrail.cm\/wp-content\/uploads\/2025\/01\/WhatsApp-Image-2025-01-16-at-13.29.26-18.jpeg",300,200,false],"large":["https:\/\/camrail.cm\/wp-content\/uploads\/2025\/01\/WhatsApp-Image-2025-01-16-at-13.29.26-18.jpeg",1024,682,false],"1536x1536":["https:\/\/camrail.cm\/wp-content\/uploads\/2025\/01\/WhatsApp-Image-2025-01-16-at-13.29.26-18.jpeg",1536,1023,false],"2048x2048":["https:\/\/camrail.cm\/wp-content\/uploads\/2025\/01\/WhatsApp-Image-2025-01-16-at-13.29.26-18.jpeg",1600,1066,false],"trp-custom-language-flag":["https:\/\/camrail.cm\/wp-content\/uploads\/2025\/01\/WhatsApp-Image-2025-01-16-at-13.29.26-18.jpeg",18,12,false],"tp-image-grid":["https:\/\/camrail.cm\/wp-content\/uploads\/2025\/01\/WhatsApp-Image-2025-01-16-at-13.29.26-18.jpeg",700,466,false],"job-image":["https:\/\/camrail.cm\/wp-content\/uploads\/2025\/01\/WhatsApp-Image-2025-01-16-at-13.29.26-18.jpeg",600,400,false]},"rttpg_author":{"display_name":"Ibrahimou Sadou","author_link":"https:\/\/camrail.cm\/en\/author\/ibrahimou\/"},"rttpg_comment":0,"rttpg_category":null,"rttpg_excerpt":"Une d\u00e9l\u00e9gation d\u2019une vingtaine de journalistes de m\u00e9dias nationaux et internationaux, \u00e9tait \u00e0 CAMRAIL ce jeudi 16 janvier 2025 dans le cadre d\u2019une visite de Presse. Apr\u00e8s un expos\u00e9 sur la Direction du mat\u00e9riel, les hommes et femmes de m\u00e9dias ont visit\u00e9 2 ateliers. D\u2019abord l\u2019atelier pneumatique, o\u00f9 travaille 6 m\u00e9caniciens et qui abrite les&hellip;","_links":{"self":[{"href":"https:\/\/camrail.cm\/en\/wp-json\/wp\/v2\/pages\/8963","targetHints":{"allow":["GET"]}}],"collection":[{"href":"https:\/\/camrail.cm\/en\/wp-json\/wp\/v2\/pages"}],"about":[{"href":"https:\/\/camrail.cm\/en\/wp-json\/wp\/v2\/types\/page"}],"author":[{"embeddable":true,"href":"https:\/\/camrail.cm\/en\/wp-json\/wp\/v2\/users\/9"}],"replies":[{"embeddable":true,"href":"https:\/\/camrail.cm\/en\/wp-json\/wp\/v2\/comments?post=8963"}],"version-history":[{"count":3,"href":"https:\/\/camrail.cm\/en\/wp-json\/wp\/v2\/pages\/8963\/revisions"}],"predecessor-version":[{"id":8977,"href":"https:\/\/camrail.cm\/en\/wp-json\/wp\/v2\/pages\/8963\/revisions\/8977"}],"wp:featuredmedia":[{"embeddable":true,"href":"https:\/\/camrail.cm\/en\/wp-json\/wp\/v2\/media\/8970"}],"wp:attachment":[{"href":"https:\/\/camrail.cm\/en\/wp-json\/wp\/v2\/media?parent=8963"}],"curies":[{"name":"wp","href":"https:\/\/api.w.org\/{rel}","templated":true}]}}