{"id":9049,"date":"2025-01-29T09:57:59","date_gmt":"2025-01-29T09:57:59","guid":{"rendered":"https:\/\/camrail.cm\/?page_id=9049"},"modified":"2025-01-29T09:57:59","modified_gmt":"2025-01-29T09:57:59","slug":"avis-au-public-suspension-de-la-plateforme-my-camrail-des-samedi-1er-fevrier-2025-pour-travaux-de-maintenance","status":"publish","type":"page","link":"https:\/\/camrail.cm\/en\/avis-au-public-suspension-de-la-plateforme-my-camrail-des-samedi-1er-fevrier-2025-pour-travaux-de-maintenance\/","title":{"rendered":"Avis au Public. Suspension de la Plateforme MY CAMRAIL d\u00e8s samedi 1er f\u00e9vrier 2025 pour travaux de maintenance"},"content":{"rendered":"<p>CAMRAIL informe son aimable client\u00e8le qu\u2019\u00e0 compter du samedi 1<sup>er<\/sup> f\u00e9vrier 2025, des travaux de maintenance vont \u00eatre engag\u00e9s sur les installations de l\u2019un de ses prestataires dans la vente en ligne de tickets de trains.<\/p>\n<p>Ces travaux vont malheureusement avoir un impact sur la Plateforme MY CAMRAIL, rendant impossible tout achat de tickets en ligne et \u00e0 travers les automates.<\/p>\n<p>Tout en regrettant les d\u00e9sagr\u00e9ments cons\u00e9quents, CAMRAIL rassure que dans le souci de d\u00e9mocratiser l\u2019acc\u00e8s aux titres de transports, elle avait d\u00e9j\u00e0 sign\u00e9 des partenariats avec des structures priv\u00e9es diss\u00e9min\u00e9es \u00e0 travers son r\u00e9seau et qui sont donc autoris\u00e9es \u00e0 vendre les tickets de trains.<\/p>\n<p>Aussi, \u00e0 compter du 1<sup>er<\/sup> f\u00e9vrier 2025, les tickets de trains ne pourront s\u2019obtenir qu\u2019aux guichets CAMRAIL et aupr\u00e8s desdits partenaires dont la liste compl\u00e8te et les adresses sont disponibles sur le site <a href=\"https:\/\/camrail.cm\/en\/purchase-booking\/\">https:\/\/camrail.cm\/fr_fr\/achat-reservations\/<\/a><\/p>\n<p>CAMRAIL compte sur la bonne compr\u00e9hension de tous et souligne que les tickets de trains peuvent \u00eatre achet\u00e9s longtemps avant le jour du voyage.<\/p>\n<p>&nbsp;<\/p>\n<p style=\"text-align: right;\"><strong>\u00a0\u00a0\u00a0\u00a0\u00a0\u00a0\u00a0\u00a0\u00a0\u00a0\u00a0\u00a0\u00a0\u00a0\u00a0\u00a0\u00a0\u00a0\u00a0\u00a0\u00a0\u00a0\u00a0\u00a0\u00a0\u00a0\u00a0\u00a0\u00a0\u00a0\u00a0\u00a0\u00a0\u00a0\u00a0\u00a0\u00a0\u00a0\u00a0\u00a0\u00a0\u00a0\u00a0\u00a0\u00a0\u00a0\u00a0\u00a0\u00a0\u00a0\u00a0\u00a0\u00a0\u00a0\u00a0\u00a0\u00a0\u00a0\u00a0\u00a0\u00a0\u00a0\u00a0\u00a0\u00a0\u00a0\u00a0\u00a0\u00a0\u00a0\u00a0\u00a0\u00a0\u00a0\u00a0\u00a0\u00a0\u00a0\u00a0\u00a0\u00a0\u00a0\u00a0\u00a0\u00a0\u00a0\u00a0\u00a0\u00a0\u00a0 Le Directeur G\u00e9n\u00e9ral <\/strong><\/p>","protected":false},"excerpt":{"rendered":"<p>CAMRAIL informe son aimable client\u00e8le qu\u2019\u00e0 compter du samedi 1er f\u00e9vrier 2025, des travaux de maintenance vont \u00eatre engag\u00e9s sur les installations de l\u2019un de ses prestataires dans la vente en ligne de tickets de trains. Ces travaux vont malheureusement avoir un impact sur la Plateforme MY CAMRAIL, rendant impossible tout achat de tickets en ligne et \u00e0 travers les automates. Tout en regrettant les d\u00e9sagr\u00e9ments cons\u00e9quents, CAMRAIL rassure que dans le souci de d\u00e9mocratiser l\u2019acc\u00e8s aux titres de transports, elle avait d\u00e9j\u00e0 sign\u00e9 des partenariats avec des structures priv\u00e9es diss\u00e9min\u00e9es \u00e0 travers son r\u00e9seau et qui sont donc autoris\u00e9es \u00e0 vendre les tickets de trains. Aussi, \u00e0 compter du 1er f\u00e9vrier 2025, les tickets de trains ne pourront s\u2019obtenir qu\u2019aux guichets CAMRAIL et aupr\u00e8s desdits partenaires dont la liste compl\u00e8te et les adresses sont disponibles sur le site https:\/\/camrail.cm\/fr_fr\/achat-reservations\/ CAMRAIL compte sur la bonne compr\u00e9hension de tous et souligne que les tickets de trains peuvent \u00eatre achet\u00e9s longtemps avant le jour du voyage. &nbsp; \u00a0\u00a0\u00a0\u00a0\u00a0\u00a0\u00a0\u00a0\u00a0\u00a0\u00a0\u00a0\u00a0\u00a0\u00a0\u00a0\u00a0\u00a0\u00a0\u00a0\u00a0\u00a0\u00a0\u00a0\u00a0\u00a0\u00a0\u00a0\u00a0\u00a0\u00a0\u00a0\u00a0\u00a0\u00a0\u00a0\u00a0\u00a0\u00a0\u00a0\u00a0\u00a0\u00a0\u00a0\u00a0\u00a0\u00a0\u00a0\u00a0\u00a0\u00a0\u00a0\u00a0\u00a0\u00a0\u00a0\u00a0\u00a0\u00a0\u00a0\u00a0\u00a0\u00a0\u00a0\u00a0\u00a0\u00a0\u00a0\u00a0\u00a0\u00a0\u00a0\u00a0\u00a0\u00a0\u00a0\u00a0\u00a0\u00a0\u00a0\u00a0\u00a0\u00a0\u00a0\u00a0\u00a0\u00a0\u00a0\u00a0\u00a0 Le Directeur G\u00e9n\u00e9ral<\/p>","protected":false},"author":9,"featured_media":9052,"parent":0,"menu_order":0,"comment_status":"closed","ping_status":"closed","template":"","meta":{"_acf_changed":false,"_crdt_document":"","inline_featured_image":false,"site-sidebar-layout":"default","site-content-layout":"","ast-site-content-layout":"default","site-content-style":"default","site-sidebar-style":"default","ast-global-header-display":"","ast-banner-title-visibility":"","ast-main-header-display":"","ast-hfb-above-header-display":"","ast-hfb-below-header-display":"","ast-hfb-mobile-header-display":"","site-post-title":"","ast-breadcrumbs-content":"","ast-featured-img":"","footer-sml-layout":"","theme-transparent-header-meta":"default","adv-header-id-meta":"","stick-header-meta":"","header-above-stick-meta":"","header-main-stick-meta":"","header-below-stick-meta":"","astra-migrate-meta-layouts":"set","ast-page-background-enabled":"default","ast-page-background-meta":{"desktop":{"background-color":"var(--ast-global-color-4)","background-image":"","background-repeat":"repeat","background-position":"center center","background-size":"auto","background-attachment":"scroll","background-type":"","background-media":"","overlay-type":"","overlay-color":"","overlay-opacity":"","overlay-gradient":""},"tablet":{"background-color":"","background-image":"","background-repeat":"repeat","background-position":"center center","background-size":"auto","background-attachment":"scroll","background-type":"","background-media":"","overlay-type":"","overlay-color":"","overlay-opacity":"","overlay-gradient":""},"mobile":{"background-color":"","background-image":"","background-repeat":"repeat","background-position":"center center","background-size":"auto","background-attachment":"scroll","background-type":"","background-media":"","overlay-type":"","overlay-color":"","overlay-opacity":"","overlay-gradient":""}},"ast-content-background-meta":{"desktop":{"background-color":"var(--ast-global-color-5)","background-image":"","background-repeat":"repeat","background-position":"center center","background-size":"auto","background-attachment":"scroll","background-type":"","background-media":"","overlay-type":"","overlay-color":"","overlay-opacity":"","overlay-gradient":""},"tablet":{"background-color":"var(--ast-global-color-5)","background-image":"","background-repeat":"repeat","background-position":"center center","background-size":"auto","background-attachment":"scroll","background-type":"","background-media":"","overlay-type":"","overlay-color":"","overlay-opacity":"","overlay-gradient":""},"mobile":{"background-color":"var(--ast-global-color-5)","background-image":"","background-repeat":"repeat","background-position":"center center","background-size":"auto","background-attachment":"scroll","background-type":"","background-media":"","overlay-type":"","overlay-color":"","overlay-opacity":"","overlay-gradient":""}},"footnotes":""},"class_list":["post-9049","page","type-page","status-publish","has-post-thumbnail","hentry"],"acf":[],"rttpg_featured_image_url":{"full":["https:\/\/camrail.cm\/wp-content\/uploads\/2025\/01\/GARE-BESSENGUE-OK.jpg",828,315,false],"landscape":["https:\/\/camrail.cm\/wp-content\/uploads\/2025\/01\/GARE-BESSENGUE-OK.jpg",828,315,false],"portraits":["https:\/\/camrail.cm\/wp-content\/uploads\/2025\/01\/GARE-BESSENGUE-OK.jpg",828,315,false],"thumbnail":["https:\/\/camrail.cm\/wp-content\/uploads\/2025\/01\/GARE-BESSENGUE-OK.jpg",150,57,false],"medium":["https:\/\/camrail.cm\/wp-content\/uploads\/2025\/01\/GARE-BESSENGUE-OK.jpg",300,114,false],"large":["https:\/\/camrail.cm\/wp-content\/uploads\/2025\/01\/GARE-BESSENGUE-OK.jpg",828,315,false],"1536x1536":["https:\/\/camrail.cm\/wp-content\/uploads\/2025\/01\/GARE-BESSENGUE-OK.jpg",828,315,false],"2048x2048":["https:\/\/camrail.cm\/wp-content\/uploads\/2025\/01\/GARE-BESSENGUE-OK.jpg",828,315,false],"trp-custom-language-flag":["https:\/\/camrail.cm\/wp-content\/uploads\/2025\/01\/GARE-BESSENGUE-OK.jpg",18,7,false],"tp-image-grid":["https:\/\/camrail.cm\/wp-content\/uploads\/2025\/01\/GARE-BESSENGUE-OK.jpg",700,266,false],"job-image":["https:\/\/camrail.cm\/wp-content\/uploads\/2025\/01\/GARE-BESSENGUE-OK.jpg",828,315,false]},"rttpg_author":{"display_name":"Ibrahimou Sadou","author_link":"https:\/\/camrail.cm\/en\/author\/ibrahimou\/"},"rttpg_comment":0,"rttpg_category":null,"rttpg_excerpt":"CAMRAIL informe son aimable client\u00e8le qu\u2019\u00e0 compter du samedi 1er f\u00e9vrier 2025, des travaux de maintenance vont \u00eatre engag\u00e9s sur les installations de l\u2019un de ses prestataires dans la vente en ligne de tickets de trains. Ces travaux vont malheureusement avoir un impact sur la Plateforme MY CAMRAIL, rendant impossible tout achat de tickets en&hellip;","_links":{"self":[{"href":"https:\/\/camrail.cm\/en\/wp-json\/wp\/v2\/pages\/9049","targetHints":{"allow":["GET"]}}],"collection":[{"href":"https:\/\/camrail.cm\/en\/wp-json\/wp\/v2\/pages"}],"about":[{"href":"https:\/\/camrail.cm\/en\/wp-json\/wp\/v2\/types\/page"}],"author":[{"embeddable":true,"href":"https:\/\/camrail.cm\/en\/wp-json\/wp\/v2\/users\/9"}],"replies":[{"embeddable":true,"href":"https:\/\/camrail.cm\/en\/wp-json\/wp\/v2\/comments?post=9049"}],"version-history":[{"count":1,"href":"https:\/\/camrail.cm\/en\/wp-json\/wp\/v2\/pages\/9049\/revisions"}],"predecessor-version":[{"id":9053,"href":"https:\/\/camrail.cm\/en\/wp-json\/wp\/v2\/pages\/9049\/revisions\/9053"}],"wp:featuredmedia":[{"embeddable":true,"href":"https:\/\/camrail.cm\/en\/wp-json\/wp\/v2\/media\/9052"}],"wp:attachment":[{"href":"https:\/\/camrail.cm\/en\/wp-json\/wp\/v2\/media?parent=9049"}],"curies":[{"name":"wp","href":"https:\/\/api.w.org\/{rel}","templated":true}]}}