{"id":9106,"date":"2025-01-30T14:12:27","date_gmt":"2025-01-30T14:12:27","guid":{"rendered":"https:\/\/camrail.cm\/?page_id=9106"},"modified":"2025-02-08T14:40:47","modified_gmt":"2025-02-08T14:40:47","slug":"camrail-reaffirme-son-engagement-aux-cotes-de-ladministration-des-douanes-camerounaises","status":"publish","type":"page","link":"https:\/\/camrail.cm\/en\/camrail-reaffirme-son-engagement-aux-cotes-de-ladministration-des-douanes-camerounaises\/","title":{"rendered":"CAMRAIL r\u00e9affirme son engagement aux c\u00f4t\u00e9s de l\u2019administration des douanes camerounaises"},"content":{"rendered":"<p>La 72\u1d49 \u00e9dition de la Journ\u00e9e Internationale de la Douane s\u2019est tenue du mercredi 22 au lundi 27 janvier 2025 sur l\u2019esplanade de la Base A\u00e9rienne 101 de Yaound\u00e9, sous le th\u00e8me :\u00ab Une douane qui concr\u00e9tise ses engagements en mati\u00e8re d\u2019efficacit\u00e9, de s\u00e9curit\u00e9 et de prosp\u00e9rit\u00e9. \u00bb<\/p>\n<p>CAMRAIL, partenaire strat\u00e9gique de l\u2019administration des Douanes Camerounaises, a marqu\u00e9 de sa pr\u00e9sence cet \u00e9v\u00e9nement majeur, r\u00e9affirmant ainsi son engagement en faveur d\u2019un transport ferroviaire s\u00e9curis\u00e9, efficace et prosp\u00e8re au service de l\u2019\u00e9conomie nationale.<\/p>\n<p><strong>Un stand attractif et des \u00e9changes fructueux<\/strong><\/p>\n<p>Sous la conduite de Henri HION MOUKOURI, de la Direction Commerciale et Marketing, le stand de CAMRAIL a suscit\u00e9 un vif int\u00e9r\u00eat aupr\u00e8s des visiteurs. Avec une pr\u00e9sentation soign\u00e9e et dynamique, il a \u00e9t\u00e9 le cadre d\u2019\u00e9changes enrichissants autour des offres et services de l\u2019entreprise. Les visiteurs repartaient avec un souvenir bien pr\u00e9par\u00e9 par Marie Lafor\u00eat BELLA, du D\u00e9partement Marketing de Mobirail, une attention appr\u00e9ci\u00e9e par tous.<\/p>\n<p>Au cours de cette \u00e9dition, Patrice MANGUELE, repr\u00e9sentant CAMRAIL, a eu l\u2019honneur de pr\u00e9senter les solutions de l\u2019entreprise en mati\u00e8re de transport ferroviaire et logistique \u00e0 plusieurs hautes personnalit\u00e9s, dont le Ministre des Finances, Louis Paul MOTAZE, et le Directeur G\u00e9n\u00e9ral des Douanes, FONGOD Edwin NUVAGA.<\/p>\n<p><strong>Un acteur cl\u00e9 du d\u00e9veloppement \u00e9conomique et de la logistique douani\u00e8<\/strong>re<\/p>\n<p>\u00c0 travers ses diff\u00e9rentes offres, CAMRAIL joue un r\u00f4le fondamental dans la facilitation des \u00e9changes commerciaux et l\u2019optimisation des flux de marchandises, notamment gr\u00e2ce \u00e0 un r\u00e9seau ferroviaire performant reliant les principaux p\u00f4les \u00e9conomiques du pays. Sa participation active \u00e0 cette Journ\u00e9e Internationale de la Douane t\u00e9moigne de son engagement \u00e0 accompagner les initiatives de modernisation et de s\u00e9curisation du commerce ext\u00e9rieur mises en \u0153uvre par l\u2019administration douani\u00e8re.<\/p>\n<p>En marge de cet \u00e9v\u00e9nement, une campagne de sensibilisation \u00e0 la lutte contre la corruption a \u00e9t\u00e9 men\u00e9e en partenariat avec AGL Cameroun, la Douane Camerounaise et la CONAC, couvrant plusieurs r\u00e9gions du pays. Cette initiative vise \u00e0 promouvoir une gestion transparente et \u00e9thique des op\u00e9rations douani\u00e8res et logistiques.<img loading=\"lazy\" decoding=\"async\" class=\"alignnone size-full wp-image-9111\" src=\"https:\/\/camrail.cm\/wp-content\/uploads\/2025\/02\/IMG-20250130-WA0149.jpg\" alt=\"\" width=\"1040\" height=\"468\" \/><\/p>\n<p><img loading=\"lazy\" decoding=\"async\" class=\"alignnone size-full wp-image-9112\" src=\"https:\/\/camrail.cm\/wp-content\/uploads\/2025\/02\/IMG-20250130-WA0152.jpg\" alt=\"\" width=\"1040\" height=\"468\" \/><\/p>\n<p><img loading=\"lazy\" decoding=\"async\" class=\"alignnone size-full wp-image-9113\" src=\"https:\/\/camrail.cm\/wp-content\/uploads\/2025\/02\/IMG-20250130-WA0164.jpg\" alt=\"\" width=\"1040\" height=\"468\" \/><\/p>","protected":false},"excerpt":{"rendered":"<p>La 72\u1d49 \u00e9dition de la Journ\u00e9e Internationale de la Douane s\u2019est tenue du mercredi 22 au lundi 27 janvier 2025 sur l\u2019esplanade de la Base A\u00e9rienne 101 de Yaound\u00e9, sous le th\u00e8me :\u00ab Une douane qui concr\u00e9tise ses engagements en mati\u00e8re d\u2019efficacit\u00e9, de s\u00e9curit\u00e9 et de prosp\u00e9rit\u00e9. \u00bb CAMRAIL, partenaire strat\u00e9gique de l\u2019administration des Douanes Camerounaises, a marqu\u00e9 de sa pr\u00e9sence cet \u00e9v\u00e9nement majeur, r\u00e9affirmant ainsi son engagement en faveur d\u2019un transport ferroviaire s\u00e9curis\u00e9, efficace et prosp\u00e8re au service de l\u2019\u00e9conomie nationale. Un stand attractif et des \u00e9changes fructueux Sous la conduite de Henri HION MOUKOURI, de la Direction Commerciale et Marketing, le stand de CAMRAIL a suscit\u00e9 un vif int\u00e9r\u00eat aupr\u00e8s des visiteurs. Avec une pr\u00e9sentation soign\u00e9e et dynamique, il a \u00e9t\u00e9 le cadre d\u2019\u00e9changes enrichissants autour des offres et services de l\u2019entreprise. Les visiteurs repartaient avec un souvenir bien pr\u00e9par\u00e9 par Marie Lafor\u00eat BELLA, du D\u00e9partement Marketing de Mobirail, une attention appr\u00e9ci\u00e9e par tous. Au cours de cette \u00e9dition, Patrice MANGUELE, repr\u00e9sentant CAMRAIL, a eu l\u2019honneur de pr\u00e9senter les solutions de l\u2019entreprise en mati\u00e8re de transport ferroviaire et logistique \u00e0 plusieurs hautes personnalit\u00e9s, dont le Ministre des Finances, Louis Paul MOTAZE, et le Directeur G\u00e9n\u00e9ral des Douanes, FONGOD Edwin NUVAGA. Un acteur cl\u00e9 du d\u00e9veloppement \u00e9conomique et de la logistique douani\u00e8re \u00c0 travers ses diff\u00e9rentes offres, CAMRAIL joue un r\u00f4le fondamental dans la facilitation des \u00e9changes commerciaux et l\u2019optimisation des flux de marchandises, notamment gr\u00e2ce \u00e0 un r\u00e9seau ferroviaire performant reliant les principaux p\u00f4les \u00e9conomiques du pays. Sa participation active \u00e0 cette Journ\u00e9e Internationale de la Douane t\u00e9moigne de son engagement \u00e0 accompagner les initiatives de modernisation et de s\u00e9curisation du commerce ext\u00e9rieur mises en \u0153uvre par l\u2019administration douani\u00e8re. En marge de cet \u00e9v\u00e9nement, une campagne de sensibilisation \u00e0 la lutte contre la corruption a \u00e9t\u00e9 men\u00e9e en partenariat avec AGL Cameroun, la Douane Camerounaise et la CONAC, couvrant plusieurs r\u00e9gions du pays. Cette initiative vise \u00e0 promouvoir une gestion transparente et \u00e9thique des op\u00e9rations douani\u00e8res et logistiques.<\/p>","protected":false},"author":9,"featured_media":9110,"parent":0,"menu_order":0,"comment_status":"closed","ping_status":"closed","template":"","meta":{"_acf_changed":false,"_crdt_document":"","inline_featured_image":false,"site-sidebar-layout":"default","site-content-layout":"","ast-site-content-layout":"default","site-content-style":"default","site-sidebar-style":"default","ast-global-header-display":"","ast-banner-title-visibility":"","ast-main-header-display":"","ast-hfb-above-header-display":"","ast-hfb-below-header-display":"","ast-hfb-mobile-header-display":"","site-post-title":"","ast-breadcrumbs-content":"","ast-featured-img":"","footer-sml-layout":"","theme-transparent-header-meta":"default","adv-header-id-meta":"","stick-header-meta":"","header-above-stick-meta":"","header-main-stick-meta":"","header-below-stick-meta":"","astra-migrate-meta-layouts":"set","ast-page-background-enabled":"default","ast-page-background-meta":{"desktop":{"background-color":"var(--ast-global-color-4)","background-image":"","background-repeat":"repeat","background-position":"center center","background-size":"auto","background-attachment":"scroll","background-type":"","background-media":"","overlay-type":"","overlay-color":"","overlay-opacity":"","overlay-gradient":""},"tablet":{"background-color":"","background-image":"","background-repeat":"repeat","background-position":"center center","background-size":"auto","background-attachment":"scroll","background-type":"","background-media":"","overlay-type":"","overlay-color":"","overlay-opacity":"","overlay-gradient":""},"mobile":{"background-color":"","background-image":"","background-repeat":"repeat","background-position":"center center","background-size":"auto","background-attachment":"scroll","background-type":"","background-media":"","overlay-type":"","overlay-color":"","overlay-opacity":"","overlay-gradient":""}},"ast-content-background-meta":{"desktop":{"background-color":"var(--ast-global-color-5)","background-image":"","background-repeat":"repeat","background-position":"center center","background-size":"auto","background-attachment":"scroll","background-type":"","background-media":"","overlay-type":"","overlay-color":"","overlay-opacity":"","overlay-gradient":""},"tablet":{"background-color":"var(--ast-global-color-5)","background-image":"","background-repeat":"repeat","background-position":"center center","background-size":"auto","background-attachment":"scroll","background-type":"","background-media":"","overlay-type":"","overlay-color":"","overlay-opacity":"","overlay-gradient":""},"mobile":{"background-color":"var(--ast-global-color-5)","background-image":"","background-repeat":"repeat","background-position":"center center","background-size":"auto","background-attachment":"scroll","background-type":"","background-media":"","overlay-type":"","overlay-color":"","overlay-opacity":"","overlay-gradient":""}},"footnotes":""},"class_list":["post-9106","page","type-page","status-publish","has-post-thumbnail","hentry"],"acf":[],"rttpg_featured_image_url":{"full":["https:\/\/camrail.cm\/wp-content\/uploads\/2025\/02\/IMG-20250130-WA0166.jpg",1040,468,false],"landscape":["https:\/\/camrail.cm\/wp-content\/uploads\/2025\/02\/IMG-20250130-WA0166.jpg",1040,468,false],"portraits":["https:\/\/camrail.cm\/wp-content\/uploads\/2025\/02\/IMG-20250130-WA0166.jpg",1040,468,false],"thumbnail":["https:\/\/camrail.cm\/wp-content\/uploads\/2025\/02\/IMG-20250130-WA0166.jpg",150,68,false],"medium":["https:\/\/camrail.cm\/wp-content\/uploads\/2025\/02\/IMG-20250130-WA0166.jpg",300,135,false],"large":["https:\/\/camrail.cm\/wp-content\/uploads\/2025\/02\/IMG-20250130-WA0166.jpg",1024,461,false],"1536x1536":["https:\/\/camrail.cm\/wp-content\/uploads\/2025\/02\/IMG-20250130-WA0166.jpg",1040,468,false],"2048x2048":["https:\/\/camrail.cm\/wp-content\/uploads\/2025\/02\/IMG-20250130-WA0166.jpg",1040,468,false],"trp-custom-language-flag":["https:\/\/camrail.cm\/wp-content\/uploads\/2025\/02\/IMG-20250130-WA0166.jpg",18,8,false],"tp-image-grid":["https:\/\/camrail.cm\/wp-content\/uploads\/2025\/02\/IMG-20250130-WA0166.jpg",700,315,false],"job-image":["https:\/\/camrail.cm\/wp-content\/uploads\/2025\/02\/IMG-20250130-WA0166.jpg",889,400,false]},"rttpg_author":{"display_name":"Ibrahimou Sadou","author_link":"https:\/\/camrail.cm\/en\/author\/ibrahimou\/"},"rttpg_comment":0,"rttpg_category":null,"rttpg_excerpt":"La 72\u1d49 \u00e9dition de la Journ\u00e9e Internationale de la Douane s\u2019est tenue du mercredi 22 au lundi 27 janvier 2025 sur l\u2019esplanade de la Base A\u00e9rienne 101 de Yaound\u00e9, sous le th\u00e8me :\u00ab Une douane qui concr\u00e9tise ses engagements en mati\u00e8re d\u2019efficacit\u00e9, de s\u00e9curit\u00e9 et de prosp\u00e9rit\u00e9. \u00bb CAMRAIL, partenaire strat\u00e9gique de l\u2019administration des Douanes&hellip;","_links":{"self":[{"href":"https:\/\/camrail.cm\/en\/wp-json\/wp\/v2\/pages\/9106","targetHints":{"allow":["GET"]}}],"collection":[{"href":"https:\/\/camrail.cm\/en\/wp-json\/wp\/v2\/pages"}],"about":[{"href":"https:\/\/camrail.cm\/en\/wp-json\/wp\/v2\/types\/page"}],"author":[{"embeddable":true,"href":"https:\/\/camrail.cm\/en\/wp-json\/wp\/v2\/users\/9"}],"replies":[{"embeddable":true,"href":"https:\/\/camrail.cm\/en\/wp-json\/wp\/v2\/comments?post=9106"}],"version-history":[{"count":1,"href":"https:\/\/camrail.cm\/en\/wp-json\/wp\/v2\/pages\/9106\/revisions"}],"predecessor-version":[{"id":9117,"href":"https:\/\/camrail.cm\/en\/wp-json\/wp\/v2\/pages\/9106\/revisions\/9117"}],"wp:featuredmedia":[{"embeddable":true,"href":"https:\/\/camrail.cm\/en\/wp-json\/wp\/v2\/media\/9110"}],"wp:attachment":[{"href":"https:\/\/camrail.cm\/en\/wp-json\/wp\/v2\/media?parent=9106"}],"curies":[{"name":"wp","href":"https:\/\/api.w.org\/{rel}","templated":true}]}}