{"id":9119,"date":"2025-02-03T14:58:32","date_gmt":"2025-02-03T14:58:32","guid":{"rendered":"https:\/\/camrail.cm\/?page_id=9119"},"modified":"2025-02-08T15:05:41","modified_gmt":"2025-02-08T15:05:41","slug":"proprete-securite-environnement-pse-2024-lexcellence-recompensee","status":"publish","type":"page","link":"https:\/\/camrail.cm\/en\/proprete-securite-environnement-pse-2024-lexcellence-recompensee\/","title":{"rendered":"Propret\u00e9, S\u00e9curit\u00e9, Environnement (PSE) 2024 : L\u2019Excellence R\u00e9compens\u00e9e"},"content":{"rendered":"<p>Le jeudi 30 janvier 2025, les Ateliers Centraux de Bassa ont \u00e9t\u00e9 le th\u00e9\u00e2tre d\u2019une c\u00e9l\u00e9bration marquant la cl\u00f4ture du dernier quadrimestre de l\u2019\u00e9valuation Propret\u00e9, S\u00e9curit\u00e9, Environnement (PSE). Plus qu\u2019un simple classement, cette c\u00e9r\u00e9monie a rendu hommage aux \u00e9quipes qui, par leur engagement et leur rigueur, portent haut les exigences de CAMRAIL.<\/p>\n<p><strong>En t\u00eate du palmar\u00e8s, l\u2019Atelier BOGIES<\/strong> confirme son excellence avec une moyenne impressionnante de 19,5\/20. Sous la direction de M. EBELLE Olivier, ses 10 agents illustrent \u00e0 la perfection la discipline et la minutie n\u00e9cessaires \u00e0 la performance.<\/p>\n<p>Non loin derri\u00e8re,<strong> l\u2019AIB &amp; MAGASINS DIF, dirig\u00e9 par M. AKOFOR C\u00e9dric, d\u00e9croche la deuxi\u00e8me place avec 18,9\/20.<\/strong> Une distinction qui vient r\u00e9compenser le s\u00e9rieux et la constance de 7 agents, dont le travail quotidien garantit la fluidit\u00e9 et la performance des op\u00e9rations.<\/p>\n<p><strong>En troisi\u00e8me position, l\u2019Atelier HYDRAU-PNEUMATIQUE<\/strong>,<strong> sous la houlette de M. ABEGA K\u00e9vin, s\u2019illustre avec 18,8\/20<\/strong>. Ses 6 agents, anim\u00e9s par une rigueur sans faille, prouvent une fois de plus que l\u2019excellence est un \u00e9tat d\u2019esprit avant d\u2019\u00eatre un chiffre.<\/p>\n<p><strong>Un engagement collectif pour l\u2019excellence<\/strong><\/p>\n<p>Ce palmar\u00e8s ne consacre pas uniquement des performances, il met en lumi\u00e8re une v\u00e9ritable dynamique : celle du d\u00e9passement de soi, du travail bien fait et de la qu\u00eate permanente de progr\u00e8s.<\/p>\n<p>Cette \u00e9dition rev\u00eat une symbolique particuli\u00e8re, puisqu\u2019elle vient cl\u00f4turer une ann\u00e9e 2024 riche en d\u00e9fis, mais surtout en succ\u00e8s. Une ann\u00e9e o\u00f9 la culture de l\u2019excellence s\u2019est renforc\u00e9e, port\u00e9e par des \u00e9quipes engag\u00e9es et d\u00e9termin\u00e9es \u00e0 hisser toujours plus haut les standards de CAMRAIL.<\/p>\n<p>F\u00e9licitations aux \u00e9quipes distingu\u00e9es, mod\u00e8les d\u2019engagement et d\u2019exemplarit\u00e9.<\/p>\n<p>\u00c0 tous les cheminots, un seul message du Directeur G\u00e9n\u00e9ral, Joel HOUNSINOU : <strong>\u00ab continuons \u00e0 progresser, ensemble, vers un avenir o\u00f9 l\u2019excellence reste notre cap \u00bb.<img loading=\"lazy\" decoding=\"async\" class=\"alignnone size-full wp-image-9123\" src=\"https:\/\/camrail.cm\/wp-content\/uploads\/2025\/02\/PSF2.jpg\" alt=\"\" width=\"2048\" height=\"1536\" \/><\/strong><\/p>\n<p><img loading=\"lazy\" decoding=\"async\" class=\"alignnone size-full wp-image-9124\" src=\"https:\/\/camrail.cm\/wp-content\/uploads\/2025\/02\/PSF1.jpg\" alt=\"\" width=\"2048\" height=\"1536\" \/><\/p>\n<p>&nbsp;<\/p>\n<p>&nbsp;<\/p>","protected":false},"excerpt":{"rendered":"<p>Le jeudi 30 janvier 2025, les Ateliers Centraux de Bassa ont \u00e9t\u00e9 le th\u00e9\u00e2tre d\u2019une c\u00e9l\u00e9bration marquant la cl\u00f4ture du dernier quadrimestre de l\u2019\u00e9valuation Propret\u00e9, S\u00e9curit\u00e9, Environnement (PSE). Plus qu\u2019un simple classement, cette c\u00e9r\u00e9monie a rendu hommage aux \u00e9quipes qui, par leur engagement et leur rigueur, portent haut les exigences de CAMRAIL. En t\u00eate du palmar\u00e8s, l\u2019Atelier BOGIES confirme son excellence avec une moyenne impressionnante de 19,5\/20. Sous la direction de M. EBELLE Olivier, ses 10 agents illustrent \u00e0 la perfection la discipline et la minutie n\u00e9cessaires \u00e0 la performance. Non loin derri\u00e8re, l\u2019AIB &amp; MAGASINS DIF, dirig\u00e9 par M. AKOFOR C\u00e9dric, d\u00e9croche la deuxi\u00e8me place avec 18,9\/20. Une distinction qui vient r\u00e9compenser le s\u00e9rieux et la constance de 7 agents, dont le travail quotidien garantit la fluidit\u00e9 et la performance des op\u00e9rations. En troisi\u00e8me position, l\u2019Atelier HYDRAU-PNEUMATIQUE, sous la houlette de M. ABEGA K\u00e9vin, s\u2019illustre avec 18,8\/20. Ses 6 agents, anim\u00e9s par une rigueur sans faille, prouvent une fois de plus que l\u2019excellence est un \u00e9tat d\u2019esprit avant d\u2019\u00eatre un chiffre. Un engagement collectif pour l\u2019excellence Ce palmar\u00e8s ne consacre pas uniquement des performances, il met en lumi\u00e8re une v\u00e9ritable dynamique : celle du d\u00e9passement de soi, du travail bien fait et de la qu\u00eate permanente de progr\u00e8s. Cette \u00e9dition rev\u00eat une symbolique particuli\u00e8re, puisqu\u2019elle vient cl\u00f4turer une ann\u00e9e 2024 riche en d\u00e9fis, mais surtout en succ\u00e8s. Une ann\u00e9e o\u00f9 la culture de l\u2019excellence s\u2019est renforc\u00e9e, port\u00e9e par des \u00e9quipes engag\u00e9es et d\u00e9termin\u00e9es \u00e0 hisser toujours plus haut les standards de CAMRAIL. F\u00e9licitations aux \u00e9quipes distingu\u00e9es, mod\u00e8les d\u2019engagement et d\u2019exemplarit\u00e9. \u00c0 tous les cheminots, un seul message du Directeur G\u00e9n\u00e9ral, Joel HOUNSINOU : \u00ab continuons \u00e0 progresser, ensemble, vers un avenir o\u00f9 l\u2019excellence reste notre cap \u00bb. &nbsp; &nbsp;<\/p>","protected":false},"author":9,"featured_media":9122,"parent":0,"menu_order":0,"comment_status":"closed","ping_status":"closed","template":"","meta":{"_acf_changed":false,"_crdt_document":"","inline_featured_image":false,"site-sidebar-layout":"default","site-content-layout":"","ast-site-content-layout":"default","site-content-style":"default","site-sidebar-style":"default","ast-global-header-display":"","ast-banner-title-visibility":"","ast-main-header-display":"","ast-hfb-above-header-display":"","ast-hfb-below-header-display":"","ast-hfb-mobile-header-display":"","site-post-title":"","ast-breadcrumbs-content":"","ast-featured-img":"","footer-sml-layout":"","theme-transparent-header-meta":"default","adv-header-id-meta":"","stick-header-meta":"","header-above-stick-meta":"","header-main-stick-meta":"","header-below-stick-meta":"","astra-migrate-meta-layouts":"set","ast-page-background-enabled":"default","ast-page-background-meta":{"desktop":{"background-color":"var(--ast-global-color-4)","background-image":"","background-repeat":"repeat","background-position":"center center","background-size":"auto","background-attachment":"scroll","background-type":"","background-media":"","overlay-type":"","overlay-color":"","overlay-opacity":"","overlay-gradient":""},"tablet":{"background-color":"","background-image":"","background-repeat":"repeat","background-position":"center center","background-size":"auto","background-attachment":"scroll","background-type":"","background-media":"","overlay-type":"","overlay-color":"","overlay-opacity":"","overlay-gradient":""},"mobile":{"background-color":"","background-image":"","background-repeat":"repeat","background-position":"center center","background-size":"auto","background-attachment":"scroll","background-type":"","background-media":"","overlay-type":"","overlay-color":"","overlay-opacity":"","overlay-gradient":""}},"ast-content-background-meta":{"desktop":{"background-color":"var(--ast-global-color-5)","background-image":"","background-repeat":"repeat","background-position":"center center","background-size":"auto","background-attachment":"scroll","background-type":"","background-media":"","overlay-type":"","overlay-color":"","overlay-opacity":"","overlay-gradient":""},"tablet":{"background-color":"var(--ast-global-color-5)","background-image":"","background-repeat":"repeat","background-position":"center center","background-size":"auto","background-attachment":"scroll","background-type":"","background-media":"","overlay-type":"","overlay-color":"","overlay-opacity":"","overlay-gradient":""},"mobile":{"background-color":"var(--ast-global-color-5)","background-image":"","background-repeat":"repeat","background-position":"center center","background-size":"auto","background-attachment":"scroll","background-type":"","background-media":"","overlay-type":"","overlay-color":"","overlay-opacity":"","overlay-gradient":""}},"footnotes":""},"class_list":["post-9119","page","type-page","status-publish","has-post-thumbnail","hentry"],"acf":[],"rttpg_featured_image_url":{"full":["https:\/\/camrail.cm\/wp-content\/uploads\/2025\/02\/PSF.jpg",600,451,false],"landscape":["https:\/\/camrail.cm\/wp-content\/uploads\/2025\/02\/PSF.jpg",600,451,false],"portraits":["https:\/\/camrail.cm\/wp-content\/uploads\/2025\/02\/PSF.jpg",600,451,false],"thumbnail":["https:\/\/camrail.cm\/wp-content\/uploads\/2025\/02\/PSF.jpg",150,113,false],"medium":["https:\/\/camrail.cm\/wp-content\/uploads\/2025\/02\/PSF.jpg",300,226,false],"large":["https:\/\/camrail.cm\/wp-content\/uploads\/2025\/02\/PSF.jpg",600,451,false],"1536x1536":["https:\/\/camrail.cm\/wp-content\/uploads\/2025\/02\/PSF.jpg",600,451,false],"2048x2048":["https:\/\/camrail.cm\/wp-content\/uploads\/2025\/02\/PSF.jpg",600,451,false],"trp-custom-language-flag":["https:\/\/camrail.cm\/wp-content\/uploads\/2025\/02\/PSF.jpg",16,12,false],"tp-image-grid":["https:\/\/camrail.cm\/wp-content\/uploads\/2025\/02\/PSF.jpg",600,451,false],"job-image":["https:\/\/camrail.cm\/wp-content\/uploads\/2025\/02\/PSF.jpg",532,400,false]},"rttpg_author":{"display_name":"Ibrahimou Sadou","author_link":"https:\/\/camrail.cm\/en\/author\/ibrahimou\/"},"rttpg_comment":0,"rttpg_category":null,"rttpg_excerpt":"Le jeudi 30 janvier 2025, les Ateliers Centraux de Bassa ont \u00e9t\u00e9 le th\u00e9\u00e2tre d\u2019une c\u00e9l\u00e9bration marquant la cl\u00f4ture du dernier quadrimestre de l\u2019\u00e9valuation Propret\u00e9, S\u00e9curit\u00e9, Environnement (PSE). Plus qu\u2019un simple classement, cette c\u00e9r\u00e9monie a rendu hommage aux \u00e9quipes qui, par leur engagement et leur rigueur, portent haut les exigences de CAMRAIL. En t\u00eate du&hellip;","_links":{"self":[{"href":"https:\/\/camrail.cm\/en\/wp-json\/wp\/v2\/pages\/9119","targetHints":{"allow":["GET"]}}],"collection":[{"href":"https:\/\/camrail.cm\/en\/wp-json\/wp\/v2\/pages"}],"about":[{"href":"https:\/\/camrail.cm\/en\/wp-json\/wp\/v2\/types\/page"}],"author":[{"embeddable":true,"href":"https:\/\/camrail.cm\/en\/wp-json\/wp\/v2\/users\/9"}],"replies":[{"embeddable":true,"href":"https:\/\/camrail.cm\/en\/wp-json\/wp\/v2\/comments?post=9119"}],"version-history":[{"count":1,"href":"https:\/\/camrail.cm\/en\/wp-json\/wp\/v2\/pages\/9119\/revisions"}],"predecessor-version":[{"id":9128,"href":"https:\/\/camrail.cm\/en\/wp-json\/wp\/v2\/pages\/9119\/revisions\/9128"}],"wp:featuredmedia":[{"embeddable":true,"href":"https:\/\/camrail.cm\/en\/wp-json\/wp\/v2\/media\/9122"}],"wp:attachment":[{"href":"https:\/\/camrail.cm\/en\/wp-json\/wp\/v2\/media?parent=9119"}],"curies":[{"name":"wp","href":"https:\/\/api.w.org\/{rel}","templated":true}]}}