{"id":9140,"date":"2025-02-14T16:23:44","date_gmt":"2025-02-14T16:23:44","guid":{"rendered":"https:\/\/camrail.cm\/?page_id=9140"},"modified":"2025-02-14T16:23:44","modified_gmt":"2025-02-14T16:23:44","slug":"camrail-acteur-majeur-de-linsertion-socioprofessionnelle-des-jeunes-camerounais","status":"publish","type":"page","link":"https:\/\/camrail.cm\/en\/camrail-acteur-majeur-de-linsertion-socioprofessionnelle-des-jeunes-camerounais\/","title":{"rendered":"CAMRAIL, acteur majeur de l\u2019insertion socioprofessionnelle des jeunes Camerounais"},"content":{"rendered":"<p>CAMRAIL, le concessionnaire du chemin de fer camerounais, se joint \u00e0 la communaut\u00e9 nationale pour souhaiter une bonne f\u00eate \u00e0 la jeunesse camerounaise.<\/p>\n<p>L\u2019entreprise saisit cette occasion pour rappeler que les jeunes occupent une place centrale dans l\u2019ensemble des politiques initi\u00e9es depuis 1999, ann\u00e9e de mise en concession du r\u00e9seau ferroviaire camerounais.<\/p>\n<p>Aussi, CAMRAIL a accueilli au cours de l\u2019ann\u00e9e 2024, pas moins de 800 \u00e9l\u00e8ves et \u00e9tudiants dans le cadre de stages acad\u00e9miques et professionnels. En outre, des centaines d\u2019autres prennent part aux multiples visites d\u2019entreprises et journ\u00e9es portes ouvertes dans le but de faire conna\u00eetre CAMRAIL et de leur permettre de toucher du doigt le savoir-faire m\u00e9tier des cheminots.<\/p>\n<p>\u00ab Nous avons sign\u00e9 des partenariats avec des universit\u00e9s, des grandes \u00e9coles et des institutions dans le but de faciliter l\u2019int\u00e9gration et l\u2019acc\u00e8s des jeunes aux stages acad\u00e9miques et professionnels d\u2019une part, et, d\u2019autre part, d\u2019inciter la recherche universitaire sur le ferroviaire. Ce qui devrait donner d\u2019aboutir \u00e0 des innovations et donc \u00e0 l\u2019am\u00e9lioration de la qualit\u00e9 des services et une meilleure exp\u00e9rience clients \u00bb, souligne Hamadou Bakary, Directeur G\u00e9n\u00e9ral Adjoint Op\u00e9rations \u00e0 CAMRAIL.<\/p>\n<p>Par ailleurs, et toujours dans l\u2019optique de l\u2019insertion socioprofessionnelle des jeunes, CAMRAIL forme et recrute des jeunes dipl\u00f4m\u00e9s Camerounais aux m\u00e9tiers ferroviaires de base depuis 2017. A date, plus d\u2019un demi-millier d\u2019entre eux ont b\u00e9n\u00e9fici\u00e9 de l\u2019accompagnement de l\u2019entreprise dans ce cadre, \u00e0 travers le paiement de la moiti\u00e9 des frais de concours et de formation, et la totalit\u00e9 des frais pour les tests psychotechniques. Au total, une importante enveloppe de 400 millions de FCFA y a \u00e9t\u00e9 consacr\u00e9e.<\/p>\n<p>Les initiatives de formation ainsi prises par CAMRAIL, ont trouv\u00e9 un \u00e9cho favorable aupr\u00e8s du minist\u00e8re de l\u2019Emploi et de la formation professionnelle. Des appr\u00e9ciations r\u00e9sum\u00e9es par le D\u00e9l\u00e9gu\u00e9 r\u00e9gional de l\u2019Emploi et de la Formation professionnelle du Littoral : \u00ab CAMRAIL est l\u2019une des rares entreprises qui appuie durablement les efforts de formation et d\u2019encadrement de la jeunesse. Elle est un exemple \u00e0 suivre pour de nombreuses organisations locales \u00bb, soulignait Dewaye Eguessa, au cours de la r\u00e9cente c\u00e9r\u00e9monie de fin de formation de jeunes dipl\u00f4m\u00e9s Camerounais aux m\u00e9tiers ferroviaires de base.<img loading=\"lazy\" decoding=\"async\" class=\"alignnone size-full wp-image-9144\" src=\"https:\/\/camrail.cm\/wp-content\/uploads\/2025\/02\/476815105_1027948519366415_4004107818386299035_n.jpg\" alt=\"\" width=\"2048\" height=\"1365\" \/> <img loading=\"lazy\" decoding=\"async\" class=\"alignnone size-full wp-image-9148\" src=\"https:\/\/camrail.cm\/wp-content\/uploads\/2025\/02\/479498393_1027948729366394_3512773034608384378_n.jpg\" alt=\"\" width=\"2048\" height=\"1365\" \/><\/p>\n<p>&nbsp;<\/p>","protected":false},"excerpt":{"rendered":"<p>CAMRAIL, le concessionnaire du chemin de fer camerounais, se joint \u00e0 la communaut\u00e9 nationale pour souhaiter une bonne f\u00eate \u00e0 la jeunesse camerounaise. L\u2019entreprise saisit cette occasion pour rappeler que les jeunes occupent une place centrale dans l\u2019ensemble des politiques initi\u00e9es depuis 1999, ann\u00e9e de mise en concession du r\u00e9seau ferroviaire camerounais. Aussi, CAMRAIL a accueilli au cours de l\u2019ann\u00e9e 2024, pas moins de 800 \u00e9l\u00e8ves et \u00e9tudiants dans le cadre de stages acad\u00e9miques et professionnels. En outre, des centaines d\u2019autres prennent part aux multiples visites d\u2019entreprises et journ\u00e9es portes ouvertes dans le but de faire conna\u00eetre CAMRAIL et de leur permettre de toucher du doigt le savoir-faire m\u00e9tier des cheminots. \u00ab Nous avons sign\u00e9 des partenariats avec des universit\u00e9s, des grandes \u00e9coles et des institutions dans le but de faciliter l\u2019int\u00e9gration et l\u2019acc\u00e8s des jeunes aux stages acad\u00e9miques et professionnels d\u2019une part, et, d\u2019autre part, d\u2019inciter la recherche universitaire sur le ferroviaire. Ce qui devrait donner d\u2019aboutir \u00e0 des innovations et donc \u00e0 l\u2019am\u00e9lioration de la qualit\u00e9 des services et une meilleure exp\u00e9rience clients \u00bb, souligne Hamadou Bakary, Directeur G\u00e9n\u00e9ral Adjoint Op\u00e9rations \u00e0 CAMRAIL. Par ailleurs, et toujours dans l\u2019optique de l\u2019insertion socioprofessionnelle des jeunes, CAMRAIL forme et recrute des jeunes dipl\u00f4m\u00e9s Camerounais aux m\u00e9tiers ferroviaires de base depuis 2017. A date, plus d\u2019un demi-millier d\u2019entre eux ont b\u00e9n\u00e9fici\u00e9 de l\u2019accompagnement de l\u2019entreprise dans ce cadre, \u00e0 travers le paiement de la moiti\u00e9 des frais de concours et de formation, et la totalit\u00e9 des frais pour les tests psychotechniques. Au total, une importante enveloppe de 400 millions de FCFA y a \u00e9t\u00e9 consacr\u00e9e. Les initiatives de formation ainsi prises par CAMRAIL, ont trouv\u00e9 un \u00e9cho favorable aupr\u00e8s du minist\u00e8re de l\u2019Emploi et de la formation professionnelle. Des appr\u00e9ciations r\u00e9sum\u00e9es par le D\u00e9l\u00e9gu\u00e9 r\u00e9gional de l\u2019Emploi et de la Formation professionnelle du Littoral : \u00ab CAMRAIL est l\u2019une des rares entreprises qui appuie durablement les efforts de formation et d\u2019encadrement de la jeunesse. Elle est un exemple \u00e0 suivre pour de nombreuses organisations locales \u00bb, soulignait Dewaye Eguessa, au cours de la r\u00e9cente c\u00e9r\u00e9monie de fin de formation de jeunes dipl\u00f4m\u00e9s Camerounais aux m\u00e9tiers ferroviaires de base. &nbsp;<\/p>","protected":false},"author":9,"featured_media":9143,"parent":0,"menu_order":0,"comment_status":"closed","ping_status":"closed","template":"","meta":{"_acf_changed":false,"_crdt_document":"","inline_featured_image":false,"site-sidebar-layout":"default","site-content-layout":"","ast-site-content-layout":"default","site-content-style":"default","site-sidebar-style":"default","ast-global-header-display":"","ast-banner-title-visibility":"","ast-main-header-display":"","ast-hfb-above-header-display":"","ast-hfb-below-header-display":"","ast-hfb-mobile-header-display":"","site-post-title":"","ast-breadcrumbs-content":"","ast-featured-img":"","footer-sml-layout":"","theme-transparent-header-meta":"default","adv-header-id-meta":"","stick-header-meta":"","header-above-stick-meta":"","header-main-stick-meta":"","header-below-stick-meta":"","astra-migrate-meta-layouts":"set","ast-page-background-enabled":"default","ast-page-background-meta":{"desktop":{"background-color":"var(--ast-global-color-4)","background-image":"","background-repeat":"repeat","background-position":"center center","background-size":"auto","background-attachment":"scroll","background-type":"","background-media":"","overlay-type":"","overlay-color":"","overlay-opacity":"","overlay-gradient":""},"tablet":{"background-color":"","background-image":"","background-repeat":"repeat","background-position":"center center","background-size":"auto","background-attachment":"scroll","background-type":"","background-media":"","overlay-type":"","overlay-color":"","overlay-opacity":"","overlay-gradient":""},"mobile":{"background-color":"","background-image":"","background-repeat":"repeat","background-position":"center center","background-size":"auto","background-attachment":"scroll","background-type":"","background-media":"","overlay-type":"","overlay-color":"","overlay-opacity":"","overlay-gradient":""}},"ast-content-background-meta":{"desktop":{"background-color":"var(--ast-global-color-5)","background-image":"","background-repeat":"repeat","background-position":"center center","background-size":"auto","background-attachment":"scroll","background-type":"","background-media":"","overlay-type":"","overlay-color":"","overlay-opacity":"","overlay-gradient":""},"tablet":{"background-color":"var(--ast-global-color-5)","background-image":"","background-repeat":"repeat","background-position":"center center","background-size":"auto","background-attachment":"scroll","background-type":"","background-media":"","overlay-type":"","overlay-color":"","overlay-opacity":"","overlay-gradient":""},"mobile":{"background-color":"var(--ast-global-color-5)","background-image":"","background-repeat":"repeat","background-position":"center center","background-size":"auto","background-attachment":"scroll","background-type":"","background-media":"","overlay-type":"","overlay-color":"","overlay-opacity":"","overlay-gradient":""}},"footnotes":""},"class_list":["post-9140","page","type-page","status-publish","has-post-thumbnail","hentry"],"acf":[],"rttpg_featured_image_url":{"full":["https:\/\/camrail.cm\/wp-content\/uploads\/2025\/02\/477100398_1027948802699720_9126655188428362886_n.jpg",2048,1365,false],"landscape":["https:\/\/camrail.cm\/wp-content\/uploads\/2025\/02\/477100398_1027948802699720_9126655188428362886_n.jpg",2048,1365,false],"portraits":["https:\/\/camrail.cm\/wp-content\/uploads\/2025\/02\/477100398_1027948802699720_9126655188428362886_n.jpg",2048,1365,false],"thumbnail":["https:\/\/camrail.cm\/wp-content\/uploads\/2025\/02\/477100398_1027948802699720_9126655188428362886_n.jpg",150,100,false],"medium":["https:\/\/camrail.cm\/wp-content\/uploads\/2025\/02\/477100398_1027948802699720_9126655188428362886_n.jpg",300,200,false],"large":["https:\/\/camrail.cm\/wp-content\/uploads\/2025\/02\/477100398_1027948802699720_9126655188428362886_n.jpg",1024,683,false],"1536x1536":["https:\/\/camrail.cm\/wp-content\/uploads\/2025\/02\/477100398_1027948802699720_9126655188428362886_n.jpg",1536,1024,false],"2048x2048":["https:\/\/camrail.cm\/wp-content\/uploads\/2025\/02\/477100398_1027948802699720_9126655188428362886_n.jpg",2048,1365,false],"trp-custom-language-flag":["https:\/\/camrail.cm\/wp-content\/uploads\/2025\/02\/477100398_1027948802699720_9126655188428362886_n.jpg",18,12,false],"tp-image-grid":["https:\/\/camrail.cm\/wp-content\/uploads\/2025\/02\/477100398_1027948802699720_9126655188428362886_n.jpg",700,467,false],"job-image":["https:\/\/camrail.cm\/wp-content\/uploads\/2025\/02\/477100398_1027948802699720_9126655188428362886_n.jpg",600,400,false]},"rttpg_author":{"display_name":"Ibrahimou Sadou","author_link":"https:\/\/camrail.cm\/en\/author\/ibrahimou\/"},"rttpg_comment":0,"rttpg_category":null,"rttpg_excerpt":"CAMRAIL, le concessionnaire du chemin de fer camerounais, se joint \u00e0 la communaut\u00e9 nationale pour souhaiter une bonne f\u00eate \u00e0 la jeunesse camerounaise. L\u2019entreprise saisit cette occasion pour rappeler que les jeunes occupent une place centrale dans l\u2019ensemble des politiques initi\u00e9es depuis 1999, ann\u00e9e de mise en concession du r\u00e9seau ferroviaire camerounais. Aussi, CAMRAIL a&hellip;","_links":{"self":[{"href":"https:\/\/camrail.cm\/en\/wp-json\/wp\/v2\/pages\/9140","targetHints":{"allow":["GET"]}}],"collection":[{"href":"https:\/\/camrail.cm\/en\/wp-json\/wp\/v2\/pages"}],"about":[{"href":"https:\/\/camrail.cm\/en\/wp-json\/wp\/v2\/types\/page"}],"author":[{"embeddable":true,"href":"https:\/\/camrail.cm\/en\/wp-json\/wp\/v2\/users\/9"}],"replies":[{"embeddable":true,"href":"https:\/\/camrail.cm\/en\/wp-json\/wp\/v2\/comments?post=9140"}],"version-history":[{"count":1,"href":"https:\/\/camrail.cm\/en\/wp-json\/wp\/v2\/pages\/9140\/revisions"}],"predecessor-version":[{"id":9151,"href":"https:\/\/camrail.cm\/en\/wp-json\/wp\/v2\/pages\/9140\/revisions\/9151"}],"wp:featuredmedia":[{"embeddable":true,"href":"https:\/\/camrail.cm\/en\/wp-json\/wp\/v2\/media\/9143"}],"wp:attachment":[{"href":"https:\/\/camrail.cm\/en\/wp-json\/wp\/v2\/media?parent=9140"}],"curies":[{"name":"wp","href":"https:\/\/api.w.org\/{rel}","templated":true}]}}