{"id":9156,"date":"2025-02-14T16:51:22","date_gmt":"2025-02-14T16:51:22","guid":{"rendered":"https:\/\/camrail.cm\/?page_id=9156"},"modified":"2025-02-14T16:57:09","modified_gmt":"2025-02-14T16:57:09","slug":"nos-partenaires-a-votre-service","status":"publish","type":"page","link":"https:\/\/camrail.cm\/en\/nos-partenaires-a-votre-service\/","title":{"rendered":"Nos partenaires \u00e0 votre service !"},"content":{"rendered":"<p>Pour vos r\u00e9servations et achats de tickets, retrouvez la liste compl\u00e8te de nos partenaires agr\u00e9\u00e9s CAMRAIL ainsi que leurs contacts dans les diff\u00e9rentes villes.<\/p>\n<p>N&rsquo;h\u00e9sitez pas \u00e0 les joindre pour faciliter vos d\u00e9placements !<img loading=\"lazy\" decoding=\"async\" class=\"alignnone size-full wp-image-9164\" src=\"https:\/\/camrail.cm\/wp-content\/uploads\/2025\/02\/Liste-des-partenaires.jpg\" alt=\"\" width=\"1447\" height=\"2048\" \/><\/p>\n<p style=\"text-align: center;\">","protected":false},"excerpt":{"rendered":"<p>Pour vos r\u00e9servations et achats de tickets, retrouvez la liste compl\u00e8te de nos partenaires agr\u00e9\u00e9s CAMRAIL ainsi que leurs contacts dans les diff\u00e9rentes villes. N&rsquo;h\u00e9sitez pas \u00e0 les joindre pour faciliter vos d\u00e9placements !<\/p>","protected":false},"author":9,"featured_media":0,"parent":0,"menu_order":0,"comment_status":"closed","ping_status":"closed","template":"","meta":{"_acf_changed":false,"_crdt_document":"","inline_featured_image":false,"site-sidebar-layout":"default","site-content-layout":"","ast-site-content-layout":"default","site-content-style":"default","site-sidebar-style":"default","ast-global-header-display":"","ast-banner-title-visibility":"","ast-main-header-display":"","ast-hfb-above-header-display":"","ast-hfb-below-header-display":"","ast-hfb-mobile-header-display":"","site-post-title":"","ast-breadcrumbs-content":"","ast-featured-img":"","footer-sml-layout":"","theme-transparent-header-meta":"default","adv-header-id-meta":"","stick-header-meta":"","header-above-stick-meta":"","header-main-stick-meta":"","header-below-stick-meta":"","astra-migrate-meta-layouts":"set","ast-page-background-enabled":"default","ast-page-background-meta":{"desktop":{"background-color":"var(--ast-global-color-4)","background-image":"","background-repeat":"repeat","background-position":"center center","background-size":"auto","background-attachment":"scroll","background-type":"","background-media":"","overlay-type":"","overlay-color":"","overlay-opacity":"","overlay-gradient":""},"tablet":{"background-color":"","background-image":"","background-repeat":"repeat","background-position":"center center","background-size":"auto","background-attachment":"scroll","background-type":"","background-media":"","overlay-type":"","overlay-color":"","overlay-opacity":"","overlay-gradient":""},"mobile":{"background-color":"","background-image":"","background-repeat":"repeat","background-position":"center center","background-size":"auto","background-attachment":"scroll","background-type":"","background-media":"","overlay-type":"","overlay-color":"","overlay-opacity":"","overlay-gradient":""}},"ast-content-background-meta":{"desktop":{"background-color":"var(--ast-global-color-5)","background-image":"","background-repeat":"repeat","background-position":"center center","background-size":"auto","background-attachment":"scroll","background-type":"","background-media":"","overlay-type":"","overlay-color":"","overlay-opacity":"","overlay-gradient":""},"tablet":{"background-color":"var(--ast-global-color-5)","background-image":"","background-repeat":"repeat","background-position":"center center","background-size":"auto","background-attachment":"scroll","background-type":"","background-media":"","overlay-type":"","overlay-color":"","overlay-opacity":"","overlay-gradient":""},"mobile":{"background-color":"var(--ast-global-color-5)","background-image":"","background-repeat":"repeat","background-position":"center center","background-size":"auto","background-attachment":"scroll","background-type":"","background-media":"","overlay-type":"","overlay-color":"","overlay-opacity":"","overlay-gradient":""}},"footnotes":""},"class_list":["post-9156","page","type-page","status-publish","hentry"],"acf":[],"rttpg_featured_image_url":null,"rttpg_author":{"display_name":"Ibrahimou Sadou","author_link":"https:\/\/camrail.cm\/en\/author\/ibrahimou\/"},"rttpg_comment":0,"rttpg_category":null,"rttpg_excerpt":"Pour vos r\u00e9servations et achats de tickets, retrouvez la liste compl\u00e8te de nos partenaires agr\u00e9\u00e9s CAMRAIL ainsi que leurs contacts dans les diff\u00e9rentes villes. N&rsquo;h\u00e9sitez pas \u00e0 les joindre pour faciliter vos d\u00e9placements !","_links":{"self":[{"href":"https:\/\/camrail.cm\/en\/wp-json\/wp\/v2\/pages\/9156","targetHints":{"allow":["GET"]}}],"collection":[{"href":"https:\/\/camrail.cm\/en\/wp-json\/wp\/v2\/pages"}],"about":[{"href":"https:\/\/camrail.cm\/en\/wp-json\/wp\/v2\/types\/page"}],"author":[{"embeddable":true,"href":"https:\/\/camrail.cm\/en\/wp-json\/wp\/v2\/users\/9"}],"replies":[{"embeddable":true,"href":"https:\/\/camrail.cm\/en\/wp-json\/wp\/v2\/comments?post=9156"}],"version-history":[{"count":3,"href":"https:\/\/camrail.cm\/en\/wp-json\/wp\/v2\/pages\/9156\/revisions"}],"predecessor-version":[{"id":9166,"href":"https:\/\/camrail.cm\/en\/wp-json\/wp\/v2\/pages\/9156\/revisions\/9166"}],"wp:attachment":[{"href":"https:\/\/camrail.cm\/en\/wp-json\/wp\/v2\/media?parent=9156"}],"curies":[{"name":"wp","href":"https:\/\/api.w.org\/{rel}","templated":true}]}}