{"id":9225,"date":"2025-02-16T12:20:47","date_gmt":"2025-02-16T12:20:47","guid":{"rendered":"https:\/\/camrail.cm\/?page_id=9225"},"modified":"2025-02-19T12:30:39","modified_gmt":"2025-02-19T12:30:39","slug":"fete-de-la-jeunesse-la-jeunesse-estudiantine-et-scolaire-a-la-decouverte-du-savoir-faire-de-camrail","status":"publish","type":"page","link":"https:\/\/camrail.cm\/en\/fete-de-la-jeunesse-la-jeunesse-estudiantine-et-scolaire-a-la-decouverte-du-savoir-faire-de-camrail\/","title":{"rendered":"F\u00eate de la jeunesse.La jeunesse estudiantine et scolaire \u00e0 la d\u00e9couverte du savoir-faire de CAMRAIL"},"content":{"rendered":"<p>En marge des activit\u00e9s de la c\u00e9l\u00e9bration de la 59 \u00e9dition de la f\u00eate de la jeunesse, les \u00e9tudiants de l\u2019Universit\u00e9 de Bamenda et les \u00e9l\u00e8ves du Groupe scolaire bilingue \u00ab la Gloire Olympique \u00bb et ceux du complexe scolaire Bilingue les \u00ab Aiglons \u00bb, ont visit\u00e9 les installations de la gare voyageurs de Yaound\u00e9.<\/p>\n<p>Les visites effectu\u00e9es respectivement le 4, 5 et 6 f\u00e9vrier 2025, ont permis aux apprenants d\u2019\u00eatre \u00e9difi\u00e9s sur les modalit\u00e9s de voyage par train ainsi que les mesures de s\u00e9curit\u00e9 \u00e0 respecter avant, pendant et apr\u00e8s le voyage.<\/p>\n<p>Ils ont \u00e0 cet effet, \u00e9chang\u00e9 avec les contr\u00f4leurs et les conducteurs sur leurs m\u00e9tiers respectifs. Par la m\u00eame occasion ces apprenants ont eu l\u2019opportunit\u00e9 de voyager \u00e0 bord du Train Express sur une courte distance. Un voyage in\u00e9dit pour certains d\u2019entre eux qui n\u2019avaient jusque-l\u00e0 jamais emprunter un train pour se d\u00e9placer. Cette visite s\u2019inscrit en droite ligne de la politique des ressources humaines de CAMRAIL qui vise \u00e0 promouvoir les m\u00e9tiers ferroviaires de base et \u00e0 susciter la vocation de cheminot d\u00e8s le bas \u00e2ge.<\/p>\n<p>A ce titre, au-del\u00e0 des journ\u00e9es portes ouvertes organis\u00e9es \u00e0 l\u2019endroit des \u00e9l\u00e8ves et \u00e9tudiants, CAMRAIL a sign\u00e9 des conventions de partenariats avec l\u2019Institut de Formation Professionnelle aux M\u00e9tiers ferroviaires en Afrique centrale (IMEFAC) pour former des jeunes camerounais aux m\u00e9tiers ferroviaires en vue de les int\u00e9grer directement dans les effectifs de l\u2019entreprise en fonction des besoins.<img loading=\"lazy\" decoding=\"async\" class=\"alignnone size-full wp-image-9232\" src=\"https:\/\/camrail.cm\/wp-content\/uploads\/2025\/02\/IMG-20250213-WA0031-1.jpg\" alt=\"\" width=\"810\" height=\"1080\" \/><img loading=\"lazy\" decoding=\"async\" class=\"alignnone size-full wp-image-9233\" src=\"https:\/\/camrail.cm\/wp-content\/uploads\/2025\/02\/IMG-20250213-WA0018.jpg\" alt=\"\" width=\"1040\" height=\"468\" \/><img loading=\"lazy\" decoding=\"async\" class=\"alignnone size-full wp-image-9234\" src=\"https:\/\/camrail.cm\/wp-content\/uploads\/2025\/02\/IMG-20250213-WA0026-1.jpg\" alt=\"\" width=\"1080\" height=\"810\" \/><img loading=\"lazy\" decoding=\"async\" class=\"alignnone size-full wp-image-9235\" src=\"https:\/\/camrail.cm\/wp-content\/uploads\/2025\/02\/IMG-20250213-WA0012.jpg\" alt=\"\" width=\"1040\" height=\"468\" \/><img loading=\"lazy\" decoding=\"async\" class=\"alignnone size-full wp-image-9236\" src=\"https:\/\/camrail.cm\/wp-content\/uploads\/2025\/02\/IMG-20250213-WA0033-1.jpg\" alt=\"\" width=\"1080\" height=\"810\" \/><\/p>","protected":false},"excerpt":{"rendered":"<p>En marge des activit\u00e9s de la c\u00e9l\u00e9bration de la 59 \u00e9dition de la f\u00eate de la jeunesse, les \u00e9tudiants de l\u2019Universit\u00e9 de Bamenda et les \u00e9l\u00e8ves du Groupe scolaire bilingue \u00ab la Gloire Olympique \u00bb et ceux du complexe scolaire Bilingue les \u00ab Aiglons \u00bb, ont visit\u00e9 les installations de la gare voyageurs de Yaound\u00e9. Les visites effectu\u00e9es respectivement le 4, 5 et 6 f\u00e9vrier 2025, ont permis aux apprenants d\u2019\u00eatre \u00e9difi\u00e9s sur les modalit\u00e9s de voyage par train ainsi que les mesures de s\u00e9curit\u00e9 \u00e0 respecter avant, pendant et apr\u00e8s le voyage. Ils ont \u00e0 cet effet, \u00e9chang\u00e9 avec les contr\u00f4leurs et les conducteurs sur leurs m\u00e9tiers respectifs. Par la m\u00eame occasion ces apprenants ont eu l\u2019opportunit\u00e9 de voyager \u00e0 bord du Train Express sur une courte distance. Un voyage in\u00e9dit pour certains d\u2019entre eux qui n\u2019avaient jusque-l\u00e0 jamais emprunter un train pour se d\u00e9placer. Cette visite s\u2019inscrit en droite ligne de la politique des ressources humaines de CAMRAIL qui vise \u00e0 promouvoir les m\u00e9tiers ferroviaires de base et \u00e0 susciter la vocation de cheminot d\u00e8s le bas \u00e2ge. A ce titre, au-del\u00e0 des journ\u00e9es portes ouvertes organis\u00e9es \u00e0 l\u2019endroit des \u00e9l\u00e8ves et \u00e9tudiants, CAMRAIL a sign\u00e9 des conventions de partenariats avec l\u2019Institut de Formation Professionnelle aux M\u00e9tiers ferroviaires en Afrique centrale (IMEFAC) pour former des jeunes camerounais aux m\u00e9tiers ferroviaires en vue de les int\u00e9grer directement dans les effectifs de l\u2019entreprise en fonction des besoins.<\/p>","protected":false},"author":9,"featured_media":9231,"parent":0,"menu_order":0,"comment_status":"closed","ping_status":"closed","template":"","meta":{"_acf_changed":false,"_crdt_document":"","inline_featured_image":false,"site-sidebar-layout":"default","site-content-layout":"","ast-site-content-layout":"default","site-content-style":"default","site-sidebar-style":"default","ast-global-header-display":"","ast-banner-title-visibility":"","ast-main-header-display":"","ast-hfb-above-header-display":"","ast-hfb-below-header-display":"","ast-hfb-mobile-header-display":"","site-post-title":"","ast-breadcrumbs-content":"","ast-featured-img":"","footer-sml-layout":"","theme-transparent-header-meta":"default","adv-header-id-meta":"","stick-header-meta":"","header-above-stick-meta":"","header-main-stick-meta":"","header-below-stick-meta":"","astra-migrate-meta-layouts":"set","ast-page-background-enabled":"default","ast-page-background-meta":{"desktop":{"background-color":"var(--ast-global-color-4)","background-image":"","background-repeat":"repeat","background-position":"center center","background-size":"auto","background-attachment":"scroll","background-type":"","background-media":"","overlay-type":"","overlay-color":"","overlay-opacity":"","overlay-gradient":""},"tablet":{"background-color":"","background-image":"","background-repeat":"repeat","background-position":"center center","background-size":"auto","background-attachment":"scroll","background-type":"","background-media":"","overlay-type":"","overlay-color":"","overlay-opacity":"","overlay-gradient":""},"mobile":{"background-color":"","background-image":"","background-repeat":"repeat","background-position":"center center","background-size":"auto","background-attachment":"scroll","background-type":"","background-media":"","overlay-type":"","overlay-color":"","overlay-opacity":"","overlay-gradient":""}},"ast-content-background-meta":{"desktop":{"background-color":"var(--ast-global-color-5)","background-image":"","background-repeat":"repeat","background-position":"center center","background-size":"auto","background-attachment":"scroll","background-type":"","background-media":"","overlay-type":"","overlay-color":"","overlay-opacity":"","overlay-gradient":""},"tablet":{"background-color":"var(--ast-global-color-5)","background-image":"","background-repeat":"repeat","background-position":"center center","background-size":"auto","background-attachment":"scroll","background-type":"","background-media":"","overlay-type":"","overlay-color":"","overlay-opacity":"","overlay-gradient":""},"mobile":{"background-color":"var(--ast-global-color-5)","background-image":"","background-repeat":"repeat","background-position":"center center","background-size":"auto","background-attachment":"scroll","background-type":"","background-media":"","overlay-type":"","overlay-color":"","overlay-opacity":"","overlay-gradient":""}},"footnotes":""},"class_list":["post-9225","page","type-page","status-publish","has-post-thumbnail","hentry"],"acf":[],"rttpg_featured_image_url":{"full":["https:\/\/camrail.cm\/wp-content\/uploads\/2025\/02\/IMG-20250213-WA0010.jpg",1040,468,false],"landscape":["https:\/\/camrail.cm\/wp-content\/uploads\/2025\/02\/IMG-20250213-WA0010.jpg",1040,468,false],"portraits":["https:\/\/camrail.cm\/wp-content\/uploads\/2025\/02\/IMG-20250213-WA0010.jpg",1040,468,false],"thumbnail":["https:\/\/camrail.cm\/wp-content\/uploads\/2025\/02\/IMG-20250213-WA0010.jpg",150,68,false],"medium":["https:\/\/camrail.cm\/wp-content\/uploads\/2025\/02\/IMG-20250213-WA0010.jpg",300,135,false],"large":["https:\/\/camrail.cm\/wp-content\/uploads\/2025\/02\/IMG-20250213-WA0010.jpg",1024,461,false],"1536x1536":["https:\/\/camrail.cm\/wp-content\/uploads\/2025\/02\/IMG-20250213-WA0010.jpg",1040,468,false],"2048x2048":["https:\/\/camrail.cm\/wp-content\/uploads\/2025\/02\/IMG-20250213-WA0010.jpg",1040,468,false],"trp-custom-language-flag":["https:\/\/camrail.cm\/wp-content\/uploads\/2025\/02\/IMG-20250213-WA0010.jpg",18,8,false],"tp-image-grid":["https:\/\/camrail.cm\/wp-content\/uploads\/2025\/02\/IMG-20250213-WA0010.jpg",700,315,false],"job-image":["https:\/\/camrail.cm\/wp-content\/uploads\/2025\/02\/IMG-20250213-WA0010.jpg",889,400,false]},"rttpg_author":{"display_name":"Ibrahimou Sadou","author_link":"https:\/\/camrail.cm\/en\/author\/ibrahimou\/"},"rttpg_comment":0,"rttpg_category":null,"rttpg_excerpt":"En marge des activit\u00e9s de la c\u00e9l\u00e9bration de la 59 \u00e9dition de la f\u00eate de la jeunesse, les \u00e9tudiants de l\u2019Universit\u00e9 de Bamenda et les \u00e9l\u00e8ves du Groupe scolaire bilingue \u00ab la Gloire Olympique \u00bb et ceux du complexe scolaire Bilingue les \u00ab Aiglons \u00bb, ont visit\u00e9 les installations de la gare voyageurs de Yaound\u00e9.&hellip;","_links":{"self":[{"href":"https:\/\/camrail.cm\/en\/wp-json\/wp\/v2\/pages\/9225","targetHints":{"allow":["GET"]}}],"collection":[{"href":"https:\/\/camrail.cm\/en\/wp-json\/wp\/v2\/pages"}],"about":[{"href":"https:\/\/camrail.cm\/en\/wp-json\/wp\/v2\/types\/page"}],"author":[{"embeddable":true,"href":"https:\/\/camrail.cm\/en\/wp-json\/wp\/v2\/users\/9"}],"replies":[{"embeddable":true,"href":"https:\/\/camrail.cm\/en\/wp-json\/wp\/v2\/comments?post=9225"}],"version-history":[{"count":1,"href":"https:\/\/camrail.cm\/en\/wp-json\/wp\/v2\/pages\/9225\/revisions"}],"predecessor-version":[{"id":9237,"href":"https:\/\/camrail.cm\/en\/wp-json\/wp\/v2\/pages\/9225\/revisions\/9237"}],"wp:featuredmedia":[{"embeddable":true,"href":"https:\/\/camrail.cm\/en\/wp-json\/wp\/v2\/media\/9231"}],"wp:attachment":[{"href":"https:\/\/camrail.cm\/en\/wp-json\/wp\/v2\/media?parent=9225"}],"curies":[{"name":"wp","href":"https:\/\/api.w.org\/{rel}","templated":true}]}}