{"id":9239,"date":"2025-02-18T12:40:20","date_gmt":"2025-02-18T12:40:20","guid":{"rendered":"https:\/\/camrail.cm\/?page_id=9239"},"modified":"2025-02-19T12:55:29","modified_gmt":"2025-02-19T12:55:29","slug":"coupe-saint-eloi-2024-express-fc-prolonge-la-celebration-de-sa-victoire","status":"publish","type":"page","link":"https:\/\/camrail.cm\/en\/coupe-saint-eloi-2024-express-fc-prolonge-la-celebration-de-sa-victoire\/","title":{"rendered":"Coupe Saint Eloi 2024. Express FC prolonge la c\u00e9l\u00e9bration de sa victoire"},"content":{"rendered":"<p>&nbsp;<\/p>\n<p>Les joueurs de l\u2019\u00e9quipe de la Coordination du Centre, champions Inter-Coordination 2024 et vainqueurs de la Coupe Saint \u00c9loi, ont officiellement pr\u00e9sent\u00e9 et remis leurs troph\u00e9es \u00e0 la Coordinatrice du Centre, Juliette MAYOU DOUDOU. Parmi ces distinctions figurent la Coupe Saint \u00c9loi, les troph\u00e9es de Meilleur Buteur et Meilleur Joueur, ainsi que la Coupe de Champion.<\/p>\n<p>Cette c\u00e9r\u00e9monie solennelle s\u2019est tenue le 14 f\u00e9vrier 2025, sous la pr\u00e9sidence du Directeur G\u00e9n\u00e9ral Adjoint en charge du Transport Voyageurs, Dr. Gilbert NKANA PONDY, en sa qualit\u00e9 de Pr\u00e9sident d\u2019Honneur d\u2019Express FC.<\/p>\n<p>Pour rappel, Express FC, sacr\u00e9 champion Inter-Coordination 2024, avait remport\u00e9 la finale face \u00e0 Trafic FC, tenant du titre, sur le score de 5 buts \u00e0 4.<img loading=\"lazy\" decoding=\"async\" class=\"alignnone size-full wp-image-9243\" src=\"https:\/\/camrail.cm\/wp-content\/uploads\/2025\/02\/IMG_20250214_141407_822.jpg\" alt=\"\" width=\"4160\" height=\"1872\" \/><img loading=\"lazy\" decoding=\"async\" class=\"alignnone size-full wp-image-9244\" src=\"https:\/\/camrail.cm\/wp-content\/uploads\/2025\/02\/IMG_20250214_141048_603.jpg\" alt=\"\" width=\"4160\" height=\"1872\" \/><img loading=\"lazy\" decoding=\"async\" class=\"alignnone size-full wp-image-9245\" src=\"https:\/\/camrail.cm\/wp-content\/uploads\/2025\/02\/IMG_20250214_141821_224-Copie.jpg\" alt=\"\" width=\"4160\" height=\"1872\" \/><img loading=\"lazy\" decoding=\"async\" class=\"alignnone size-full wp-image-9246\" src=\"https:\/\/camrail.cm\/wp-content\/uploads\/2025\/02\/IMG_20250214_140722_697.jpg\" alt=\"\" width=\"4160\" height=\"1872\" \/><\/p>","protected":false},"excerpt":{"rendered":"<p>&nbsp; Les joueurs de l\u2019\u00e9quipe de la Coordination du Centre, champions Inter-Coordination 2024 et vainqueurs de la Coupe Saint \u00c9loi, ont officiellement pr\u00e9sent\u00e9 et remis leurs troph\u00e9es \u00e0 la Coordinatrice du Centre, Juliette MAYOU DOUDOU. Parmi ces distinctions figurent la Coupe Saint \u00c9loi, les troph\u00e9es de Meilleur Buteur et Meilleur Joueur, ainsi que la Coupe de Champion. Cette c\u00e9r\u00e9monie solennelle s\u2019est tenue le 14 f\u00e9vrier 2025, sous la pr\u00e9sidence du Directeur G\u00e9n\u00e9ral Adjoint en charge du Transport Voyageurs, Dr. Gilbert NKANA PONDY, en sa qualit\u00e9 de Pr\u00e9sident d\u2019Honneur d\u2019Express FC. Pour rappel, Express FC, sacr\u00e9 champion Inter-Coordination 2024, avait remport\u00e9 la finale face \u00e0 Trafic FC, tenant du titre, sur le score de 5 buts \u00e0 4.<\/p>","protected":false},"author":9,"featured_media":9242,"parent":0,"menu_order":0,"comment_status":"closed","ping_status":"closed","template":"","meta":{"_acf_changed":false,"_crdt_document":"","inline_featured_image":false,"site-sidebar-layout":"default","site-content-layout":"","ast-site-content-layout":"default","site-content-style":"default","site-sidebar-style":"default","ast-global-header-display":"","ast-banner-title-visibility":"","ast-main-header-display":"","ast-hfb-above-header-display":"","ast-hfb-below-header-display":"","ast-hfb-mobile-header-display":"","site-post-title":"","ast-breadcrumbs-content":"","ast-featured-img":"","footer-sml-layout":"","theme-transparent-header-meta":"default","adv-header-id-meta":"","stick-header-meta":"","header-above-stick-meta":"","header-main-stick-meta":"","header-below-stick-meta":"","astra-migrate-meta-layouts":"set","ast-page-background-enabled":"default","ast-page-background-meta":{"desktop":{"background-color":"var(--ast-global-color-4)","background-image":"","background-repeat":"repeat","background-position":"center center","background-size":"auto","background-attachment":"scroll","background-type":"","background-media":"","overlay-type":"","overlay-color":"","overlay-opacity":"","overlay-gradient":""},"tablet":{"background-color":"","background-image":"","background-repeat":"repeat","background-position":"center center","background-size":"auto","background-attachment":"scroll","background-type":"","background-media":"","overlay-type":"","overlay-color":"","overlay-opacity":"","overlay-gradient":""},"mobile":{"background-color":"","background-image":"","background-repeat":"repeat","background-position":"center center","background-size":"auto","background-attachment":"scroll","background-type":"","background-media":"","overlay-type":"","overlay-color":"","overlay-opacity":"","overlay-gradient":""}},"ast-content-background-meta":{"desktop":{"background-color":"var(--ast-global-color-5)","background-image":"","background-repeat":"repeat","background-position":"center center","background-size":"auto","background-attachment":"scroll","background-type":"","background-media":"","overlay-type":"","overlay-color":"","overlay-opacity":"","overlay-gradient":""},"tablet":{"background-color":"var(--ast-global-color-5)","background-image":"","background-repeat":"repeat","background-position":"center center","background-size":"auto","background-attachment":"scroll","background-type":"","background-media":"","overlay-type":"","overlay-color":"","overlay-opacity":"","overlay-gradient":""},"mobile":{"background-color":"var(--ast-global-color-5)","background-image":"","background-repeat":"repeat","background-position":"center center","background-size":"auto","background-attachment":"scroll","background-type":"","background-media":"","overlay-type":"","overlay-color":"","overlay-opacity":"","overlay-gradient":""}},"footnotes":""},"class_list":["post-9239","page","type-page","status-publish","has-post-thumbnail","hentry"],"acf":[],"rttpg_featured_image_url":{"full":["https:\/\/camrail.cm\/wp-content\/uploads\/2025\/02\/IMG_20250214_142930_907-1.jpg",4160,1872,false],"landscape":["https:\/\/camrail.cm\/wp-content\/uploads\/2025\/02\/IMG_20250214_142930_907-1.jpg",4160,1872,false],"portraits":["https:\/\/camrail.cm\/wp-content\/uploads\/2025\/02\/IMG_20250214_142930_907-1.jpg",4160,1872,false],"thumbnail":["https:\/\/camrail.cm\/wp-content\/uploads\/2025\/02\/IMG_20250214_142930_907-1.jpg",150,68,false],"medium":["https:\/\/camrail.cm\/wp-content\/uploads\/2025\/02\/IMG_20250214_142930_907-1.jpg",300,135,false],"large":["https:\/\/camrail.cm\/wp-content\/uploads\/2025\/02\/IMG_20250214_142930_907-1.jpg",1024,461,false],"1536x1536":["https:\/\/camrail.cm\/wp-content\/uploads\/2025\/02\/IMG_20250214_142930_907-1.jpg",1536,691,false],"2048x2048":["https:\/\/camrail.cm\/wp-content\/uploads\/2025\/02\/IMG_20250214_142930_907-1.jpg",2048,922,false],"trp-custom-language-flag":["https:\/\/camrail.cm\/wp-content\/uploads\/2025\/02\/IMG_20250214_142930_907-1.jpg",18,8,false],"tp-image-grid":["https:\/\/camrail.cm\/wp-content\/uploads\/2025\/02\/IMG_20250214_142930_907-1.jpg",700,315,false],"job-image":["https:\/\/camrail.cm\/wp-content\/uploads\/2025\/02\/IMG_20250214_142930_907-1.jpg",889,400,false]},"rttpg_author":{"display_name":"Ibrahimou Sadou","author_link":"https:\/\/camrail.cm\/en\/author\/ibrahimou\/"},"rttpg_comment":0,"rttpg_category":null,"rttpg_excerpt":"&nbsp; Les joueurs de l\u2019\u00e9quipe de la Coordination du Centre, champions Inter-Coordination 2024 et vainqueurs de la Coupe Saint \u00c9loi, ont officiellement pr\u00e9sent\u00e9 et remis leurs troph\u00e9es \u00e0 la Coordinatrice du Centre, Juliette MAYOU DOUDOU. Parmi ces distinctions figurent la Coupe Saint \u00c9loi, les troph\u00e9es de Meilleur Buteur et Meilleur Joueur, ainsi que la Coupe&hellip;","_links":{"self":[{"href":"https:\/\/camrail.cm\/en\/wp-json\/wp\/v2\/pages\/9239","targetHints":{"allow":["GET"]}}],"collection":[{"href":"https:\/\/camrail.cm\/en\/wp-json\/wp\/v2\/pages"}],"about":[{"href":"https:\/\/camrail.cm\/en\/wp-json\/wp\/v2\/types\/page"}],"author":[{"embeddable":true,"href":"https:\/\/camrail.cm\/en\/wp-json\/wp\/v2\/users\/9"}],"replies":[{"embeddable":true,"href":"https:\/\/camrail.cm\/en\/wp-json\/wp\/v2\/comments?post=9239"}],"version-history":[{"count":1,"href":"https:\/\/camrail.cm\/en\/wp-json\/wp\/v2\/pages\/9239\/revisions"}],"predecessor-version":[{"id":9250,"href":"https:\/\/camrail.cm\/en\/wp-json\/wp\/v2\/pages\/9239\/revisions\/9250"}],"wp:featuredmedia":[{"embeddable":true,"href":"https:\/\/camrail.cm\/en\/wp-json\/wp\/v2\/media\/9242"}],"wp:attachment":[{"href":"https:\/\/camrail.cm\/en\/wp-json\/wp\/v2\/media?parent=9239"}],"curies":[{"name":"wp","href":"https:\/\/api.w.org\/{rel}","templated":true}]}}