{"id":24469,"date":"2025-04-28T12:17:00","date_gmt":"2025-04-28T12:17:00","guid":{"rendered":"https:\/\/camrail.cm\/?page_id=24469"},"modified":"2025-05-08T16:25:43","modified_gmt":"2025-05-08T16:25:43","slug":"camrail-recoit-10-turbocompresseurs-de-sitarail-pour-reparation","status":"publish","type":"page","link":"https:\/\/camrail.cm\/fr_fr\/camrail-recoit-10-turbocompresseurs-de-sitarail-pour-reparation\/","title":{"rendered":"CAMRAIL re\u00e7oit 10 turbocompresseurs de Sitarail pour r\u00e9paration"},"content":{"rendered":"\n<p class=\"wp-block-paragraph\">CAMRAIL, filiale de Africa Global Logistics et acteur majeur du transport ferroviaire et multimodal dans la sous-r\u00e9gion Afrique centrale, annonce la r\u00e9ception de 10 turbocompresseurs envoy\u00e9s par Sitarail pour r\u00e9paration.<\/p>\n\n\n\n<p class=\"wp-block-paragraph\">Les travaux seront r\u00e9alis\u00e9s au sein de la Technical Business Unit (TBU), l\u2019unit\u00e9 sp\u00e9cialis\u00e9e mise en place par CAMRAIL et qui offre des solutions de maintenance pour une grande vari\u00e9t\u00e9 de mat\u00e9riel, y compris les locomotives, les diff\u00e9rents types de wagons, les voitures voyageurs, les draisines de chantier et autres engins m\u00e9caniques. Les r\u00e9parations, devraient durer au maximum six mois.<\/p>\n\n\n\n<p class=\"wp-block-paragraph\">Les 10 turbocompresseurs de Sitarail, essentiels au bon fonctionnement des locomotives, vont b\u00e9n\u00e9ficier d\u2019une expertise technique avanc\u00e9e pour assurer leur efficacit\u00e9 et leur durabilit\u00e9. Ainsi, les travaux de r\u00e9paration seront r\u00e9alis\u00e9s par une \u00e9quipe d&#8217;une dizaine de personnes comprenant des m\u00e9caniciens et des sp\u00e9cialistes du turbo de CAMRAIL et de sa sous-traitance, de m\u00eame que de la filiale camerounaise de Draaijer, la soci\u00e9t\u00e9 hollandaise d\u00e9tentrice de la Certification.<\/p>\n\n\n\n<p class=\"wp-block-paragraph\">\u00ab Nous sommes honor\u00e9s de la confiance de Sitarail pour cette op\u00e9ration de maintenance au sein de la toute premi\u00e8re unit\u00e9 de maintenance ferroviaire en zone Afrique centrale. La r\u00e9paration de ces turbocompresseurs au sein de notre Technical Business Unit (TBU) marque l\u2019officialisation de son op\u00e9rationnalit\u00e9 et constitue un tournant d\u00e9cisif pour maintenir la continuit\u00e9 et la qualit\u00e9 des services de transport ferroviaire. Nous sommes confiants dans notre capacit\u00e9 \u00e0 mener \u00e0 bien ces travaux dans les d\u00e9lais impartis. \u00bb, souligne Joel Hounsinou, le Directeur G\u00e9n\u00e9ral de CAMRAIL.<\/p>\n\n\n\n<p class=\"wp-block-paragraph\">La r\u00e9paration en \u00ab repair and return \u00bb de 10 turbocompresseurs appartenant \u00e0 Sitarail dans les ateliers centraux de Bassa \u00e0 Douala, consacre l\u2019engagement de CAMRAIL, le concessionnaire du chemin de fer camerounais, \u00e0 fournir des services de maintenance de haute qualit\u00e9, garantissant la performance et la fiabilit\u00e9 du mat\u00e9riel roulant.<\/p>\n\n\n\n<p class=\"wp-block-paragraph\">Il est utile de noter que le Technical Business Unit de CAMRAIL jouit de solides atouts dont un personnel qualifi\u00e9 et sp\u00e9cialis\u00e9 ; Une vision de la maintenance bas\u00e9e sur les normes qualit\u00e9 et les recommandations constructeur, coupl\u00e9e \u00e0 une ma\u00eetrise des co\u00fbts ; Des ateliers \u00e9quip\u00e9s de mat\u00e9riel et outillage n\u00e9cessaires, situ\u00e9s sur un site de 35 hectares et reli\u00e9s au port de Douala par une voie ferr\u00e9e et plusieurs partenaires pour l&#8217;approvisionnement en pi\u00e8ces de rechange et assistance si n\u00e9cessaire<\/p>\n\n\n\n<figure class=\"wp-block-image size-full\"><img loading=\"lazy\" decoding=\"async\" width=\"605\" height=\"357\" src=\"https:\/\/camrail.cm\/wp-content\/uploads\/2025\/05\/10-turbocompresseurs.png\" alt=\"\" class=\"wp-image-24465\"\/><\/figure>\n","protected":false},"excerpt":{"rendered":"<p>CAMRAIL, filiale de Africa Global Logistics et acteur majeur du transport ferroviaire et multimodal dans la sous-r\u00e9gion Afrique centrale, annonce la r\u00e9ception de 10 turbocompresseurs envoy\u00e9s par Sitarail pour r\u00e9paration. Les travaux seront r\u00e9alis\u00e9s au sein de la Technical Business Unit (TBU), l\u2019unit\u00e9 sp\u00e9cialis\u00e9e mise en place par CAMRAIL et qui offre des solutions de maintenance pour une grande vari\u00e9t\u00e9 de mat\u00e9riel, y compris les locomotives, les diff\u00e9rents types de wagons, les voitures voyageurs, les draisines de chantier et autres engins m\u00e9caniques. Les r\u00e9parations, devraient durer au maximum six mois. Les 10 turbocompresseurs de Sitarail, essentiels au bon fonctionnement des locomotives, vont b\u00e9n\u00e9ficier d\u2019une expertise technique avanc\u00e9e pour assurer leur efficacit\u00e9 et leur durabilit\u00e9. Ainsi, les travaux de r\u00e9paration seront r\u00e9alis\u00e9s par une \u00e9quipe d&#8217;une dizaine de personnes comprenant des m\u00e9caniciens et des sp\u00e9cialistes du turbo de CAMRAIL et de sa sous-traitance, de m\u00eame que de la filiale camerounaise de Draaijer, la soci\u00e9t\u00e9 hollandaise d\u00e9tentrice de la Certification. \u00ab Nous sommes honor\u00e9s de la confiance de Sitarail pour cette op\u00e9ration de maintenance au sein de la toute premi\u00e8re unit\u00e9 de maintenance ferroviaire en zone Afrique centrale. La r\u00e9paration de ces turbocompresseurs au sein de notre Technical Business Unit (TBU) marque l\u2019officialisation de son op\u00e9rationnalit\u00e9 et constitue un tournant d\u00e9cisif pour maintenir la continuit\u00e9 et la qualit\u00e9 des services de transport ferroviaire. Nous sommes confiants dans notre capacit\u00e9 \u00e0 mener \u00e0 bien ces travaux dans les d\u00e9lais impartis. \u00bb, souligne Joel Hounsinou, le Directeur G\u00e9n\u00e9ral de CAMRAIL. La r\u00e9paration en \u00ab repair and return \u00bb de 10 turbocompresseurs appartenant \u00e0 Sitarail dans les ateliers centraux de Bassa \u00e0 Douala, consacre l\u2019engagement de CAMRAIL, le concessionnaire du chemin de fer camerounais, \u00e0 fournir des services de maintenance de haute qualit\u00e9, garantissant la performance et la fiabilit\u00e9 du mat\u00e9riel roulant. Il est utile de noter que le Technical Business Unit de CAMRAIL jouit de solides atouts dont un personnel qualifi\u00e9 et sp\u00e9cialis\u00e9 ; Une vision de la maintenance bas\u00e9e sur les normes qualit\u00e9 et les recommandations constructeur, coupl\u00e9e \u00e0 une ma\u00eetrise des co\u00fbts ; Des ateliers \u00e9quip\u00e9s de mat\u00e9riel et outillage n\u00e9cessaires, situ\u00e9s sur un site de 35 hectares et reli\u00e9s au port de Douala par une voie ferr\u00e9e et plusieurs partenaires pour l&#8217;approvisionnement en pi\u00e8ces de rechange et assistance si n\u00e9cessaire<\/p>\n","protected":false},"author":9,"featured_media":0,"parent":0,"menu_order":0,"comment_status":"closed","ping_status":"closed","template":"","meta":{"_acf_changed":false,"_crdt_document":"","inline_featured_image":false,"site-sidebar-layout":"default","site-content-layout":"","ast-site-content-layout":"","site-content-style":"default","site-sidebar-style":"default","ast-global-header-display":"","ast-banner-title-visibility":"","ast-main-header-display":"","ast-hfb-above-header-display":"","ast-hfb-below-header-display":"","ast-hfb-mobile-header-display":"","site-post-title":"","ast-breadcrumbs-content":"","ast-featured-img":"","footer-sml-layout":"","theme-transparent-header-meta":"","adv-header-id-meta":"","stick-header-meta":"","header-above-stick-meta":"","header-main-stick-meta":"","header-below-stick-meta":"","astra-migrate-meta-layouts":"default","ast-page-background-enabled":"default","ast-page-background-meta":{"desktop":{"background-color":"var(--ast-global-color-4)","background-image":"","background-repeat":"repeat","background-position":"center center","background-size":"auto","background-attachment":"scroll","background-type":"","background-media":"","overlay-type":"","overlay-color":"","overlay-opacity":"","overlay-gradient":""},"tablet":{"background-color":"","background-image":"","background-repeat":"repeat","background-position":"center center","background-size":"auto","background-attachment":"scroll","background-type":"","background-media":"","overlay-type":"","overlay-color":"","overlay-opacity":"","overlay-gradient":""},"mobile":{"background-color":"","background-image":"","background-repeat":"repeat","background-position":"center center","background-size":"auto","background-attachment":"scroll","background-type":"","background-media":"","overlay-type":"","overlay-color":"","overlay-opacity":"","overlay-gradient":""}},"ast-content-background-meta":{"desktop":{"background-color":"var(--ast-global-color-5)","background-image":"","background-repeat":"repeat","background-position":"center center","background-size":"auto","background-attachment":"scroll","background-type":"","background-media":"","overlay-type":"","overlay-color":"","overlay-opacity":"","overlay-gradient":""},"tablet":{"background-color":"var(--ast-global-color-5)","background-image":"","background-repeat":"repeat","background-position":"center center","background-size":"auto","background-attachment":"scroll","background-type":"","background-media":"","overlay-type":"","overlay-color":"","overlay-opacity":"","overlay-gradient":""},"mobile":{"background-color":"var(--ast-global-color-5)","background-image":"","background-repeat":"repeat","background-position":"center center","background-size":"auto","background-attachment":"scroll","background-type":"","background-media":"","overlay-type":"","overlay-color":"","overlay-opacity":"","overlay-gradient":""}},"footnotes":""},"class_list":["post-24469","page","type-page","status-publish","hentry"],"acf":[],"rttpg_featured_image_url":null,"rttpg_author":{"display_name":"Ibrahimou Sadou","author_link":"https:\/\/camrail.cm\/fr_fr\/author\/ibrahimou\/"},"rttpg_comment":0,"rttpg_category":null,"rttpg_excerpt":"CAMRAIL, filiale de Africa Global Logistics et acteur majeur du transport ferroviaire et multimodal dans la sous-r\u00e9gion Afrique centrale, annonce la r\u00e9ception de 10 turbocompresseurs envoy\u00e9s par Sitarail pour r\u00e9paration. Les travaux seront r\u00e9alis\u00e9s au sein de la Technical Business Unit (TBU), l\u2019unit\u00e9 sp\u00e9cialis\u00e9e mise en place par CAMRAIL et qui offre des solutions de\u2026","_links":{"self":[{"href":"https:\/\/camrail.cm\/fr_fr\/wp-json\/wp\/v2\/pages\/24469","targetHints":{"allow":["GET"]}}],"collection":[{"href":"https:\/\/camrail.cm\/fr_fr\/wp-json\/wp\/v2\/pages"}],"about":[{"href":"https:\/\/camrail.cm\/fr_fr\/wp-json\/wp\/v2\/types\/page"}],"author":[{"embeddable":true,"href":"https:\/\/camrail.cm\/fr_fr\/wp-json\/wp\/v2\/users\/9"}],"replies":[{"embeddable":true,"href":"https:\/\/camrail.cm\/fr_fr\/wp-json\/wp\/v2\/comments?post=24469"}],"version-history":[{"count":1,"href":"https:\/\/camrail.cm\/fr_fr\/wp-json\/wp\/v2\/pages\/24469\/revisions"}],"predecessor-version":[{"id":24472,"href":"https:\/\/camrail.cm\/fr_fr\/wp-json\/wp\/v2\/pages\/24469\/revisions\/24472"}],"wp:attachment":[{"href":"https:\/\/camrail.cm\/fr_fr\/wp-json\/wp\/v2\/media?parent=24469"}],"curies":[{"name":"wp","href":"https:\/\/api.w.org\/{rel}","templated":true}]}}