{"id":24546,"date":"2025-05-24T15:35:18","date_gmt":"2025-05-24T15:35:18","guid":{"rendered":"https:\/\/camrail.cm\/?page_id=24546"},"modified":"2025-05-24T15:35:53","modified_gmt":"2025-05-24T15:35:53","slug":"camrail-sur-les-voies-de-lemotion-au-coeur-du-septentrion","status":"publish","type":"page","link":"https:\/\/camrail.cm\/fr_fr\/camrail-sur-les-voies-de-lemotion-au-coeur-du-septentrion\/","title":{"rendered":"CAMRAIL : Sur les voies de l\u2019\u00e9motion, au c\u0153ur du Septentrion"},"content":{"rendered":"\n<p class=\"wp-block-paragraph\">Le 15 mai 2025 restera grav\u00e9 dans les m\u00e9moires : la tourn\u00e9e du Directeur G\u00e9n\u00e9ral de CAMRAIL, M. Joel HOUNSINOU, s\u2019est poursuivie dans la Coordination du Nord avec des escales fortes en \u00e9motions.<\/p>\n\n\n\n<p class=\"wp-block-paragraph\">De T\u00eate d\u2019\u00c9l\u00e9phant \u00e0 Ngaound\u00e9r\u00e9, en passant par Mbitom, Pangar, Ngaoundal, Makor et Bawa, chaque gare a \u00e9t\u00e9 le th\u00e9\u00e2tre de chaleureuses rencontres.<\/p>\n\n\n\n<p class=\"wp-block-paragraph\">Mais ce sont surtout les haltes impr\u00e9vues de Kawtal 1, Kawtal 2 et Bouguerra qui ont marqu\u00e9 les esprits : des foules en liesse, des chants d\u2019accueil, une population enti\u00e8re sortie pour dire simplement merci.<\/p>\n\n\n\n<p class=\"wp-block-paragraph\">Au-del\u00e0 de l\u2019inspection, c\u2019est une v\u00e9ritable communion entre CAMRAIL et les populations de l\u2019arri\u00e8re-pays qui s\u2019est v\u00e9cue. Une \u00e9motion partag\u00e9e qui rappelle que le train ne transporte pas que des voyageurs, mais aussi des espoirs.<\/p>\n\n\n\n<p class=\"wp-block-paragraph\">Comme \u00e0 Douala, Yaound\u00e9 et B\u00e9labo, il a rappel\u00e9 l\u2019imp\u00e9rieuse n\u00e9cessit\u00e9 de conjuguer excellence op\u00e9rationnelle et ancrage humain. Car au-del\u00e0 des rails, ce sont des vies qui s\u2019alignent, des attentes qui vibrent \u00e0 chaque coup de sifflet du train.<\/p>\n\n\n\n<div class=\"wp-block-columns is-layout-flex wp-container-core-columns-is-layout-7387b849 wp-block-columns-is-layout-flex\">\n<div class=\"wp-block-column is-layout-flow wp-block-column-is-layout-flow\">\n<figure class=\"wp-block-image size-full\"><img loading=\"lazy\" decoding=\"async\" width=\"2048\" height=\"1536\" src=\"https:\/\/camrail.cm\/wp-content\/uploads\/2025\/05\/Tournee-DG2.jpg\" alt=\"\" class=\"wp-image-24554\"\/><\/figure>\n<\/div>\n\n\n\n<div class=\"wp-block-column is-layout-flow wp-block-column-is-layout-flow\">\n<figure class=\"wp-block-image size-full\"><img loading=\"lazy\" decoding=\"async\" width=\"2048\" height=\"1536\" src=\"https:\/\/camrail.cm\/wp-content\/uploads\/2025\/05\/Tournee-DG1.jpg\" alt=\"\" class=\"wp-image-24553\"\/><\/figure>\n<\/div>\n\n\n\n<div class=\"wp-block-column is-layout-flow wp-block-column-is-layout-flow\">\n<figure class=\"wp-block-image size-full\"><img loading=\"lazy\" decoding=\"async\" width=\"2048\" height=\"1536\" src=\"https:\/\/camrail.cm\/wp-content\/uploads\/2025\/05\/Tournee-DG3.jpg\" alt=\"\" class=\"wp-image-24555\"\/><\/figure>\n<\/div>\n<\/div>\n","protected":false},"excerpt":{"rendered":"<p>Le 15 mai 2025 restera grav\u00e9 dans les m\u00e9moires : la tourn\u00e9e du Directeur G\u00e9n\u00e9ral de CAMRAIL, M. Joel HOUNSINOU, s\u2019est poursuivie dans la Coordination du Nord avec des escales fortes en \u00e9motions. De T\u00eate d\u2019\u00c9l\u00e9phant \u00e0 Ngaound\u00e9r\u00e9, en passant par Mbitom, Pangar, Ngaoundal, Makor et Bawa, chaque gare a \u00e9t\u00e9 le th\u00e9\u00e2tre de chaleureuses rencontres. Mais ce sont surtout les haltes impr\u00e9vues de Kawtal 1, Kawtal 2 et Bouguerra qui ont marqu\u00e9 les esprits : des foules en liesse, des chants d\u2019accueil, une population enti\u00e8re sortie pour dire simplement merci. Au-del\u00e0 de l\u2019inspection, c\u2019est une v\u00e9ritable communion entre CAMRAIL et les populations de l\u2019arri\u00e8re-pays qui s\u2019est v\u00e9cue. Une \u00e9motion partag\u00e9e qui rappelle que le train ne transporte pas que des voyageurs, mais aussi des espoirs. Comme \u00e0 Douala, Yaound\u00e9 et B\u00e9labo, il a rappel\u00e9 l\u2019imp\u00e9rieuse n\u00e9cessit\u00e9 de conjuguer excellence op\u00e9rationnelle et ancrage humain. Car au-del\u00e0 des rails, ce sont des vies qui s\u2019alignent, des attentes qui vibrent \u00e0 chaque coup de sifflet du train.<\/p>\n","protected":false},"author":9,"featured_media":24552,"parent":0,"menu_order":0,"comment_status":"closed","ping_status":"closed","template":"","meta":{"_acf_changed":false,"_crdt_document":"","inline_featured_image":false,"site-sidebar-layout":"default","site-content-layout":"","ast-site-content-layout":"","site-content-style":"default","site-sidebar-style":"default","ast-global-header-display":"","ast-banner-title-visibility":"","ast-main-header-display":"","ast-hfb-above-header-display":"","ast-hfb-below-header-display":"","ast-hfb-mobile-header-display":"","site-post-title":"","ast-breadcrumbs-content":"","ast-featured-img":"","footer-sml-layout":"","theme-transparent-header-meta":"","adv-header-id-meta":"","stick-header-meta":"","header-above-stick-meta":"","header-main-stick-meta":"","header-below-stick-meta":"","astra-migrate-meta-layouts":"default","ast-page-background-enabled":"default","ast-page-background-meta":{"desktop":{"background-color":"var(--ast-global-color-4)","background-image":"","background-repeat":"repeat","background-position":"center center","background-size":"auto","background-attachment":"scroll","background-type":"","background-media":"","overlay-type":"","overlay-color":"","overlay-opacity":"","overlay-gradient":""},"tablet":{"background-color":"","background-image":"","background-repeat":"repeat","background-position":"center center","background-size":"auto","background-attachment":"scroll","background-type":"","background-media":"","overlay-type":"","overlay-color":"","overlay-opacity":"","overlay-gradient":""},"mobile":{"background-color":"","background-image":"","background-repeat":"repeat","background-position":"center center","background-size":"auto","background-attachment":"scroll","background-type":"","background-media":"","overlay-type":"","overlay-color":"","overlay-opacity":"","overlay-gradient":""}},"ast-content-background-meta":{"desktop":{"background-color":"var(--ast-global-color-5)","background-image":"","background-repeat":"repeat","background-position":"center center","background-size":"auto","background-attachment":"scroll","background-type":"","background-media":"","overlay-type":"","overlay-color":"","overlay-opacity":"","overlay-gradient":""},"tablet":{"background-color":"var(--ast-global-color-5)","background-image":"","background-repeat":"repeat","background-position":"center center","background-size":"auto","background-attachment":"scroll","background-type":"","background-media":"","overlay-type":"","overlay-color":"","overlay-opacity":"","overlay-gradient":""},"mobile":{"background-color":"var(--ast-global-color-5)","background-image":"","background-repeat":"repeat","background-position":"center center","background-size":"auto","background-attachment":"scroll","background-type":"","background-media":"","overlay-type":"","overlay-color":"","overlay-opacity":"","overlay-gradient":""}},"footnotes":""},"class_list":["post-24546","page","type-page","status-publish","has-post-thumbnail","hentry"],"acf":[],"rttpg_featured_image_url":{"full":["https:\/\/camrail.cm\/wp-content\/uploads\/2025\/05\/Tournee-DG.jpg",2048,1538,false],"landscape":["https:\/\/camrail.cm\/wp-content\/uploads\/2025\/05\/Tournee-DG.jpg",2048,1538,false],"portraits":["https:\/\/camrail.cm\/wp-content\/uploads\/2025\/05\/Tournee-DG.jpg",2048,1538,false],"thumbnail":["https:\/\/camrail.cm\/wp-content\/uploads\/2025\/05\/Tournee-DG.jpg",150,113,false],"medium":["https:\/\/camrail.cm\/wp-content\/uploads\/2025\/05\/Tournee-DG.jpg",300,225,false],"large":["https:\/\/camrail.cm\/wp-content\/uploads\/2025\/05\/Tournee-DG.jpg",1024,769,false],"1536x1536":["https:\/\/camrail.cm\/wp-content\/uploads\/2025\/05\/Tournee-DG.jpg",1536,1154,false],"2048x2048":["https:\/\/camrail.cm\/wp-content\/uploads\/2025\/05\/Tournee-DG.jpg",2048,1538,false],"trp-custom-language-flag":["https:\/\/camrail.cm\/wp-content\/uploads\/2025\/05\/Tournee-DG.jpg",16,12,false],"tp-image-grid":["https:\/\/camrail.cm\/wp-content\/uploads\/2025\/05\/Tournee-DG.jpg",700,526,false],"job-image":["https:\/\/camrail.cm\/wp-content\/uploads\/2025\/05\/Tournee-DG.jpg",533,400,false]},"rttpg_author":{"display_name":"Ibrahimou Sadou","author_link":"https:\/\/camrail.cm\/fr_fr\/author\/ibrahimou\/"},"rttpg_comment":0,"rttpg_category":null,"rttpg_excerpt":"Le 15 mai 2025 restera grav\u00e9 dans les m\u00e9moires : la tourn\u00e9e du Directeur G\u00e9n\u00e9ral de CAMRAIL, M. Joel HOUNSINOU, s\u2019est poursuivie dans la Coordination du Nord avec des escales fortes en \u00e9motions. De T\u00eate d\u2019\u00c9l\u00e9phant \u00e0 Ngaound\u00e9r\u00e9, en passant par Mbitom, Pangar, Ngaoundal, Makor et Bawa, chaque gare a \u00e9t\u00e9 le th\u00e9\u00e2tre de chaleureuses\u2026","_links":{"self":[{"href":"https:\/\/camrail.cm\/fr_fr\/wp-json\/wp\/v2\/pages\/24546","targetHints":{"allow":["GET"]}}],"collection":[{"href":"https:\/\/camrail.cm\/fr_fr\/wp-json\/wp\/v2\/pages"}],"about":[{"href":"https:\/\/camrail.cm\/fr_fr\/wp-json\/wp\/v2\/types\/page"}],"author":[{"embeddable":true,"href":"https:\/\/camrail.cm\/fr_fr\/wp-json\/wp\/v2\/users\/9"}],"replies":[{"embeddable":true,"href":"https:\/\/camrail.cm\/fr_fr\/wp-json\/wp\/v2\/comments?post=24546"}],"version-history":[{"count":1,"href":"https:\/\/camrail.cm\/fr_fr\/wp-json\/wp\/v2\/pages\/24546\/revisions"}],"predecessor-version":[{"id":24556,"href":"https:\/\/camrail.cm\/fr_fr\/wp-json\/wp\/v2\/pages\/24546\/revisions\/24556"}],"wp:featuredmedia":[{"embeddable":true,"href":"https:\/\/camrail.cm\/fr_fr\/wp-json\/wp\/v2\/media\/24552"}],"wp:attachment":[{"href":"https:\/\/camrail.cm\/fr_fr\/wp-json\/wp\/v2\/media?parent=24546"}],"curies":[{"name":"wp","href":"https:\/\/api.w.org\/{rel}","templated":true}]}}