{"id":29876,"date":"2025-09-12T08:55:30","date_gmt":"2025-09-12T08:55:30","guid":{"rendered":"https:\/\/camrail.cm\/?page_id=29876"},"modified":"2025-09-12T08:55:35","modified_gmt":"2025-09-12T08:55:35","slug":"alerte-arnaque-fausse-page-camrail-vente-de-billets-illegale","status":"publish","type":"page","link":"https:\/\/camrail.cm\/fr_fr\/alerte-arnaque-fausse-page-camrail-vente-de-billets-illegale\/","title":{"rendered":"ALERTE ARNAQUE \u2014 FAUSSE PAGE CAMRAIL &amp; VENTE DE BILLETS ILL\u00c9GALE"},"content":{"rendered":"\n<p class=\"wp-block-paragraph\">Des individus malveillants ont cr\u00e9\u00e9 une fausse page Facebook se faisant passer pour CAMRAIL ainsi qu\u2019une fausse plateforme de vente de billets en ligne.<\/p>\n\n\n\n<p class=\"wp-block-paragraph\">Ne cliquez pas, ne payez pas, ne communiquez pas via ces canaux :<\/p>\n\n\n\n<p class=\"wp-block-paragraph\">Page frauduleuse :<a href=\"https:\/\/www.facebook.com\/profile.php?id=61579876263404\">https:\/\/www.facebook.com\/profile.php?id=61579876263404<\/a><\/p>\n\n\n\n<p class=\"wp-block-paragraph\">Fausse plateforme \u201cachat de billets\u201d :<a href=\"https:\/\/0u7m4hnw.forms.app\/reservation-de-billets-de-train\">https:\/\/0u7m4hnw.forms.app\/reservation-de-billets-de-train<\/a><\/p>\n\n\n\n<p class=\"wp-block-paragraph\">Num\u00e9ro utilis\u00e9 par les escrocs : +237 6 93 96 40 02<\/p>\n\n\n\n<p class=\"wp-block-paragraph\">Email frauduleux : camrailcameroun32@gmail.com<\/p>\n\n\n\n<p class=\"wp-block-paragraph\"><strong>Rappel important :<\/strong><\/p>\n\n\n\n<p class=\"wp-block-paragraph\">CAMRAIL ne vend pas de billets via Facebook\/WhatsApp\/Forms. Toute information officielle sur les billets et les horaires est communiqu\u00e9e uniquement via nos canaux officiels (<a href=\"https:\/\/l.facebook.com\/l.php?u=http%3A%2F%2Fwww.mycamrail.cm%2F%3Ffbclid%3DIwZXh0bgNhZW0CMTAAYnJpZBExQUZnRXprREVZQks4Nm1qSQEeVyDzgg1tQyNB-3TCByf-Yt9gQ8D7ofiN9j9hoiSDnxr8V3ijbdWjJzvmNyo_aem_Ey4OYIXBk2ztdTb3ktQiDA&amp;h=AT1BjWgbScFCh4bpPuYW0FKPf8ewFrOMu2IMDwawOhYbxpInsDSrskvUyjdZn1pZ2Jkf-NKhZX6l9DkAJVTukNt3p3dJjsBBFwUrzRy-vAjxoySsRD3iKigJXsLOJTTh-FiHcjkTw4wwRf6I&amp;__tn__=-UK-R&amp;c%5b0%5d=AT31sILaPQPGNmwYi2mVjkuagMql9ve53NE09eMCAqmELPBV0co-1oUdtETj87cTCKaqVb1m1KuirPGm4ClV_UmiMSc494aajGkupN2zAXXUscxMswSJO8T-udNr_Bv9ilYIqIuT_XO-6K4eVfOd9LFVZrUL-dNfVU1xReAoRzNc_P-p-eNElfgtDwak93zUK59lUdi9CJ3OWxDLuKA\" target=\"_blank\" rel=\"noreferrer noopener\"><strong>www.mycamrail.cm<\/strong><\/a> et <a href=\"https:\/\/www.camrail.cm\/?fbclid=IwZXh0bgNhZW0CMTAAYnJpZBExQUZnRXprREVZQks4Nm1qSQEeTSh9Mvn3s-ZfL0hIIaUhY1PavuuYUO8iQz59c-LpTVfS4HnY1MdfzwMD8X4_aem_eM4i8SxFqPM5gJkgTik23A\" target=\"_blank\" rel=\"noreferrer noopener\"><strong>www.camrail.cm<\/strong><\/a>) et aux guichets en gare.<\/p>\n\n\n\n<p class=\"wp-block-paragraph\"><strong>Que faire si vous avez \u00e9t\u00e9 contact\u00e9 ?<\/strong><\/p>\n\n\n\n<p class=\"wp-block-paragraph\">Ne r\u00e9pondez pas, ne payez pas.<\/p>\n\n\n\n<p class=\"wp-block-paragraph\">Signalez la page : ouvrir la page &gt; \u201c\u2026\u201d &gt; Signaler &gt; Faux compte.<\/p>\n\n\n\n<p class=\"wp-block-paragraph\">Bloquez le num\u00e9ro et l\u2019email ci-dessus.<\/p>\n\n\n\n<p class=\"wp-block-paragraph\">Alertez vos proches pour \u00e9viter d\u2019autres victimes.<\/p>\n\n\n\n<p class=\"wp-block-paragraph\">Merci \u00e0 toutes et \u00e0 tous pour votre vigilance et votre soutien \u00e0 la s\u00e9curit\u00e9 de notre communaut\u00e9.<\/p>\n\n\n\n<p class=\"wp-block-paragraph\">#CAMRAIL \u2014 Votre s\u00e9curit\u00e9, notre priorit\u00e9.<\/p>\n\n\n\n<p class=\"wp-block-paragraph\"><\/p>\n","protected":false},"excerpt":{"rendered":"<p>Des individus malveillants ont cr\u00e9\u00e9 une fausse page Facebook se faisant passer pour CAMRAIL ainsi qu\u2019une fausse plateforme de vente de billets en ligne. Ne cliquez pas, ne payez pas, ne communiquez pas via ces canaux : Page frauduleuse :https:\/\/www.facebook.com\/profile.php?id=61579876263404 Fausse plateforme \u201cachat de billets\u201d :https:\/\/0u7m4hnw.forms.app\/reservation-de-billets-de-train Num\u00e9ro utilis\u00e9 par les escrocs : +237 6 93 96 40 02 Email frauduleux : camrailcameroun32@gmail.com Rappel important : CAMRAIL ne vend pas de billets via Facebook\/WhatsApp\/Forms. Toute information officielle sur les billets et les horaires est communiqu\u00e9e uniquement via nos canaux officiels (www.mycamrail.cm et www.camrail.cm) et aux guichets en gare. Que faire si vous avez \u00e9t\u00e9 contact\u00e9 ? Ne r\u00e9pondez pas, ne payez pas. Signalez la page : ouvrir la page &gt; \u201c\u2026\u201d &gt; Signaler &gt; Faux compte. Bloquez le num\u00e9ro et l\u2019email ci-dessus. Alertez vos proches pour \u00e9viter d\u2019autres victimes. Merci \u00e0 toutes et \u00e0 tous pour votre vigilance et votre soutien \u00e0 la s\u00e9curit\u00e9 de notre communaut\u00e9. #CAMRAIL \u2014 Votre s\u00e9curit\u00e9, notre priorit\u00e9.<\/p>\n","protected":false},"author":9,"featured_media":29885,"parent":0,"menu_order":0,"comment_status":"closed","ping_status":"closed","template":"","meta":{"_acf_changed":false,"_crdt_document":"","inline_featured_image":false,"site-sidebar-layout":"default","site-content-layout":"","ast-site-content-layout":"","site-content-style":"default","site-sidebar-style":"default","ast-global-header-display":"","ast-banner-title-visibility":"","ast-main-header-display":"","ast-hfb-above-header-display":"","ast-hfb-below-header-display":"","ast-hfb-mobile-header-display":"","site-post-title":"","ast-breadcrumbs-content":"","ast-featured-img":"","footer-sml-layout":"","theme-transparent-header-meta":"","adv-header-id-meta":"","stick-header-meta":"","header-above-stick-meta":"","header-main-stick-meta":"","header-below-stick-meta":"","astra-migrate-meta-layouts":"default","ast-page-background-enabled":"default","ast-page-background-meta":{"desktop":{"background-color":"var(--ast-global-color-4)","background-image":"","background-repeat":"repeat","background-position":"center center","background-size":"auto","background-attachment":"scroll","background-type":"","background-media":"","overlay-type":"","overlay-color":"","overlay-opacity":"","overlay-gradient":""},"tablet":{"background-color":"","background-image":"","background-repeat":"repeat","background-position":"center center","background-size":"auto","background-attachment":"scroll","background-type":"","background-media":"","overlay-type":"","overlay-color":"","overlay-opacity":"","overlay-gradient":""},"mobile":{"background-color":"","background-image":"","background-repeat":"repeat","background-position":"center center","background-size":"auto","background-attachment":"scroll","background-type":"","background-media":"","overlay-type":"","overlay-color":"","overlay-opacity":"","overlay-gradient":""}},"ast-content-background-meta":{"desktop":{"background-color":"var(--ast-global-color-5)","background-image":"","background-repeat":"repeat","background-position":"center center","background-size":"auto","background-attachment":"scroll","background-type":"","background-media":"","overlay-type":"","overlay-color":"","overlay-opacity":"","overlay-gradient":""},"tablet":{"background-color":"var(--ast-global-color-5)","background-image":"","background-repeat":"repeat","background-position":"center center","background-size":"auto","background-attachment":"scroll","background-type":"","background-media":"","overlay-type":"","overlay-color":"","overlay-opacity":"","overlay-gradient":""},"mobile":{"background-color":"var(--ast-global-color-5)","background-image":"","background-repeat":"repeat","background-position":"center center","background-size":"auto","background-attachment":"scroll","background-type":"","background-media":"","overlay-type":"","overlay-color":"","overlay-opacity":"","overlay-gradient":""}},"footnotes":""},"class_list":["post-29876","page","type-page","status-publish","has-post-thumbnail","hentry"],"acf":[],"rttpg_featured_image_url":{"full":["https:\/\/camrail.cm\/wp-content\/uploads\/2025\/09\/GARE-BESSENGUE-OK-3.jpg",828,315,false],"landscape":["https:\/\/camrail.cm\/wp-content\/uploads\/2025\/09\/GARE-BESSENGUE-OK-3.jpg",828,315,false],"portraits":["https:\/\/camrail.cm\/wp-content\/uploads\/2025\/09\/GARE-BESSENGUE-OK-3.jpg",828,315,false],"thumbnail":["https:\/\/camrail.cm\/wp-content\/uploads\/2025\/09\/GARE-BESSENGUE-OK-3.jpg",150,57,false],"medium":["https:\/\/camrail.cm\/wp-content\/uploads\/2025\/09\/GARE-BESSENGUE-OK-3.jpg",300,114,false],"large":["https:\/\/camrail.cm\/wp-content\/uploads\/2025\/09\/GARE-BESSENGUE-OK-3.jpg",828,315,false],"1536x1536":["https:\/\/camrail.cm\/wp-content\/uploads\/2025\/09\/GARE-BESSENGUE-OK-3.jpg",828,315,false],"2048x2048":["https:\/\/camrail.cm\/wp-content\/uploads\/2025\/09\/GARE-BESSENGUE-OK-3.jpg",828,315,false],"trp-custom-language-flag":["https:\/\/camrail.cm\/wp-content\/uploads\/2025\/09\/GARE-BESSENGUE-OK-3.jpg",18,7,false],"tp-image-grid":["https:\/\/camrail.cm\/wp-content\/uploads\/2025\/09\/GARE-BESSENGUE-OK-3.jpg",700,266,false],"job-image":["https:\/\/camrail.cm\/wp-content\/uploads\/2025\/09\/GARE-BESSENGUE-OK-3.jpg",828,315,false]},"rttpg_author":{"display_name":"Ibrahimou Sadou","author_link":"https:\/\/camrail.cm\/fr_fr\/author\/ibrahimou\/"},"rttpg_comment":0,"rttpg_category":null,"rttpg_excerpt":"Des individus malveillants ont cr\u00e9\u00e9 une fausse page Facebook se faisant passer pour CAMRAIL ainsi qu\u2019une fausse plateforme de vente de billets en ligne. Ne cliquez pas, ne payez pas, ne communiquez pas via ces canaux : Page frauduleuse :https:\/\/www.facebook.com\/profile.php?id=61579876263404 Fausse plateforme \u201cachat de billets\u201d :https:\/\/0u7m4hnw.forms.app\/reservation-de-billets-de-train Num\u00e9ro utilis\u00e9 par les escrocs : +237 6 93\u2026","_links":{"self":[{"href":"https:\/\/camrail.cm\/fr_fr\/wp-json\/wp\/v2\/pages\/29876","targetHints":{"allow":["GET"]}}],"collection":[{"href":"https:\/\/camrail.cm\/fr_fr\/wp-json\/wp\/v2\/pages"}],"about":[{"href":"https:\/\/camrail.cm\/fr_fr\/wp-json\/wp\/v2\/types\/page"}],"author":[{"embeddable":true,"href":"https:\/\/camrail.cm\/fr_fr\/wp-json\/wp\/v2\/users\/9"}],"replies":[{"embeddable":true,"href":"https:\/\/camrail.cm\/fr_fr\/wp-json\/wp\/v2\/comments?post=29876"}],"version-history":[{"count":1,"href":"https:\/\/camrail.cm\/fr_fr\/wp-json\/wp\/v2\/pages\/29876\/revisions"}],"predecessor-version":[{"id":29923,"href":"https:\/\/camrail.cm\/fr_fr\/wp-json\/wp\/v2\/pages\/29876\/revisions\/29923"}],"wp:featuredmedia":[{"embeddable":true,"href":"https:\/\/camrail.cm\/fr_fr\/wp-json\/wp\/v2\/media\/29885"}],"wp:attachment":[{"href":"https:\/\/camrail.cm\/fr_fr\/wp-json\/wp\/v2\/media?parent=29876"}],"curies":[{"name":"wp","href":"https:\/\/api.w.org\/{rel}","templated":true}]}}