{"id":30082,"date":"2025-10-03T10:05:11","date_gmt":"2025-10-03T10:05:11","guid":{"rendered":"https:\/\/camrail.cm\/?page_id=30082"},"modified":"2025-10-03T10:13:15","modified_gmt":"2025-10-03T10:13:15","slug":"camrail-celebre-les-equipes-de-la-zone-materiel-remorque-mr-de-douala","status":"publish","type":"page","link":"https:\/\/camrail.cm\/fr_fr\/camrail-celebre-les-equipes-de-la-zone-materiel-remorque-mr-de-douala\/","title":{"rendered":"CAMRAIL C\u00e9l\u00e8bre les \u00e9quipes de la zone Mat\u00e9riel Remorqu\u00e9 (MR) de Douala."},"content":{"rendered":"\n<p class=\"wp-block-paragraph\">A la suite de la performance exceptionnelle enregistr\u00e9e au mois d\u2019ao\u00fbt 2025, un cocktail en l\u2019honneur des \u00e9quipes de la Zone MR Douala a \u00e9t\u00e9 offert le 5 ao\u00fbt dernier, en signe de reconnaissance et d\u2019encouragement.<\/p>\n\n\n\n<p class=\"wp-block-paragraph\">\u00c0 l\u2019initiative du coordinateur du Littoral, Ahmadou GADJI, accompagn\u00e9 du Directeur du Mat\u00e9riel et du Responsable du D\u00e9partement Mat\u00e9riel Remorqu\u00e9, cette c\u00e9r\u00e9monie de f\u00e9licitations a r\u00e9uni l\u2019ensemble des agents MR de la zone, ainsi que les responsables des autres structures actives dans ce p\u00e9rim\u00e8tre (DT, sous-traitants).<\/p>\n\n\n\n<p class=\"wp-block-paragraph\">\u00ab On ne r\u00e9colte que ce que l\u2019on a sem\u00e9 \u00bb. Cette expression a pris tout son sens \u00e0 la cantine de l\u2019EC Bessengue \u2014 site d\u2019entretien des wagons de retour de la ligne \u2014 qui a servi de cadre \u00e0 cet hommage bien m\u00e9rit\u00e9 rendu aux \u00e9quipes MR pour leurs efforts et leur engagement remarquables.<\/p>\n\n\n\n<p class=\"wp-block-paragraph\"><strong>Respect des pr\u00e9visions budg\u00e9taires<\/strong><\/p>\n\n\n\n<p class=\"wp-block-paragraph\">La disponibilit\u00e9 des wagons a atteint un niveau exceptionnel au mois d\u2019ao\u00fbt 2025, avec un taux moyen de 88 % par jour tout au long du mois. Cette performance, conforme \u00e0 l\u2019objectif fix\u00e9 dans le budget op\u00e9rationnel, a largement contribu\u00e9 aux excellents r\u00e9sultats enregistr\u00e9s, tout comme d\u2019autres actions men\u00e9es par les diff\u00e9rentes structures.<\/p>\n\n\n\n<p class=\"wp-block-paragraph\"><strong>Inclusion et esprit d\u2019\u00e9quipe<\/strong><\/p>\n\n\n\n<p class=\"wp-block-paragraph\">La c\u00e9l\u00e9bration du 5 ao\u00fbt est \u00e9galement le fruit d\u2019une collaboration exemplaire entre tous les acteurs des unit\u00e9s op\u00e9rationnelles de la zone de Bessengue. La coop\u00e9ration \u00e9troite avec le chef de complexe a notamment permis d\u2019optimiser le transfert des wagons vers les ACB. Ainsi, le s\u00e9jour moyen des wagons r\u00e9form\u00e9s avant leur transfert pour intervention est pass\u00e9 d\u2019environ une semaine \u00e0 deux jours seulement.<\/p>\n\n\n\n<p class=\"wp-block-paragraph\">On a \u00e9galement constat\u00e9 une excellente fluidit\u00e9 des r\u00e9parations, avec une sortie moyenne de 15 wagons par semaine.<\/p>\n\n\n\n<p class=\"wp-block-paragraph\"><strong>Un acte qui inspire<\/strong><\/p>\n\n\n\n<p class=\"wp-block-paragraph\">Au-del\u00e0 de la symbolique de reconnaissance port\u00e9e par Ahmadou GADJI, ce cocktail constitue un signal fort \u00e0 plusieurs \u00e9gards. Il incarne la vision d\u2019un \u00ab CAMRAIL nouveau \u00bb, o\u00f9 le m\u00e9rite est reconnu et c\u00e9l\u00e9br\u00e9. Il met \u00e9galement en lumi\u00e8re l\u2019esprit d\u2019\u00e9quipe qui r\u00e8gne au sein du complexe de Bessengue, et se veut, \u00e0 terme, une source d\u2019inspiration et de motivation pour l\u2019ensemble des collaborateurs.<\/p>\n","protected":false},"excerpt":{"rendered":"<p>A la suite de la performance exceptionnelle enregistr\u00e9e au mois d\u2019ao\u00fbt 2025, un cocktail en l\u2019honneur des \u00e9quipes de la Zone MR Douala a \u00e9t\u00e9 offert le 5 ao\u00fbt dernier, en signe de reconnaissance et d\u2019encouragement. \u00c0 l\u2019initiative du coordinateur du Littoral, Ahmadou GADJI, accompagn\u00e9 du Directeur du Mat\u00e9riel et du Responsable du D\u00e9partement Mat\u00e9riel Remorqu\u00e9, cette c\u00e9r\u00e9monie de f\u00e9licitations a r\u00e9uni l\u2019ensemble des agents MR de la zone, ainsi que les responsables des autres structures actives dans ce p\u00e9rim\u00e8tre (DT, sous-traitants). \u00ab On ne r\u00e9colte que ce que l\u2019on a sem\u00e9 \u00bb. Cette expression a pris tout son sens \u00e0 la cantine de l\u2019EC Bessengue \u2014 site d\u2019entretien des wagons de retour de la ligne \u2014 qui a servi de cadre \u00e0 cet hommage bien m\u00e9rit\u00e9 rendu aux \u00e9quipes MR pour leurs efforts et leur engagement remarquables. Respect des pr\u00e9visions budg\u00e9taires La disponibilit\u00e9 des wagons a atteint un niveau exceptionnel au mois d\u2019ao\u00fbt 2025, avec un taux moyen de 88 % par jour tout au long du mois. Cette performance, conforme \u00e0 l\u2019objectif fix\u00e9 dans le budget op\u00e9rationnel, a largement contribu\u00e9 aux excellents r\u00e9sultats enregistr\u00e9s, tout comme d\u2019autres actions men\u00e9es par les diff\u00e9rentes structures. Inclusion et esprit d\u2019\u00e9quipe La c\u00e9l\u00e9bration du 5 ao\u00fbt est \u00e9galement le fruit d\u2019une collaboration exemplaire entre tous les acteurs des unit\u00e9s op\u00e9rationnelles de la zone de Bessengue. La coop\u00e9ration \u00e9troite avec le chef de complexe a notamment permis d\u2019optimiser le transfert des wagons vers les ACB. Ainsi, le s\u00e9jour moyen des wagons r\u00e9form\u00e9s avant leur transfert pour intervention est pass\u00e9 d\u2019environ une semaine \u00e0 deux jours seulement. On a \u00e9galement constat\u00e9 une excellente fluidit\u00e9 des r\u00e9parations, avec une sortie moyenne de 15 wagons par semaine. Un acte qui inspire Au-del\u00e0 de la symbolique de reconnaissance port\u00e9e par Ahmadou GADJI, ce cocktail constitue un signal fort \u00e0 plusieurs \u00e9gards. Il incarne la vision d\u2019un \u00ab CAMRAIL nouveau \u00bb, o\u00f9 le m\u00e9rite est reconnu et c\u00e9l\u00e9br\u00e9. Il met \u00e9galement en lumi\u00e8re l\u2019esprit d\u2019\u00e9quipe qui r\u00e8gne au sein du complexe de Bessengue, et se veut, \u00e0 terme, une source d\u2019inspiration et de motivation pour l\u2019ensemble des collaborateurs.<\/p>\n","protected":false},"author":9,"featured_media":30087,"parent":0,"menu_order":0,"comment_status":"closed","ping_status":"closed","template":"","meta":{"_acf_changed":false,"_crdt_document":"","inline_featured_image":false,"site-sidebar-layout":"default","site-content-layout":"","ast-site-content-layout":"","site-content-style":"default","site-sidebar-style":"default","ast-global-header-display":"","ast-banner-title-visibility":"","ast-main-header-display":"","ast-hfb-above-header-display":"","ast-hfb-below-header-display":"","ast-hfb-mobile-header-display":"","site-post-title":"","ast-breadcrumbs-content":"","ast-featured-img":"","footer-sml-layout":"","theme-transparent-header-meta":"","adv-header-id-meta":"","stick-header-meta":"","header-above-stick-meta":"","header-main-stick-meta":"","header-below-stick-meta":"","astra-migrate-meta-layouts":"default","ast-page-background-enabled":"default","ast-page-background-meta":{"desktop":{"background-color":"var(--ast-global-color-4)","background-image":"","background-repeat":"repeat","background-position":"center center","background-size":"auto","background-attachment":"scroll","background-type":"","background-media":"","overlay-type":"","overlay-color":"","overlay-opacity":"","overlay-gradient":""},"tablet":{"background-color":"","background-image":"","background-repeat":"repeat","background-position":"center center","background-size":"auto","background-attachment":"scroll","background-type":"","background-media":"","overlay-type":"","overlay-color":"","overlay-opacity":"","overlay-gradient":""},"mobile":{"background-color":"","background-image":"","background-repeat":"repeat","background-position":"center center","background-size":"auto","background-attachment":"scroll","background-type":"","background-media":"","overlay-type":"","overlay-color":"","overlay-opacity":"","overlay-gradient":""}},"ast-content-background-meta":{"desktop":{"background-color":"var(--ast-global-color-5)","background-image":"","background-repeat":"repeat","background-position":"center center","background-size":"auto","background-attachment":"scroll","background-type":"","background-media":"","overlay-type":"","overlay-color":"","overlay-opacity":"","overlay-gradient":""},"tablet":{"background-color":"var(--ast-global-color-5)","background-image":"","background-repeat":"repeat","background-position":"center center","background-size":"auto","background-attachment":"scroll","background-type":"","background-media":"","overlay-type":"","overlay-color":"","overlay-opacity":"","overlay-gradient":""},"mobile":{"background-color":"var(--ast-global-color-5)","background-image":"","background-repeat":"repeat","background-position":"center center","background-size":"auto","background-attachment":"scroll","background-type":"","background-media":"","overlay-type":"","overlay-color":"","overlay-opacity":"","overlay-gradient":""}},"footnotes":""},"class_list":["post-30082","page","type-page","status-publish","has-post-thumbnail","hentry"],"acf":[],"rttpg_featured_image_url":{"full":["https:\/\/camrail.cm\/wp-content\/uploads\/2025\/10\/CELEBRATION-EQUIPE-DMAT.jpg",1188,601,false],"landscape":["https:\/\/camrail.cm\/wp-content\/uploads\/2025\/10\/CELEBRATION-EQUIPE-DMAT.jpg",1188,601,false],"portraits":["https:\/\/camrail.cm\/wp-content\/uploads\/2025\/10\/CELEBRATION-EQUIPE-DMAT.jpg",1188,601,false],"thumbnail":["https:\/\/camrail.cm\/wp-content\/uploads\/2025\/10\/CELEBRATION-EQUIPE-DMAT.jpg",150,76,false],"medium":["https:\/\/camrail.cm\/wp-content\/uploads\/2025\/10\/CELEBRATION-EQUIPE-DMAT.jpg",300,152,false],"large":["https:\/\/camrail.cm\/wp-content\/uploads\/2025\/10\/CELEBRATION-EQUIPE-DMAT.jpg",1024,518,false],"1536x1536":["https:\/\/camrail.cm\/wp-content\/uploads\/2025\/10\/CELEBRATION-EQUIPE-DMAT.jpg",1188,601,false],"2048x2048":["https:\/\/camrail.cm\/wp-content\/uploads\/2025\/10\/CELEBRATION-EQUIPE-DMAT.jpg",1188,601,false],"trp-custom-language-flag":["https:\/\/camrail.cm\/wp-content\/uploads\/2025\/10\/CELEBRATION-EQUIPE-DMAT.jpg",18,9,false],"tp-image-grid":["https:\/\/camrail.cm\/wp-content\/uploads\/2025\/10\/CELEBRATION-EQUIPE-DMAT.jpg",700,354,false],"job-image":["https:\/\/camrail.cm\/wp-content\/uploads\/2025\/10\/CELEBRATION-EQUIPE-DMAT.jpg",791,400,false]},"rttpg_author":{"display_name":"Ibrahimou Sadou","author_link":"https:\/\/camrail.cm\/fr_fr\/author\/ibrahimou\/"},"rttpg_comment":0,"rttpg_category":null,"rttpg_excerpt":"A la suite de la performance exceptionnelle enregistr\u00e9e au mois d\u2019ao\u00fbt 2025, un cocktail en l\u2019honneur des \u00e9quipes de la Zone MR Douala a \u00e9t\u00e9 offert le 5 ao\u00fbt dernier, en signe de reconnaissance et d\u2019encouragement. \u00c0 l\u2019initiative du coordinateur du Littoral, Ahmadou GADJI, accompagn\u00e9 du Directeur du Mat\u00e9riel et du Responsable du D\u00e9partement Mat\u00e9riel\u2026","_links":{"self":[{"href":"https:\/\/camrail.cm\/fr_fr\/wp-json\/wp\/v2\/pages\/30082","targetHints":{"allow":["GET"]}}],"collection":[{"href":"https:\/\/camrail.cm\/fr_fr\/wp-json\/wp\/v2\/pages"}],"about":[{"href":"https:\/\/camrail.cm\/fr_fr\/wp-json\/wp\/v2\/types\/page"}],"author":[{"embeddable":true,"href":"https:\/\/camrail.cm\/fr_fr\/wp-json\/wp\/v2\/users\/9"}],"replies":[{"embeddable":true,"href":"https:\/\/camrail.cm\/fr_fr\/wp-json\/wp\/v2\/comments?post=30082"}],"version-history":[{"count":2,"href":"https:\/\/camrail.cm\/fr_fr\/wp-json\/wp\/v2\/pages\/30082\/revisions"}],"predecessor-version":[{"id":30093,"href":"https:\/\/camrail.cm\/fr_fr\/wp-json\/wp\/v2\/pages\/30082\/revisions\/30093"}],"wp:featuredmedia":[{"embeddable":true,"href":"https:\/\/camrail.cm\/fr_fr\/wp-json\/wp\/v2\/media\/30087"}],"wp:attachment":[{"href":"https:\/\/camrail.cm\/fr_fr\/wp-json\/wp\/v2\/media?parent=30082"}],"curies":[{"name":"wp","href":"https:\/\/api.w.org\/{rel}","templated":true}]}}