{"id":32697,"date":"2026-02-25T10:19:57","date_gmt":"2026-02-25T10:19:57","guid":{"rendered":"https:\/\/camrail.cm\/?page_id=32697"},"modified":"2026-02-25T10:20:09","modified_gmt":"2026-02-25T10:20:09","slug":"fete-de-la-jeunesse-2026-camrail-ouvre-ses-portes-a-des-etablissements-scolaires","status":"publish","type":"page","link":"https:\/\/camrail.cm\/fr_fr\/fete-de-la-jeunesse-2026-camrail-ouvre-ses-portes-a-des-etablissements-scolaires\/","title":{"rendered":"F\u00eate de la jeunesse 2026. CAMRAIL ouvre ses portes \u00e0 des \u00e9tablissements scolaires"},"content":{"rendered":"\n<p class=\"wp-block-paragraph\">Dans le cadre des activit\u00e9s marquant la 60e \u00e9dition de la F\u00eate de la Jeunesse, c\u00e9l\u00e9br\u00e9e le 11 f\u00e9vrier 2026, CAMRAIL, filiale d\u2019Africa Global Logistics (AGL), a accueilli \u00e0 la gare Voyageurs de Yaound\u00e9 une dizaine d\u2019\u00e9tablissements scolaires pour des visites guid\u00e9es.<\/p>\n\n\n\n<p class=\"wp-block-paragraph\">Encadr\u00e9s par leurs enseignants, les\u00a0\u00e9l\u00e8ves ont d\u00e9couvert les principaux espaces de la gare (quais, salle d\u2019attente, guichets, contr\u00f4le d\u2019acc\u00e8s) et les \u00e9tapes d\u2019un voyage : information des passagers, achat des titres de transport, embarquement, gestion des bagages et respect des consignes. L\u2019objectif \u00e9tait double : mieux faire conna\u00eetre le service voyageurs et renforcer, d\u00e8s le plus jeune \u00e2ge, les r\u00e9flexes de prudence en gare et aux abords de la voie ferr\u00e9e.<\/p>\n\n\n\n<p class=\"wp-block-paragraph\">Au fil des \u00e9changes avec les \u00e9quipes, les visiteurs ont pu poser leurs questions sur les m\u00e9tiers du rail, les exigences de ponctualit\u00e9, la coordination entre services et les dispositifs de s\u00e9curit\u00e9. Des messages de pr\u00e9vention ont \u00e9t\u00e9 rappel\u00e9s : ne jamais franchir les voies, rester derri\u00e8re les lignes de s\u00e9curit\u00e9 sur les quais, \u00e9viter toute distraction \u00e0 proximit\u00e9 des rails et se conformer aux instructions du personnel. Moment fort de l\u2019immersion : une partie du groupe a effectu\u00e9 un court trajet \u00e0 bord du Train Express, passant de la th\u00e9orie \u00e0 la pratique. Pour beaucoup, il s\u2019agissait d\u2019une premi\u00e8re exp\u00e9rience, v\u00e9cue avec enthousiasme, et parfois porteuse de voca<\/p>\n\n\n\n<p class=\"wp-block-paragraph\">\u00c0 travers ces portes ouvertes, CAMRAIL r\u00e9affirme son engagement en faveur de l\u2019\u00e9ducation \u00e0 la s\u00e9curit\u00e9 ferroviaire et du lien avec les communaut\u00e9s scolaires.<\/p>\n\n\n\n<p class=\"wp-block-paragraph\">L\u2019initiative s\u2019inscrit dans la d\u00e9marche de sensibilisation conduite aupr\u00e8s des \u00e9tablissements, afin de promouvoir un usage responsable du rail et de consolider une culture s\u00e9curit\u00e9 partag\u00e9e. Les encadreurs ont salu\u00e9 l\u2019accueil des \u00e9quipes.<\/p>\n\n\n\n<div class=\"wp-block-columns is-layout-flex wp-container-core-columns-is-layout-7387b849 wp-block-columns-is-layout-flex\">\n<div class=\"wp-block-column is-layout-flow wp-block-column-is-layout-flow\" style=\"flex-basis:66.66%\">\n<figure class=\"wp-block-image size-full\"><img loading=\"lazy\" decoding=\"async\" width=\"4160\" height=\"1872\" src=\"https:\/\/camrail.cm\/wp-content\/uploads\/2026\/02\/IMG_20260210_121818_265.jpg\" alt=\"\" class=\"wp-image-32703\"\/><\/figure>\n<\/div>\n\n\n\n<div class=\"wp-block-column is-layout-flow wp-block-column-is-layout-flow\" style=\"flex-basis:33.33%\">\n<p class=\"wp-block-paragraph\"><strong>C\u00e9line DOUMA MVONDO<\/strong><\/p>\n\n\n\n<p class=\"wp-block-paragraph\"><strong>Promotrice du Groupe scolaire Bilingue \u00ab Salina Douma&#8221;<\/strong><\/p>\n\n\n\n<p class=\"wp-block-paragraph\"><strong>&#8220;Cette visite avait pour but de passer de la th\u00e9orie \u00e0 la pratique. Dans notre programme, nous avons un th\u00e8me consacr\u00e9 aux moyens de transport, dont le train. Il \u00e9tait donc important de faire d\u00e9couvrir \u00e0 nos \u00e9l\u00e8ves les diff\u00e9rents services de CAMRAIL, de mani\u00e8re g\u00e9n\u00e9rale, et en particulier le transport de passagers. Il faut le souligner : certains n\u2019avaient jamais vu le train. \u00c0 bord, ils ont \u00e9t\u00e9 agr\u00e9ablement surpris et \u00e9merveill\u00e9s ! Nous remercions CAMRAIL de nous avoir offert cette opportunit\u00e9.&#8221; <\/strong><\/p>\n<\/div>\n<\/div>\n\n\n\n<div class=\"wp-block-columns is-layout-flex wp-container-core-columns-is-layout-7387b849 wp-block-columns-is-layout-flex\">\n<div class=\"wp-block-column is-layout-flow wp-block-column-is-layout-flow\">\n<figure class=\"wp-block-image size-full\"><img loading=\"lazy\" decoding=\"async\" width=\"4160\" height=\"1872\" src=\"https:\/\/camrail.cm\/wp-content\/uploads\/2026\/02\/IMG_20260206_104302_113.jpg\" alt=\"\" class=\"wp-image-32689\"\/><\/figure>\n<\/div>\n\n\n\n<div class=\"wp-block-column is-layout-flow wp-block-column-is-layout-flow\">\n<figure class=\"wp-block-image size-full\"><img loading=\"lazy\" decoding=\"async\" width=\"4160\" height=\"1872\" src=\"https:\/\/camrail.cm\/wp-content\/uploads\/2026\/02\/IMG_20260210_123001_520.jpg\" alt=\"\" class=\"wp-image-32693\"\/><\/figure>\n<\/div>\n\n\n\n<div class=\"wp-block-column is-layout-flow wp-block-column-is-layout-flow\">\n<figure class=\"wp-block-image size-full\"><img loading=\"lazy\" decoding=\"async\" width=\"4160\" height=\"1872\" src=\"https:\/\/camrail.cm\/wp-content\/uploads\/2026\/02\/IMG_20260213_113505_614.jpg\" alt=\"\" class=\"wp-image-32704\"\/><\/figure>\n<\/div>\n<\/div>\n\n\n\n<figure class=\"wp-block-image size-full\"><img loading=\"lazy\" decoding=\"async\" width=\"4160\" height=\"1872\" src=\"https:\/\/camrail.cm\/wp-content\/uploads\/2026\/02\/IMG_20260213_114222_254.jpg\" alt=\"\" class=\"wp-image-32705\"\/><\/figure>\n\n\n\n<div class=\"wp-block-columns is-layout-flex wp-container-core-columns-is-layout-7387b849 wp-block-columns-is-layout-flex\">\n<div class=\"wp-block-column is-layout-flow wp-block-column-is-layout-flow\">\n<figure class=\"wp-block-image size-full\"><img loading=\"lazy\" decoding=\"async\" width=\"4160\" height=\"1872\" src=\"https:\/\/camrail.cm\/wp-content\/uploads\/2026\/02\/IMG_20260210_123723_069-1.jpg\" alt=\"\" class=\"wp-image-32707\"\/><\/figure>\n<\/div>\n\n\n\n<div class=\"wp-block-column is-layout-flow wp-block-column-is-layout-flow\">\n<figure class=\"wp-block-image size-full\"><img loading=\"lazy\" decoding=\"async\" width=\"4160\" height=\"1872\" src=\"https:\/\/camrail.cm\/wp-content\/uploads\/2026\/02\/IMG_20260206_124916_166.jpg\" alt=\"\" class=\"wp-image-32691\"\/><\/figure>\n<\/div>\n<\/div>\n","protected":false},"excerpt":{"rendered":"<p>Dans le cadre des activit\u00e9s marquant la 60e \u00e9dition de la F\u00eate de la Jeunesse, c\u00e9l\u00e9br\u00e9e le 11 f\u00e9vrier 2026, CAMRAIL, filiale d\u2019Africa Global Logistics (AGL), a accueilli \u00e0 la gare Voyageurs de Yaound\u00e9 une dizaine d\u2019\u00e9tablissements scolaires pour des visites guid\u00e9es. Encadr\u00e9s par leurs enseignants, les\u00a0\u00e9l\u00e8ves ont d\u00e9couvert les principaux espaces de la gare (quais, salle d\u2019attente, guichets, contr\u00f4le d\u2019acc\u00e8s) et les \u00e9tapes d\u2019un voyage : information des passagers, achat des titres de transport, embarquement, gestion des bagages et respect des consignes. L\u2019objectif \u00e9tait double : mieux faire conna\u00eetre le service voyageurs et renforcer, d\u00e8s le plus jeune \u00e2ge, les r\u00e9flexes de prudence en gare et aux abords de la voie ferr\u00e9e. Au fil des \u00e9changes avec les \u00e9quipes, les visiteurs ont pu poser leurs questions sur les m\u00e9tiers du rail, les exigences de ponctualit\u00e9, la coordination entre services et les dispositifs de s\u00e9curit\u00e9. Des messages de pr\u00e9vention ont \u00e9t\u00e9 rappel\u00e9s : ne jamais franchir les voies, rester derri\u00e8re les lignes de s\u00e9curit\u00e9 sur les quais, \u00e9viter toute distraction \u00e0 proximit\u00e9 des rails et se conformer aux instructions du personnel. Moment fort de l\u2019immersion : une partie du groupe a effectu\u00e9 un court trajet \u00e0 bord du Train Express, passant de la th\u00e9orie \u00e0 la pratique. Pour beaucoup, il s\u2019agissait d\u2019une premi\u00e8re exp\u00e9rience, v\u00e9cue avec enthousiasme, et parfois porteuse de voca \u00c0 travers ces portes ouvertes, CAMRAIL r\u00e9affirme son engagement en faveur de l\u2019\u00e9ducation \u00e0 la s\u00e9curit\u00e9 ferroviaire et du lien avec les communaut\u00e9s scolaires. L\u2019initiative s\u2019inscrit dans la d\u00e9marche de sensibilisation conduite aupr\u00e8s des \u00e9tablissements, afin de promouvoir un usage responsable du rail et de consolider une culture s\u00e9curit\u00e9 partag\u00e9e. Les encadreurs ont salu\u00e9 l\u2019accueil des \u00e9quipes. C\u00e9line DOUMA MVONDO Promotrice du Groupe scolaire Bilingue \u00ab Salina Douma&#8221; &#8220;Cette visite avait pour but de passer de la th\u00e9orie \u00e0 la pratique. Dans notre programme, nous avons un th\u00e8me consacr\u00e9 aux moyens de transport, dont le train. Il \u00e9tait donc important de faire d\u00e9couvrir \u00e0 nos \u00e9l\u00e8ves les diff\u00e9rents services de CAMRAIL, de mani\u00e8re g\u00e9n\u00e9rale, et en particulier le transport de passagers. Il faut le souligner : certains n\u2019avaient jamais vu le train. \u00c0 bord, ils ont \u00e9t\u00e9 agr\u00e9ablement surpris et \u00e9merveill\u00e9s ! Nous remercions CAMRAIL de nous avoir offert cette opportunit\u00e9.&#8221;<\/p>\n","protected":false},"author":9,"featured_media":32693,"parent":0,"menu_order":0,"comment_status":"closed","ping_status":"closed","template":"","meta":{"_acf_changed":false,"_crdt_document":"","inline_featured_image":false,"site-sidebar-layout":"default","site-content-layout":"","ast-site-content-layout":"","site-content-style":"default","site-sidebar-style":"default","ast-global-header-display":"","ast-banner-title-visibility":"","ast-main-header-display":"","ast-hfb-above-header-display":"","ast-hfb-below-header-display":"","ast-hfb-mobile-header-display":"","site-post-title":"","ast-breadcrumbs-content":"","ast-featured-img":"","footer-sml-layout":"","theme-transparent-header-meta":"","adv-header-id-meta":"","stick-header-meta":"","header-above-stick-meta":"","header-main-stick-meta":"","header-below-stick-meta":"","astra-migrate-meta-layouts":"default","ast-page-background-enabled":"default","ast-page-background-meta":{"desktop":{"background-color":"var(--ast-global-color-4)","background-image":"","background-repeat":"repeat","background-position":"center center","background-size":"auto","background-attachment":"scroll","background-type":"","background-media":"","overlay-type":"","overlay-color":"","overlay-opacity":"","overlay-gradient":""},"tablet":{"background-color":"","background-image":"","background-repeat":"repeat","background-position":"center center","background-size":"auto","background-attachment":"scroll","background-type":"","background-media":"","overlay-type":"","overlay-color":"","overlay-opacity":"","overlay-gradient":""},"mobile":{"background-color":"","background-image":"","background-repeat":"repeat","background-position":"center center","background-size":"auto","background-attachment":"scroll","background-type":"","background-media":"","overlay-type":"","overlay-color":"","overlay-opacity":"","overlay-gradient":""}},"ast-content-background-meta":{"desktop":{"background-color":"var(--ast-global-color-5)","background-image":"","background-repeat":"repeat","background-position":"center center","background-size":"auto","background-attachment":"scroll","background-type":"","background-media":"","overlay-type":"","overlay-color":"","overlay-opacity":"","overlay-gradient":""},"tablet":{"background-color":"var(--ast-global-color-5)","background-image":"","background-repeat":"repeat","background-position":"center center","background-size":"auto","background-attachment":"scroll","background-type":"","background-media":"","overlay-type":"","overlay-color":"","overlay-opacity":"","overlay-gradient":""},"mobile":{"background-color":"var(--ast-global-color-5)","background-image":"","background-repeat":"repeat","background-position":"center center","background-size":"auto","background-attachment":"scroll","background-type":"","background-media":"","overlay-type":"","overlay-color":"","overlay-opacity":"","overlay-gradient":""}},"footnotes":""},"class_list":["post-32697","page","type-page","status-publish","has-post-thumbnail","hentry"],"acf":[],"rttpg_featured_image_url":{"full":["https:\/\/camrail.cm\/wp-content\/uploads\/2026\/02\/IMG_20260210_123001_520.jpg",4160,1872,false],"landscape":["https:\/\/camrail.cm\/wp-content\/uploads\/2026\/02\/IMG_20260210_123001_520.jpg",4160,1872,false],"portraits":["https:\/\/camrail.cm\/wp-content\/uploads\/2026\/02\/IMG_20260210_123001_520.jpg",4160,1872,false],"thumbnail":["https:\/\/camrail.cm\/wp-content\/uploads\/2026\/02\/IMG_20260210_123001_520.jpg",150,68,false],"medium":["https:\/\/camrail.cm\/wp-content\/uploads\/2026\/02\/IMG_20260210_123001_520.jpg",300,135,false],"large":["https:\/\/camrail.cm\/wp-content\/uploads\/2026\/02\/IMG_20260210_123001_520.jpg",1024,461,false],"1536x1536":["https:\/\/camrail.cm\/wp-content\/uploads\/2026\/02\/IMG_20260210_123001_520.jpg",1536,691,false],"2048x2048":["https:\/\/camrail.cm\/wp-content\/uploads\/2026\/02\/IMG_20260210_123001_520.jpg",2048,922,false],"trp-custom-language-flag":["https:\/\/camrail.cm\/wp-content\/uploads\/2026\/02\/IMG_20260210_123001_520.jpg",18,8,false],"tp-image-grid":["https:\/\/camrail.cm\/wp-content\/uploads\/2026\/02\/IMG_20260210_123001_520.jpg",700,315,false],"job-image":["https:\/\/camrail.cm\/wp-content\/uploads\/2026\/02\/IMG_20260210_123001_520.jpg",889,400,false]},"rttpg_author":{"display_name":"Ibrahimou Sadou","author_link":"https:\/\/camrail.cm\/fr_fr\/author\/ibrahimou\/"},"rttpg_comment":0,"rttpg_category":null,"rttpg_excerpt":"Dans le cadre des activit\u00e9s marquant la 60e \u00e9dition de la F\u00eate de la Jeunesse, c\u00e9l\u00e9br\u00e9e le 11 f\u00e9vrier 2026, CAMRAIL, filiale d\u2019Africa Global Logistics (AGL), a accueilli \u00e0 la gare Voyageurs de Yaound\u00e9 une dizaine d\u2019\u00e9tablissements scolaires pour des visites guid\u00e9es. Encadr\u00e9s par leurs enseignants, les\u00a0\u00e9l\u00e8ves ont d\u00e9couvert les principaux espaces de la gare\u2026","_links":{"self":[{"href":"https:\/\/camrail.cm\/fr_fr\/wp-json\/wp\/v2\/pages\/32697","targetHints":{"allow":["GET"]}}],"collection":[{"href":"https:\/\/camrail.cm\/fr_fr\/wp-json\/wp\/v2\/pages"}],"about":[{"href":"https:\/\/camrail.cm\/fr_fr\/wp-json\/wp\/v2\/types\/page"}],"author":[{"embeddable":true,"href":"https:\/\/camrail.cm\/fr_fr\/wp-json\/wp\/v2\/users\/9"}],"replies":[{"embeddable":true,"href":"https:\/\/camrail.cm\/fr_fr\/wp-json\/wp\/v2\/comments?post=32697"}],"version-history":[{"count":1,"href":"https:\/\/camrail.cm\/fr_fr\/wp-json\/wp\/v2\/pages\/32697\/revisions"}],"predecessor-version":[{"id":32708,"href":"https:\/\/camrail.cm\/fr_fr\/wp-json\/wp\/v2\/pages\/32697\/revisions\/32708"}],"wp:featuredmedia":[{"embeddable":true,"href":"https:\/\/camrail.cm\/fr_fr\/wp-json\/wp\/v2\/media\/32693"}],"wp:attachment":[{"href":"https:\/\/camrail.cm\/fr_fr\/wp-json\/wp\/v2\/media?parent=32697"}],"curies":[{"name":"wp","href":"https:\/\/api.w.org\/{rel}","templated":true}]}}