{"id":32716,"date":"2026-02-27T12:35:50","date_gmt":"2026-02-27T12:35:50","guid":{"rendered":"https:\/\/camrail.cm\/?page_id=32716"},"modified":"2026-02-27T12:35:56","modified_gmt":"2026-02-27T12:35:56","slug":"cooperation-institutionnelle-camrail-recoit-une-delegation-de-lunion-europeenne","status":"publish","type":"page","link":"https:\/\/camrail.cm\/fr_fr\/cooperation-institutionnelle-camrail-recoit-une-delegation-de-lunion-europeenne\/","title":{"rendered":"Coop\u00e9ration institutionnelle. CAMRAIL re\u00e7oit une d\u00e9l\u00e9gation de l\u2019Union europ\u00e9enne"},"content":{"rendered":"\n<p class=\"wp-block-paragraph\">Le 23 f\u00e9vrier 2026, CAMRAIL a accueilli une d\u00e9l\u00e9gation de l\u2019Union europ\u00e9enne pour une s\u00e9ance de travail. La d\u00e9l\u00e9gation \u00e9tait conduite par M. Sergio Oliete Josa, Chef de l\u2019unit\u00e9 Transports et am\u00e9nagements urbains durables au si\u00e8ge de l\u2019Union europ\u00e9enne \u00e0 Bruxelles.<\/p>\n\n\n\n<p class=\"wp-block-paragraph\">La d\u00e9l\u00e9gation de l\u2019Union europ\u00e9enne comprenait \u00e9galement : M. Konstantin Gruev, Agent de coop\u00e9ration Afrique centrale et Afrique de l\u2019Est (Bruxelles) ; Mme Sija Kasmann, Chef d\u2019\u00e9quipe \u00e0 la D\u00e9l\u00e9gation de l\u2019Union europ\u00e9enne au Cameroun ; M. Alexandre Serre, de la D\u00e9l\u00e9gation de l\u2019Union europ\u00e9enne au Cameroun.<\/p>\n\n\n\n<p class=\"wp-block-paragraph\">C\u00f4t\u00e9 CAMRAIL, ont pris part \u00e0 la rencontre : M. Pierre Ngon, Directeur G\u00e9n\u00e9ral ; M. Hamadou Bakary, Directeur G\u00e9n\u00e9ral Adjoint Charg\u00e9 des Op\u00e9rations ; M. Jacques<\/p>\n\n\n\n<p class=\"wp-block-paragraph\">Fansi, Directeur Projet PQ2 ; M. Jean Ntah, Directeur Transport ; M. Elie-Bersot Evina, Directeur des Installations Fixes, et Charles-Ren\u00e9 Yombo, Directeur des Relations<\/p>\n\n\n\n<p class=\"wp-block-paragraph\">institutionnelles et du Plan d\u2019Entreprise.<\/p>\n\n\n\n<p class=\"wp-block-paragraph\">Cette rencontre a permis de passer en revue les grandes priorit\u00e9s de CAMRAIL pour le d\u00e9veloppement du rail, dans un climat d\u2019\u00e9changes constructifs. Le Directeur G\u00e9n\u00e9ral a notamment rappel\u00e9 l\u2019importance de la modernisation des infrastructures et des projets structurants (PQ2) pour l\u2019avenir du transport ferroviaire.<\/p>\n\n\n\n<p class=\"wp-block-paragraph\">Les discussions ont \u00e9galement port\u00e9 sur plusieurs enjeux techniques, op\u00e9rationnels et institutionnels, avec une volont\u00e9 partag\u00e9e de consolider la coop\u00e9ration autour d\u2019investissements prioritaires, de la s\u00e9curit\u00e9 des circulations et de la performance du r\u00e9seau.<\/p>\n\n\n\n<p class=\"wp-block-paragraph\">&nbsp;\u00c0 l\u2019issue de cette rencontre, CAMRAIL a r\u00e9affirm\u00e9 son attachement \u00e0 l\u2019am\u00e9lioration constante des performances du transport ferroviaire, dans une perspective de modernisation durable au b\u00e9n\u00e9fice des voyageurs, des entreprises et de l\u2019\u00e9conomie camerounaise.<\/p>\n","protected":false},"excerpt":{"rendered":"<p>Le 23 f\u00e9vrier 2026, CAMRAIL a accueilli une d\u00e9l\u00e9gation de l\u2019Union europ\u00e9enne pour une s\u00e9ance de travail. La d\u00e9l\u00e9gation \u00e9tait conduite par M. Sergio Oliete Josa, Chef de l\u2019unit\u00e9 Transports et am\u00e9nagements urbains durables au si\u00e8ge de l\u2019Union europ\u00e9enne \u00e0 Bruxelles. La d\u00e9l\u00e9gation de l\u2019Union europ\u00e9enne comprenait \u00e9galement : M. Konstantin Gruev, Agent de coop\u00e9ration Afrique centrale et Afrique de l\u2019Est (Bruxelles) ; Mme Sija Kasmann, Chef d\u2019\u00e9quipe \u00e0 la D\u00e9l\u00e9gation de l\u2019Union europ\u00e9enne au Cameroun ; M. Alexandre Serre, de la D\u00e9l\u00e9gation de l\u2019Union europ\u00e9enne au Cameroun. C\u00f4t\u00e9 CAMRAIL, ont pris part \u00e0 la rencontre : M. Pierre Ngon, Directeur G\u00e9n\u00e9ral ; M. Hamadou Bakary, Directeur G\u00e9n\u00e9ral Adjoint Charg\u00e9 des Op\u00e9rations ; M. Jacques Fansi, Directeur Projet PQ2 ; M. Jean Ntah, Directeur Transport ; M. Elie-Bersot Evina, Directeur des Installations Fixes, et Charles-Ren\u00e9 Yombo, Directeur des Relations institutionnelles et du Plan d\u2019Entreprise. Cette rencontre a permis de passer en revue les grandes priorit\u00e9s de CAMRAIL pour le d\u00e9veloppement du rail, dans un climat d\u2019\u00e9changes constructifs. Le Directeur G\u00e9n\u00e9ral a notamment rappel\u00e9 l\u2019importance de la modernisation des infrastructures et des projets structurants (PQ2) pour l\u2019avenir du transport ferroviaire. Les discussions ont \u00e9galement port\u00e9 sur plusieurs enjeux techniques, op\u00e9rationnels et institutionnels, avec une volont\u00e9 partag\u00e9e de consolider la coop\u00e9ration autour d\u2019investissements prioritaires, de la s\u00e9curit\u00e9 des circulations et de la performance du r\u00e9seau. &nbsp;\u00c0 l\u2019issue de cette rencontre, CAMRAIL a r\u00e9affirm\u00e9 son attachement \u00e0 l\u2019am\u00e9lioration constante des performances du transport ferroviaire, dans une perspective de modernisation durable au b\u00e9n\u00e9fice des voyageurs, des entreprises et de l\u2019\u00e9conomie camerounaise.<\/p>\n","protected":false},"author":9,"featured_media":32719,"parent":0,"menu_order":0,"comment_status":"closed","ping_status":"closed","template":"","meta":{"_acf_changed":false,"_crdt_document":"","inline_featured_image":false,"site-sidebar-layout":"default","site-content-layout":"","ast-site-content-layout":"","site-content-style":"default","site-sidebar-style":"default","ast-global-header-display":"","ast-banner-title-visibility":"","ast-main-header-display":"","ast-hfb-above-header-display":"","ast-hfb-below-header-display":"","ast-hfb-mobile-header-display":"","site-post-title":"","ast-breadcrumbs-content":"","ast-featured-img":"","footer-sml-layout":"","theme-transparent-header-meta":"","adv-header-id-meta":"","stick-header-meta":"","header-above-stick-meta":"","header-main-stick-meta":"","header-below-stick-meta":"","astra-migrate-meta-layouts":"default","ast-page-background-enabled":"default","ast-page-background-meta":{"desktop":{"background-color":"var(--ast-global-color-4)","background-image":"","background-repeat":"repeat","background-position":"center center","background-size":"auto","background-attachment":"scroll","background-type":"","background-media":"","overlay-type":"","overlay-color":"","overlay-opacity":"","overlay-gradient":""},"tablet":{"background-color":"","background-image":"","background-repeat":"repeat","background-position":"center center","background-size":"auto","background-attachment":"scroll","background-type":"","background-media":"","overlay-type":"","overlay-color":"","overlay-opacity":"","overlay-gradient":""},"mobile":{"background-color":"","background-image":"","background-repeat":"repeat","background-position":"center center","background-size":"auto","background-attachment":"scroll","background-type":"","background-media":"","overlay-type":"","overlay-color":"","overlay-opacity":"","overlay-gradient":""}},"ast-content-background-meta":{"desktop":{"background-color":"var(--ast-global-color-5)","background-image":"","background-repeat":"repeat","background-position":"center center","background-size":"auto","background-attachment":"scroll","background-type":"","background-media":"","overlay-type":"","overlay-color":"","overlay-opacity":"","overlay-gradient":""},"tablet":{"background-color":"var(--ast-global-color-5)","background-image":"","background-repeat":"repeat","background-position":"center center","background-size":"auto","background-attachment":"scroll","background-type":"","background-media":"","overlay-type":"","overlay-color":"","overlay-opacity":"","overlay-gradient":""},"mobile":{"background-color":"var(--ast-global-color-5)","background-image":"","background-repeat":"repeat","background-position":"center center","background-size":"auto","background-attachment":"scroll","background-type":"","background-media":"","overlay-type":"","overlay-color":"","overlay-opacity":"","overlay-gradient":""}},"footnotes":""},"class_list":["post-32716","page","type-page","status-publish","has-post-thumbnail","hentry"],"acf":[],"rttpg_featured_image_url":{"full":["https:\/\/camrail.cm\/wp-content\/uploads\/2026\/02\/UNION-EUROPEENNE.jpg",788,414,false],"landscape":["https:\/\/camrail.cm\/wp-content\/uploads\/2026\/02\/UNION-EUROPEENNE.jpg",788,414,false],"portraits":["https:\/\/camrail.cm\/wp-content\/uploads\/2026\/02\/UNION-EUROPEENNE.jpg",788,414,false],"thumbnail":["https:\/\/camrail.cm\/wp-content\/uploads\/2026\/02\/UNION-EUROPEENNE.jpg",150,79,false],"medium":["https:\/\/camrail.cm\/wp-content\/uploads\/2026\/02\/UNION-EUROPEENNE.jpg",300,158,false],"large":["https:\/\/camrail.cm\/wp-content\/uploads\/2026\/02\/UNION-EUROPEENNE.jpg",788,414,false],"1536x1536":["https:\/\/camrail.cm\/wp-content\/uploads\/2026\/02\/UNION-EUROPEENNE.jpg",788,414,false],"2048x2048":["https:\/\/camrail.cm\/wp-content\/uploads\/2026\/02\/UNION-EUROPEENNE.jpg",788,414,false],"trp-custom-language-flag":["https:\/\/camrail.cm\/wp-content\/uploads\/2026\/02\/UNION-EUROPEENNE.jpg",18,9,false],"tp-image-grid":["https:\/\/camrail.cm\/wp-content\/uploads\/2026\/02\/UNION-EUROPEENNE.jpg",700,368,false],"job-image":["https:\/\/camrail.cm\/wp-content\/uploads\/2026\/02\/UNION-EUROPEENNE.jpg",761,400,false]},"rttpg_author":{"display_name":"Ibrahimou Sadou","author_link":"https:\/\/camrail.cm\/fr_fr\/author\/ibrahimou\/"},"rttpg_comment":0,"rttpg_category":null,"rttpg_excerpt":"Le 23 f\u00e9vrier 2026, CAMRAIL a accueilli une d\u00e9l\u00e9gation de l\u2019Union europ\u00e9enne pour une s\u00e9ance de travail. La d\u00e9l\u00e9gation \u00e9tait conduite par M. Sergio Oliete Josa, Chef de l\u2019unit\u00e9 Transports et am\u00e9nagements urbains durables au si\u00e8ge de l\u2019Union europ\u00e9enne \u00e0 Bruxelles. La d\u00e9l\u00e9gation de l\u2019Union europ\u00e9enne comprenait \u00e9galement : M. Konstantin Gruev, Agent de coop\u00e9ration\u2026","_links":{"self":[{"href":"https:\/\/camrail.cm\/fr_fr\/wp-json\/wp\/v2\/pages\/32716","targetHints":{"allow":["GET"]}}],"collection":[{"href":"https:\/\/camrail.cm\/fr_fr\/wp-json\/wp\/v2\/pages"}],"about":[{"href":"https:\/\/camrail.cm\/fr_fr\/wp-json\/wp\/v2\/types\/page"}],"author":[{"embeddable":true,"href":"https:\/\/camrail.cm\/fr_fr\/wp-json\/wp\/v2\/users\/9"}],"replies":[{"embeddable":true,"href":"https:\/\/camrail.cm\/fr_fr\/wp-json\/wp\/v2\/comments?post=32716"}],"version-history":[{"count":1,"href":"https:\/\/camrail.cm\/fr_fr\/wp-json\/wp\/v2\/pages\/32716\/revisions"}],"predecessor-version":[{"id":32724,"href":"https:\/\/camrail.cm\/fr_fr\/wp-json\/wp\/v2\/pages\/32716\/revisions\/32724"}],"wp:featuredmedia":[{"embeddable":true,"href":"https:\/\/camrail.cm\/fr_fr\/wp-json\/wp\/v2\/media\/32719"}],"wp:attachment":[{"href":"https:\/\/camrail.cm\/fr_fr\/wp-json\/wp\/v2\/media?parent=32716"}],"curies":[{"name":"wp","href":"https:\/\/api.w.org\/{rel}","templated":true}]}}