{"id":32758,"date":"2026-03-11T16:02:19","date_gmt":"2026-03-11T16:02:19","guid":{"rendered":"https:\/\/camrail.cm\/?page_id=32758"},"modified":"2026-03-11T16:02:53","modified_gmt":"2026-03-11T16:02:53","slug":"pq2-demarrage-officiel-des-travaux-de-la-commission-speciale-de-passation-des-marches","status":"publish","type":"page","link":"https:\/\/camrail.cm\/fr_fr\/pq2-demarrage-officiel-des-travaux-de-la-commission-speciale-de-passation-des-marches\/","title":{"rendered":"PQ2.D\u00e9marrage officiel des travaux de la Commission sp\u00e9ciale de passation des march\u00e9s"},"content":{"rendered":"\n<p class=\"wp-block-paragraph\">La Commission Sp\u00e9ciale de Passation des March\u00e9s (CSPM) mise en place au sein de CAMRAIL dans le cadre de la mise en \u0153uvre du Programme Quinquennal n\u00b02 (PQ2), ainsi que le Comit\u00e9 des Achats (CA) du PQ2, ont officiellement lanc\u00e9 leurs activit\u00e9s le vendredi 27 f\u00e9vrier 2026 \u00e0 Douala. Cette \u00e9tape fait suite aux d\u00e9cisions portant constatation de la composition des deux instances.<\/p>\n\n\n\n<p class=\"wp-block-paragraph\">Plac\u00e9e sous la pr\u00e9sidence de Hamadou Bakary, la Commission a tenu sa premi\u00e8re session consacr\u00e9e \u00e0 l\u2019examen de plusieurs dossiers d\u2019appels d\u2019offres strat\u00e9giques. <\/p>\n\n\n\n<p class=\"wp-block-paragraph\">Les \u00e9changes ont notamment port\u00e9 sur la fourniture des rails n\u00e9cessaires au renouvellement de la voie entre Douala et Yaound\u00e9, sur la fourniture des appareils de voie et de dilatation pour ce m\u00eame tron\u00e7on, ainsi que sur le recrutement d\u2019un auditeur externe charg\u00e9 de conduire les audits financiers, comptables et de passation des march\u00e9s pour les exercices 2025, 2026 et 2027. Ces travaux t\u00e9moignent du lancement effectif des activit\u00e9s op\u00e9rationnelles relatives \u00e0 la passation des march\u00e9s du PQ2.<\/p>\n\n\n\n<p class=\"wp-block-paragraph\">La s\u00e9ance s\u2019est d\u00e9roul\u00e9e en pr\u00e9sence du Directeur Projet PQ2, Jacques Fansi, et de la Directrice des Affaires Juridiques et Assurances, Genevi\u00e8ve Sen Sany, aux c\u00f4t\u00e9s des repr\u00e9sentants respectifs des minist\u00e8res des Transports, des Finances, ainsi que de l\u2019\u00c9conomie, de la Planification et de l\u2019Am\u00e9nagement du Territoire. La r\u00e9union s\u2019est tenue dans la salle de r\u00e9union de la Direction Projets PQ2, \u00e0 quelques jours d\u2019un autre rendez vous majeur inscrit dans le calendrier du programme.<\/p>\n\n\n\n<p class=\"wp-block-paragraph\">En effet, un atelier de renforcement des capacit\u00e9s r\u00e9unira, du 10 au 12 mars 2026 \u00e0 Kribi, l\u2019ensemble des membres de la Commission sp\u00e9ciale de passation des march\u00e9s et ceux du Comit\u00e9 des Achats du PQ2, ainsi que des acteurs de la Direction Projet PQ2 et du minist\u00e8re des Transports. Cet atelier portera sur les proc\u00e9dures de passation des march\u00e9s financ\u00e9s par les bailleurs de fonds, un volet essentiel au bon d\u00e9roulement des diff\u00e9rents projets.<\/p>\n\n\n\n<p class=\"wp-block-paragraph\">Les travaux en cours et \u00e0 venir s\u2019inscrivent dans le cadre du Projet r\u00e9gional pour l\u2019am\u00e9lioration de la performance du corridor rail-route Douala\u2013N\u2019Djamena (PCDN), financ\u00e9 par la Banque mondiale, dont CAMRAIL assure la Ma\u00eetrise d\u2019Ouvrage D\u00e9l\u00e9gu\u00e9e pour le volet ferroviaire. Ils concernent \u00e9galement le Projet de renouvellement de la voie entre B\u00e9labo et Ngaound\u00e9r\u00e9, autre chantier majeur qui mobilisera prochainement plusieurs proc\u00e9dures de passation des march\u00e9s.<\/p>\n\n\n\n<p class=\"wp-block-paragraph\"><strong>Une question \u00e0 Jacques Fansi, Directeur Projet PQ2<\/strong><\/p>\n\n\n\n<p class=\"wp-block-paragraph\"><strong>Quelle est la prochaine \u00e9tape ?<\/strong><\/p>\n\n\n\n<p class=\"wp-block-paragraph\">Selon Jacques Fansi, la priorit\u00e9 imm\u00e9diate est la tenue de l\u2019atelier de renforcement des capacit\u00e9s \u00e0 Kribi. \u00c0 l\u2019issue de celui ci, la CSPM examinera les dossiers d\u2019appels d\u2019offres pour la fourniture des rails et des appareils de voie du projet de renouvellement de la voie B\u00e9labo\u2013Ngaound\u00e9r\u00e9. Suivront l\u2019examen des demandes de proposition pour la ma\u00eetrise d\u2019\u0153uvre externe en charge du suivi et du contr\u00f4le de la fourniture des rails, des traverses, du ballast, ainsi que des appareils de dilatation du Projet de renouvellement de la voie ferr\u00e9e entre Douala et Yaound\u00e9.<\/p>\n\n\n\n<p class=\"wp-block-paragraph\">Il rappelle que la Commission sp\u00e9ciale de passation des march\u00e9s et le Comit\u00e9 des Achats du PQ2 travaillent dans un esprit d\u2019efficacit\u00e9, tout en veillant au respect scrupuleux des proc\u00e9dures exig\u00e9es par l\u2019\u00c9tat du Cameroun et les bailleurs de fonds. L\u2019atelier de Kribi, qui rassemblera une trentaine de participants, constitue \u00e0 ce titre une \u00e9tape essentielle.<\/p>\n","protected":false},"excerpt":{"rendered":"<p>La Commission Sp\u00e9ciale de Passation des March\u00e9s (CSPM) mise en place au sein de CAMRAIL dans le cadre de la mise en \u0153uvre du Programme Quinquennal n\u00b02 (PQ2), ainsi que le Comit\u00e9 des Achats (CA) du PQ2, ont officiellement lanc\u00e9 leurs activit\u00e9s le vendredi 27 f\u00e9vrier 2026 \u00e0 Douala. Cette \u00e9tape fait suite aux d\u00e9cisions portant constatation de la composition des deux instances. Plac\u00e9e sous la pr\u00e9sidence de Hamadou Bakary, la Commission a tenu sa premi\u00e8re session consacr\u00e9e \u00e0 l\u2019examen de plusieurs dossiers d\u2019appels d\u2019offres strat\u00e9giques. Les \u00e9changes ont notamment port\u00e9 sur la fourniture des rails n\u00e9cessaires au renouvellement de la voie entre Douala et Yaound\u00e9, sur la fourniture des appareils de voie et de dilatation pour ce m\u00eame tron\u00e7on, ainsi que sur le recrutement d\u2019un auditeur externe charg\u00e9 de conduire les audits financiers, comptables et de passation des march\u00e9s pour les exercices 2025, 2026 et 2027. Ces travaux t\u00e9moignent du lancement effectif des activit\u00e9s op\u00e9rationnelles relatives \u00e0 la passation des march\u00e9s du PQ2. La s\u00e9ance s\u2019est d\u00e9roul\u00e9e en pr\u00e9sence du Directeur Projet PQ2, Jacques Fansi, et de la Directrice des Affaires Juridiques et Assurances, Genevi\u00e8ve Sen Sany, aux c\u00f4t\u00e9s des repr\u00e9sentants respectifs des minist\u00e8res des Transports, des Finances, ainsi que de l\u2019\u00c9conomie, de la Planification et de l\u2019Am\u00e9nagement du Territoire. La r\u00e9union s\u2019est tenue dans la salle de r\u00e9union de la Direction Projets PQ2, \u00e0 quelques jours d\u2019un autre rendez vous majeur inscrit dans le calendrier du programme. En effet, un atelier de renforcement des capacit\u00e9s r\u00e9unira, du 10 au 12 mars 2026 \u00e0 Kribi, l\u2019ensemble des membres de la Commission sp\u00e9ciale de passation des march\u00e9s et ceux du Comit\u00e9 des Achats du PQ2, ainsi que des acteurs de la Direction Projet PQ2 et du minist\u00e8re des Transports. Cet atelier portera sur les proc\u00e9dures de passation des march\u00e9s financ\u00e9s par les bailleurs de fonds, un volet essentiel au bon d\u00e9roulement des diff\u00e9rents projets. Les travaux en cours et \u00e0 venir s\u2019inscrivent dans le cadre du Projet r\u00e9gional pour l\u2019am\u00e9lioration de la performance du corridor rail-route Douala\u2013N\u2019Djamena (PCDN), financ\u00e9 par la Banque mondiale, dont CAMRAIL assure la Ma\u00eetrise d\u2019Ouvrage D\u00e9l\u00e9gu\u00e9e pour le volet ferroviaire. Ils concernent \u00e9galement le Projet de renouvellement de la voie entre B\u00e9labo et Ngaound\u00e9r\u00e9, autre chantier majeur qui mobilisera prochainement plusieurs proc\u00e9dures de passation des march\u00e9s. Une question \u00e0 Jacques Fansi, Directeur Projet PQ2 Quelle est la prochaine \u00e9tape ? Selon Jacques Fansi, la priorit\u00e9 imm\u00e9diate est la tenue de l\u2019atelier de renforcement des capacit\u00e9s \u00e0 Kribi. \u00c0 l\u2019issue de celui ci, la CSPM examinera les dossiers d\u2019appels d\u2019offres pour la fourniture des rails et des appareils de voie du projet de renouvellement de la voie B\u00e9labo\u2013Ngaound\u00e9r\u00e9. Suivront l\u2019examen des demandes de proposition pour la ma\u00eetrise d\u2019\u0153uvre externe en charge du suivi et du contr\u00f4le de la fourniture des rails, des traverses, du ballast, ainsi que des appareils de dilatation du Projet de renouvellement de la voie ferr\u00e9e entre Douala et Yaound\u00e9. Il rappelle que la Commission sp\u00e9ciale de passation des march\u00e9s et le Comit\u00e9 des Achats du PQ2 travaillent dans un esprit d\u2019efficacit\u00e9, tout en veillant au respect scrupuleux des proc\u00e9dures exig\u00e9es par l\u2019\u00c9tat du Cameroun et les bailleurs de fonds. L\u2019atelier de Kribi, qui rassemblera une trentaine de participants, constitue \u00e0 ce titre une \u00e9tape essentielle.<\/p>\n","protected":false},"author":9,"featured_media":32756,"parent":0,"menu_order":0,"comment_status":"closed","ping_status":"closed","template":"","meta":{"_acf_changed":false,"_crdt_document":"","inline_featured_image":false,"site-sidebar-layout":"default","site-content-layout":"","ast-site-content-layout":"","site-content-style":"default","site-sidebar-style":"default","ast-global-header-display":"","ast-banner-title-visibility":"","ast-main-header-display":"","ast-hfb-above-header-display":"","ast-hfb-below-header-display":"","ast-hfb-mobile-header-display":"","site-post-title":"","ast-breadcrumbs-content":"","ast-featured-img":"","footer-sml-layout":"","theme-transparent-header-meta":"","adv-header-id-meta":"","stick-header-meta":"","header-above-stick-meta":"","header-main-stick-meta":"","header-below-stick-meta":"","astra-migrate-meta-layouts":"default","ast-page-background-enabled":"default","ast-page-background-meta":{"desktop":{"background-color":"var(--ast-global-color-4)","background-image":"","background-repeat":"repeat","background-position":"center center","background-size":"auto","background-attachment":"scroll","background-type":"","background-media":"","overlay-type":"","overlay-color":"","overlay-opacity":"","overlay-gradient":""},"tablet":{"background-color":"","background-image":"","background-repeat":"repeat","background-position":"center center","background-size":"auto","background-attachment":"scroll","background-type":"","background-media":"","overlay-type":"","overlay-color":"","overlay-opacity":"","overlay-gradient":""},"mobile":{"background-color":"","background-image":"","background-repeat":"repeat","background-position":"center center","background-size":"auto","background-attachment":"scroll","background-type":"","background-media":"","overlay-type":"","overlay-color":"","overlay-opacity":"","overlay-gradient":""}},"ast-content-background-meta":{"desktop":{"background-color":"var(--ast-global-color-5)","background-image":"","background-repeat":"repeat","background-position":"center center","background-size":"auto","background-attachment":"scroll","background-type":"","background-media":"","overlay-type":"","overlay-color":"","overlay-opacity":"","overlay-gradient":""},"tablet":{"background-color":"var(--ast-global-color-5)","background-image":"","background-repeat":"repeat","background-position":"center center","background-size":"auto","background-attachment":"scroll","background-type":"","background-media":"","overlay-type":"","overlay-color":"","overlay-opacity":"","overlay-gradient":""},"mobile":{"background-color":"var(--ast-global-color-5)","background-image":"","background-repeat":"repeat","background-position":"center center","background-size":"auto","background-attachment":"scroll","background-type":"","background-media":"","overlay-type":"","overlay-color":"","overlay-opacity":"","overlay-gradient":""}},"footnotes":""},"class_list":["post-32758","page","type-page","status-publish","has-post-thumbnail","hentry"],"acf":[],"rttpg_featured_image_url":{"full":["https:\/\/camrail.cm\/wp-content\/uploads\/2026\/03\/comite-PQ2.jpg",1178,697,false],"landscape":["https:\/\/camrail.cm\/wp-content\/uploads\/2026\/03\/comite-PQ2.jpg",1178,697,false],"portraits":["https:\/\/camrail.cm\/wp-content\/uploads\/2026\/03\/comite-PQ2.jpg",1178,697,false],"thumbnail":["https:\/\/camrail.cm\/wp-content\/uploads\/2026\/03\/comite-PQ2.jpg",150,89,false],"medium":["https:\/\/camrail.cm\/wp-content\/uploads\/2026\/03\/comite-PQ2.jpg",300,178,false],"large":["https:\/\/camrail.cm\/wp-content\/uploads\/2026\/03\/comite-PQ2.jpg",1024,606,false],"1536x1536":["https:\/\/camrail.cm\/wp-content\/uploads\/2026\/03\/comite-PQ2.jpg",1178,697,false],"2048x2048":["https:\/\/camrail.cm\/wp-content\/uploads\/2026\/03\/comite-PQ2.jpg",1178,697,false],"trp-custom-language-flag":["https:\/\/camrail.cm\/wp-content\/uploads\/2026\/03\/comite-PQ2.jpg",18,12,false],"tp-image-grid":["https:\/\/camrail.cm\/wp-content\/uploads\/2026\/03\/comite-PQ2.jpg",700,414,false],"job-image":["https:\/\/camrail.cm\/wp-content\/uploads\/2026\/03\/comite-PQ2.jpg",676,400,false]},"rttpg_author":{"display_name":"Ibrahimou Sadou","author_link":"https:\/\/camrail.cm\/fr_fr\/author\/ibrahimou\/"},"rttpg_comment":0,"rttpg_category":null,"rttpg_excerpt":"La Commission Sp\u00e9ciale de Passation des March\u00e9s (CSPM) mise en place au sein de CAMRAIL dans le cadre de la mise en \u0153uvre du Programme Quinquennal n\u00b02 (PQ2), ainsi que le Comit\u00e9 des Achats (CA) du PQ2, ont officiellement lanc\u00e9 leurs activit\u00e9s le vendredi 27 f\u00e9vrier 2026 \u00e0 Douala. Cette \u00e9tape fait suite aux d\u00e9cisions\u2026","_links":{"self":[{"href":"https:\/\/camrail.cm\/fr_fr\/wp-json\/wp\/v2\/pages\/32758","targetHints":{"allow":["GET"]}}],"collection":[{"href":"https:\/\/camrail.cm\/fr_fr\/wp-json\/wp\/v2\/pages"}],"about":[{"href":"https:\/\/camrail.cm\/fr_fr\/wp-json\/wp\/v2\/types\/page"}],"author":[{"embeddable":true,"href":"https:\/\/camrail.cm\/fr_fr\/wp-json\/wp\/v2\/users\/9"}],"replies":[{"embeddable":true,"href":"https:\/\/camrail.cm\/fr_fr\/wp-json\/wp\/v2\/comments?post=32758"}],"version-history":[{"count":1,"href":"https:\/\/camrail.cm\/fr_fr\/wp-json\/wp\/v2\/pages\/32758\/revisions"}],"predecessor-version":[{"id":32762,"href":"https:\/\/camrail.cm\/fr_fr\/wp-json\/wp\/v2\/pages\/32758\/revisions\/32762"}],"wp:featuredmedia":[{"embeddable":true,"href":"https:\/\/camrail.cm\/fr_fr\/wp-json\/wp\/v2\/media\/32756"}],"wp:attachment":[{"href":"https:\/\/camrail.cm\/fr_fr\/wp-json\/wp\/v2\/media?parent=32758"}],"curies":[{"name":"wp","href":"https:\/\/api.w.org\/{rel}","templated":true}]}}