{"id":32791,"date":"2026-03-17T08:20:30","date_gmt":"2026-03-17T08:20:30","guid":{"rendered":"https:\/\/camrail.cm\/?page_id=32791"},"modified":"2026-03-18T09:04:58","modified_gmt":"2026-03-18T09:04:58","slug":"jif-2026-les-amazones-du-rail-ovationnees-a-yaounde","status":"publish","type":"page","link":"https:\/\/camrail.cm\/fr_fr\/jif-2026-les-amazones-du-rail-ovationnees-a-yaounde\/","title":{"rendered":"JIF 2026. Les amazones du rail ovationn\u00e9es \u00e0 Yaound\u00e9"},"content":{"rendered":"\n<p class=\"wp-block-paragraph\">A l\u2019occasion de la Journ\u00e9e internationale des droits des femmes, c\u00e9l\u00e9br\u00e9e le 8 mars 2026, les cheminotes de la Coordination du Centre ont brillamment repr\u00e9sent\u00e9 CAMRAIL lors du d\u00e9fil\u00e9 organis\u00e9 sur le boulevard du 20 Mai \u00e0 Yaound\u00e9. \u00c0 bord de la voiture d\u00e9di\u00e9e \u00e0 l\u2019entreprise, elles ont suscit\u00e9 l\u2019enthousiasme du public et re\u00e7u une chaleureuse ovation sous le regard de la Premi\u00e8re Dame, Chantal Biya, qui pr\u00e9sidait la c\u00e9r\u00e9monie plac\u00e9e sous le th\u00e8me : \u00ab Droits, justice, action pour toutes les femmes et les filles \u00bb. \u00c9l\u00e9gantes dans leurs tenues sp\u00e9cialement confectionn\u00e9es pour l\u2019\u00e9v\u00e9nement et port\u00e9es par la cadence des fanfares, elles ont marqu\u00e9 cette \u00e9dition par leur prestance et leur discipline. La c\u00e9l\u00e9bration s\u2019est ensuite poursuivie autour d\u2019un moment convivial offert par la Direction G\u00e9n\u00e9rale, en pr\u00e9sence du Directeur g\u00e9n\u00e9ral adjoint charg\u00e9 du Transport voyageurs, Dr Gilbert Nkana Pondy, et de la Coordinatrice du Centre, Doudou Juliette Mayou Simo. Allocutions, d\u00e9fil\u00e9 \u00ab Top Model \u00bb, animations culturelles, s\u00e9ance sportive et causerie \u00e9ducative sur les violences faites aux femmes ont rythm\u00e9 cette journ\u00e9e plac\u00e9e sous le signe de la coh\u00e9sion, de la reconnaissance et de l\u2019engagement en faveur de l\u2019\u00e9panouissement f\u00e9minin.<\/p>\n\n\n\n<div class=\"wp-block-columns is-layout-flex wp-container-core-columns-is-layout-7387b849 wp-block-columns-is-layout-flex\">\n<div class=\"wp-block-column is-layout-flow wp-block-column-is-layout-flow\" style=\"flex-basis:66.66%\">\n<figure class=\"wp-block-image size-full\"><img loading=\"lazy\" decoding=\"async\" width=\"4160\" height=\"1872\" src=\"https:\/\/camrail.cm\/wp-content\/uploads\/2026\/03\/Dr-Gilbert-NKANA-PONDY.jpg\" alt=\"\" class=\"wp-image-32808\"\/><\/figure>\n<\/div>\n\n\n\n<div class=\"wp-block-column is-layout-flow wp-block-column-is-layout-flow\" style=\"flex-basis:33.33%\">\n<p class=\"wp-block-paragraph\">Dr Gilbert Nkana Pondy<\/p>\n\n\n\n<p class=\"wp-block-paragraph\">Directeur g\u00e9n\u00e9ral adjoint charg\u00e9 du Transport voyageurs<\/p>\n\n\n\n<p class=\"wp-block-paragraph\">\u00ab L\u2019\u00e9panouissement des cheminotes est au c\u0153ur de la politique manag\u00e9riale de CAMRAIL \u00bb<\/p>\n\n\n\n<p class=\"wp-block-paragraph\">Ce moment de partage et de convivialit\u00e9 avec les dames de CAMRAIL de la Coordination du Centre a \u00e9t\u00e9, pour le Directeur G\u00e9n\u00e9ral Pierre Ngon, l\u2019occasion, par ma modeste voix, de r\u00e9it\u00e9rer l\u2019engagement de la Direction G\u00e9n\u00e9rale \u00e0 faire de CAMRAIL un environnement o\u00f9 l\u2019\u00e9galit\u00e9 des chances n\u2019est pas un slogan, mais une r\u00e9alit\u00e9 v\u00e9cue au quotidien. En effet, l\u2019\u00e9panouissement des cheminotes est au c\u0153ur de la politique manag\u00e9riale de CAMRAIL, impuls\u00e9e par le Groupe Africa Global Logistics.<\/p>\n<\/div>\n<\/div>\n\n\n\n<div class=\"wp-block-columns is-layout-flex wp-container-core-columns-is-layout-7387b849 wp-block-columns-is-layout-flex\">\n<div class=\"wp-block-column is-layout-flow wp-block-column-is-layout-flow\" style=\"flex-basis:66.66%\">\n<figure class=\"wp-block-image size-full\"><img loading=\"lazy\" decoding=\"async\" width=\"1750\" height=\"2309\" src=\"https:\/\/camrail.cm\/wp-content\/uploads\/2026\/03\/Judith-ATYAM-ADA-OK.jpg\" alt=\"\" class=\"wp-image-32809\"\/><\/figure>\n<\/div>\n\n\n\n<div class=\"wp-block-column is-layout-flow wp-block-column-is-layout-flow\" style=\"flex-basis:33.33%\">\n<p class=\"wp-block-paragraph\">Judith ATYAM ADA<\/p>\n\n\n\n<p class=\"wp-block-paragraph\">Inspecteur des services Mobirail<\/p>\n\n\n\n<p class=\"wp-block-paragraph\">\u00ab Notre \u00e9nergie a rendu cette Journ\u00e9e internationale vraiment<\/p>\n\n\n\n<p class=\"wp-block-paragraph\">sp\u00e9ciale \u00bb<\/p>\n\n\n\n<p class=\"wp-block-paragraph\">Bravo \u00e0 nous, les femmes de CAMRAIL de la Coordination du Centre, pour cette c\u00e9l\u00e9bration incroyable ! Notre \u00e9nergie a rendu cette Journ\u00e9e internationale vraiment sp\u00e9ciale. Je suis heureuse d\u2019avoir partag\u00e9 cette soir\u00e9e m\u00e9morable avec toutes mes<\/p>\n\n\n\n<p class=\"wp-block-paragraph\">coll\u00e8gues. Je remercie \u00e9galement la Direction G\u00e9n\u00e9rale pour son soutien et sa reconnaissance envers la femme cheminote. Bien s\u00fbr, qui dit merci en demande davantage : nous attendons qu\u2019il y ait plus de femmes aux postes de Directeur, de Coordinateur et de Responsable.<\/p>\n<\/div>\n<\/div>\n\n\n\n<div class=\"wp-block-columns is-layout-flex wp-container-core-columns-is-layout-7387b849 wp-block-columns-is-layout-flex\">\n<div class=\"wp-block-column is-layout-flow wp-block-column-is-layout-flow\">\n<figure class=\"wp-block-image size-full\"><img loading=\"lazy\" decoding=\"async\" width=\"6000\" height=\"4000\" src=\"https:\/\/camrail.cm\/wp-content\/uploads\/2026\/03\/2T9A3882.jpg\" alt=\"\" class=\"wp-image-32799\"\/><\/figure>\n<\/div>\n\n\n\n<div class=\"wp-block-column is-layout-flow wp-block-column-is-layout-flow\">\n<figure class=\"wp-block-image size-full\"><img loading=\"lazy\" decoding=\"async\" width=\"4160\" height=\"1872\" src=\"https:\/\/camrail.cm\/wp-content\/uploads\/2026\/03\/IMG_20260308_154733_866.jpg\" alt=\"\" class=\"wp-image-32801\"\/><\/figure>\n<\/div>\n\n\n\n<div class=\"wp-block-column is-layout-flow wp-block-column-is-layout-flow\">\n<figure class=\"wp-block-image size-full\"><img loading=\"lazy\" decoding=\"async\" width=\"4160\" height=\"1872\" src=\"https:\/\/camrail.cm\/wp-content\/uploads\/2026\/03\/IMG_20260308_172737_937.jpg\" alt=\"\" class=\"wp-image-32804\"\/><\/figure>\n<\/div>\n<\/div>\n\n\n\n<div class=\"wp-block-columns is-layout-flex wp-container-core-columns-is-layout-7387b849 wp-block-columns-is-layout-flex\">\n<div class=\"wp-block-column is-layout-flow wp-block-column-is-layout-flow\">\n<figure class=\"wp-block-image size-full\"><img loading=\"lazy\" decoding=\"async\" width=\"4160\" height=\"1872\" src=\"https:\/\/camrail.cm\/wp-content\/uploads\/2026\/03\/JIF-2026OK.jpg\" alt=\"\" class=\"wp-image-32800\"\/><\/figure>\n<\/div>\n\n\n\n<div class=\"wp-block-column is-layout-flow wp-block-column-is-layout-flow\">\n<figure class=\"wp-block-image size-full\"><img loading=\"lazy\" decoding=\"async\" width=\"4000\" height=\"1800\" src=\"https:\/\/camrail.cm\/wp-content\/uploads\/2026\/03\/20260306_091006.jpg\" alt=\"\" class=\"wp-image-32806\"\/><\/figure>\n<\/div>\n\n\n\n<div class=\"wp-block-column is-layout-flow wp-block-column-is-layout-flow\">\n<figure class=\"wp-block-image size-full\"><img loading=\"lazy\" decoding=\"async\" width=\"4000\" height=\"1800\" src=\"https:\/\/camrail.cm\/wp-content\/uploads\/2026\/03\/20260306_103407.jpg\" alt=\"\" class=\"wp-image-32807\"\/><\/figure>\n<\/div>\n<\/div>\n","protected":false},"excerpt":{"rendered":"<p>A l\u2019occasion de la Journ\u00e9e internationale des droits des femmes, c\u00e9l\u00e9br\u00e9e le 8 mars 2026, les cheminotes de la Coordination du Centre ont brillamment repr\u00e9sent\u00e9 CAMRAIL lors du d\u00e9fil\u00e9 organis\u00e9 sur le boulevard du 20 Mai \u00e0 Yaound\u00e9. \u00c0 bord de la voiture d\u00e9di\u00e9e \u00e0 l\u2019entreprise, elles ont suscit\u00e9 l\u2019enthousiasme du public et re\u00e7u une chaleureuse ovation sous le regard de la Premi\u00e8re Dame, Chantal Biya, qui pr\u00e9sidait la c\u00e9r\u00e9monie plac\u00e9e sous le th\u00e8me : \u00ab Droits, justice, action pour toutes les femmes et les filles \u00bb. \u00c9l\u00e9gantes dans leurs tenues sp\u00e9cialement confectionn\u00e9es pour l\u2019\u00e9v\u00e9nement et port\u00e9es par la cadence des fanfares, elles ont marqu\u00e9 cette \u00e9dition par leur prestance et leur discipline. La c\u00e9l\u00e9bration s\u2019est ensuite poursuivie autour d\u2019un moment convivial offert par la Direction G\u00e9n\u00e9rale, en pr\u00e9sence du Directeur g\u00e9n\u00e9ral adjoint charg\u00e9 du Transport voyageurs, Dr Gilbert Nkana Pondy, et de la Coordinatrice du Centre, Doudou Juliette Mayou Simo. Allocutions, d\u00e9fil\u00e9 \u00ab Top Model \u00bb, animations culturelles, s\u00e9ance sportive et causerie \u00e9ducative sur les violences faites aux femmes ont rythm\u00e9 cette journ\u00e9e plac\u00e9e sous le signe de la coh\u00e9sion, de la reconnaissance et de l\u2019engagement en faveur de l\u2019\u00e9panouissement f\u00e9minin. Dr Gilbert Nkana Pondy Directeur g\u00e9n\u00e9ral adjoint charg\u00e9 du Transport voyageurs \u00ab L\u2019\u00e9panouissement des cheminotes est au c\u0153ur de la politique manag\u00e9riale de CAMRAIL \u00bb Ce moment de partage et de convivialit\u00e9 avec les dames de CAMRAIL de la Coordination du Centre a \u00e9t\u00e9, pour le Directeur G\u00e9n\u00e9ral Pierre Ngon, l\u2019occasion, par ma modeste voix, de r\u00e9it\u00e9rer l\u2019engagement de la Direction G\u00e9n\u00e9rale \u00e0 faire de CAMRAIL un environnement o\u00f9 l\u2019\u00e9galit\u00e9 des chances n\u2019est pas un slogan, mais une r\u00e9alit\u00e9 v\u00e9cue au quotidien. En effet, l\u2019\u00e9panouissement des cheminotes est au c\u0153ur de la politique manag\u00e9riale de CAMRAIL, impuls\u00e9e par le Groupe Africa Global Logistics. Judith ATYAM ADA Inspecteur des services Mobirail \u00ab Notre \u00e9nergie a rendu cette Journ\u00e9e internationale vraiment sp\u00e9ciale \u00bb Bravo \u00e0 nous, les femmes de CAMRAIL de la Coordination du Centre, pour cette c\u00e9l\u00e9bration incroyable ! Notre \u00e9nergie a rendu cette Journ\u00e9e internationale vraiment sp\u00e9ciale. Je suis heureuse d\u2019avoir partag\u00e9 cette soir\u00e9e m\u00e9morable avec toutes mes coll\u00e8gues. Je remercie \u00e9galement la Direction G\u00e9n\u00e9rale pour son soutien et sa reconnaissance envers la femme cheminote. Bien s\u00fbr, qui dit merci en demande davantage : nous attendons qu\u2019il y ait plus de femmes aux postes de Directeur, de Coordinateur et de Responsable.<\/p>\n","protected":false},"author":9,"featured_media":32799,"parent":0,"menu_order":0,"comment_status":"closed","ping_status":"closed","template":"","meta":{"_acf_changed":false,"_crdt_document":"","inline_featured_image":false,"site-sidebar-layout":"default","site-content-layout":"","ast-site-content-layout":"","site-content-style":"default","site-sidebar-style":"default","ast-global-header-display":"","ast-banner-title-visibility":"","ast-main-header-display":"","ast-hfb-above-header-display":"","ast-hfb-below-header-display":"","ast-hfb-mobile-header-display":"","site-post-title":"","ast-breadcrumbs-content":"","ast-featured-img":"","footer-sml-layout":"","theme-transparent-header-meta":"","adv-header-id-meta":"","stick-header-meta":"","header-above-stick-meta":"","header-main-stick-meta":"","header-below-stick-meta":"","astra-migrate-meta-layouts":"default","ast-page-background-enabled":"default","ast-page-background-meta":{"desktop":{"background-color":"var(--ast-global-color-4)","background-image":"","background-repeat":"repeat","background-position":"center center","background-size":"auto","background-attachment":"scroll","background-type":"","background-media":"","overlay-type":"","overlay-color":"","overlay-opacity":"","overlay-gradient":""},"tablet":{"background-color":"","background-image":"","background-repeat":"repeat","background-position":"center center","background-size":"auto","background-attachment":"scroll","background-type":"","background-media":"","overlay-type":"","overlay-color":"","overlay-opacity":"","overlay-gradient":""},"mobile":{"background-color":"","background-image":"","background-repeat":"repeat","background-position":"center center","background-size":"auto","background-attachment":"scroll","background-type":"","background-media":"","overlay-type":"","overlay-color":"","overlay-opacity":"","overlay-gradient":""}},"ast-content-background-meta":{"desktop":{"background-color":"var(--ast-global-color-5)","background-image":"","background-repeat":"repeat","background-position":"center center","background-size":"auto","background-attachment":"scroll","background-type":"","background-media":"","overlay-type":"","overlay-color":"","overlay-opacity":"","overlay-gradient":""},"tablet":{"background-color":"var(--ast-global-color-5)","background-image":"","background-repeat":"repeat","background-position":"center center","background-size":"auto","background-attachment":"scroll","background-type":"","background-media":"","overlay-type":"","overlay-color":"","overlay-opacity":"","overlay-gradient":""},"mobile":{"background-color":"var(--ast-global-color-5)","background-image":"","background-repeat":"repeat","background-position":"center center","background-size":"auto","background-attachment":"scroll","background-type":"","background-media":"","overlay-type":"","overlay-color":"","overlay-opacity":"","overlay-gradient":""}},"footnotes":""},"class_list":["post-32791","page","type-page","status-publish","has-post-thumbnail","hentry"],"acf":[],"rttpg_featured_image_url":{"full":["https:\/\/camrail.cm\/wp-content\/uploads\/2026\/03\/2T9A3882.jpg",6000,4000,false],"landscape":["https:\/\/camrail.cm\/wp-content\/uploads\/2026\/03\/2T9A3882.jpg",6000,4000,false],"portraits":["https:\/\/camrail.cm\/wp-content\/uploads\/2026\/03\/2T9A3882.jpg",6000,4000,false],"thumbnail":["https:\/\/camrail.cm\/wp-content\/uploads\/2026\/03\/2T9A3882.jpg",150,100,false],"medium":["https:\/\/camrail.cm\/wp-content\/uploads\/2026\/03\/2T9A3882.jpg",300,200,false],"large":["https:\/\/camrail.cm\/wp-content\/uploads\/2026\/03\/2T9A3882.jpg",1024,683,false],"1536x1536":["https:\/\/camrail.cm\/wp-content\/uploads\/2026\/03\/2T9A3882.jpg",1536,1024,false],"2048x2048":["https:\/\/camrail.cm\/wp-content\/uploads\/2026\/03\/2T9A3882.jpg",2048,1365,false],"trp-custom-language-flag":["https:\/\/camrail.cm\/wp-content\/uploads\/2026\/03\/2T9A3882.jpg",18,12,false],"tp-image-grid":["https:\/\/camrail.cm\/wp-content\/uploads\/2026\/03\/2T9A3882.jpg",700,467,false],"job-image":["https:\/\/camrail.cm\/wp-content\/uploads\/2026\/03\/2T9A3882.jpg",600,400,false]},"rttpg_author":{"display_name":"Ibrahimou Sadou","author_link":"https:\/\/camrail.cm\/fr_fr\/author\/ibrahimou\/"},"rttpg_comment":0,"rttpg_category":null,"rttpg_excerpt":"A l\u2019occasion de la Journ\u00e9e internationale des droits des femmes, c\u00e9l\u00e9br\u00e9e le 8 mars 2026, les cheminotes de la Coordination du Centre ont brillamment repr\u00e9sent\u00e9 CAMRAIL lors du d\u00e9fil\u00e9 organis\u00e9 sur le boulevard du 20 Mai \u00e0 Yaound\u00e9. \u00c0 bord de la voiture d\u00e9di\u00e9e \u00e0 l\u2019entreprise, elles ont suscit\u00e9 l\u2019enthousiasme du public et re\u00e7u une\u2026","_links":{"self":[{"href":"https:\/\/camrail.cm\/fr_fr\/wp-json\/wp\/v2\/pages\/32791","targetHints":{"allow":["GET"]}}],"collection":[{"href":"https:\/\/camrail.cm\/fr_fr\/wp-json\/wp\/v2\/pages"}],"about":[{"href":"https:\/\/camrail.cm\/fr_fr\/wp-json\/wp\/v2\/types\/page"}],"author":[{"embeddable":true,"href":"https:\/\/camrail.cm\/fr_fr\/wp-json\/wp\/v2\/users\/9"}],"replies":[{"embeddable":true,"href":"https:\/\/camrail.cm\/fr_fr\/wp-json\/wp\/v2\/comments?post=32791"}],"version-history":[{"count":1,"href":"https:\/\/camrail.cm\/fr_fr\/wp-json\/wp\/v2\/pages\/32791\/revisions"}],"predecessor-version":[{"id":32810,"href":"https:\/\/camrail.cm\/fr_fr\/wp-json\/wp\/v2\/pages\/32791\/revisions\/32810"}],"wp:featuredmedia":[{"embeddable":true,"href":"https:\/\/camrail.cm\/fr_fr\/wp-json\/wp\/v2\/media\/32799"}],"wp:attachment":[{"href":"https:\/\/camrail.cm\/fr_fr\/wp-json\/wp\/v2\/media?parent=32791"}],"curies":[{"name":"wp","href":"https:\/\/api.w.org\/{rel}","templated":true}]}}