{"id":4854,"date":"2024-05-13T18:01:51","date_gmt":"2024-05-13T18:01:51","guid":{"rendered":"https:\/\/camrail.cm\/?page_id=4854"},"modified":"2024-05-13T18:06:26","modified_gmt":"2024-05-13T18:06:26","slug":"transport-environmental-friendly","status":"publish","type":"page","link":"https:\/\/camrail.cm\/fr_fr\/transport-environmental-friendly\/","title":{"rendered":"Transport environmental friendly"},"content":{"rendered":"\t\t<div data-elementor-type=\"wp-page\" data-elementor-id=\"4854\" class=\"elementor elementor-4854\" data-elementor-post-type=\"page\">\n\t\t\t\t<div class=\"elementor-element elementor-element-59beb096 e-con-full e-flex wpr-particle-no wpr-jarallax-no wpr-parallax-no wpr-sticky-section-no wpr-column-slider-no wpr-equal-height-no e-con e-parent\" data-id=\"59beb096\" data-element_type=\"container\" data-e-type=\"container\" data-settings=\"{&quot;background_background&quot;:&quot;classic&quot;,&quot;ekit_has_onepagescroll_dot&quot;:&quot;yes&quot;}\">\n\t\t\t\t<div class=\"elementor-element elementor-element-73ba7b6a elementor-widget elementor-widget-heading\" data-id=\"73ba7b6a\" data-element_type=\"widget\" data-e-type=\"widget\" data-settings=\"{&quot;ekit_we_effect_on&quot;:&quot;none&quot;}\" data-widget_type=\"heading.default\">\n\t\t\t\t<div class=\"elementor-widget-container\">\n\t\t\t\t\t<h2 class=\"elementor-heading-title elementor-size-default\">Transport environmental friendly<\/h2>\t\t\t\t<\/div>\n\t\t\t\t<\/div>\n\t\t\t\t<div class=\"elementor-element elementor-element-7145d192 elementor-widget-divider--view-line_text elementor-widget-divider--element-align-center elementor-widget elementor-widget-divider\" data-id=\"7145d192\" data-element_type=\"widget\" data-e-type=\"widget\" data-settings=\"{&quot;ekit_we_effect_on&quot;:&quot;none&quot;}\" data-widget_type=\"divider.default\">\n\t\t\t\t<div class=\"elementor-widget-container\">\n\t\t\t\t\t\t\t<div class=\"elementor-divider\">\n\t\t\t<span class=\"elementor-divider-separator\">\n\t\t\t\t\t\t\t<span class=\"elementor-divider__text elementor-divider__element\">\n\t\t\t\tENTREPRISES\t\t\t\t<\/span>\n\t\t\t\t\t\t<\/span>\n\t\t<\/div>\n\t\t\t\t\t\t<\/div>\n\t\t\t\t<\/div>\n\t\t\t\t<\/div>\n\t\t<div class=\"elementor-element elementor-element-8450fd3 e-flex e-con-boxed wpr-particle-no wpr-jarallax-no wpr-parallax-no wpr-sticky-section-no wpr-column-slider-no wpr-equal-height-no e-con e-parent\" data-id=\"8450fd3\" data-element_type=\"container\" data-e-type=\"container\" data-settings=\"{&quot;ekit_has_onepagescroll_dot&quot;:&quot;yes&quot;}\">\n\t\t\t\t\t<div class=\"e-con-inner\">\n\t\t\t\t<div class=\"elementor-element elementor-element-ac1cf42 elementor-widget elementor-widget-elementskit-heading\" data-id=\"ac1cf42\" data-element_type=\"widget\" data-e-type=\"widget\" data-settings=\"{&quot;ekit_we_effect_on&quot;:&quot;none&quot;}\" data-widget_type=\"elementskit-heading.default\">\n\t\t\t\t<div class=\"elementor-widget-container\">\n\t\t\t\t\t<div class=\"ekit-wid-con\" ><div class=\"ekit-heading elementskit-section-title-wraper text_center   ekit_heading_tablet-   ekit_heading_mobile-\">\t\t\t\t<div class='ekit-heading__description'>\n\t\t\t\t\t<p>CAMRAIL a mis en place un syst\u00e8me automatis\u00e9 de gestion de consommation de carburant et de lubrifiants visant \u00e0 s\u00e9curiser les op\u00e9rations de ravitaillements, en garantissant que les quantit\u00e9s d\u00e9compt\u00e9es au volucompteur soient conformes aux quantit\u00e9s effectivement re\u00e7ues en r\u00e9servoir ; ce projet permet en outre de r\u00e9duire les consommations et les co\u00fbts et de se doter d\u2019informations pertinentes facilitant les analyses n\u00e9cessaires \u00e0 la bonne maintenance des engins.<br \/>On peut aussi relever que gr\u00e2ce \u00e0 leur nouveau moteur \u00e0 injection \u00e9lectronique, les nouvelles locomotives General Electric, r\u00e9cemment acquises par CAMRAIL, ont une consommation r\u00e9duite en gasoil. Leur moteur de traction asynchrone adapte la puissance.<\/p>\n\t\t\t\t<\/div>\n\t\t\t<\/div><\/div>\t\t\t\t<\/div>\n\t\t\t\t<\/div>\n\t\t\t\t\t<\/div>\n\t\t\t\t<\/div>\n\t\t<div class=\"elementor-element elementor-element-45df819 e-flex e-con-boxed wpr-particle-no wpr-jarallax-no wpr-parallax-no wpr-sticky-section-no wpr-column-slider-no wpr-equal-height-no e-con e-parent\" data-id=\"45df819\" data-element_type=\"container\" data-e-type=\"container\" data-settings=\"{&quot;ekit_has_onepagescroll_dot&quot;:&quot;yes&quot;}\">\n\t\t\t\t\t<div class=\"e-con-inner\">\n\t\t<div class=\"elementor-element elementor-element-af3e2f9 e-con-full e-flex wpr-particle-no wpr-jarallax-no wpr-parallax-no wpr-sticky-section-no wpr-column-slider-no wpr-equal-height-no e-con e-child\" data-id=\"af3e2f9\" data-element_type=\"container\" data-e-type=\"container\" data-settings=\"{&quot;ekit_has_onepagescroll_dot&quot;:&quot;yes&quot;}\">\n\t\t\t\t<div class=\"elementor-element elementor-element-b01e66b elementor-widget elementor-widget-elementskit-accordion\" data-id=\"b01e66b\" data-element_type=\"widget\" data-e-type=\"widget\" data-settings=\"{&quot;ekit_we_effect_on&quot;:&quot;none&quot;}\" data-widget_type=\"elementskit-accordion.default\">\n\t\t\t\t<div class=\"elementor-widget-container\">\n\t\t\t\t\t<div class=\"ekit-wid-con\" >\n        <div class=\"elementskit-accordion accoedion-primary\" id=\"accordion-6a040f2c2951c\">\n\n            \n                <div class=\"elementskit-card \">\n                    <div class=\"elementskit-card-header\" id=\"primaryHeading-0-b01e66b\">\n                        <a href=\"#collapse-14514dc6a040f2c2951c\" class=\"ekit-accordion--toggler elementskit-btn-link collapsed\" data-ekit-toggle=\"collapse\" data-target=\"#Collapse-14514dc6a040f2c2951c\" aria-expanded=\"false\" aria-controls=\"Collapse-14514dc6a040f2c2951c\">\n                            \n                            <span class=\"ekit-accordion-title\">Protection de la faune et de la flore<\/span>\n\n                            \n                                <div class=\"ekit_accordion_icon_group\">\n                                    <div class=\"ekit_accordion_normal_icon\">\n                                        <!-- Normal Icon -->\n\t\t\t\t\t\t\t\t\t\t<svg xmlns=\"http:\/\/www.w3.org\/2000\/svg\" width=\"16\" height=\"16\" viewBox=\"0 0 16 16\" fill=\"none\"><path d=\"M8.00013 0.84625C7.48566 0.84625 7.0686 1.26331 7.0686 1.77778V14.2222C7.0686 14.7367 7.48566 15.1538 8.00013 15.1538C8.5146 15.1538 8.93166 14.7367 8.93166 14.2222V1.77778C8.93166 1.26331 8.5146 0.84625 8.00013 0.84625Z\" fill=\"#6F6C90\" stroke=\"#6F6C90\" stroke-width=\"0.3075\" stroke-linecap=\"round\"><\/path><path d=\"M1.77778 7.06891C1.26331 7.06891 0.84625 7.48597 0.84625 8.00043C0.84625 8.5149 1.26331 8.93196 1.77778 8.93196H14.2222C14.7367 8.93196 15.1538 8.5149 15.1538 8.00043C15.1538 7.48597 14.7367 7.06891 14.2222 7.06891H1.77778Z\" fill=\"#6F6C90\" stroke=\"#6F6C90\" stroke-width=\"0.3075\" stroke-linecap=\"round\"><\/path><\/svg>                                    <\/div>\n\n                                    <div class=\"ekit_accordion_active_icon\">\n                                        <!-- Active Icon -->\n\t\t\t\t\t\t\t\t\t\t<svg xmlns=\"http:\/\/www.w3.org\/2000\/svg\" width=\"14\" height=\"2\" viewBox=\"0 0 14 2\" fill=\"none\"><path fill-rule=\"evenodd\" clip-rule=\"evenodd\" d=\"M0 -8.74228e-07L14 0L14 2L-6.11959e-08 2L0 -8.74228e-07Z\" fill=\"#4A3AFF\"><\/path><\/svg>                                    <\/div>\n                                <\/div>\n\n                            \n                                                    <\/a>\n                    <\/div>\n\n                    <div id=\"Collapse-14514dc6a040f2c2951c\" class=\" collapse\" aria-labelledby=\"primaryHeading-0-b01e66b\" data-parent=\"#accordion-6a040f2c2951c\">\n\n                        <div class=\"elementskit-card-body ekit-accordion--content\">\n                            <p><b>CAMRAIL <\/b>est engag\u00e9 depuis 2005 dans un partenariat avec le minist\u00e8re des For\u00eats et de la Faune dans le cadre de la protection de la faune et d\u2019\u00e9radication du transport par chemin de fer des produits fauniques.\u00a0<\/p><p>CAMRAIL s\u2019est notamment engag\u00e9 en collaboration avec le gouvernement et l\u2019ONG Carfad \u00e0 :<\/p><ul><li>Permettre et faciliter les missions de contr\u00f4le des produits fauniques \u00e0 bord des trains, dans les gares et emprises ;<\/li><li>Autoriser les missions de contr\u00f4le des produits ligneux dans les gares de d\u00e9part ou d\u2019arriv\u00e9e de ces produits et obligatoirement avant leur incorporation dans les trains ;<\/li><li>Mettre \u00e0 disposition du minist\u00e8re des For\u00eats et de la Faune, dans la limite de ses possibilit\u00e9s, des moyens logistiques essentiels pour faciliter les missions de contr\u00f4le.<\/li><\/ul><p>Chaque ann\u00e9e, <b>CAMRAIL<\/b> organise des s\u00e9ances de sensibilisation, des contr\u00f4les de colis et bagages \u00e0 bord des trains avec \u00e0 la cl\u00e9 une forte implication des communaut\u00e9s riveraines du rail<\/p>                        <\/div>\n\n                    <\/div>\n\n                <\/div><!-- .elementskit-card END -->\n\n                                        <\/div>\n    <\/div>\t\t\t\t<\/div>\n\t\t\t\t<\/div>\n\t\t\t\t<\/div>\n\t\t<div class=\"elementor-element elementor-element-3914724 e-con-full e-flex wpr-particle-no wpr-jarallax-no wpr-parallax-no wpr-sticky-section-no wpr-column-slider-no wpr-equal-height-no e-con e-child\" data-id=\"3914724\" data-element_type=\"container\" data-e-type=\"container\" data-settings=\"{&quot;ekit_has_onepagescroll_dot&quot;:&quot;yes&quot;}\">\n\t\t\t\t<div class=\"elementor-element elementor-element-529b8bb elementor-widget elementor-widget-elementskit-accordion\" data-id=\"529b8bb\" data-element_type=\"widget\" data-e-type=\"widget\" data-settings=\"{&quot;ekit_we_effect_on&quot;:&quot;none&quot;}\" data-widget_type=\"elementskit-accordion.default\">\n\t\t\t\t<div class=\"elementor-widget-container\">\n\t\t\t\t\t<div class=\"ekit-wid-con\" >\n        <div class=\"elementskit-accordion accoedion-primary\" id=\"accordion-6a040f2c2e1a8\">\n\n            \n                <div class=\"elementskit-card \">\n                    <div class=\"elementskit-card-header\" id=\"primaryHeading-0-529b8bb\">\n                        <a href=\"#collapse-c29457c6a040f2c2e1a8\" class=\"ekit-accordion--toggler elementskit-btn-link collapsed\" data-ekit-toggle=\"collapse\" data-target=\"#Collapse-c29457c6a040f2c2e1a8\" aria-expanded=\"false\" aria-controls=\"Collapse-c29457c6a040f2c2e1a8\">\n                            \n                            <span class=\"ekit-accordion-title\">Gestion des d\u00e9chets<\/span>\n\n                            \n                                <div class=\"ekit_accordion_icon_group\">\n                                    <div class=\"ekit_accordion_normal_icon\">\n                                        <!-- Normal Icon -->\n\t\t\t\t\t\t\t\t\t\t<svg xmlns=\"http:\/\/www.w3.org\/2000\/svg\" width=\"16\" height=\"16\" viewBox=\"0 0 16 16\" fill=\"none\"><path d=\"M8.00013 0.84625C7.48566 0.84625 7.0686 1.26331 7.0686 1.77778V14.2222C7.0686 14.7367 7.48566 15.1538 8.00013 15.1538C8.5146 15.1538 8.93166 14.7367 8.93166 14.2222V1.77778C8.93166 1.26331 8.5146 0.84625 8.00013 0.84625Z\" fill=\"#6F6C90\" stroke=\"#6F6C90\" stroke-width=\"0.3075\" stroke-linecap=\"round\"><\/path><path d=\"M1.77778 7.06891C1.26331 7.06891 0.84625 7.48597 0.84625 8.00043C0.84625 8.5149 1.26331 8.93196 1.77778 8.93196H14.2222C14.7367 8.93196 15.1538 8.5149 15.1538 8.00043C15.1538 7.48597 14.7367 7.06891 14.2222 7.06891H1.77778Z\" fill=\"#6F6C90\" stroke=\"#6F6C90\" stroke-width=\"0.3075\" stroke-linecap=\"round\"><\/path><\/svg>                                    <\/div>\n\n                                    <div class=\"ekit_accordion_active_icon\">\n                                        <!-- Active Icon -->\n\t\t\t\t\t\t\t\t\t\t<svg xmlns=\"http:\/\/www.w3.org\/2000\/svg\" width=\"14\" height=\"2\" viewBox=\"0 0 14 2\" fill=\"none\"><path fill-rule=\"evenodd\" clip-rule=\"evenodd\" d=\"M0 -8.74228e-07L14 0L14 2L-6.11959e-08 2L0 -8.74228e-07Z\" fill=\"#4A3AFF\"><\/path><\/svg>                                    <\/div>\n                                <\/div>\n\n                            \n                                                    <\/a>\n                    <\/div>\n\n                    <div id=\"Collapse-c29457c6a040f2c2e1a8\" class=\" collapse\" aria-labelledby=\"primaryHeading-0-529b8bb\" data-parent=\"#accordion-6a040f2c2e1a8\">\n\n                        <div class=\"elementskit-card-body ekit-accordion--content\">\n                            <p><b>CAMRAIL<\/b> a lanc\u00e9 des actions pour limiter les impacts environnementaux li\u00e9s au transport des hydrocarbures sur son r\u00e9seau\u00a0: un Protocole sign\u00e9 entre l\u2019entreprise et HYDRAC pour l\u2019analyse physico chimiques des eaux de rejet et des sols pollu\u00e9s aux hydrocarbures. Elle a acquis du mat\u00e9riel pour intervention en cas de d\u00e9versement accidentel d\u2019hydrocarbures sur la voie ferr\u00e9e (15 KIT ANTIPOLLUTION, 04 motopompes de 21m3 \/h de d\u00e9bit, 04 b\u00e2ches r\u00e9servoirs de capacit\u00e9 60m3 chacune). CAMRAIL dispose de bacs de d\u00e9cantation aux ateliers centraux de Douala et dispositifs de d\u00e9pollution dans 4 d\u00e9p\u00f4ts pour la collecte et traitement des d\u00e9chets.<\/p><p>Aussi l\u2019entreprise a-t-elle engag\u00e9 un programme de remplacement et de gestion des traverses imbib\u00e9es de cr\u00e9osote h\u00e9rit\u00e9es de la Regifercam. L\u2019entreprise a mis en place un plan d\u2019actions pour la r\u00e9cup\u00e9ration et le stockage des traverses cr\u00e9osot\u00e9es. <b>CAMRAIL<\/b> a ainsi assur\u00e9 la construction d\u2019une aire dall\u00e9e et s\u00e9curis\u00e9e pour le stockage des traverses bois cr\u00e9osot\u00e9es usag\u00e9es aux Ateliers Centraux de Bassa. Elle collecte et transporte pour des traverses bois cr\u00e9osot\u00e9es usag\u00e9es stock\u00e9es le long de la voie ferr\u00e9e.<\/p><p>Bien plus, l\u2019entreprise a sensibilis\u00e9 ses salari\u00e9s et sous-traitants sur la manipulation et l\u2019interdiction de l\u2019utilisation des traverses bois cr\u00e9osot\u00e9es \u00e0 des fins domestiques. Elle a tenu des r\u00e9unions conjointes <b>CAMRAIL<\/b> \u2013 MINADER \u2013 MINEPDED sur la probl\u00e9matique de la destruction des traverses bois cr\u00e9osot\u00e9es usag\u00e9es ; Aussi a-t-elle organis\u00e9 des s\u00e9ances de travail avec les chefs circonscription voie, le RIF et le charg\u00e9 HSE de la Coordination du Centre sur la probl\u00e9matique des traverses bois usag\u00e9es cr\u00e9osot\u00e9es.<\/p><p>\u00a0<b>CAMRAIL <\/b>assure enfin la formation de 113 personnes dans diff\u00e9rentes r\u00e9gions sur les techniques d\u2019intervention sur les trains d\u2019hydrocarbures en cas de d\u00e9part de feu\/ d\u00e9versement des hydrocarbures et utilisation des KIT antipollution ; confection et mise en service de 08 wagons miradors destin\u00e9s \u00e0 la surveillance des rames de trains hydrocarbures en circulation.<\/p>                        <\/div>\n\n                    <\/div>\n\n                <\/div><!-- .elementskit-card END -->\n\n                                        <\/div>\n    <\/div>\t\t\t\t<\/div>\n\t\t\t\t<\/div>\n\t\t\t\t<\/div>\n\t\t\t\t\t<\/div>\n\t\t\t\t<\/div>\n\t\t\t\t<\/div>\n\t\t","protected":false},"excerpt":{"rendered":"<p>Transport environmental friendly ENTREPRISES CAMRAIL a mis en place un syst\u00e8me automatis\u00e9 de gestion de consommation de carburant et de lubrifiants visant \u00e0 s\u00e9curiser les op\u00e9rations de ravitaillements, en garantissant que les quantit\u00e9s d\u00e9compt\u00e9es au volucompteur soient conformes aux quantit\u00e9s effectivement re\u00e7ues en r\u00e9servoir ; ce projet permet en outre de r\u00e9duire les consommations et les co\u00fbts et de se doter d\u2019informations pertinentes facilitant les analyses n\u00e9cessaires \u00e0 la bonne maintenance des engins.On peut aussi relever que gr\u00e2ce \u00e0 leur nouveau moteur \u00e0 injection \u00e9lectronique, les nouvelles locomotives General Electric, r\u00e9cemment acquises par CAMRAIL, ont une consommation r\u00e9duite en gasoil. Leur moteur de traction asynchrone adapte la puissance. Protection de la faune et de la flore CAMRAIL est engag\u00e9 depuis 2005 dans un partenariat avec le minist\u00e8re des For\u00eats et de la Faune dans le cadre de la protection de la faune et d\u2019\u00e9radication du transport par chemin de fer des produits fauniques.\u00a0 CAMRAIL s\u2019est notamment engag\u00e9 en collaboration avec le gouvernement et l\u2019ONG Carfad \u00e0 : Permettre et faciliter les missions de contr\u00f4le des produits fauniques \u00e0 bord des trains, dans les gares et emprises ; Autoriser les missions de contr\u00f4le des produits ligneux dans les gares de d\u00e9part ou d\u2019arriv\u00e9e de ces produits et obligatoirement avant leur incorporation dans les trains ; Mettre \u00e0 disposition du minist\u00e8re des For\u00eats et de la Faune, dans la limite de ses possibilit\u00e9s, des moyens logistiques essentiels pour faciliter les missions de contr\u00f4le. Chaque ann\u00e9e, CAMRAIL organise des s\u00e9ances de sensibilisation, des contr\u00f4les de colis et bagages \u00e0 bord des trains avec \u00e0 la cl\u00e9 une forte implication des communaut\u00e9s riveraines du rail Gestion des d\u00e9chets CAMRAIL a lanc\u00e9 des actions pour limiter les impacts environnementaux li\u00e9s au transport des hydrocarbures sur son r\u00e9seau\u00a0: un Protocole sign\u00e9 entre l\u2019entreprise et HYDRAC pour l\u2019analyse physico chimiques des eaux de rejet et des sols pollu\u00e9s aux hydrocarbures. Elle a acquis du mat\u00e9riel pour intervention en cas de d\u00e9versement accidentel d\u2019hydrocarbures sur la voie ferr\u00e9e (15 KIT ANTIPOLLUTION, 04 motopompes de 21m3 \/h de d\u00e9bit, 04 b\u00e2ches r\u00e9servoirs de capacit\u00e9 60m3 chacune). CAMRAIL dispose de bacs de d\u00e9cantation aux ateliers centraux de Douala et dispositifs de d\u00e9pollution dans 4 d\u00e9p\u00f4ts pour la collecte et traitement des d\u00e9chets. Aussi l\u2019entreprise a-t-elle engag\u00e9 un programme de remplacement et de gestion des traverses imbib\u00e9es de cr\u00e9osote h\u00e9rit\u00e9es de la Regifercam. L\u2019entreprise a mis en place un plan d\u2019actions pour la r\u00e9cup\u00e9ration et le stockage des traverses cr\u00e9osot\u00e9es. CAMRAIL a ainsi assur\u00e9 la construction d\u2019une aire dall\u00e9e et s\u00e9curis\u00e9e pour le stockage des traverses bois cr\u00e9osot\u00e9es usag\u00e9es aux Ateliers Centraux de Bassa. Elle collecte et transporte pour des traverses bois cr\u00e9osot\u00e9es usag\u00e9es stock\u00e9es le long de la voie ferr\u00e9e. Bien plus, l\u2019entreprise a sensibilis\u00e9 ses salari\u00e9s et sous-traitants sur la manipulation et l\u2019interdiction de l\u2019utilisation des traverses bois cr\u00e9osot\u00e9es \u00e0 des fins domestiques. Elle a tenu des r\u00e9unions conjointes CAMRAIL \u2013 MINADER \u2013 MINEPDED sur la probl\u00e9matique de la destruction des traverses bois cr\u00e9osot\u00e9es usag\u00e9es ; Aussi a-t-elle organis\u00e9 des s\u00e9ances de travail avec les chefs circonscription voie, le RIF et le charg\u00e9 HSE de la Coordination du Centre sur la probl\u00e9matique des traverses bois usag\u00e9es cr\u00e9osot\u00e9es. \u00a0CAMRAIL assure enfin la formation de 113 personnes dans diff\u00e9rentes r\u00e9gions sur les techniques d\u2019intervention sur les trains d\u2019hydrocarbures en cas de d\u00e9part de feu\/ d\u00e9versement des hydrocarbures et utilisation des KIT antipollution ; confection et mise en service de 08 wagons miradors destin\u00e9s \u00e0 la surveillance des rames de trains hydrocarbures en circulation.<\/p>\n","protected":false},"author":1,"featured_media":0,"parent":0,"menu_order":0,"comment_status":"closed","ping_status":"closed","template":"","meta":{"_acf_changed":false,"_crdt_document":"","inline_featured_image":false,"site-sidebar-layout":"no-sidebar","site-content-layout":"","ast-site-content-layout":"full-width-container","site-content-style":"default","site-sidebar-style":"default","ast-global-header-display":"","ast-banner-title-visibility":"","ast-main-header-display":"","ast-hfb-above-header-display":"","ast-hfb-below-header-display":"","ast-hfb-mobile-header-display":"","site-post-title":"disabled","ast-breadcrumbs-content":"","ast-featured-img":"disabled","footer-sml-layout":"","theme-transparent-header-meta":"","adv-header-id-meta":"","stick-header-meta":"","header-above-stick-meta":"","header-main-stick-meta":"","header-below-stick-meta":"","astra-migrate-meta-layouts":"default","ast-page-background-enabled":"default","ast-page-background-meta":{"desktop":{"background-color":"var(--ast-global-color-4)","background-image":"","background-repeat":"repeat","background-position":"center center","background-size":"auto","background-attachment":"scroll","background-type":"","background-media":"","overlay-type":"","overlay-color":"","overlay-opacity":"","overlay-gradient":""},"tablet":{"background-color":"","background-image":"","background-repeat":"repeat","background-position":"center center","background-size":"auto","background-attachment":"scroll","background-type":"","background-media":"","overlay-type":"","overlay-color":"","overlay-opacity":"","overlay-gradient":""},"mobile":{"background-color":"","background-image":"","background-repeat":"repeat","background-position":"center center","background-size":"auto","background-attachment":"scroll","background-type":"","background-media":"","overlay-type":"","overlay-color":"","overlay-opacity":"","overlay-gradient":""}},"ast-content-background-meta":{"desktop":{"background-color":"var(--ast-global-color-5)","background-image":"","background-repeat":"repeat","background-position":"center center","background-size":"auto","background-attachment":"scroll","background-type":"","background-media":"","overlay-type":"","overlay-color":"","overlay-opacity":"","overlay-gradient":""},"tablet":{"background-color":"var(--ast-global-color-5)","background-image":"","background-repeat":"repeat","background-position":"center center","background-size":"auto","background-attachment":"scroll","background-type":"","background-media":"","overlay-type":"","overlay-color":"","overlay-opacity":"","overlay-gradient":""},"mobile":{"background-color":"var(--ast-global-color-5)","background-image":"","background-repeat":"repeat","background-position":"center center","background-size":"auto","background-attachment":"scroll","background-type":"","background-media":"","overlay-type":"","overlay-color":"","overlay-opacity":"","overlay-gradient":""}},"footnotes":""},"class_list":["post-4854","page","type-page","status-publish","hentry"],"acf":[],"rttpg_featured_image_url":null,"rttpg_author":{"display_name":"peguy10","author_link":"https:\/\/camrail.cm\/fr_fr\/author\/peguy10\/"},"rttpg_comment":0,"rttpg_category":null,"rttpg_excerpt":"Transport environmental friendly ENTREPRISES CAMRAIL a mis en place un syst\u00e8me automatis\u00e9 de gestion de consommation de carburant et de lubrifiants visant \u00e0 s\u00e9curiser les op\u00e9rations de ravitaillements, en garantissant que les quantit\u00e9s d\u00e9compt\u00e9es au volucompteur soient conformes aux quantit\u00e9s effectivement re\u00e7ues en r\u00e9servoir ; ce projet permet en outre de r\u00e9duire les consommations et\u2026","_links":{"self":[{"href":"https:\/\/camrail.cm\/fr_fr\/wp-json\/wp\/v2\/pages\/4854","targetHints":{"allow":["GET"]}}],"collection":[{"href":"https:\/\/camrail.cm\/fr_fr\/wp-json\/wp\/v2\/pages"}],"about":[{"href":"https:\/\/camrail.cm\/fr_fr\/wp-json\/wp\/v2\/types\/page"}],"author":[{"embeddable":true,"href":"https:\/\/camrail.cm\/fr_fr\/wp-json\/wp\/v2\/users\/1"}],"replies":[{"embeddable":true,"href":"https:\/\/camrail.cm\/fr_fr\/wp-json\/wp\/v2\/comments?post=4854"}],"version-history":[{"count":7,"href":"https:\/\/camrail.cm\/fr_fr\/wp-json\/wp\/v2\/pages\/4854\/revisions"}],"predecessor-version":[{"id":4864,"href":"https:\/\/camrail.cm\/fr_fr\/wp-json\/wp\/v2\/pages\/4854\/revisions\/4864"}],"wp:attachment":[{"href":"https:\/\/camrail.cm\/fr_fr\/wp-json\/wp\/v2\/media?parent=4854"}],"curies":[{"name":"wp","href":"https:\/\/api.w.org\/{rel}","templated":true}]}}