{"id":8432,"date":"2024-10-23T08:06:31","date_gmt":"2024-10-23T08:06:31","guid":{"rendered":"https:\/\/camrail.cm\/?page_id=8432"},"modified":"2024-10-23T08:06:42","modified_gmt":"2024-10-23T08:06:42","slug":"send-off-de-rafik-jouini-un-pilier-de-la-maintenance-ferroviaire-tire-sa-reverence-chez-camrail","status":"publish","type":"page","link":"https:\/\/camrail.cm\/fr_fr\/send-off-de-rafik-jouini-un-pilier-de-la-maintenance-ferroviaire-tire-sa-reverence-chez-camrail\/","title":{"rendered":"Send-off de RAFIK JOUINI &#8211; un pilier de la maintenance ferroviaire tire sa r\u00e9v\u00e9rence chez CAMRAIL"},"content":{"rendered":"\n<p class=\"wp-block-paragraph\">Ce 2 octobre 2024, les Ateliers Centraux de Bassa ont \u00e9t\u00e9 le th\u00e9\u00e2tre d\u2019un \u00e9v\u00e9nement marquant pour la famille CAMRAIL : le d\u00e9part de RAFIK JOUINI, Directeur du Mat\u00e9riel sortant. Avec 36 ans d\u2019exp\u00e9rience dans le secteur ferroviaire, dont sept ann\u00e9es pass\u00e9es au Cameroun, Rafik Jouini a laiss\u00e9 une empreinte ind\u00e9l\u00e9bile dans l\u2019histoire de CAMRAIL.<\/p>\n\n\n\n<p class=\"wp-block-paragraph\">Un parcours exemplaire<\/p>\n\n\n\n<p class=\"wp-block-paragraph\">Dipl\u00f4m\u00e9 de l\u2019\u00c9cole Nationale d\u2019Ing\u00e9nieurs de Tunis (ENIT) en \u00e9lectrom\u00e9canique, RAFIK JOUINI a entam\u00e9 sa carri\u00e8re en 1988 \u00e0 la Soci\u00e9t\u00e9 Nationale des Chemins de Fer Tunisiens (SNCFT). Tr\u00e8s vite, il s\u2019est illustr\u00e9 par ses comp\u00e9tences techniques et sa capacit\u00e9 \u00e0 prendre en charge la maintenance du mat\u00e9riel roulant. Il a occup\u00e9 plusieurs postes strat\u00e9giques au sein de la SNCFT, notamment celui de Directeur de l\u2019Unit\u00e9 d\u2019Affaires Grandes Lignes, o\u00f9 il a supervis\u00e9 la maintenance de locomotives, automotrices et wagons voyageurs, tout en g\u00e9rant un personnel de plus de 350 agents. Ses r\u00e9alisations incluent le projet du r\u00e9seau ferr\u00e9 rapide de Tunis, un jalon majeur pour la modernisation des infrastructures ferroviaires dans son pays d\u2019origine.<\/p>\n\n\n\n<p class=\"wp-block-paragraph\">Une contribution majeure chez CAMRAIL <\/p>\n\n\n\n<p class=\"wp-block-paragraph\">RAFIK JOUINI rejoint CAMRAIL en 2017 en tant que Directeur du Mat\u00e9riel. Sa mission : remettre \u00e0 niveau le parc de mat\u00e9riel roulant vieillissant et am\u00e9liorer les performances de l\u2019entreprise. Il a su relever ce d\u00e9fi avec brio, m\u00eame dans un contexte complexe marqu\u00e9 par la v\u00e9tust\u00e9 du mat\u00e9riel et des contraintes budg\u00e9taires<\/p>\n\n\n\n<p class=\"wp-block-paragraph\">Sous sa direction, le parc de CAMRAIL a \u00e9t\u00e9 modernis\u00e9 avec l\u2019acquisition de 9 nouvelles locomotives, dont 5 achet\u00e9es par l\u2019entreprise et 4 par l\u2019\u00c9tat du Cameroun. Sa gestion rigoureuse de la maintenance a permis d\u2019optimiser le rendement des 40 locomotives, 1300 wagons et 15 draisines de l\u2019entreprise, am\u00e9liorant ainsi la qualit\u00e9 de service et la s\u00e9curit\u00e9 du transport ferroviaire.<\/p>\n\n\n\n<div class=\"wp-block-columns is-layout-flex wp-container-core-columns-is-layout-7387b849 wp-block-columns-is-layout-flex\">\n<div class=\"wp-block-column is-layout-flow wp-block-column-is-layout-flow\" style=\"flex-basis:100%\">\n<div class=\"wp-block-tpgb-tp-image alignwide tpgb-image tpgb-block-550f_8432\"><figure class=\"tpgb-figure\"><img decoding=\"async\" src=\"https:\/\/camrail.cm\/wp-content\/uploads\/2024\/10\/10.jpg\" alt=\"\" class=\"tpgb-img-inner wp-image-undefined\"\/><\/figure><\/div>\n\n\n\n<div class=\"wp-block-group is-layout-constrained wp-block-group-is-layout-constrained\"><\/div>\n<\/div>\n<\/div>\n\n\n\n<p class=\"wp-block-paragraph\">Un hommage bien m\u00e9rit\u00e9<\/p>\n\n\n\n<p class=\"wp-block-paragraph\">Le send-off de Rafik Jouini a \u00e9t\u00e9 marqu\u00e9 par plusieurs moments forts, dont les discours poignants du Directeur G\u00e9n\u00e9ral Adjoint, Charg\u00e9 des Op\u00e9rations, monsieur Hamadou Bakary, et du principal int\u00e9ress\u00e9. M. Bakary a profit\u00e9 de cette occasion pour mettre en lumi\u00e8re l\u2019expertise et le d\u00e9vouement de RAFIK JOUINI, rappelant son r\u00f4le d\u00e9terminant dans la modernisation du mat\u00e9riel roulant de CAMRAIL. Un cadeau symbolique, une locomotive en bronze, lui a \u00e9t\u00e9 remis en reconnaissance de ses services exemplaires, mais en plus, un troph\u00e9e personnalis\u00e9 en verre offert par la Direction G\u00e9n\u00e9rale. \u00ab Rafik a su transformer les d\u00e9fis en opportunit\u00e9s. Son sens de l\u2019anticipation et sa capacit\u00e9 \u00e0 f\u00e9d\u00e9rer les \u00e9quipes ont permis de relever les nombreux d\u00e9fis auxquels la direction du mat\u00e9riel faisait face \u00bb, a soulign\u00e9 Hamadou Bakary dans son allocution.<\/p>\n\n\n\n<div class=\"wp-block-tpgb-tp-image tpgb-image tpgb-block-7da9_8432\"><figure class=\"tpgb-figure\"><img decoding=\"async\" src=\"https:\/\/camrail.cm\/wp-content\/uploads\/2024\/10\/9.jpg\" alt=\"\" class=\"tpgb-img-inner wp-image-undefined\"\/><\/figure><\/div>\n","protected":false},"excerpt":{"rendered":"<p>Ce 2 octobre 2024, les Ateliers Centraux de Bassa ont \u00e9t\u00e9 le th\u00e9\u00e2tre d\u2019un \u00e9v\u00e9nement marquant pour la famille CAMRAIL : le d\u00e9part de RAFIK JOUINI, Directeur du Mat\u00e9riel sortant. Avec 36 ans d\u2019exp\u00e9rience dans le secteur ferroviaire, dont sept ann\u00e9es pass\u00e9es au Cameroun, Rafik Jouini a laiss\u00e9 une empreinte ind\u00e9l\u00e9bile dans l\u2019histoire de CAMRAIL. Un parcours exemplaire Dipl\u00f4m\u00e9 de l\u2019\u00c9cole Nationale d\u2019Ing\u00e9nieurs de Tunis (ENIT) en \u00e9lectrom\u00e9canique, RAFIK JOUINI a entam\u00e9 sa carri\u00e8re en 1988 \u00e0 la Soci\u00e9t\u00e9 Nationale des Chemins de Fer Tunisiens (SNCFT). Tr\u00e8s vite, il s\u2019est illustr\u00e9 par ses comp\u00e9tences techniques et sa capacit\u00e9 \u00e0 prendre en charge la maintenance du mat\u00e9riel roulant. Il a occup\u00e9 plusieurs postes strat\u00e9giques au sein de la SNCFT, notamment celui de Directeur de l\u2019Unit\u00e9 d\u2019Affaires Grandes Lignes, o\u00f9 il a supervis\u00e9 la maintenance de locomotives, automotrices et wagons voyageurs, tout en g\u00e9rant un personnel de plus de 350 agents. Ses r\u00e9alisations incluent le projet du r\u00e9seau ferr\u00e9 rapide de Tunis, un jalon majeur pour la modernisation des infrastructures ferroviaires dans son pays d\u2019origine. Une contribution majeure chez CAMRAIL RAFIK JOUINI rejoint CAMRAIL en 2017 en tant que Directeur du Mat\u00e9riel. Sa mission : remettre \u00e0 niveau le parc de mat\u00e9riel roulant vieillissant et am\u00e9liorer les performances de l\u2019entreprise. Il a su relever ce d\u00e9fi avec brio, m\u00eame dans un contexte complexe marqu\u00e9 par la v\u00e9tust\u00e9 du mat\u00e9riel et des contraintes budg\u00e9taires Sous sa direction, le parc de CAMRAIL a \u00e9t\u00e9 modernis\u00e9 avec l\u2019acquisition de 9 nouvelles locomotives, dont 5 achet\u00e9es par l\u2019entreprise et 4 par l\u2019\u00c9tat du Cameroun. Sa gestion rigoureuse de la maintenance a permis d\u2019optimiser le rendement des 40 locomotives, 1300 wagons et 15 draisines de l\u2019entreprise, am\u00e9liorant ainsi la qualit\u00e9 de service et la s\u00e9curit\u00e9 du transport ferroviaire. Un hommage bien m\u00e9rit\u00e9 Le send-off de Rafik Jouini a \u00e9t\u00e9 marqu\u00e9 par plusieurs moments forts, dont les discours poignants du Directeur G\u00e9n\u00e9ral Adjoint, Charg\u00e9 des Op\u00e9rations, monsieur Hamadou Bakary, et du principal int\u00e9ress\u00e9. M. Bakary a profit\u00e9 de cette occasion pour mettre en lumi\u00e8re l\u2019expertise et le d\u00e9vouement de RAFIK JOUINI, rappelant son r\u00f4le d\u00e9terminant dans la modernisation du mat\u00e9riel roulant de CAMRAIL. Un cadeau symbolique, une locomotive en bronze, lui a \u00e9t\u00e9 remis en reconnaissance de ses services exemplaires, mais en plus, un troph\u00e9e personnalis\u00e9 en verre offert par la Direction G\u00e9n\u00e9rale. \u00ab Rafik a su transformer les d\u00e9fis en opportunit\u00e9s. Son sens de l\u2019anticipation et sa capacit\u00e9 \u00e0 f\u00e9d\u00e9rer les \u00e9quipes ont permis de relever les nombreux d\u00e9fis auxquels la direction du mat\u00e9riel faisait face \u00bb, a soulign\u00e9 Hamadou Bakary dans son allocution.<\/p>\n","protected":false},"author":9,"featured_media":8437,"parent":0,"menu_order":0,"comment_status":"closed","ping_status":"closed","template":"","meta":{"_acf_changed":false,"_crdt_document":"","inline_featured_image":false,"site-sidebar-layout":"default","site-content-layout":"","ast-site-content-layout":"","site-content-style":"default","site-sidebar-style":"default","ast-global-header-display":"","ast-banner-title-visibility":"","ast-main-header-display":"","ast-hfb-above-header-display":"","ast-hfb-below-header-display":"","ast-hfb-mobile-header-display":"","site-post-title":"","ast-breadcrumbs-content":"","ast-featured-img":"","footer-sml-layout":"","theme-transparent-header-meta":"","adv-header-id-meta":"","stick-header-meta":"","header-above-stick-meta":"","header-main-stick-meta":"","header-below-stick-meta":"","astra-migrate-meta-layouts":"default","ast-page-background-enabled":"default","ast-page-background-meta":{"desktop":{"background-color":"var(--ast-global-color-4)","background-image":"","background-repeat":"repeat","background-position":"center center","background-size":"auto","background-attachment":"scroll","background-type":"","background-media":"","overlay-type":"","overlay-color":"","overlay-opacity":"","overlay-gradient":""},"tablet":{"background-color":"","background-image":"","background-repeat":"repeat","background-position":"center center","background-size":"auto","background-attachment":"scroll","background-type":"","background-media":"","overlay-type":"","overlay-color":"","overlay-opacity":"","overlay-gradient":""},"mobile":{"background-color":"","background-image":"","background-repeat":"repeat","background-position":"center center","background-size":"auto","background-attachment":"scroll","background-type":"","background-media":"","overlay-type":"","overlay-color":"","overlay-opacity":"","overlay-gradient":""}},"ast-content-background-meta":{"desktop":{"background-color":"var(--ast-global-color-5)","background-image":"","background-repeat":"repeat","background-position":"center center","background-size":"auto","background-attachment":"scroll","background-type":"","background-media":"","overlay-type":"","overlay-color":"","overlay-opacity":"","overlay-gradient":""},"tablet":{"background-color":"var(--ast-global-color-5)","background-image":"","background-repeat":"repeat","background-position":"center center","background-size":"auto","background-attachment":"scroll","background-type":"","background-media":"","overlay-type":"","overlay-color":"","overlay-opacity":"","overlay-gradient":""},"mobile":{"background-color":"var(--ast-global-color-5)","background-image":"","background-repeat":"repeat","background-position":"center center","background-size":"auto","background-attachment":"scroll","background-type":"","background-media":"","overlay-type":"","overlay-color":"","overlay-opacity":"","overlay-gradient":""}},"footnotes":""},"class_list":["post-8432","page","type-page","status-publish","has-post-thumbnail","hentry"],"acf":[],"rttpg_featured_image_url":{"full":["https:\/\/camrail.cm\/wp-content\/uploads\/2024\/10\/SEND-OFF-RAFIK-JOUINI.jpg",1080,720,false],"landscape":["https:\/\/camrail.cm\/wp-content\/uploads\/2024\/10\/SEND-OFF-RAFIK-JOUINI.jpg",1080,720,false],"portraits":["https:\/\/camrail.cm\/wp-content\/uploads\/2024\/10\/SEND-OFF-RAFIK-JOUINI.jpg",1080,720,false],"thumbnail":["https:\/\/camrail.cm\/wp-content\/uploads\/2024\/10\/SEND-OFF-RAFIK-JOUINI.jpg",150,100,false],"medium":["https:\/\/camrail.cm\/wp-content\/uploads\/2024\/10\/SEND-OFF-RAFIK-JOUINI.jpg",300,200,false],"large":["https:\/\/camrail.cm\/wp-content\/uploads\/2024\/10\/SEND-OFF-RAFIK-JOUINI.jpg",1024,683,false],"1536x1536":["https:\/\/camrail.cm\/wp-content\/uploads\/2024\/10\/SEND-OFF-RAFIK-JOUINI.jpg",1080,720,false],"2048x2048":["https:\/\/camrail.cm\/wp-content\/uploads\/2024\/10\/SEND-OFF-RAFIK-JOUINI.jpg",1080,720,false],"trp-custom-language-flag":["https:\/\/camrail.cm\/wp-content\/uploads\/2024\/10\/SEND-OFF-RAFIK-JOUINI.jpg",18,12,false],"tp-image-grid":["https:\/\/camrail.cm\/wp-content\/uploads\/2024\/10\/SEND-OFF-RAFIK-JOUINI.jpg",700,467,false],"job-image":["https:\/\/camrail.cm\/wp-content\/uploads\/2024\/10\/SEND-OFF-RAFIK-JOUINI.jpg",600,400,false]},"rttpg_author":{"display_name":"Ibrahimou Sadou","author_link":"https:\/\/camrail.cm\/fr_fr\/author\/ibrahimou\/"},"rttpg_comment":0,"rttpg_category":null,"rttpg_excerpt":"Ce 2 octobre 2024, les Ateliers Centraux de Bassa ont \u00e9t\u00e9 le th\u00e9\u00e2tre d\u2019un \u00e9v\u00e9nement marquant pour la famille CAMRAIL : le d\u00e9part de RAFIK JOUINI, Directeur du Mat\u00e9riel sortant. Avec 36 ans d\u2019exp\u00e9rience dans le secteur ferroviaire, dont sept ann\u00e9es pass\u00e9es au Cameroun, Rafik Jouini a laiss\u00e9 une empreinte ind\u00e9l\u00e9bile dans l\u2019histoire de CAMRAIL.\u2026","_links":{"self":[{"href":"https:\/\/camrail.cm\/fr_fr\/wp-json\/wp\/v2\/pages\/8432","targetHints":{"allow":["GET"]}}],"collection":[{"href":"https:\/\/camrail.cm\/fr_fr\/wp-json\/wp\/v2\/pages"}],"about":[{"href":"https:\/\/camrail.cm\/fr_fr\/wp-json\/wp\/v2\/types\/page"}],"author":[{"embeddable":true,"href":"https:\/\/camrail.cm\/fr_fr\/wp-json\/wp\/v2\/users\/9"}],"replies":[{"embeddable":true,"href":"https:\/\/camrail.cm\/fr_fr\/wp-json\/wp\/v2\/comments?post=8432"}],"version-history":[{"count":1,"href":"https:\/\/camrail.cm\/fr_fr\/wp-json\/wp\/v2\/pages\/8432\/revisions"}],"predecessor-version":[{"id":8438,"href":"https:\/\/camrail.cm\/fr_fr\/wp-json\/wp\/v2\/pages\/8432\/revisions\/8438"}],"wp:featuredmedia":[{"embeddable":true,"href":"https:\/\/camrail.cm\/fr_fr\/wp-json\/wp\/v2\/media\/8437"}],"wp:attachment":[{"href":"https:\/\/camrail.cm\/fr_fr\/wp-json\/wp\/v2\/media?parent=8432"}],"curies":[{"name":"wp","href":"https:\/\/api.w.org\/{rel}","templated":true}]}}