{"id":8657,"date":"2024-11-27T08:25:09","date_gmt":"2024-11-27T08:25:09","guid":{"rendered":"https:\/\/camrail.cm\/?page_id=8657"},"modified":"2024-11-27T08:25:12","modified_gmt":"2024-11-27T08:25:12","slug":"attention-vigilance-sur-les-voies-ferrees","status":"publish","type":"page","link":"https:\/\/camrail.cm\/fr_fr\/attention-vigilance-sur-les-voies-ferrees\/","title":{"rendered":"Attention. Vigilance sur les voies ferr\u00e9es !"},"content":{"rendered":"\n<p class=\"wp-block-paragraph\">Chaque jour, des vies sont mises en danger \u00e0 cause d\u2019un simple geste : porter des \u00e9couteurs en se trouvant \u00e0 proximit\u00e9 des rails.<\/p>\n\n\n\n<p class=\"wp-block-paragraph\">Pour ta s\u00e9curit\u00e9, lib\u00e8re tes oreilles et reste attentif \u00e0 ton environnement.<\/p>\n\n\n\n<p class=\"wp-block-paragraph\">CAMRAIL s\u2019engage \u00e0 sensibiliser sur les comportements \u00e0 risque pour prot\u00e9ger les jeunes et \u00e9viter de nouveaux drames.<\/p>\n\n\n\n<p class=\"wp-block-paragraph\">Ensemble, faisons preuve de prudence et partageons ce message autour de nous.<\/p>\n\n\n\n<figure class=\"wp-block-image size-full\"><img loading=\"lazy\" decoding=\"async\" width=\"4000\" height=\"2500\" src=\"https:\/\/camrail.cm\/wp-content\/uploads\/2024\/11\/Les-Oreilles-Occupees.jpg\" alt=\"\" class=\"wp-image-8660\"\/><\/figure>\n","protected":false},"excerpt":{"rendered":"<p>Chaque jour, des vies sont mises en danger \u00e0 cause d\u2019un simple geste : porter des \u00e9couteurs en se trouvant \u00e0 proximit\u00e9 des rails. Pour ta s\u00e9curit\u00e9, lib\u00e8re tes oreilles et reste attentif \u00e0 ton environnement. CAMRAIL s\u2019engage \u00e0 sensibiliser sur les comportements \u00e0 risque pour prot\u00e9ger les jeunes et \u00e9viter de nouveaux drames. Ensemble, faisons preuve de prudence et partageons ce message autour de nous.<\/p>\n","protected":false},"author":9,"featured_media":0,"parent":0,"menu_order":0,"comment_status":"closed","ping_status":"closed","template":"","meta":{"_acf_changed":false,"_crdt_document":"","inline_featured_image":false,"site-sidebar-layout":"default","site-content-layout":"","ast-site-content-layout":"","site-content-style":"default","site-sidebar-style":"default","ast-global-header-display":"","ast-banner-title-visibility":"","ast-main-header-display":"","ast-hfb-above-header-display":"","ast-hfb-below-header-display":"","ast-hfb-mobile-header-display":"","site-post-title":"","ast-breadcrumbs-content":"","ast-featured-img":"","footer-sml-layout":"","theme-transparent-header-meta":"","adv-header-id-meta":"","stick-header-meta":"","header-above-stick-meta":"","header-main-stick-meta":"","header-below-stick-meta":"","astra-migrate-meta-layouts":"default","ast-page-background-enabled":"default","ast-page-background-meta":{"desktop":{"background-color":"var(--ast-global-color-4)","background-image":"","background-repeat":"repeat","background-position":"center center","background-size":"auto","background-attachment":"scroll","background-type":"","background-media":"","overlay-type":"","overlay-color":"","overlay-opacity":"","overlay-gradient":""},"tablet":{"background-color":"","background-image":"","background-repeat":"repeat","background-position":"center center","background-size":"auto","background-attachment":"scroll","background-type":"","background-media":"","overlay-type":"","overlay-color":"","overlay-opacity":"","overlay-gradient":""},"mobile":{"background-color":"","background-image":"","background-repeat":"repeat","background-position":"center center","background-size":"auto","background-attachment":"scroll","background-type":"","background-media":"","overlay-type":"","overlay-color":"","overlay-opacity":"","overlay-gradient":""}},"ast-content-background-meta":{"desktop":{"background-color":"var(--ast-global-color-5)","background-image":"","background-repeat":"repeat","background-position":"center center","background-size":"auto","background-attachment":"scroll","background-type":"","background-media":"","overlay-type":"","overlay-color":"","overlay-opacity":"","overlay-gradient":""},"tablet":{"background-color":"var(--ast-global-color-5)","background-image":"","background-repeat":"repeat","background-position":"center center","background-size":"auto","background-attachment":"scroll","background-type":"","background-media":"","overlay-type":"","overlay-color":"","overlay-opacity":"","overlay-gradient":""},"mobile":{"background-color":"var(--ast-global-color-5)","background-image":"","background-repeat":"repeat","background-position":"center center","background-size":"auto","background-attachment":"scroll","background-type":"","background-media":"","overlay-type":"","overlay-color":"","overlay-opacity":"","overlay-gradient":""}},"footnotes":""},"class_list":["post-8657","page","type-page","status-publish","hentry"],"acf":[],"rttpg_featured_image_url":null,"rttpg_author":{"display_name":"Ibrahimou Sadou","author_link":"https:\/\/camrail.cm\/fr_fr\/author\/ibrahimou\/"},"rttpg_comment":0,"rttpg_category":null,"rttpg_excerpt":"Chaque jour, des vies sont mises en danger \u00e0 cause d\u2019un simple geste : porter des \u00e9couteurs en se trouvant \u00e0 proximit\u00e9 des rails. Pour ta s\u00e9curit\u00e9, lib\u00e8re tes oreilles et reste attentif \u00e0 ton environnement. CAMRAIL s\u2019engage \u00e0 sensibiliser sur les comportements \u00e0 risque pour prot\u00e9ger les jeunes et \u00e9viter de nouveaux drames. Ensemble,\u2026","_links":{"self":[{"href":"https:\/\/camrail.cm\/fr_fr\/wp-json\/wp\/v2\/pages\/8657","targetHints":{"allow":["GET"]}}],"collection":[{"href":"https:\/\/camrail.cm\/fr_fr\/wp-json\/wp\/v2\/pages"}],"about":[{"href":"https:\/\/camrail.cm\/fr_fr\/wp-json\/wp\/v2\/types\/page"}],"author":[{"embeddable":true,"href":"https:\/\/camrail.cm\/fr_fr\/wp-json\/wp\/v2\/users\/9"}],"replies":[{"embeddable":true,"href":"https:\/\/camrail.cm\/fr_fr\/wp-json\/wp\/v2\/comments?post=8657"}],"version-history":[{"count":1,"href":"https:\/\/camrail.cm\/fr_fr\/wp-json\/wp\/v2\/pages\/8657\/revisions"}],"predecessor-version":[{"id":8661,"href":"https:\/\/camrail.cm\/fr_fr\/wp-json\/wp\/v2\/pages\/8657\/revisions\/8661"}],"wp:attachment":[{"href":"https:\/\/camrail.cm\/fr_fr\/wp-json\/wp\/v2\/media?parent=8657"}],"curies":[{"name":"wp","href":"https:\/\/api.w.org\/{rel}","templated":true}]}}