{"id":8699,"date":"2024-12-02T08:04:57","date_gmt":"2024-12-02T08:04:57","guid":{"rendered":"https:\/\/camrail.cm\/?page_id=8699"},"modified":"2024-12-02T08:05:08","modified_gmt":"2024-12-02T08:05:08","slug":"journee-mondiale-de-lutte-contre-le-sida-1er-decembre-2024","status":"publish","type":"page","link":"https:\/\/camrail.cm\/fr_fr\/journee-mondiale-de-lutte-contre-le-sida-1er-decembre-2024\/","title":{"rendered":"Journ\u00e9e mondiale de lutte contre le SIDA &#8211; 1er d\u00e9cembre 2024"},"content":{"rendered":"\n<p class=\"wp-block-paragraph\">En cette journ\u00e9e sp\u00e9ciale, CAMRAIL r\u00e9affirme son engagement dans la lutte contre le SIDA en soutenant des initiatives en faveur de la sensibilisation et de la pr\u00e9vention.<\/p>\n\n\n\n<p class=\"wp-block-paragraph\">Suivons le chemin des droits et agissons ensemble pour un avenir meilleur.<\/p>\n\n\n\n<figure class=\"wp-block-image size-full\"><img loading=\"lazy\" decoding=\"async\" width=\"2160\" height=\"2160\" src=\"https:\/\/camrail.cm\/wp-content\/uploads\/2024\/12\/POST.jpg\" alt=\"\" class=\"wp-image-8702\"\/><\/figure>\n","protected":false},"excerpt":{"rendered":"<p>En cette journ\u00e9e sp\u00e9ciale, CAMRAIL r\u00e9affirme son engagement dans la lutte contre le SIDA en soutenant des initiatives en faveur de la sensibilisation et de la pr\u00e9vention. Suivons le chemin des droits et agissons ensemble pour un avenir meilleur.<\/p>\n","protected":false},"author":9,"featured_media":0,"parent":0,"menu_order":0,"comment_status":"closed","ping_status":"closed","template":"","meta":{"_acf_changed":false,"_crdt_document":"","inline_featured_image":false,"site-sidebar-layout":"default","site-content-layout":"","ast-site-content-layout":"","site-content-style":"default","site-sidebar-style":"default","ast-global-header-display":"","ast-banner-title-visibility":"","ast-main-header-display":"","ast-hfb-above-header-display":"","ast-hfb-below-header-display":"","ast-hfb-mobile-header-display":"","site-post-title":"","ast-breadcrumbs-content":"","ast-featured-img":"","footer-sml-layout":"","theme-transparent-header-meta":"","adv-header-id-meta":"","stick-header-meta":"","header-above-stick-meta":"","header-main-stick-meta":"","header-below-stick-meta":"","astra-migrate-meta-layouts":"default","ast-page-background-enabled":"default","ast-page-background-meta":{"desktop":{"background-color":"var(--ast-global-color-4)","background-image":"","background-repeat":"repeat","background-position":"center center","background-size":"auto","background-attachment":"scroll","background-type":"","background-media":"","overlay-type":"","overlay-color":"","overlay-opacity":"","overlay-gradient":""},"tablet":{"background-color":"","background-image":"","background-repeat":"repeat","background-position":"center center","background-size":"auto","background-attachment":"scroll","background-type":"","background-media":"","overlay-type":"","overlay-color":"","overlay-opacity":"","overlay-gradient":""},"mobile":{"background-color":"","background-image":"","background-repeat":"repeat","background-position":"center center","background-size":"auto","background-attachment":"scroll","background-type":"","background-media":"","overlay-type":"","overlay-color":"","overlay-opacity":"","overlay-gradient":""}},"ast-content-background-meta":{"desktop":{"background-color":"var(--ast-global-color-5)","background-image":"","background-repeat":"repeat","background-position":"center center","background-size":"auto","background-attachment":"scroll","background-type":"","background-media":"","overlay-type":"","overlay-color":"","overlay-opacity":"","overlay-gradient":""},"tablet":{"background-color":"var(--ast-global-color-5)","background-image":"","background-repeat":"repeat","background-position":"center center","background-size":"auto","background-attachment":"scroll","background-type":"","background-media":"","overlay-type":"","overlay-color":"","overlay-opacity":"","overlay-gradient":""},"mobile":{"background-color":"var(--ast-global-color-5)","background-image":"","background-repeat":"repeat","background-position":"center center","background-size":"auto","background-attachment":"scroll","background-type":"","background-media":"","overlay-type":"","overlay-color":"","overlay-opacity":"","overlay-gradient":""}},"footnotes":""},"class_list":["post-8699","page","type-page","status-publish","hentry"],"acf":[],"rttpg_featured_image_url":null,"rttpg_author":{"display_name":"Ibrahimou Sadou","author_link":"https:\/\/camrail.cm\/fr_fr\/author\/ibrahimou\/"},"rttpg_comment":0,"rttpg_category":null,"rttpg_excerpt":"En cette journ\u00e9e sp\u00e9ciale, CAMRAIL r\u00e9affirme son engagement dans la lutte contre le SIDA en soutenant des initiatives en faveur de la sensibilisation et de la pr\u00e9vention. Suivons le chemin des droits et agissons ensemble pour un avenir meilleur.","_links":{"self":[{"href":"https:\/\/camrail.cm\/fr_fr\/wp-json\/wp\/v2\/pages\/8699","targetHints":{"allow":["GET"]}}],"collection":[{"href":"https:\/\/camrail.cm\/fr_fr\/wp-json\/wp\/v2\/pages"}],"about":[{"href":"https:\/\/camrail.cm\/fr_fr\/wp-json\/wp\/v2\/types\/page"}],"author":[{"embeddable":true,"href":"https:\/\/camrail.cm\/fr_fr\/wp-json\/wp\/v2\/users\/9"}],"replies":[{"embeddable":true,"href":"https:\/\/camrail.cm\/fr_fr\/wp-json\/wp\/v2\/comments?post=8699"}],"version-history":[{"count":1,"href":"https:\/\/camrail.cm\/fr_fr\/wp-json\/wp\/v2\/pages\/8699\/revisions"}],"predecessor-version":[{"id":8703,"href":"https:\/\/camrail.cm\/fr_fr\/wp-json\/wp\/v2\/pages\/8699\/revisions\/8703"}],"wp:attachment":[{"href":"https:\/\/camrail.cm\/fr_fr\/wp-json\/wp\/v2\/media?parent=8699"}],"curies":[{"name":"wp","href":"https:\/\/api.w.org\/{rel}","templated":true}]}}