{"id":8797,"date":"2024-12-11T14:12:50","date_gmt":"2024-12-11T14:12:50","guid":{"rendered":"https:\/\/camrail.cm\/?page_id=8797"},"modified":"2024-12-11T14:12:58","modified_gmt":"2024-12-11T14:12:58","slug":"joel-hounsinou-nomme-directeur-general-de-camrail","status":"publish","type":"page","link":"https:\/\/camrail.cm\/fr_fr\/joel-hounsinou-nomme-directeur-general-de-camrail\/","title":{"rendered":"Joel HOUNSINOU nomm\u00e9 Directeur G\u00e9n\u00e9ral de CAMRAIL"},"content":{"rendered":"\n<p class=\"wp-block-paragraph\"><strong>Joel HOUNSINOU, pr\u00e9c\u00e9demment Directeur G\u00e9n\u00e9ral de Africa Global Logistics, C\u00f4te d\u2019Ivoire, est d\u00e9sormais le nouveau Directeur G\u00e9n\u00e9ral de CAMRAIL, filiale ferroviaire d\u2019AGL (Africa Global Logistics) qui fait partie du groupe italo-suisse MSC et qui est le concessionnaire du r\u00e9seau ferroviaire camerounais. Il remplace \u00e0 ce poste Pascal MINY, appel\u00e9 \u00e0 d\u2019autres fonctions au sein d\u2019AGL.<\/strong><\/p>\n\n\n\n<p class=\"wp-block-paragraph\"><strong>Joel HOUNSINOU est titulaire d\u2019un Ex\u00e9cutive Certificat HEC Paris en Strat\u00e9gie Corporate et Business obtenu en 2024, et dipl\u00f4m\u00e9, en 1993, de l&#8217;Ecole Sup\u00e9rieure de Commerce d\u2019Abidjan (ESCA\u2013INPHB).<\/strong><\/p>\n\n\n\n<p class=\"wp-block-paragraph\"><strong>Il d\u00e9bute sa carri\u00e8re dans le domaine de l\u2019audit pr\u00e9cis\u00e9ment chez ARTHUR ANDERSEN et COOPERS &amp; LYBRAND, avant de rejoindre SITARAIL en 1995. Trois ans plus tard, Joel HOUNSINOU est port\u00e9 \u00e0 la t\u00eate de la direction commerciale. En d\u00e9cembre 2000 et en sa qualit\u00e9 de Directeur Financier, il participe activement \u00e0 la mise en \u0153uvre de la strat\u00e9gie g\u00e9n\u00e9rale avant d\u2019\u00eatre nomm\u00e9 Directeur G\u00e9n\u00e9ral Adjoint de SITARAIL. En cette capacit\u00e9, il a la charge des op\u00e9rations, des achats et des finances, ainsi que la responsabilit\u00e9 du d\u00e9veloppement commercial et de la communication. Nomm\u00e9 Directeur G\u00e9n\u00e9ral de SITARAIL en juin 2011, Joel HOUNSINOU est transf\u00e9r\u00e9 \u00e0 AGL C\u00f4te d\u2019Ivoire comme Directeur G\u00e9n\u00e9ral Adjoint en 2017 avant d\u2019\u00eatre promu Directeur G\u00e9n\u00e9ral en juin 2020.\u00a0<\/strong><\/p>\n\n\n\n<div class=\"wp-block-columns is-layout-flex wp-container-core-columns-is-layout-7387b849 wp-block-columns-is-layout-flex\">\n<div class=\"wp-block-column is-layout-flow wp-block-column-is-layout-flow\">\n<p class=\"has-text-align-left wp-block-paragraph\"><strong>\u00ab Je suis honor\u00e9 de rejoindre CAMRAIL, et de retrouver ce monde du ferroviaire qui m\u2019a vu grandir professionnellement. J\u2019ai h\u00e2te de travailler avec les \u00e9quipes dans l\u2019optique d\u2019atteindre les importants objectifs qui nous \u00e9t\u00e9 assign\u00e9s. Je serai particuli\u00e8rement \u00e0 l\u2019\u00e9coute des attentes du partenaire public afin de faire croitre l\u2019empreinte du ferroviaire au Cameroun. Je sais pouvoir compter sur le savoir-faire de mes coll\u00e8gues cheminots et sur notre engagement collectif afin de poursuivre et acc\u00e9l\u00e9rer l\u2019\u0153uvre de mon pr\u00e9d\u00e9cesseur. J\u2019arrive avec beaucoup d\u2019humilit\u00e9 mais avec une foi et une forte volont\u00e9. Je voudrais remercier tous ceux qui m\u2019ont fait confiance en me portant \u00e0 la t\u00eate de cette prestigieuse entreprise, qu\u2019est CAMRAIL, dont l\u2019impact socio-\u00e9conomique est visible au quotidien et des plus r\u00e9els.\u00bb pr\u00e9cise Joel HOUNSINOU, nouveau Directeur G\u00e9n\u00e9ral de CAMRAIL.\u00a0<\/strong><\/p>\n<\/div>\n\n\n\n<div class=\"wp-block-column is-layout-flow wp-block-column-is-layout-flow\">\n<figure class=\"wp-block-image size-full\"><img loading=\"lazy\" decoding=\"async\" width=\"4033\" height=\"2689\" src=\"https:\/\/camrail.cm\/wp-content\/uploads\/2024\/12\/Joel-Hounsinou-nouveau-Directeur-general-de-CAMRAIL.jpg\" alt=\"\" class=\"wp-image-8800\"\/><\/figure>\n<\/div>\n<\/div>\n","protected":false},"excerpt":{"rendered":"<p>Joel HOUNSINOU, pr\u00e9c\u00e9demment Directeur G\u00e9n\u00e9ral de Africa Global Logistics, C\u00f4te d\u2019Ivoire, est d\u00e9sormais le nouveau Directeur G\u00e9n\u00e9ral de CAMRAIL, filiale ferroviaire d\u2019AGL (Africa Global Logistics) qui fait partie du groupe italo-suisse MSC et qui est le concessionnaire du r\u00e9seau ferroviaire camerounais. Il remplace \u00e0 ce poste Pascal MINY, appel\u00e9 \u00e0 d\u2019autres fonctions au sein d\u2019AGL. Joel HOUNSINOU est titulaire d\u2019un Ex\u00e9cutive Certificat HEC Paris en Strat\u00e9gie Corporate et Business obtenu en 2024, et dipl\u00f4m\u00e9, en 1993, de l&#8217;Ecole Sup\u00e9rieure de Commerce d\u2019Abidjan (ESCA\u2013INPHB). Il d\u00e9bute sa carri\u00e8re dans le domaine de l\u2019audit pr\u00e9cis\u00e9ment chez ARTHUR ANDERSEN et COOPERS &amp; LYBRAND, avant de rejoindre SITARAIL en 1995. Trois ans plus tard, Joel HOUNSINOU est port\u00e9 \u00e0 la t\u00eate de la direction commerciale. En d\u00e9cembre 2000 et en sa qualit\u00e9 de Directeur Financier, il participe activement \u00e0 la mise en \u0153uvre de la strat\u00e9gie g\u00e9n\u00e9rale avant d\u2019\u00eatre nomm\u00e9 Directeur G\u00e9n\u00e9ral Adjoint de SITARAIL. En cette capacit\u00e9, il a la charge des op\u00e9rations, des achats et des finances, ainsi que la responsabilit\u00e9 du d\u00e9veloppement commercial et de la communication. Nomm\u00e9 Directeur G\u00e9n\u00e9ral de SITARAIL en juin 2011, Joel HOUNSINOU est transf\u00e9r\u00e9 \u00e0 AGL C\u00f4te d\u2019Ivoire comme Directeur G\u00e9n\u00e9ral Adjoint en 2017 avant d\u2019\u00eatre promu Directeur G\u00e9n\u00e9ral en juin 2020.\u00a0 \u00ab Je suis honor\u00e9 de rejoindre CAMRAIL, et de retrouver ce monde du ferroviaire qui m\u2019a vu grandir professionnellement. J\u2019ai h\u00e2te de travailler avec les \u00e9quipes dans l\u2019optique d\u2019atteindre les importants objectifs qui nous \u00e9t\u00e9 assign\u00e9s. Je serai particuli\u00e8rement \u00e0 l\u2019\u00e9coute des attentes du partenaire public afin de faire croitre l\u2019empreinte du ferroviaire au Cameroun. Je sais pouvoir compter sur le savoir-faire de mes coll\u00e8gues cheminots et sur notre engagement collectif afin de poursuivre et acc\u00e9l\u00e9rer l\u2019\u0153uvre de mon pr\u00e9d\u00e9cesseur. J\u2019arrive avec beaucoup d\u2019humilit\u00e9 mais avec une foi et une forte volont\u00e9. Je voudrais remercier tous ceux qui m\u2019ont fait confiance en me portant \u00e0 la t\u00eate de cette prestigieuse entreprise, qu\u2019est CAMRAIL, dont l\u2019impact socio-\u00e9conomique est visible au quotidien et des plus r\u00e9els.\u00bb pr\u00e9cise Joel HOUNSINOU, nouveau Directeur G\u00e9n\u00e9ral de CAMRAIL.\u00a0<\/p>\n","protected":false},"author":9,"featured_media":0,"parent":0,"menu_order":0,"comment_status":"closed","ping_status":"closed","template":"","meta":{"_acf_changed":false,"_crdt_document":"","inline_featured_image":false,"site-sidebar-layout":"default","site-content-layout":"","ast-site-content-layout":"","site-content-style":"default","site-sidebar-style":"default","ast-global-header-display":"","ast-banner-title-visibility":"","ast-main-header-display":"","ast-hfb-above-header-display":"","ast-hfb-below-header-display":"","ast-hfb-mobile-header-display":"","site-post-title":"","ast-breadcrumbs-content":"","ast-featured-img":"","footer-sml-layout":"","theme-transparent-header-meta":"","adv-header-id-meta":"","stick-header-meta":"","header-above-stick-meta":"","header-main-stick-meta":"","header-below-stick-meta":"","astra-migrate-meta-layouts":"default","ast-page-background-enabled":"default","ast-page-background-meta":{"desktop":{"background-color":"var(--ast-global-color-4)","background-image":"","background-repeat":"repeat","background-position":"center center","background-size":"auto","background-attachment":"scroll","background-type":"","background-media":"","overlay-type":"","overlay-color":"","overlay-opacity":"","overlay-gradient":""},"tablet":{"background-color":"","background-image":"","background-repeat":"repeat","background-position":"center center","background-size":"auto","background-attachment":"scroll","background-type":"","background-media":"","overlay-type":"","overlay-color":"","overlay-opacity":"","overlay-gradient":""},"mobile":{"background-color":"","background-image":"","background-repeat":"repeat","background-position":"center center","background-size":"auto","background-attachment":"scroll","background-type":"","background-media":"","overlay-type":"","overlay-color":"","overlay-opacity":"","overlay-gradient":""}},"ast-content-background-meta":{"desktop":{"background-color":"var(--ast-global-color-5)","background-image":"","background-repeat":"repeat","background-position":"center center","background-size":"auto","background-attachment":"scroll","background-type":"","background-media":"","overlay-type":"","overlay-color":"","overlay-opacity":"","overlay-gradient":""},"tablet":{"background-color":"var(--ast-global-color-5)","background-image":"","background-repeat":"repeat","background-position":"center center","background-size":"auto","background-attachment":"scroll","background-type":"","background-media":"","overlay-type":"","overlay-color":"","overlay-opacity":"","overlay-gradient":""},"mobile":{"background-color":"var(--ast-global-color-5)","background-image":"","background-repeat":"repeat","background-position":"center center","background-size":"auto","background-attachment":"scroll","background-type":"","background-media":"","overlay-type":"","overlay-color":"","overlay-opacity":"","overlay-gradient":""}},"footnotes":""},"class_list":["post-8797","page","type-page","status-publish","hentry"],"acf":[],"rttpg_featured_image_url":null,"rttpg_author":{"display_name":"Ibrahimou Sadou","author_link":"https:\/\/camrail.cm\/fr_fr\/author\/ibrahimou\/"},"rttpg_comment":0,"rttpg_category":null,"rttpg_excerpt":"Joel HOUNSINOU, pr\u00e9c\u00e9demment Directeur G\u00e9n\u00e9ral de Africa Global Logistics, C\u00f4te d\u2019Ivoire, est d\u00e9sormais le nouveau Directeur G\u00e9n\u00e9ral de CAMRAIL, filiale ferroviaire d\u2019AGL (Africa Global Logistics) qui fait partie du groupe italo-suisse MSC et qui est le concessionnaire du r\u00e9seau ferroviaire camerounais. Il remplace \u00e0 ce poste Pascal MINY, appel\u00e9 \u00e0 d\u2019autres fonctions au sein d\u2019AGL.\u2026","_links":{"self":[{"href":"https:\/\/camrail.cm\/fr_fr\/wp-json\/wp\/v2\/pages\/8797","targetHints":{"allow":["GET"]}}],"collection":[{"href":"https:\/\/camrail.cm\/fr_fr\/wp-json\/wp\/v2\/pages"}],"about":[{"href":"https:\/\/camrail.cm\/fr_fr\/wp-json\/wp\/v2\/types\/page"}],"author":[{"embeddable":true,"href":"https:\/\/camrail.cm\/fr_fr\/wp-json\/wp\/v2\/users\/9"}],"replies":[{"embeddable":true,"href":"https:\/\/camrail.cm\/fr_fr\/wp-json\/wp\/v2\/comments?post=8797"}],"version-history":[{"count":1,"href":"https:\/\/camrail.cm\/fr_fr\/wp-json\/wp\/v2\/pages\/8797\/revisions"}],"predecessor-version":[{"id":8801,"href":"https:\/\/camrail.cm\/fr_fr\/wp-json\/wp\/v2\/pages\/8797\/revisions\/8801"}],"wp:attachment":[{"href":"https:\/\/camrail.cm\/fr_fr\/wp-json\/wp\/v2\/media?parent=8797"}],"curies":[{"name":"wp","href":"https:\/\/api.w.org\/{rel}","templated":true}]}}