{"id":8889,"date":"2024-12-31T16:03:12","date_gmt":"2024-12-31T16:03:12","guid":{"rendered":"https:\/\/camrail.cm\/?page_id=8889"},"modified":"2024-12-31T16:03:12","modified_gmt":"2024-12-31T16:03:12","slug":"axe-ferroviaire-douala-yaounde-douala-les-riverains-satisfaits-du-nouveau-plan-de-circulation-des-trains-semi-directs-et-omnibus-180","status":"publish","type":"page","link":"https:\/\/camrail.cm\/fr_fr\/axe-ferroviaire-douala-yaounde-douala-les-riverains-satisfaits-du-nouveau-plan-de-circulation-des-trains-semi-directs-et-omnibus-180\/","title":{"rendered":"Axe ferroviaire Douala-Yaound\u00e9-Douala. Les riverains satisfaits du nouveau plan de circulation des trains semi-directs et Omnibus 180."},"content":{"rendered":"<p><em>C\u2019est ce qui ressort de la 11<sup>e<\/sup> tourn\u00e9e de sensibilisation conjointe Minist\u00e8re des Transports &#8211; CAMRAIL &#8211; Communaut\u00e9 Ba Mbombog et Chefs traditionnels de l\u2019arrondissement d\u2019Es\u00e9ka. La d\u00e9l\u00e9gation \u00e9tait <\/em><em>conduite par le Dr. Gilbert NKANA PONDY, Directeur G\u00e9n\u00e9ral Adjoint en charge du Transport Voyageurs, du 18 au 20 d\u00e9cembre 2024 dans 13 gares et arr\u00eats.<\/em><\/p>\n<p>Cette descente sur le terrain avait pour objectif d\u2019\u00e9valuer le niveau de satisfaction des populations riveraines et usagers sur le nouveau plan de circulations des trains semi-directs et omnibus 180.<\/p>\n<p>A chaque \u00e9tape, les recommandations formul\u00e9es lors de la pr\u00e9c\u00e9dente tourn\u00e9e ont \u00e9t\u00e9 pass\u00e9es au scanner. On retient que plusieurs actions ont \u00e9t\u00e9 r\u00e9alis\u00e9es:<\/p>\n<ul>\n<li><span style=\"font-size: 16px;\">Projets r\u00e9alis\u00e9s : R\u00e9habilitation et construction de toilettes dans les gares d\u2019Ed\u00e9a et de Mvoly\u00e9, \u00e9clairage de l\u2019arr\u00eat de Mandjab<\/span><\/li>\n<li><span style=\"font-size: 16px;\">Projets en cours : Forages dans plusieurs gares, s\u00e9curisation et \u00e9clairage solaire des gares, nouvelles constructions de toilettes.<\/span><\/li>\n<\/ul>\n<div class=\"x11i5rnm xat24cr x1mh8g0r x1vvkbs xtlvy1s x126k92a\">\n<div dir=\"auto\">Les \u00e9changes ont \u00e9galement mis en lumi\u00e8re les attentes des riverains pour une meilleure information en cas de perturbations.<\/div>\n<div dir=\"auto\">Le Directeur G\u00e9n\u00e9ral adjoint Transport Voyageurs a saisi cette occasion pour exhorter les populations \u00e0 redoubler de vigilance dans la surveillance de la voie ferr\u00e9e, en d\u00e9non\u00e7ant les individus mal intentionn\u00e9s sp\u00e9cialis\u00e9s dans le vandalisme et le sabotage des convois ferroviaires (jets de pierres, rails cass\u00e9s, siphonage des wagons citernes, feu de brousse).<\/div>\n<div dir=\"auto\">CAMRAIL r\u00e9affirme son engagement pour un service toujours plus proche des voyageurs et des communaut\u00e9s.<\/div>\n<div dir=\"auto\"><img loading=\"lazy\" decoding=\"async\" class=\"alignnone size-full wp-image-8898\" src=\"https:\/\/camrail.cm\/wp-content\/uploads\/2024\/12\/MOM1.jpg\" alt=\"\" width=\"4160\" height=\"1872\" \/><\/div>\n<\/div>\n","protected":false},"excerpt":{"rendered":"<p>C\u2019est ce qui ressort de la 11e tourn\u00e9e de sensibilisation conjointe Minist\u00e8re des Transports &#8211; CAMRAIL &#8211; Communaut\u00e9 Ba Mbombog et Chefs traditionnels de l\u2019arrondissement d\u2019Es\u00e9ka. La d\u00e9l\u00e9gation \u00e9tait conduite par le Dr. Gilbert NKANA PONDY, Directeur G\u00e9n\u00e9ral Adjoint en charge du Transport Voyageurs, du 18 au 20 d\u00e9cembre 2024 dans 13 gares et arr\u00eats. Cette descente sur le terrain avait pour objectif d\u2019\u00e9valuer le niveau de satisfaction des populations riveraines et usagers sur le nouveau plan de circulations des trains semi-directs et omnibus 180. A chaque \u00e9tape, les recommandations formul\u00e9es lors de la pr\u00e9c\u00e9dente tourn\u00e9e ont \u00e9t\u00e9 pass\u00e9es au scanner. On retient que plusieurs actions ont \u00e9t\u00e9 r\u00e9alis\u00e9es: Projets r\u00e9alis\u00e9s : R\u00e9habilitation et construction de toilettes dans les gares d\u2019Ed\u00e9a et de Mvoly\u00e9, \u00e9clairage de l\u2019arr\u00eat de Mandjab Projets en cours : Forages dans plusieurs gares, s\u00e9curisation et \u00e9clairage solaire des gares, nouvelles constructions de toilettes. Les \u00e9changes ont \u00e9galement mis en lumi\u00e8re les attentes des riverains pour une meilleure information en cas de perturbations. Le Directeur G\u00e9n\u00e9ral adjoint Transport Voyageurs a saisi cette occasion pour exhorter les populations \u00e0 redoubler de vigilance dans la surveillance de la voie ferr\u00e9e, en d\u00e9non\u00e7ant les individus mal intentionn\u00e9s sp\u00e9cialis\u00e9s dans le vandalisme et le sabotage des convois ferroviaires (jets de pierres, rails cass\u00e9s, siphonage des wagons citernes, feu de brousse). CAMRAIL r\u00e9affirme son engagement pour un service toujours plus proche des voyageurs et des communaut\u00e9s.<\/p>\n","protected":false},"author":9,"featured_media":8901,"parent":0,"menu_order":0,"comment_status":"closed","ping_status":"closed","template":"","meta":{"_acf_changed":false,"_crdt_document":"","inline_featured_image":false,"site-sidebar-layout":"default","site-content-layout":"","ast-site-content-layout":"default","site-content-style":"default","site-sidebar-style":"default","ast-global-header-display":"","ast-banner-title-visibility":"","ast-main-header-display":"","ast-hfb-above-header-display":"","ast-hfb-below-header-display":"","ast-hfb-mobile-header-display":"","site-post-title":"","ast-breadcrumbs-content":"","ast-featured-img":"","footer-sml-layout":"","theme-transparent-header-meta":"default","adv-header-id-meta":"","stick-header-meta":"","header-above-stick-meta":"","header-main-stick-meta":"","header-below-stick-meta":"","astra-migrate-meta-layouts":"set","ast-page-background-enabled":"default","ast-page-background-meta":{"desktop":{"background-color":"var(--ast-global-color-4)","background-image":"","background-repeat":"repeat","background-position":"center center","background-size":"auto","background-attachment":"scroll","background-type":"","background-media":"","overlay-type":"","overlay-color":"","overlay-opacity":"","overlay-gradient":""},"tablet":{"background-color":"","background-image":"","background-repeat":"repeat","background-position":"center center","background-size":"auto","background-attachment":"scroll","background-type":"","background-media":"","overlay-type":"","overlay-color":"","overlay-opacity":"","overlay-gradient":""},"mobile":{"background-color":"","background-image":"","background-repeat":"repeat","background-position":"center center","background-size":"auto","background-attachment":"scroll","background-type":"","background-media":"","overlay-type":"","overlay-color":"","overlay-opacity":"","overlay-gradient":""}},"ast-content-background-meta":{"desktop":{"background-color":"var(--ast-global-color-5)","background-image":"","background-repeat":"repeat","background-position":"center center","background-size":"auto","background-attachment":"scroll","background-type":"","background-media":"","overlay-type":"","overlay-color":"","overlay-opacity":"","overlay-gradient":""},"tablet":{"background-color":"var(--ast-global-color-5)","background-image":"","background-repeat":"repeat","background-position":"center center","background-size":"auto","background-attachment":"scroll","background-type":"","background-media":"","overlay-type":"","overlay-color":"","overlay-opacity":"","overlay-gradient":""},"mobile":{"background-color":"var(--ast-global-color-5)","background-image":"","background-repeat":"repeat","background-position":"center center","background-size":"auto","background-attachment":"scroll","background-type":"","background-media":"","overlay-type":"","overlay-color":"","overlay-opacity":"","overlay-gradient":""}},"footnotes":""},"class_list":["post-8889","page","type-page","status-publish","has-post-thumbnail","hentry"],"acf":[],"rttpg_featured_image_url":{"full":["https:\/\/camrail.cm\/wp-content\/uploads\/2024\/12\/ESEKA.jpg",4160,1872,false],"landscape":["https:\/\/camrail.cm\/wp-content\/uploads\/2024\/12\/ESEKA.jpg",4160,1872,false],"portraits":["https:\/\/camrail.cm\/wp-content\/uploads\/2024\/12\/ESEKA.jpg",4160,1872,false],"thumbnail":["https:\/\/camrail.cm\/wp-content\/uploads\/2024\/12\/ESEKA.jpg",150,68,false],"medium":["https:\/\/camrail.cm\/wp-content\/uploads\/2024\/12\/ESEKA.jpg",300,135,false],"large":["https:\/\/camrail.cm\/wp-content\/uploads\/2024\/12\/ESEKA.jpg",1024,461,false],"1536x1536":["https:\/\/camrail.cm\/wp-content\/uploads\/2024\/12\/ESEKA.jpg",1536,691,false],"2048x2048":["https:\/\/camrail.cm\/wp-content\/uploads\/2024\/12\/ESEKA.jpg",2048,922,false],"trp-custom-language-flag":["https:\/\/camrail.cm\/wp-content\/uploads\/2024\/12\/ESEKA.jpg",18,8,false],"tp-image-grid":["https:\/\/camrail.cm\/wp-content\/uploads\/2024\/12\/ESEKA.jpg",700,315,false],"job-image":["https:\/\/camrail.cm\/wp-content\/uploads\/2024\/12\/ESEKA.jpg",889,400,false]},"rttpg_author":{"display_name":"Ibrahimou Sadou","author_link":"https:\/\/camrail.cm\/fr_fr\/author\/ibrahimou\/"},"rttpg_comment":0,"rttpg_category":null,"rttpg_excerpt":"C\u2019est ce qui ressort de la 11e tourn\u00e9e de sensibilisation conjointe Minist\u00e8re des Transports &#8211; CAMRAIL &#8211; Communaut\u00e9 Ba Mbombog et Chefs traditionnels de l\u2019arrondissement d\u2019Es\u00e9ka. La d\u00e9l\u00e9gation \u00e9tait conduite par le Dr. Gilbert NKANA PONDY, Directeur G\u00e9n\u00e9ral Adjoint en charge du Transport Voyageurs, du 18 au 20 d\u00e9cembre 2024 dans 13 gares et arr\u00eats.\u2026","_links":{"self":[{"href":"https:\/\/camrail.cm\/fr_fr\/wp-json\/wp\/v2\/pages\/8889","targetHints":{"allow":["GET"]}}],"collection":[{"href":"https:\/\/camrail.cm\/fr_fr\/wp-json\/wp\/v2\/pages"}],"about":[{"href":"https:\/\/camrail.cm\/fr_fr\/wp-json\/wp\/v2\/types\/page"}],"author":[{"embeddable":true,"href":"https:\/\/camrail.cm\/fr_fr\/wp-json\/wp\/v2\/users\/9"}],"replies":[{"embeddable":true,"href":"https:\/\/camrail.cm\/fr_fr\/wp-json\/wp\/v2\/comments?post=8889"}],"version-history":[{"count":3,"href":"https:\/\/camrail.cm\/fr_fr\/wp-json\/wp\/v2\/pages\/8889\/revisions"}],"predecessor-version":[{"id":8902,"href":"https:\/\/camrail.cm\/fr_fr\/wp-json\/wp\/v2\/pages\/8889\/revisions\/8902"}],"wp:featuredmedia":[{"embeddable":true,"href":"https:\/\/camrail.cm\/fr_fr\/wp-json\/wp\/v2\/media\/8901"}],"wp:attachment":[{"href":"https:\/\/camrail.cm\/fr_fr\/wp-json\/wp\/v2\/media?parent=8889"}],"curies":[{"name":"wp","href":"https:\/\/api.w.org\/{rel}","templated":true}]}}