{"id":8923,"date":"2025-01-07T16:47:47","date_gmt":"2025-01-07T16:47:47","guid":{"rendered":"https:\/\/camrail.cm\/?page_id=8923"},"modified":"2025-01-08T14:02:44","modified_gmt":"2025-01-08T14:02:44","slug":"transportez-vos-marchandises-en-toute-serenite-avec-camrail","status":"publish","type":"page","link":"https:\/\/camrail.cm\/fr_fr\/transportez-vos-marchandises-en-toute-serenite-avec-camrail\/","title":{"rendered":"Transportez vos marchandises en toute s\u00e9r\u00e9nit\u00e9 avec CAMRAIL !"},"content":{"rendered":"<div class=\"xdj266r x11i5rnm xat24cr x1mh8g0r x1vvkbs x126k92a\">\n<div dir=\"auto\">D\u00e9couvrez notre parcours client fret, con\u00e7u pour vous offrir un service fluide et efficace avant, pendant et apr\u00e8s l\u2019acte d\u2019achat.<\/div>\n<div dir=\"auto\"><strong><span class=\"html-span xexx8yu x4uap5 x18d9i69 xkhd6sd x1hl2dhg x16tdsg8 x1vvkbs x3nfvp2 x1j61x8r x1fcty0u xdj266r xat24cr xgzva0m xhhsvwb xxymvpz xlup9mm x1kky2od\"><img loading=\"lazy\" decoding=\"async\" class=\"xz74otr\" src=\"https:\/\/static.xx.fbcdn.net\/images\/emoji.php\/v9\/t4d\/1\/16\/1f4de.png\" alt=\"\ud83d\udcde\" width=\"16\" height=\"16\" \/><\/span> Contactez-nous d\u00e8s maintenant :<\/strong><\/div>\n<div dir=\"auto\"><strong>233 50 26 47 \/ 698 49 13 80 \/ 677 11 76 04<\/strong><\/div>\n<div dir=\"auto\"><strong><span class=\"html-span xexx8yu x4uap5 x18d9i69 xkhd6sd x1hl2dhg x16tdsg8 x1vvkbs x3nfvp2 x1j61x8r x1fcty0u xdj266r xat24cr xgzva0m xhhsvwb xxymvpz xlup9mm x1kky2od\"><img loading=\"lazy\" decoding=\"async\" class=\"xz74otr\" src=\"https:\/\/static.xx.fbcdn.net\/images\/emoji.php\/v9\/tbe\/1\/16\/1f4e7.png\" alt=\"\ud83d\udce7\" width=\"16\" height=\"16\" \/><\/span> Email : CM004-service.commercial@camrail.net<\/strong><\/div>\n<\/div>\n<div class=\"x11i5rnm xat24cr x1mh8g0r x1vvkbs xtlvy1s x126k92a\">\n<div dir=\"auto\">CAMRAIL, votre partenaire de confiance pour le transport ferroviaire !<\/div>\n<div dir=\"auto\"><img loading=\"lazy\" decoding=\"async\" class=\"alignnone wp-image-8934 size-full\" src=\"https:\/\/camrail.cm\/wp-content\/uploads\/2025\/01\/PARCOURS-CLIENT-FRETok.jpg\" alt=\"\" width=\"3300\" height=\"2400\" \/><\/div>\n<div dir=\"auto\"><\/div>\n<\/div>\n","protected":false},"excerpt":{"rendered":"<p>D\u00e9couvrez notre parcours client fret, con\u00e7u pour vous offrir un service fluide et efficace avant, pendant et apr\u00e8s l\u2019acte d\u2019achat. Contactez-nous d\u00e8s maintenant : 233 50 26 47 \/ 698 49 13 80 \/ 677 11 76 04 Email : CM004-service.commercial@camrail.net CAMRAIL, votre partenaire de confiance pour le transport ferroviaire !<\/p>\n","protected":false},"author":9,"featured_media":0,"parent":0,"menu_order":0,"comment_status":"closed","ping_status":"closed","template":"","meta":{"_acf_changed":false,"_crdt_document":"","inline_featured_image":false,"site-sidebar-layout":"default","site-content-layout":"","ast-site-content-layout":"default","site-content-style":"default","site-sidebar-style":"default","ast-global-header-display":"","ast-banner-title-visibility":"","ast-main-header-display":"","ast-hfb-above-header-display":"","ast-hfb-below-header-display":"","ast-hfb-mobile-header-display":"","site-post-title":"","ast-breadcrumbs-content":"","ast-featured-img":"","footer-sml-layout":"","theme-transparent-header-meta":"default","adv-header-id-meta":"","stick-header-meta":"","header-above-stick-meta":"","header-main-stick-meta":"","header-below-stick-meta":"","astra-migrate-meta-layouts":"set","ast-page-background-enabled":"default","ast-page-background-meta":{"desktop":{"background-color":"var(--ast-global-color-4)","background-image":"","background-repeat":"repeat","background-position":"center center","background-size":"auto","background-attachment":"scroll","background-type":"","background-media":"","overlay-type":"","overlay-color":"","overlay-opacity":"","overlay-gradient":""},"tablet":{"background-color":"","background-image":"","background-repeat":"repeat","background-position":"center center","background-size":"auto","background-attachment":"scroll","background-type":"","background-media":"","overlay-type":"","overlay-color":"","overlay-opacity":"","overlay-gradient":""},"mobile":{"background-color":"","background-image":"","background-repeat":"repeat","background-position":"center center","background-size":"auto","background-attachment":"scroll","background-type":"","background-media":"","overlay-type":"","overlay-color":"","overlay-opacity":"","overlay-gradient":""}},"ast-content-background-meta":{"desktop":{"background-color":"var(--ast-global-color-5)","background-image":"","background-repeat":"repeat","background-position":"center center","background-size":"auto","background-attachment":"scroll","background-type":"","background-media":"","overlay-type":"","overlay-color":"","overlay-opacity":"","overlay-gradient":""},"tablet":{"background-color":"var(--ast-global-color-5)","background-image":"","background-repeat":"repeat","background-position":"center center","background-size":"auto","background-attachment":"scroll","background-type":"","background-media":"","overlay-type":"","overlay-color":"","overlay-opacity":"","overlay-gradient":""},"mobile":{"background-color":"var(--ast-global-color-5)","background-image":"","background-repeat":"repeat","background-position":"center center","background-size":"auto","background-attachment":"scroll","background-type":"","background-media":"","overlay-type":"","overlay-color":"","overlay-opacity":"","overlay-gradient":""}},"footnotes":""},"class_list":["post-8923","page","type-page","status-publish","hentry"],"acf":[],"rttpg_featured_image_url":null,"rttpg_author":{"display_name":"Ibrahimou Sadou","author_link":"https:\/\/camrail.cm\/fr_fr\/author\/ibrahimou\/"},"rttpg_comment":0,"rttpg_category":null,"rttpg_excerpt":"D\u00e9couvrez notre parcours client fret, con\u00e7u pour vous offrir un service fluide et efficace avant, pendant et apr\u00e8s l\u2019acte d\u2019achat. Contactez-nous d\u00e8s maintenant : 233 50 26 47 \/ 698 49 13 80 \/ 677 11 76 04 Email : CM004-service.commercial@camrail.net CAMRAIL, votre partenaire de confiance pour le transport ferroviaire !","_links":{"self":[{"href":"https:\/\/camrail.cm\/fr_fr\/wp-json\/wp\/v2\/pages\/8923","targetHints":{"allow":["GET"]}}],"collection":[{"href":"https:\/\/camrail.cm\/fr_fr\/wp-json\/wp\/v2\/pages"}],"about":[{"href":"https:\/\/camrail.cm\/fr_fr\/wp-json\/wp\/v2\/types\/page"}],"author":[{"embeddable":true,"href":"https:\/\/camrail.cm\/fr_fr\/wp-json\/wp\/v2\/users\/9"}],"replies":[{"embeddable":true,"href":"https:\/\/camrail.cm\/fr_fr\/wp-json\/wp\/v2\/comments?post=8923"}],"version-history":[{"count":3,"href":"https:\/\/camrail.cm\/fr_fr\/wp-json\/wp\/v2\/pages\/8923\/revisions"}],"predecessor-version":[{"id":8935,"href":"https:\/\/camrail.cm\/fr_fr\/wp-json\/wp\/v2\/pages\/8923\/revisions\/8935"}],"wp:attachment":[{"href":"https:\/\/camrail.cm\/fr_fr\/wp-json\/wp\/v2\/media?parent=8923"}],"curies":[{"name":"wp","href":"https:\/\/api.w.org\/{rel}","templated":true}]}}