{"id":9028,"date":"2025-01-28T09:24:17","date_gmt":"2025-01-28T09:24:17","guid":{"rendered":"https:\/\/camrail.cm\/?page_id=9028"},"modified":"2025-01-28T09:33:53","modified_gmt":"2025-01-28T09:33:53","slug":"politique-de-proximite-une-nouvelle-dynamique-sur-les-rails","status":"publish","type":"page","link":"https:\/\/camrail.cm\/fr_fr\/politique-de-proximite-une-nouvelle-dynamique-sur-les-rails\/","title":{"rendered":"Politique de proximit\u00e9. Une nouvelle dynamique sur les rails"},"content":{"rendered":"<p>Le Directeur G\u00e9n\u00e9ral de CAMRAIL, Joel HOUNSINOU, a pr\u00e9sid\u00e9 le 23 janvier 2025 une rencontre avec les chefs riverains du Centre \u00e0 la gare voyageurs de Yaound\u00e9. C\u2019\u00e9tait en pr\u00e9sence du Pr\u00e9sident du Conseil d\u2019Administration (\u00e0 l\u2019invitation du Directeur G\u00e9n\u00e9ral), Aboubakar ABBO, du Directeur G\u00e9n\u00e9ral Adjoint en charge du Transport Voyageurs, Dr. Gilbert NKANA PONDY, du Directeur des Installations fixes, Elie-Bersot EVINA, et de la Coordinatrice du Centre,<br \/>\nJuliette MAYOU DOUDOU.<\/p>\n<p><span style=\"font-size: 16px;\">Au c\u0153ur des \u00e9changes : <\/span><span style=\"font-size: 16px;\">La s\u00e9curit\u00e9 de la voie ferr\u00e9e et des trains, <\/span><span style=\"font-size: 16px;\">Les conditions de voyage et le nouveau plan de circulation des trains, <\/span><span style=\"font-size: 16px;\">Les dol\u00e9ances des communaut\u00e9s riveraines.<\/span><\/p>\n<p><span style=\"font-size: 16px;\">Cette initiative s\u2019inscrit dans une dynamique de proximit\u00e9, visant \u00e0 construire un partenariat gagnant-gagnant entre CAMRAIL et ses partenaires locaux. <\/span><\/p>\n<p><span style=\"font-size: 16px;\">Le Directeur G\u00e9n\u00e9ral a promis des solutions concr\u00e8tes et durables pour r\u00e9pondre aux pr\u00e9occupations exprim\u00e9es.<\/span><\/p>\n<p>Le Pr\u00e9sident du Conseil d\u2019Administration, qui s\u2019est r\u00e9joui de ce cadre de dialogue et de concertation, a invit\u00e9 les chefs riverains du Centre \u00e0 une franche collaboration pour assurer la s\u00e9curit\u00e9 des trains, tout en s\u2019impliquant dans la sensibilisation des populations riveraines en g\u00e9n\u00e9ral et des jeunes en particulier. Aboubakar ABBO a saisi cette occasion pour rappeler les efforts fournis par l\u2019\u00c9tat du Cameroun et CAMRAIL \u00e0 travers les projets en cours, tels que l\u2019acquisition de nouvelles voitures voyageurs, la r\u00e9habilitation de la voie ferr\u00e9e (B\u00e9labo-Ngaound\u00e9r\u00e9, Douala-Yaound\u00e9), etc<\/p>\n<p>La rencontre s\u2019est achev\u00e9e par la remise d\u2019un prix au meilleur chef riverain du Centre, Sa Majest\u00e9 NGUINI GUINI, qui s\u2019est distingu\u00e9 par la qualit\u00e9 des travaux de d\u00e9sherbage effectu\u00e9s (respect des consignes), la rapidit\u00e9 de remont\u00e9e des anomalies du rail et des incidents de s\u00e9curit\u00e9.<img loading=\"lazy\" decoding=\"async\" class=\"alignnone size-full wp-image-9035\" src=\"https:\/\/camrail.cm\/wp-content\/uploads\/2025\/01\/IMG-20250123-WA0241.jpg\" alt=\"\" width=\"1040\" height=\"468\" \/><\/p>\n<p><img loading=\"lazy\" decoding=\"async\" class=\"alignnone size-full wp-image-9039\" src=\"https:\/\/camrail.cm\/wp-content\/uploads\/2025\/01\/IMG-20250123-WA0236.jpg\" alt=\"\" width=\"1040\" height=\"468\" \/> <img loading=\"lazy\" decoding=\"async\" class=\"alignnone size-full wp-image-9038\" src=\"https:\/\/camrail.cm\/wp-content\/uploads\/2025\/01\/IMG-20250123-WA0233.jpg\" alt=\"\" width=\"1040\" height=\"468\" \/> <img loading=\"lazy\" decoding=\"async\" class=\"alignnone size-full wp-image-9037\" src=\"https:\/\/camrail.cm\/wp-content\/uploads\/2025\/01\/IMG-20250123-WA0231.jpg\" alt=\"\" width=\"1040\" height=\"468\" \/><\/p>\n","protected":false},"excerpt":{"rendered":"<p>Le Directeur G\u00e9n\u00e9ral de CAMRAIL, Joel HOUNSINOU, a pr\u00e9sid\u00e9 le 23 janvier 2025 une rencontre avec les chefs riverains du Centre \u00e0 la gare voyageurs de Yaound\u00e9. C\u2019\u00e9tait en pr\u00e9sence du Pr\u00e9sident du Conseil d\u2019Administration (\u00e0 l\u2019invitation du Directeur G\u00e9n\u00e9ral), Aboubakar ABBO, du Directeur G\u00e9n\u00e9ral Adjoint en charge du Transport Voyageurs, Dr. Gilbert NKANA PONDY, du Directeur des Installations fixes, Elie-Bersot EVINA, et de la Coordinatrice du Centre, Juliette MAYOU DOUDOU. Au c\u0153ur des \u00e9changes : La s\u00e9curit\u00e9 de la voie ferr\u00e9e et des trains, Les conditions de voyage et le nouveau plan de circulation des trains, Les dol\u00e9ances des communaut\u00e9s riveraines. Cette initiative s\u2019inscrit dans une dynamique de proximit\u00e9, visant \u00e0 construire un partenariat gagnant-gagnant entre CAMRAIL et ses partenaires locaux. Le Directeur G\u00e9n\u00e9ral a promis des solutions concr\u00e8tes et durables pour r\u00e9pondre aux pr\u00e9occupations exprim\u00e9es. Le Pr\u00e9sident du Conseil d\u2019Administration, qui s\u2019est r\u00e9joui de ce cadre de dialogue et de concertation, a invit\u00e9 les chefs riverains du Centre \u00e0 une franche collaboration pour assurer la s\u00e9curit\u00e9 des trains, tout en s\u2019impliquant dans la sensibilisation des populations riveraines en g\u00e9n\u00e9ral et des jeunes en particulier. Aboubakar ABBO a saisi cette occasion pour rappeler les efforts fournis par l\u2019\u00c9tat du Cameroun et CAMRAIL \u00e0 travers les projets en cours, tels que l\u2019acquisition de nouvelles voitures voyageurs, la r\u00e9habilitation de la voie ferr\u00e9e (B\u00e9labo-Ngaound\u00e9r\u00e9, Douala-Yaound\u00e9), etc La rencontre s\u2019est achev\u00e9e par la remise d\u2019un prix au meilleur chef riverain du Centre, Sa Majest\u00e9 NGUINI GUINI, qui s\u2019est distingu\u00e9 par la qualit\u00e9 des travaux de d\u00e9sherbage effectu\u00e9s (respect des consignes), la rapidit\u00e9 de remont\u00e9e des anomalies du rail et des incidents de s\u00e9curit\u00e9.<\/p>\n","protected":false},"author":9,"featured_media":9031,"parent":0,"menu_order":0,"comment_status":"closed","ping_status":"closed","template":"","meta":{"_acf_changed":false,"_crdt_document":"","inline_featured_image":false,"site-sidebar-layout":"default","site-content-layout":"","ast-site-content-layout":"default","site-content-style":"default","site-sidebar-style":"default","ast-global-header-display":"","ast-banner-title-visibility":"","ast-main-header-display":"","ast-hfb-above-header-display":"","ast-hfb-below-header-display":"","ast-hfb-mobile-header-display":"","site-post-title":"","ast-breadcrumbs-content":"","ast-featured-img":"","footer-sml-layout":"","theme-transparent-header-meta":"default","adv-header-id-meta":"","stick-header-meta":"","header-above-stick-meta":"","header-main-stick-meta":"","header-below-stick-meta":"","astra-migrate-meta-layouts":"set","ast-page-background-enabled":"default","ast-page-background-meta":{"desktop":{"background-color":"var(--ast-global-color-4)","background-image":"","background-repeat":"repeat","background-position":"center center","background-size":"auto","background-attachment":"scroll","background-type":"","background-media":"","overlay-type":"","overlay-color":"","overlay-opacity":"","overlay-gradient":""},"tablet":{"background-color":"","background-image":"","background-repeat":"repeat","background-position":"center center","background-size":"auto","background-attachment":"scroll","background-type":"","background-media":"","overlay-type":"","overlay-color":"","overlay-opacity":"","overlay-gradient":""},"mobile":{"background-color":"","background-image":"","background-repeat":"repeat","background-position":"center center","background-size":"auto","background-attachment":"scroll","background-type":"","background-media":"","overlay-type":"","overlay-color":"","overlay-opacity":"","overlay-gradient":""}},"ast-content-background-meta":{"desktop":{"background-color":"var(--ast-global-color-5)","background-image":"","background-repeat":"repeat","background-position":"center center","background-size":"auto","background-attachment":"scroll","background-type":"","background-media":"","overlay-type":"","overlay-color":"","overlay-opacity":"","overlay-gradient":""},"tablet":{"background-color":"var(--ast-global-color-5)","background-image":"","background-repeat":"repeat","background-position":"center center","background-size":"auto","background-attachment":"scroll","background-type":"","background-media":"","overlay-type":"","overlay-color":"","overlay-opacity":"","overlay-gradient":""},"mobile":{"background-color":"var(--ast-global-color-5)","background-image":"","background-repeat":"repeat","background-position":"center center","background-size":"auto","background-attachment":"scroll","background-type":"","background-media":"","overlay-type":"","overlay-color":"","overlay-opacity":"","overlay-gradient":""}},"footnotes":""},"class_list":["post-9028","page","type-page","status-publish","has-post-thumbnail","hentry"],"acf":[],"rttpg_featured_image_url":{"full":["https:\/\/camrail.cm\/wp-content\/uploads\/2025\/01\/IMG-20250123-WA0229.jpg",1040,468,false],"landscape":["https:\/\/camrail.cm\/wp-content\/uploads\/2025\/01\/IMG-20250123-WA0229.jpg",1040,468,false],"portraits":["https:\/\/camrail.cm\/wp-content\/uploads\/2025\/01\/IMG-20250123-WA0229.jpg",1040,468,false],"thumbnail":["https:\/\/camrail.cm\/wp-content\/uploads\/2025\/01\/IMG-20250123-WA0229.jpg",150,68,false],"medium":["https:\/\/camrail.cm\/wp-content\/uploads\/2025\/01\/IMG-20250123-WA0229.jpg",300,135,false],"large":["https:\/\/camrail.cm\/wp-content\/uploads\/2025\/01\/IMG-20250123-WA0229.jpg",1024,461,false],"1536x1536":["https:\/\/camrail.cm\/wp-content\/uploads\/2025\/01\/IMG-20250123-WA0229.jpg",1040,468,false],"2048x2048":["https:\/\/camrail.cm\/wp-content\/uploads\/2025\/01\/IMG-20250123-WA0229.jpg",1040,468,false],"trp-custom-language-flag":["https:\/\/camrail.cm\/wp-content\/uploads\/2025\/01\/IMG-20250123-WA0229.jpg",18,8,false],"tp-image-grid":["https:\/\/camrail.cm\/wp-content\/uploads\/2025\/01\/IMG-20250123-WA0229.jpg",700,315,false],"job-image":["https:\/\/camrail.cm\/wp-content\/uploads\/2025\/01\/IMG-20250123-WA0229.jpg",889,400,false]},"rttpg_author":{"display_name":"Ibrahimou Sadou","author_link":"https:\/\/camrail.cm\/fr_fr\/author\/ibrahimou\/"},"rttpg_comment":0,"rttpg_category":null,"rttpg_excerpt":"Le Directeur G\u00e9n\u00e9ral de CAMRAIL, Joel HOUNSINOU, a pr\u00e9sid\u00e9 le 23 janvier 2025 une rencontre avec les chefs riverains du Centre \u00e0 la gare voyageurs de Yaound\u00e9. C\u2019\u00e9tait en pr\u00e9sence du Pr\u00e9sident du Conseil d\u2019Administration (\u00e0 l\u2019invitation du Directeur G\u00e9n\u00e9ral), Aboubakar ABBO, du Directeur G\u00e9n\u00e9ral Adjoint en charge du Transport Voyageurs, Dr. Gilbert NKANA PONDY,\u2026","_links":{"self":[{"href":"https:\/\/camrail.cm\/fr_fr\/wp-json\/wp\/v2\/pages\/9028","targetHints":{"allow":["GET"]}}],"collection":[{"href":"https:\/\/camrail.cm\/fr_fr\/wp-json\/wp\/v2\/pages"}],"about":[{"href":"https:\/\/camrail.cm\/fr_fr\/wp-json\/wp\/v2\/types\/page"}],"author":[{"embeddable":true,"href":"https:\/\/camrail.cm\/fr_fr\/wp-json\/wp\/v2\/users\/9"}],"replies":[{"embeddable":true,"href":"https:\/\/camrail.cm\/fr_fr\/wp-json\/wp\/v2\/comments?post=9028"}],"version-history":[{"count":3,"href":"https:\/\/camrail.cm\/fr_fr\/wp-json\/wp\/v2\/pages\/9028\/revisions"}],"predecessor-version":[{"id":9046,"href":"https:\/\/camrail.cm\/fr_fr\/wp-json\/wp\/v2\/pages\/9028\/revisions\/9046"}],"wp:featuredmedia":[{"embeddable":true,"href":"https:\/\/camrail.cm\/fr_fr\/wp-json\/wp\/v2\/media\/9031"}],"wp:attachment":[{"href":"https:\/\/camrail.cm\/fr_fr\/wp-json\/wp\/v2\/media?parent=9028"}],"curies":[{"name":"wp","href":"https:\/\/api.w.org\/{rel}","templated":true}]}}