{"id":9060,"date":"2025-01-31T13:41:35","date_gmt":"2025-01-31T13:41:35","guid":{"rendered":"https:\/\/camrail.cm\/?page_id=9060"},"modified":"2025-01-31T13:41:35","modified_gmt":"2025-01-31T13:41:35","slug":"ne-risquez-pas-votre-vie-pour-un-train-en-marche","status":"publish","type":"page","link":"https:\/\/camrail.cm\/fr_fr\/ne-risquez-pas-votre-vie-pour-un-train-en-marche\/","title":{"rendered":"Ne risquez pas votre vie pour un train en marche !"},"content":{"rendered":"<div class=\"xdj266r x11i5rnm xat24cr x1mh8g0r x1vvkbs x126k92a\">\n<div dir=\"auto\"><span style=\"font-size: 16px;\">Monter \u00e0 bord d\u2019un train en mouvement peut avoir des cons\u00e9quences dramatiques. Emmanuel, 29 ans, en a pay\u00e9 le prix en perdant une jambe. Aujourd\u2019hui, son message est clair : &#8220;Le risque n\u2019en vaut pas la peine. Garde tes jambes pour avancer.&#8221;<\/span><\/div>\n<\/div>\n<div class=\"x11i5rnm xat24cr x1mh8g0r x1vvkbs xtlvy1s x126k92a\">\n<div dir=\"auto\">Votre s\u00e9curit\u00e9 est notre priorit\u00e9. Respectez les consignes et prot\u00e9gez-vous !<img loading=\"lazy\" decoding=\"async\" class=\"alignnone size-full wp-image-9063\" src=\"https:\/\/camrail.cm\/wp-content\/uploads\/2025\/01\/Ne-risquez-pas-votre-vie-pour-un-train-en-marche.jpg\" alt=\"\" width=\"2048\" height=\"1280\" \/><\/div>\n<\/div>\n","protected":false},"excerpt":{"rendered":"<p>Monter \u00e0 bord d\u2019un train en mouvement peut avoir des cons\u00e9quences dramatiques. Emmanuel, 29 ans, en a pay\u00e9 le prix en perdant une jambe. Aujourd\u2019hui, son message est clair : &#8220;Le risque n\u2019en vaut pas la peine. Garde tes jambes pour avancer.&#8221; Votre s\u00e9curit\u00e9 est notre priorit\u00e9. Respectez les consignes et prot\u00e9gez-vous !<\/p>\n","protected":false},"author":9,"featured_media":0,"parent":0,"menu_order":0,"comment_status":"closed","ping_status":"closed","template":"","meta":{"_acf_changed":false,"_crdt_document":"","inline_featured_image":false,"site-sidebar-layout":"default","site-content-layout":"","ast-site-content-layout":"default","site-content-style":"default","site-sidebar-style":"default","ast-global-header-display":"","ast-banner-title-visibility":"","ast-main-header-display":"","ast-hfb-above-header-display":"","ast-hfb-below-header-display":"","ast-hfb-mobile-header-display":"","site-post-title":"","ast-breadcrumbs-content":"","ast-featured-img":"","footer-sml-layout":"","theme-transparent-header-meta":"default","adv-header-id-meta":"","stick-header-meta":"","header-above-stick-meta":"","header-main-stick-meta":"","header-below-stick-meta":"","astra-migrate-meta-layouts":"set","ast-page-background-enabled":"default","ast-page-background-meta":{"desktop":{"background-color":"var(--ast-global-color-4)","background-image":"","background-repeat":"repeat","background-position":"center center","background-size":"auto","background-attachment":"scroll","background-type":"","background-media":"","overlay-type":"","overlay-color":"","overlay-opacity":"","overlay-gradient":""},"tablet":{"background-color":"","background-image":"","background-repeat":"repeat","background-position":"center center","background-size":"auto","background-attachment":"scroll","background-type":"","background-media":"","overlay-type":"","overlay-color":"","overlay-opacity":"","overlay-gradient":""},"mobile":{"background-color":"","background-image":"","background-repeat":"repeat","background-position":"center center","background-size":"auto","background-attachment":"scroll","background-type":"","background-media":"","overlay-type":"","overlay-color":"","overlay-opacity":"","overlay-gradient":""}},"ast-content-background-meta":{"desktop":{"background-color":"var(--ast-global-color-5)","background-image":"","background-repeat":"repeat","background-position":"center center","background-size":"auto","background-attachment":"scroll","background-type":"","background-media":"","overlay-type":"","overlay-color":"","overlay-opacity":"","overlay-gradient":""},"tablet":{"background-color":"var(--ast-global-color-5)","background-image":"","background-repeat":"repeat","background-position":"center center","background-size":"auto","background-attachment":"scroll","background-type":"","background-media":"","overlay-type":"","overlay-color":"","overlay-opacity":"","overlay-gradient":""},"mobile":{"background-color":"var(--ast-global-color-5)","background-image":"","background-repeat":"repeat","background-position":"center center","background-size":"auto","background-attachment":"scroll","background-type":"","background-media":"","overlay-type":"","overlay-color":"","overlay-opacity":"","overlay-gradient":""}},"footnotes":""},"class_list":["post-9060","page","type-page","status-publish","hentry"],"acf":[],"rttpg_featured_image_url":null,"rttpg_author":{"display_name":"Ibrahimou Sadou","author_link":"https:\/\/camrail.cm\/fr_fr\/author\/ibrahimou\/"},"rttpg_comment":0,"rttpg_category":null,"rttpg_excerpt":"Monter \u00e0 bord d\u2019un train en mouvement peut avoir des cons\u00e9quences dramatiques. Emmanuel, 29 ans, en a pay\u00e9 le prix en perdant une jambe. Aujourd\u2019hui, son message est clair : &#8220;Le risque n\u2019en vaut pas la peine. Garde tes jambes pour avancer.&#8221; Votre s\u00e9curit\u00e9 est notre priorit\u00e9. Respectez les consignes et prot\u00e9gez-vous !","_links":{"self":[{"href":"https:\/\/camrail.cm\/fr_fr\/wp-json\/wp\/v2\/pages\/9060","targetHints":{"allow":["GET"]}}],"collection":[{"href":"https:\/\/camrail.cm\/fr_fr\/wp-json\/wp\/v2\/pages"}],"about":[{"href":"https:\/\/camrail.cm\/fr_fr\/wp-json\/wp\/v2\/types\/page"}],"author":[{"embeddable":true,"href":"https:\/\/camrail.cm\/fr_fr\/wp-json\/wp\/v2\/users\/9"}],"replies":[{"embeddable":true,"href":"https:\/\/camrail.cm\/fr_fr\/wp-json\/wp\/v2\/comments?post=9060"}],"version-history":[{"count":1,"href":"https:\/\/camrail.cm\/fr_fr\/wp-json\/wp\/v2\/pages\/9060\/revisions"}],"predecessor-version":[{"id":9067,"href":"https:\/\/camrail.cm\/fr_fr\/wp-json\/wp\/v2\/pages\/9060\/revisions\/9067"}],"wp:attachment":[{"href":"https:\/\/camrail.cm\/fr_fr\/wp-json\/wp\/v2\/media?parent=9060"}],"curies":[{"name":"wp","href":"https:\/\/api.w.org\/{rel}","templated":true}]}}